{"id":876,"date":"2013-09-17T01:48:27","date_gmt":"2013-09-17T00:48:27","guid":{"rendered":"http:\/\/afa2.deheyn.com\/?page_id=876"},"modified":"2025-01-15T08:54:52","modified_gmt":"2025-01-15T07:54:52","slug":"comite-arbitraje","status":"publish","type":"page","link":"https:\/\/www.afa-arbitrage.com\/es\/presentacion\/comite-arbitraje\/","title":{"rendered":"El Comit\u00e9 de arbitraje de la Asociaci\u00f3n Francesa de Abritraje"},"content":{"rendered":"\n<p><strong>El Comit\u00e9 de arbitraje,<\/strong>&nbsp;encargado de seguir la aplicaci\u00f3n del&nbsp;<a href=\"https:\/\/www.afa-arbitrage.com\/es\/reglamento\/\">Reglamento<\/a>, est\u00e1 compuesto de la forma siguiente seg\u00fan decisi\u00f3n del&nbsp;<a href=\"https:\/\/www.afa-arbitrage.com\/es\/presentacion\/consejo-de-administracion\/\">Consejo de administraci\u00f3n<\/a>:<\/p>\n\n\n\n<div class=\"wp-block-group\"><div class=\"wp-block-group__inner-container is-layout-constrained wp-block-group-is-layout-constrained\">\n<div class=\"wp-block-columns is-layout-flex wp-container-core-columns-is-layout-9d6595d7 wp-block-columns-is-layout-flex\">\n<div class=\"wp-block-column is-layout-flow wp-block-column-is-layout-flow\">\n<figure class=\"wp-block-image size-full\"><a href=\"https:\/\/www.adf-avocats.com\/equipe\/pierre-duprey\/\" target=\"_blank\" rel=\"noreferrer noopener\"><img loading=\"lazy\" decoding=\"async\" width=\"260\" height=\"260\" src=\"https:\/\/www.afa-arbitrage.com\/wp-content\/uploads\/2023\/04\/pierre_duprey.jpg\" alt=\"Pierre Duprey\" class=\"wp-image-19146\" srcset=\"https:\/\/www.afa-arbitrage.com\/wp-content\/uploads\/2023\/04\/pierre_duprey.jpg 260w, https:\/\/www.afa-arbitrage.com\/wp-content\/uploads\/2023\/04\/pierre_duprey-150x150.jpg 150w\" sizes=\"auto, (max-width: 260px) 100vw, 260px\" \/><\/a><figcaption class=\"wp-element-caption\"><a href=\"https:\/\/www.adf-avocats.com\/equipe\/pierre-duprey\/\" target=\"_blank\" rel=\"noreferrer noopener\">Pierre Duprey<\/a> <br>President<\/figcaption><\/figure>\n<\/div>\n\n\n\n<div class=\"wp-block-column is-layout-flow wp-block-column-is-layout-flow\">\n<figure class=\"wp-block-image size-large\"><a href=\"http:\/\/castineiralaw.com\/\" target=\"_blank\" rel=\"noreferrer noopener\"><img loading=\"lazy\" decoding=\"async\" width=\"400\" height=\"400\" src=\"https:\/\/www.afa-arbitrage.com\/wp-content\/uploads\/2023\/03\/afa_comite_d-arbitrage_eliseo_castineaira-400x400.jpg\" alt=\"Eliseo CASTINEIRA\" class=\"wp-image-18055\"\/><\/a><figcaption class=\"wp-element-caption\"><a href=\"http:\/\/castineiralaw.com\/\" target=\"_blank\" rel=\"noreferrer noopener\">Eliseo CASTINEIRA<\/a><\/figcaption><\/figure>\n<\/div>\n\n\n\n<div class=\"wp-block-column is-layout-flow wp-block-column-is-layout-flow\">\n<figure class=\"wp-block-image size-full\"><img loading=\"lazy\" decoding=\"async\" width=\"260\" height=\"260\" src=\"https:\/\/www.afa-arbitrage.com\/wp-content\/uploads\/2023\/04\/delmas.jpg\" alt=\"Laur\u00e9anne Delmas\" class=\"wp-image-19209\" srcset=\"https:\/\/www.afa-arbitrage.com\/wp-content\/uploads\/2023\/04\/delmas.jpg 260w, https:\/\/www.afa-arbitrage.com\/wp-content\/uploads\/2023\/04\/delmas-150x150.jpg 150w\" sizes=\"auto, (max-width: 260px) 100vw, 260px\" \/><figcaption class=\"wp-element-caption\"><a href=\"https:\/\/www.linkedin.com\/in\/laureanne-delmas-61219a8\/\" target=\"_blank\" rel=\"noreferrer noopener\">Laur\u00e9anne Delmas<\/a><\/figcaption><\/figure>\n<\/div>\n\n\n\n<div class=\"wp-block-column is-layout-flow wp-block-column-is-layout-flow\">\n<figure class=\"wp-block-image size-full\"><a href=\"https:\/\/www.asafoandco.com\/people\/charles-kaplan\/\" target=\"_blank\" rel=\"noreferrer noopener\"><img loading=\"lazy\" decoding=\"async\" width=\"260\" height=\"260\" src=\"https:\/\/www.afa-arbitrage.com\/wp-content\/uploads\/2023\/04\/kaplan.jpg\" alt=\"\" class=\"wp-image-19117\" srcset=\"https:\/\/www.afa-arbitrage.com\/wp-content\/uploads\/2023\/04\/kaplan.jpg 260w, https:\/\/www.afa-arbitrage.com\/wp-content\/uploads\/2023\/04\/kaplan-150x150.jpg 150w\" sizes=\"auto, (max-width: 260px) 100vw, 260px\" \/><\/a><figcaption class=\"wp-element-caption\"><a href=\"https:\/\/www.asafoandco.com\/people\/charles-kaplan\/\" target=\"_blank\" rel=\"noreferrer noopener\">Charles Kaplan<\/a><\/figcaption><\/figure>\n<\/div>\n\n\n\n<div class=\"wp-block-column is-layout-flow wp-block-column-is-layout-flow\">\n<figure class=\"wp-block-image size-full\"><a href=\"https:\/\/www.colas.com\/fr\/groupe\/la-gouvernance\/comite-direction\/emmanuel-rollin\" target=\"_blank\" rel=\"noreferrer noopener\"><img loading=\"lazy\" decoding=\"async\" width=\"260\" height=\"260\" src=\"https:\/\/www.afa-arbitrage.com\/wp-content\/uploads\/2023\/04\/emanuel.jpg\" alt=\"Emmanuel Rollin\" class=\"wp-image-19129\" srcset=\"https:\/\/www.afa-arbitrage.com\/wp-content\/uploads\/2023\/04\/emanuel.jpg 260w, https:\/\/www.afa-arbitrage.com\/wp-content\/uploads\/2023\/04\/emanuel-150x150.jpg 150w\" sizes=\"auto, (max-width: 260px) 100vw, 260px\" \/><\/a><figcaption class=\"wp-element-caption\"><a href=\"https:\/\/www.colas.com\/fr\/groupe\/la-gouvernance\/comite-direction\/emmanuel-rollin\" target=\"_blank\" rel=\"noreferrer noopener\">Emmanuel Rollin<\/a><\/figcaption><\/figure>\n<\/div>\n<\/div>\n<\/div><\/div>\n\n\n\n<p><strong>El Comit\u00e9 de arbitraje<\/strong>&nbsp;no puede por su propia iniciativa designar a uno de sus miembros o a un miembro del<a href=\"https:\/\/www.afa-arbitrage.com\/es\/presentacion\/consejo-de-administracion\/\">&nbsp;Consejo de administraci\u00f3n<\/a>&nbsp;en calidad de \u00e1rbitro o de presidente de un Tribunal arbitral.<\/p>\n\n\n\n<p>Los miembros del Comit\u00e9 de arbitraje y del&nbsp;<a href=\"https:\/\/www.afa-arbitrage.com\/es\/presentacion\/consejo-de-administracion\/\">Consejo de administraci\u00f3n&nbsp;<\/a>pueden aceptar ser designados como \u00e1rbitros por una de las partes.<\/p>\n\n\n\n<p>Toda excepci\u00f3n necesita el acuerdo de las partes.<\/p>\n\n\n\n<p>Los miembros del Comit\u00e9 de arbitraje designados en un asunto en calidad de \u00e1rbitro o de presidente de un tribunal arbitral no pueden participar en los trabajos preparatorios del Comit\u00e9 de arbitraje para este asunto.<\/p>\n","protected":false},"excerpt":{"rendered":"<p>El Comit\u00e9 de arbitraje,&nbsp;encargado de seguir la aplicaci\u00f3n del&nbsp;Reglamento, est\u00e1 compuesto de la forma siguiente seg\u00fan decisi\u00f3n del&nbsp;Consejo de administraci\u00f3n: El Comit\u00e9 de arbitraje&nbsp;no puede por su propia iniciativa designar a uno de sus miembros o a un miembro del&nbsp;Consejo de administraci\u00f3n&nbsp;en calidad de \u00e1rbitro o de presidente de un Tribunal arbitral. Los miembros del Comit\u00e9 de arbitraje y del&nbsp;Consejo de administraci\u00f3n&nbsp;pueden aceptar ser designados como \u00e1rbitros por una de las partes. Toda excepci\u00f3n necesita el acuerdo de las partes. Los miembros del Comit\u00e9 de arbitraje designados en un asunto en calidad de \u00e1rbitro o de presidente de un tribunal&hellip; <a class=\"more-link\" href=\"https:\/\/www.afa-arbitrage.com\/es\/presentacion\/comite-arbitraje\/\">Continue reading <span class=\"screen-reader-text\">El Comit\u00e9 de arbitraje de la Asociaci\u00f3n Francesa de Abritraje<\/span><\/a><\/p>\n","protected":false},"author":2,"featured_media":19049,"parent":755,"menu_order":6,"comment_status":"closed","ping_status":"closed","template":"","meta":{"_cbd_carousel_blocks":"[]","footnotes":""},"class_list":["post-876","page","type-page","status-publish","has-post-thumbnail","hentry","entry"],"yoast_head":"<!-- This site is optimized with the Yoast SEO plugin v27.3 - https:\/\/yoast.com\/product\/yoast-seo-wordpress\/ -->\n<title>El Comit\u00e9 de arbitraje de la Asociaci\u00f3n Francesa de Abritraje - Association Fran\u00e7aise d&#039;Arbitrage<\/title>\n<meta name=\"robots\" content=\"index, follow, max-snippet:-1, max-image-preview:large, max-video-preview:-1\" \/>\n<link rel=\"canonical\" href=\"https:\/\/www.afa-arbitrage.com\/es\/presentacion\/comite-arbitraje\/\" \/>\n<meta property=\"og:locale\" content=\"es_ES\" \/>\n<meta property=\"og:type\" content=\"article\" \/>\n<meta property=\"og:title\" content=\"El Comit\u00e9 de arbitraje de la Asociaci\u00f3n Francesa de Abritraje - Association Fran\u00e7aise d&#039;Arbitrage\" \/>\n<meta property=\"og:description\" content=\"El Comit\u00e9 de arbitraje,&nbsp;encargado de seguir la aplicaci\u00f3n del&nbsp;Reglamento, est\u00e1 compuesto de la forma siguiente seg\u00fan decisi\u00f3n del&nbsp;Consejo de administraci\u00f3n: El Comit\u00e9 de arbitraje&nbsp;no puede por su propia iniciativa designar a uno de sus miembros o a un miembro del&nbsp;Consejo de administraci\u00f3n&nbsp;en calidad de \u00e1rbitro o de presidente de un Tribunal arbitral. Los miembros del Comit\u00e9 de arbitraje y del&nbsp;Consejo de administraci\u00f3n&nbsp;pueden aceptar ser designados como \u00e1rbitros por una de las partes. Toda excepci\u00f3n necesita el acuerdo de las partes. Los miembros del Comit\u00e9 de arbitraje designados en un asunto en calidad de \u00e1rbitro o de presidente de un tribunal&hellip; Continue reading El Comit\u00e9 de arbitraje de la Asociaci\u00f3n Francesa de Abritraje\" \/>\n<meta property=\"og:url\" content=\"https:\/\/www.afa-arbitrage.com\/es\/presentacion\/comite-arbitraje\/\" \/>\n<meta property=\"og:site_name\" content=\"Association Fran\u00e7aise d&#039;Arbitrage\" \/>\n<meta property=\"article:modified_time\" content=\"2025-01-15T07:54:52+00:00\" \/>\n<meta property=\"og:image\" content=\"https:\/\/www.afa-arbitrage.com\/wp-content\/uploads\/2023\/04\/qui-sommes-nous.jpeg\" \/>\n\t<meta property=\"og:image:width\" content=\"2560\" \/>\n\t<meta property=\"og:image:height\" content=\"952\" \/>\n\t<meta property=\"og:image:type\" content=\"image\/jpeg\" \/>\n<meta name=\"twitter:card\" content=\"summary_large_image\" \/>\n<meta name=\"twitter:label1\" content=\"Tiempo de lectura\" \/>\n\t<meta name=\"twitter:data1\" content=\"2 minutos\" \/>\n<script type=\"application\/ld+json\" class=\"yoast-schema-graph\">{\"@context\":\"https:\\\/\\\/schema.org\",\"@graph\":[{\"@type\":\"WebPage\",\"@id\":\"https:\\\/\\\/www.afa-arbitrage.com\\\/es\\\/presentacion\\\/comite-arbitraje\\\/\",\"url\":\"https:\\\/\\\/www.afa-arbitrage.com\\\/es\\\/presentacion\\\/comite-arbitraje\\\/\",\"name\":\"El Comit\u00e9 de arbitraje de la Asociaci\u00f3n Francesa de Abritraje - Association Fran\u00e7aise d&#039;Arbitrage\",\"isPartOf\":{\"@id\":\"https:\\\/\\\/www.afa-arbitrage.com\\\/#website\"},\"primaryImageOfPage\":{\"@id\":\"https:\\\/\\\/www.afa-arbitrage.com\\\/es\\\/presentacion\\\/comite-arbitraje\\\/#primaryimage\"},\"image\":{\"@id\":\"https:\\\/\\\/www.afa-arbitrage.com\\\/es\\\/presentacion\\\/comite-arbitraje\\\/#primaryimage\"},\"thumbnailUrl\":\"https:\\\/\\\/www.afa-arbitrage.com\\\/wp-content\\\/uploads\\\/2023\\\/04\\\/qui-sommes-nous.jpeg\",\"datePublished\":\"2013-09-17T00:48:27+00:00\",\"dateModified\":\"2025-01-15T07:54:52+00:00\",\"breadcrumb\":{\"@id\":\"https:\\\/\\\/www.afa-arbitrage.com\\\/es\\\/presentacion\\\/comite-arbitraje\\\/#breadcrumb\"},\"inLanguage\":\"es\",\"potentialAction\":[{\"@type\":\"ReadAction\",\"target\":[\"https:\\\/\\\/www.afa-arbitrage.com\\\/es\\\/presentacion\\\/comite-arbitraje\\\/\"]}]},{\"@type\":\"ImageObject\",\"inLanguage\":\"es\",\"@id\":\"https:\\\/\\\/www.afa-arbitrage.com\\\/es\\\/presentacion\\\/comite-arbitraje\\\/#primaryimage\",\"url\":\"https:\\\/\\\/www.afa-arbitrage.com\\\/wp-content\\\/uploads\\\/2023\\\/04\\\/qui-sommes-nous.jpeg\",\"contentUrl\":\"https:\\\/\\\/www.afa-arbitrage.com\\\/wp-content\\\/uploads\\\/2023\\\/04\\\/qui-sommes-nous.jpeg\",\"width\":2560,\"height\":952,\"caption\":\"Association Fran\u00e7aise d\u2019Arbitrage\"},{\"@type\":\"BreadcrumbList\",\"@id\":\"https:\\\/\\\/www.afa-arbitrage.com\\\/es\\\/presentacion\\\/comite-arbitraje\\\/#breadcrumb\",\"itemListElement\":[{\"@type\":\"ListItem\",\"position\":1,\"name\":\"Bienvenida\",\"item\":\"\\\/es\"},{\"@type\":\"ListItem\",\"position\":2,\"name\":\"Presentaci\u00f3n\",\"item\":\"https:\\\/\\\/www.afa-arbitrage.com\\\/es\\\/presentacion\\\/\"},{\"@type\":\"ListItem\",\"position\":3,\"name\":\"El Comit\u00e9 de arbitraje de la Asociaci\u00f3n Francesa de Abritraje\"}]},{\"@type\":\"WebSite\",\"@id\":\"https:\\\/\\\/www.afa-arbitrage.com\\\/#website\",\"url\":\"https:\\\/\\\/www.afa-arbitrage.com\\\/\",\"name\":\"Association Fran\u00e7aise d'Arbitrage\",\"description\":\"Arbitrage interne et international\",\"publisher\":{\"@id\":\"https:\\\/\\\/www.afa-arbitrage.com\\\/#organization\"},\"potentialAction\":[{\"@type\":\"SearchAction\",\"target\":{\"@type\":\"EntryPoint\",\"urlTemplate\":\"https:\\\/\\\/www.afa-arbitrage.com\\\/?s={search_term_string}\"},\"query-input\":{\"@type\":\"PropertyValueSpecification\",\"valueRequired\":true,\"valueName\":\"search_term_string\"}}],\"inLanguage\":\"es\"},{\"@type\":\"Organization\",\"@id\":\"https:\\\/\\\/www.afa-arbitrage.com\\\/#organization\",\"name\":\"Association Fran\u00e7aise d'Arbitrage\",\"url\":\"https:\\\/\\\/www.afa-arbitrage.com\\\/\",\"logo\":{\"@type\":\"ImageObject\",\"inLanguage\":\"es\",\"@id\":\"https:\\\/\\\/www.afa-arbitrage.com\\\/#\\\/schema\\\/logo\\\/image\\\/\",\"url\":\"https:\\\/\\\/www.afa-arbitrage.com\\\/wp-content\\\/uploads\\\/2023\\\/02\\\/AFA_logo_header_clear_long.png\",\"contentUrl\":\"https:\\\/\\\/www.afa-arbitrage.com\\\/wp-content\\\/uploads\\\/2023\\\/02\\\/AFA_logo_header_clear_long.png\",\"width\":500,\"height\":60,\"caption\":\"Association Fran\u00e7aise d'Arbitrage\"},\"image\":{\"@id\":\"https:\\\/\\\/www.afa-arbitrage.com\\\/#\\\/schema\\\/logo\\\/image\\\/\"}}]}<\/script>\n<!-- \/ Yoast SEO plugin. -->","yoast_head_json":{"title":"El Comit\u00e9 de arbitraje de la Asociaci\u00f3n Francesa de Abritraje - Association Fran\u00e7aise d&#039;Arbitrage","robots":{"index":"index","follow":"follow","max-snippet":"max-snippet:-1","max-image-preview":"max-image-preview:large","max-video-preview":"max-video-preview:-1"},"canonical":"https:\/\/www.afa-arbitrage.com\/es\/presentacion\/comite-arbitraje\/","og_locale":"es_ES","og_type":"article","og_title":"El Comit\u00e9 de arbitraje de la Asociaci\u00f3n Francesa de Abritraje - Association Fran\u00e7aise d&#039;Arbitrage","og_description":"El Comit\u00e9 de arbitraje,&nbsp;encargado de seguir la aplicaci\u00f3n del&nbsp;Reglamento, est\u00e1 compuesto de la forma siguiente seg\u00fan decisi\u00f3n del&nbsp;Consejo de administraci\u00f3n: El Comit\u00e9 de arbitraje&nbsp;no puede por su propia iniciativa designar a uno de sus miembros o a un miembro del&nbsp;Consejo de administraci\u00f3n&nbsp;en calidad de \u00e1rbitro o de presidente de un Tribunal arbitral. Los miembros del Comit\u00e9 de arbitraje y del&nbsp;Consejo de administraci\u00f3n&nbsp;pueden aceptar ser designados como \u00e1rbitros por una de las partes. Toda excepci\u00f3n necesita el acuerdo de las partes. Los miembros del Comit\u00e9 de arbitraje designados en un asunto en calidad de \u00e1rbitro o de presidente de un tribunal&hellip; Continue reading El Comit\u00e9 de arbitraje de la Asociaci\u00f3n Francesa de Abritraje","og_url":"https:\/\/www.afa-arbitrage.com\/es\/presentacion\/comite-arbitraje\/","og_site_name":"Association Fran\u00e7aise d&#039;Arbitrage","article_modified_time":"2025-01-15T07:54:52+00:00","og_image":[{"width":2560,"height":952,"url":"https:\/\/www.afa-arbitrage.com\/wp-content\/uploads\/2023\/04\/qui-sommes-nous.jpeg","type":"image\/jpeg"}],"twitter_card":"summary_large_image","twitter_misc":{"Tiempo de lectura":"2 minutos"},"schema":{"@context":"https:\/\/schema.org","@graph":[{"@type":"WebPage","@id":"https:\/\/www.afa-arbitrage.com\/es\/presentacion\/comite-arbitraje\/","url":"https:\/\/www.afa-arbitrage.com\/es\/presentacion\/comite-arbitraje\/","name":"El Comit\u00e9 de arbitraje de la Asociaci\u00f3n Francesa de Abritraje - Association Fran\u00e7aise d&#039;Arbitrage","isPartOf":{"@id":"https:\/\/www.afa-arbitrage.com\/#website"},"primaryImageOfPage":{"@id":"https:\/\/www.afa-arbitrage.com\/es\/presentacion\/comite-arbitraje\/#primaryimage"},"image":{"@id":"https:\/\/www.afa-arbitrage.com\/es\/presentacion\/comite-arbitraje\/#primaryimage"},"thumbnailUrl":"https:\/\/www.afa-arbitrage.com\/wp-content\/uploads\/2023\/04\/qui-sommes-nous.jpeg","datePublished":"2013-09-17T00:48:27+00:00","dateModified":"2025-01-15T07:54:52+00:00","breadcrumb":{"@id":"https:\/\/www.afa-arbitrage.com\/es\/presentacion\/comite-arbitraje\/#breadcrumb"},"inLanguage":"es","potentialAction":[{"@type":"ReadAction","target":["https:\/\/www.afa-arbitrage.com\/es\/presentacion\/comite-arbitraje\/"]}]},{"@type":"ImageObject","inLanguage":"es","@id":"https:\/\/www.afa-arbitrage.com\/es\/presentacion\/comite-arbitraje\/#primaryimage","url":"https:\/\/www.afa-arbitrage.com\/wp-content\/uploads\/2023\/04\/qui-sommes-nous.jpeg","contentUrl":"https:\/\/www.afa-arbitrage.com\/wp-content\/uploads\/2023\/04\/qui-sommes-nous.jpeg","width":2560,"height":952,"caption":"Association Fran\u00e7aise d\u2019Arbitrage"},{"@type":"BreadcrumbList","@id":"https:\/\/www.afa-arbitrage.com\/es\/presentacion\/comite-arbitraje\/#breadcrumb","itemListElement":[{"@type":"ListItem","position":1,"name":"Bienvenida","item":"\/es"},{"@type":"ListItem","position":2,"name":"Presentaci\u00f3n","item":"https:\/\/www.afa-arbitrage.com\/es\/presentacion\/"},{"@type":"ListItem","position":3,"name":"El Comit\u00e9 de arbitraje de la Asociaci\u00f3n Francesa de Abritraje"}]},{"@type":"WebSite","@id":"https:\/\/www.afa-arbitrage.com\/#website","url":"https:\/\/www.afa-arbitrage.com\/","name":"Association Fran\u00e7aise d'Arbitrage","description":"Arbitrage interne et international","publisher":{"@id":"https:\/\/www.afa-arbitrage.com\/#organization"},"potentialAction":[{"@type":"SearchAction","target":{"@type":"EntryPoint","urlTemplate":"https:\/\/www.afa-arbitrage.com\/?s={search_term_string}"},"query-input":{"@type":"PropertyValueSpecification","valueRequired":true,"valueName":"search_term_string"}}],"inLanguage":"es"},{"@type":"Organization","@id":"https:\/\/www.afa-arbitrage.com\/#organization","name":"Association Fran\u00e7aise d'Arbitrage","url":"https:\/\/www.afa-arbitrage.com\/","logo":{"@type":"ImageObject","inLanguage":"es","@id":"https:\/\/www.afa-arbitrage.com\/#\/schema\/logo\/image\/","url":"https:\/\/www.afa-arbitrage.com\/wp-content\/uploads\/2023\/02\/AFA_logo_header_clear_long.png","contentUrl":"https:\/\/www.afa-arbitrage.com\/wp-content\/uploads\/2023\/02\/AFA_logo_header_clear_long.png","width":500,"height":60,"caption":"Association Fran\u00e7aise d'Arbitrage"},"image":{"@id":"https:\/\/www.afa-arbitrage.com\/#\/schema\/logo\/image\/"}}]}},"_links":{"self":[{"href":"https:\/\/www.afa-arbitrage.com\/es\/wp-json\/wp\/v2\/pages\/876\/"}],"collection":[{"href":"https:\/\/www.afa-arbitrage.com\/es\/wp-json\/wp\/v2\/pages\/"}],"about":[{"href":"https:\/\/www.afa-arbitrage.com\/es\/wp-json\/wp\/v2\/types\/page\/"}],"author":[{"embeddable":true,"href":"https:\/\/www.afa-arbitrage.com\/es\/wp-json\/wp\/v2\/users\/2\/"}],"replies":[{"embeddable":true,"href":"https:\/\/www.afa-arbitrage.com\/es\/wp-json\/wp\/v2\/comments\/?post=876"}],"version-history":[{"count":18,"href":"https:\/\/www.afa-arbitrage.com\/es\/wp-json\/wp\/v2\/pages\/876\/revisions\/"}],"predecessor-version":[{"id":19638,"href":"https:\/\/www.afa-arbitrage.com\/es\/wp-json\/wp\/v2\/pages\/876\/revisions\/19638\/"}],"up":[{"embeddable":true,"href":"https:\/\/www.afa-arbitrage.com\/es\/wp-json\/wp\/v2\/pages\/755\/"}],"wp:featuredmedia":[{"embeddable":true,"href":"https:\/\/www.afa-arbitrage.com\/es\/wp-json\/wp\/v2\/media\/19049\/"}],"wp:attachment":[{"href":"https:\/\/www.afa-arbitrage.com\/es\/wp-json\/wp\/v2\/media\/?parent=876"}],"curies":[{"name":"wp","href":"https:\/\/api.w.org\/{rel}","templated":true}]}}