{"id":859,"date":"2013-09-17T01:41:36","date_gmt":"2013-09-17T00:41:36","guid":{"rendered":"http:\/\/afa2.deheyn.com\/?page_id=859"},"modified":"2023-02-28T09:45:29","modified_gmt":"2023-02-28T08:45:29","slug":"aviso-legal","status":"publish","type":"page","link":"https:\/\/www.afa-arbitrage.com\/es\/aviso-legal\/","title":{"rendered":"Aviso legal"},"content":{"rendered":"<p><strong>Informaciones legales<\/strong><br \/>\nLa presente p\u00e1gina web ha sido editada por Association Fran\u00e7aise d\u2019Arbitrage, Asociaci\u00f3n creada conforme a la ley del 1 julio 1901, 8 avenue Bertie Albrecht \u2013 75008 Paris.<br \/>\nT +33(0)1 53 77 24 31 \u2013 F +33(0)1 45 63 93 92 \u2013 <a title=\"contact@afa-arbitrage.com\" href=\"mailto:contact@afa-arbitrage.com\" target=\"_blank\" rel=\"noopener\">contact@afa-arbitrage.com<\/a><br \/>\nDirectores de la publicaci\u00f3n : No\u00ebl M\u00e9lin<br \/>\nPresentaci\u00f3n t\u00e9cnica (servidor) : <a title=\"TAM &amp; J\" href=\"http:\/\/www.tam-and-j.com\" target=\"_blank\" rel=\"noopener\">TAM &amp; J<\/a><\/p>\n<p><strong>Datos personales<\/strong><br \/>\nLos datos personales son recogidos durante la conexi\u00f3n y visita a la p\u00e1gina web, incluso si dicha conexi\u00f3n es an\u00f3nima. Si nos escriben v\u00eda correo electr\u00f3nico, \u00e9stos tambi\u00e9n son recogidos. Los datos son utilizados con fines \u00fanicamente estad\u00edsticos y de seguridad.<br \/>\nConforme a la ley n\u00b0 78-17 del 6 de enero 1978 relativa a la inform\u00e1tica, los ficheros y libertades, las personas que cuyos datos hayan sido registrados disponen de derecho de acceso, de modificaci\u00f3n, de rectificaci\u00f3n y de oposici\u00f3n por motivos leg\u00edtimos con relaci\u00f3n a los datos que les conciernen. Ofrecemos la posibilidad de ejercer dichos derechos contact\u00e1ndonos en la direcci\u00f3n indicada m\u00e1s abajo o a trav\u00e9s de correo electr\u00f3nico en la direcci\u00f3n <a title=\"contact@afa-arbitrage.com\" href=\"mailto:contact@afa-arbitrage.com\" target=\"_blank\" rel=\"noopener\">contact@afa-arbitrage.com<\/a>.<\/p>\n<p><strong>Propiedad intelectual<\/strong><br \/>\nLa presente p\u00e1gina web est\u00e1 protegida por los derechos de propiedad intelectual y es propiedad exclusiva de A.F.A.. Queda prohibida toda reproducci\u00f3n total o parcial realizada sin el consentimiento de A.F.A..<br \/>\nLas fotograf\u00edas reproducidas son obra de No\u00ebl M\u00e9lin con excepci\u00f3n de las fotograf\u00edas siguientes:<br \/>\n&#8211; Las fotograf\u00edas diaporama \u201cActividades\u201d son obras de Jean-Ren\u00e9 TANCR\u00c8DE, editor del peri\u00f3dico \u201c<a title=\"Annonces de la Seine\" href=\"http:\/\/www.annonces-de-la-seine.com\" target=\"_blank\" rel=\"noopener\">Les Annonces de la Seine<\/a>\u201d, quien se reserva todos los derechos ;<br \/>\n&#8211; La fotograf\u00eda de la r\u00fabrica formaci\u00f3n pertenece a A.F.A.<br \/>\n-Las fotograf\u00edas de los membros del Buro ejecutivo y de la Comision de arbitraje.pertenece estos membros quienes se reserva todos los derechos.<\/p>\n<p><strong>Otras informaciones<\/strong><br \/>\nLa presente p\u00e1gina web y las informaciones y documentos recogidos en la misma tienen una funci\u00f3n de informaci\u00f3n general sobre A.F.A., el arbitraje y la mediaci\u00f3n y no pueden en ning\u00fan caso ser consideradas como parte de un acto de consejo jur\u00eddico, de prospecci\u00f3n comercial, de solicitud y\/o de oferta de servicios.<\/p>\n","protected":false},"excerpt":{"rendered":"<p>Informaciones legales La presente p\u00e1gina web ha sido editada por Association Fran\u00e7aise d\u2019Arbitrage, Asociaci\u00f3n creada conforme a la ley del 1 julio 1901, 8 avenue Bertie Albrecht \u2013 75008 Paris. T +33(0)1 53 77 24 31 \u2013 F +33(0)1 45 63 93 92 \u2013 contact@afa-arbitrage.com Directores de la publicaci\u00f3n : No\u00ebl M\u00e9lin Presentaci\u00f3n t\u00e9cnica (servidor) : TAM &amp; J Datos personales Los datos personales son recogidos durante la conexi\u00f3n y visita a la p\u00e1gina web, incluso si dicha conexi\u00f3n es an\u00f3nima. Si nos escriben v\u00eda correo electr\u00f3nico, \u00e9stos tambi\u00e9n son recogidos. Los datos son utilizados con fines \u00fanicamente estad\u00edsticos y&hellip; <a class=\"more-link\" href=\"https:\/\/www.afa-arbitrage.com\/es\/aviso-legal\/\">Continue reading <span class=\"screen-reader-text\">Aviso legal<\/span><\/a><\/p>\n","protected":false},"author":2,"featured_media":17851,"parent":0,"menu_order":23,"comment_status":"closed","ping_status":"closed","template":"","meta":{"_cbd_carousel_blocks":"[]","footnotes":""},"class_list":["post-859","page","type-page","status-publish","has-post-thumbnail","hentry","entry"],"yoast_head":"<!-- This site is optimized with the Yoast SEO plugin v27.3 - https:\/\/yoast.com\/product\/yoast-seo-wordpress\/ -->\n<title>Aviso legal - Association Fran\u00e7aise d&#039;Arbitrage<\/title>\n<meta name=\"robots\" content=\"index, follow, max-snippet:-1, max-image-preview:large, max-video-preview:-1\" \/>\n<link rel=\"canonical\" href=\"https:\/\/www.afa-arbitrage.com\/es\/aviso-legal\/\" \/>\n<meta property=\"og:locale\" content=\"es_ES\" \/>\n<meta property=\"og:type\" content=\"article\" \/>\n<meta property=\"og:title\" content=\"Aviso legal - Association Fran\u00e7aise d&#039;Arbitrage\" \/>\n<meta property=\"og:description\" content=\"Informaciones legales La presente p\u00e1gina web ha sido editada por Association Fran\u00e7aise d\u2019Arbitrage, Asociaci\u00f3n creada conforme a la ley del 1 julio 1901, 8 avenue Bertie Albrecht \u2013 75008 Paris. T +33(0)1 53 77 24 31 \u2013 F +33(0)1 45 63 93 92 \u2013 contact@afa-arbitrage.com Directores de la publicaci\u00f3n : No\u00ebl M\u00e9lin Presentaci\u00f3n t\u00e9cnica (servidor) : TAM &amp; J Datos personales Los datos personales son recogidos durante la conexi\u00f3n y visita a la p\u00e1gina web, incluso si dicha conexi\u00f3n es an\u00f3nima. Si nos escriben v\u00eda correo electr\u00f3nico, \u00e9stos tambi\u00e9n son recogidos. Los datos son utilizados con fines \u00fanicamente estad\u00edsticos y&hellip; Continue reading Aviso legal\" \/>\n<meta property=\"og:url\" content=\"https:\/\/www.afa-arbitrage.com\/es\/aviso-legal\/\" \/>\n<meta property=\"og:site_name\" content=\"Association Fran\u00e7aise d&#039;Arbitrage\" \/>\n<meta property=\"article:modified_time\" content=\"2023-02-28T08:45:29+00:00\" \/>\n<meta property=\"og:image\" content=\"https:\/\/www.afa-arbitrage.com\/wp-content\/uploads\/2023\/02\/accueil_diapo_03.jpg\" \/>\n\t<meta property=\"og:image:width\" content=\"1280\" \/>\n\t<meta property=\"og:image:height\" content=\"331\" \/>\n\t<meta property=\"og:image:type\" content=\"image\/jpeg\" \/>\n<meta name=\"twitter:card\" content=\"summary_large_image\" \/>\n<meta name=\"twitter:label1\" content=\"Tiempo de lectura\" \/>\n\t<meta name=\"twitter:data1\" content=\"2 minutos\" \/>\n<script type=\"application\/ld+json\" class=\"yoast-schema-graph\">{\"@context\":\"https:\\\/\\\/schema.org\",\"@graph\":[{\"@type\":\"WebPage\",\"@id\":\"https:\\\/\\\/www.afa-arbitrage.com\\\/es\\\/aviso-legal\\\/\",\"url\":\"https:\\\/\\\/www.afa-arbitrage.com\\\/es\\\/aviso-legal\\\/\",\"name\":\"Aviso legal - Association Fran\u00e7aise d&#039;Arbitrage\",\"isPartOf\":{\"@id\":\"https:\\\/\\\/www.afa-arbitrage.com\\\/#website\"},\"primaryImageOfPage\":{\"@id\":\"https:\\\/\\\/www.afa-arbitrage.com\\\/es\\\/aviso-legal\\\/#primaryimage\"},\"image\":{\"@id\":\"https:\\\/\\\/www.afa-arbitrage.com\\\/es\\\/aviso-legal\\\/#primaryimage\"},\"thumbnailUrl\":\"https:\\\/\\\/www.afa-arbitrage.com\\\/wp-content\\\/uploads\\\/2023\\\/02\\\/accueil_diapo_03.jpg\",\"datePublished\":\"2013-09-17T00:41:36+00:00\",\"dateModified\":\"2023-02-28T08:45:29+00:00\",\"breadcrumb\":{\"@id\":\"https:\\\/\\\/www.afa-arbitrage.com\\\/es\\\/aviso-legal\\\/#breadcrumb\"},\"inLanguage\":\"es\",\"potentialAction\":[{\"@type\":\"ReadAction\",\"target\":[\"https:\\\/\\\/www.afa-arbitrage.com\\\/es\\\/aviso-legal\\\/\"]}]},{\"@type\":\"ImageObject\",\"inLanguage\":\"es\",\"@id\":\"https:\\\/\\\/www.afa-arbitrage.com\\\/es\\\/aviso-legal\\\/#primaryimage\",\"url\":\"https:\\\/\\\/www.afa-arbitrage.com\\\/wp-content\\\/uploads\\\/2023\\\/02\\\/accueil_diapo_03.jpg\",\"contentUrl\":\"https:\\\/\\\/www.afa-arbitrage.com\\\/wp-content\\\/uploads\\\/2023\\\/02\\\/accueil_diapo_03.jpg\",\"width\":1280,\"height\":331},{\"@type\":\"BreadcrumbList\",\"@id\":\"https:\\\/\\\/www.afa-arbitrage.com\\\/es\\\/aviso-legal\\\/#breadcrumb\",\"itemListElement\":[{\"@type\":\"ListItem\",\"position\":1,\"name\":\"Bienvenida\",\"item\":\"\\\/es\"},{\"@type\":\"ListItem\",\"position\":2,\"name\":\"Aviso legal\"}]},{\"@type\":\"WebSite\",\"@id\":\"https:\\\/\\\/www.afa-arbitrage.com\\\/#website\",\"url\":\"https:\\\/\\\/www.afa-arbitrage.com\\\/\",\"name\":\"Association Fran\u00e7aise d'Arbitrage\",\"description\":\"Arbitrage interne et international\",\"publisher\":{\"@id\":\"https:\\\/\\\/www.afa-arbitrage.com\\\/#organization\"},\"potentialAction\":[{\"@type\":\"SearchAction\",\"target\":{\"@type\":\"EntryPoint\",\"urlTemplate\":\"https:\\\/\\\/www.afa-arbitrage.com\\\/?s={search_term_string}\"},\"query-input\":{\"@type\":\"PropertyValueSpecification\",\"valueRequired\":true,\"valueName\":\"search_term_string\"}}],\"inLanguage\":\"es\"},{\"@type\":\"Organization\",\"@id\":\"https:\\\/\\\/www.afa-arbitrage.com\\\/#organization\",\"name\":\"Association Fran\u00e7aise d'Arbitrage\",\"url\":\"https:\\\/\\\/www.afa-arbitrage.com\\\/\",\"logo\":{\"@type\":\"ImageObject\",\"inLanguage\":\"es\",\"@id\":\"https:\\\/\\\/www.afa-arbitrage.com\\\/#\\\/schema\\\/logo\\\/image\\\/\",\"url\":\"https:\\\/\\\/www.afa-arbitrage.com\\\/wp-content\\\/uploads\\\/2023\\\/02\\\/AFA_logo_header_clear_long.png\",\"contentUrl\":\"https:\\\/\\\/www.afa-arbitrage.com\\\/wp-content\\\/uploads\\\/2023\\\/02\\\/AFA_logo_header_clear_long.png\",\"width\":500,\"height\":60,\"caption\":\"Association Fran\u00e7aise d'Arbitrage\"},\"image\":{\"@id\":\"https:\\\/\\\/www.afa-arbitrage.com\\\/#\\\/schema\\\/logo\\\/image\\\/\"}}]}<\/script>\n<!-- \/ Yoast SEO plugin. -->","yoast_head_json":{"title":"Aviso legal - Association Fran\u00e7aise d&#039;Arbitrage","robots":{"index":"index","follow":"follow","max-snippet":"max-snippet:-1","max-image-preview":"max-image-preview:large","max-video-preview":"max-video-preview:-1"},"canonical":"https:\/\/www.afa-arbitrage.com\/es\/aviso-legal\/","og_locale":"es_ES","og_type":"article","og_title":"Aviso legal - Association Fran\u00e7aise d&#039;Arbitrage","og_description":"Informaciones legales La presente p\u00e1gina web ha sido editada por Association Fran\u00e7aise d\u2019Arbitrage, Asociaci\u00f3n creada conforme a la ley del 1 julio 1901, 8 avenue Bertie Albrecht \u2013 75008 Paris. T +33(0)1 53 77 24 31 \u2013 F +33(0)1 45 63 93 92 \u2013 contact@afa-arbitrage.com Directores de la publicaci\u00f3n : No\u00ebl M\u00e9lin Presentaci\u00f3n t\u00e9cnica (servidor) : TAM &amp; J Datos personales Los datos personales son recogidos durante la conexi\u00f3n y visita a la p\u00e1gina web, incluso si dicha conexi\u00f3n es an\u00f3nima. Si nos escriben v\u00eda correo electr\u00f3nico, \u00e9stos tambi\u00e9n son recogidos. Los datos son utilizados con fines \u00fanicamente estad\u00edsticos y&hellip; Continue reading Aviso legal","og_url":"https:\/\/www.afa-arbitrage.com\/es\/aviso-legal\/","og_site_name":"Association Fran\u00e7aise d&#039;Arbitrage","article_modified_time":"2023-02-28T08:45:29+00:00","og_image":[{"width":1280,"height":331,"url":"https:\/\/www.afa-arbitrage.com\/wp-content\/uploads\/2023\/02\/accueil_diapo_03.jpg","type":"image\/jpeg"}],"twitter_card":"summary_large_image","twitter_misc":{"Tiempo de lectura":"2 minutos"},"schema":{"@context":"https:\/\/schema.org","@graph":[{"@type":"WebPage","@id":"https:\/\/www.afa-arbitrage.com\/es\/aviso-legal\/","url":"https:\/\/www.afa-arbitrage.com\/es\/aviso-legal\/","name":"Aviso legal - Association Fran\u00e7aise d&#039;Arbitrage","isPartOf":{"@id":"https:\/\/www.afa-arbitrage.com\/#website"},"primaryImageOfPage":{"@id":"https:\/\/www.afa-arbitrage.com\/es\/aviso-legal\/#primaryimage"},"image":{"@id":"https:\/\/www.afa-arbitrage.com\/es\/aviso-legal\/#primaryimage"},"thumbnailUrl":"https:\/\/www.afa-arbitrage.com\/wp-content\/uploads\/2023\/02\/accueil_diapo_03.jpg","datePublished":"2013-09-17T00:41:36+00:00","dateModified":"2023-02-28T08:45:29+00:00","breadcrumb":{"@id":"https:\/\/www.afa-arbitrage.com\/es\/aviso-legal\/#breadcrumb"},"inLanguage":"es","potentialAction":[{"@type":"ReadAction","target":["https:\/\/www.afa-arbitrage.com\/es\/aviso-legal\/"]}]},{"@type":"ImageObject","inLanguage":"es","@id":"https:\/\/www.afa-arbitrage.com\/es\/aviso-legal\/#primaryimage","url":"https:\/\/www.afa-arbitrage.com\/wp-content\/uploads\/2023\/02\/accueil_diapo_03.jpg","contentUrl":"https:\/\/www.afa-arbitrage.com\/wp-content\/uploads\/2023\/02\/accueil_diapo_03.jpg","width":1280,"height":331},{"@type":"BreadcrumbList","@id":"https:\/\/www.afa-arbitrage.com\/es\/aviso-legal\/#breadcrumb","itemListElement":[{"@type":"ListItem","position":1,"name":"Bienvenida","item":"\/es"},{"@type":"ListItem","position":2,"name":"Aviso legal"}]},{"@type":"WebSite","@id":"https:\/\/www.afa-arbitrage.com\/#website","url":"https:\/\/www.afa-arbitrage.com\/","name":"Association Fran\u00e7aise d'Arbitrage","description":"Arbitrage interne et international","publisher":{"@id":"https:\/\/www.afa-arbitrage.com\/#organization"},"potentialAction":[{"@type":"SearchAction","target":{"@type":"EntryPoint","urlTemplate":"https:\/\/www.afa-arbitrage.com\/?s={search_term_string}"},"query-input":{"@type":"PropertyValueSpecification","valueRequired":true,"valueName":"search_term_string"}}],"inLanguage":"es"},{"@type":"Organization","@id":"https:\/\/www.afa-arbitrage.com\/#organization","name":"Association Fran\u00e7aise d'Arbitrage","url":"https:\/\/www.afa-arbitrage.com\/","logo":{"@type":"ImageObject","inLanguage":"es","@id":"https:\/\/www.afa-arbitrage.com\/#\/schema\/logo\/image\/","url":"https:\/\/www.afa-arbitrage.com\/wp-content\/uploads\/2023\/02\/AFA_logo_header_clear_long.png","contentUrl":"https:\/\/www.afa-arbitrage.com\/wp-content\/uploads\/2023\/02\/AFA_logo_header_clear_long.png","width":500,"height":60,"caption":"Association Fran\u00e7aise d'Arbitrage"},"image":{"@id":"https:\/\/www.afa-arbitrage.com\/#\/schema\/logo\/image\/"}}]}},"_links":{"self":[{"href":"https:\/\/www.afa-arbitrage.com\/es\/wp-json\/wp\/v2\/pages\/859\/"}],"collection":[{"href":"https:\/\/www.afa-arbitrage.com\/es\/wp-json\/wp\/v2\/pages\/"}],"about":[{"href":"https:\/\/www.afa-arbitrage.com\/es\/wp-json\/wp\/v2\/types\/page\/"}],"author":[{"embeddable":true,"href":"https:\/\/www.afa-arbitrage.com\/es\/wp-json\/wp\/v2\/users\/2\/"}],"replies":[{"embeddable":true,"href":"https:\/\/www.afa-arbitrage.com\/es\/wp-json\/wp\/v2\/comments\/?post=859"}],"version-history":[{"count":1,"href":"https:\/\/www.afa-arbitrage.com\/es\/wp-json\/wp\/v2\/pages\/859\/revisions\/"}],"predecessor-version":[{"id":17855,"href":"https:\/\/www.afa-arbitrage.com\/es\/wp-json\/wp\/v2\/pages\/859\/revisions\/17855\/"}],"wp:featuredmedia":[{"embeddable":true,"href":"https:\/\/www.afa-arbitrage.com\/es\/wp-json\/wp\/v2\/media\/17851\/"}],"wp:attachment":[{"href":"https:\/\/www.afa-arbitrage.com\/es\/wp-json\/wp\/v2\/media\/?parent=859"}],"curies":[{"name":"wp","href":"https:\/\/api.w.org\/{rel}","templated":true}]}}