{"id":829,"date":"2013-06-10T17:40:00","date_gmt":"2013-06-10T16:40:00","guid":{"rendered":"http:\/\/afa2.deheyn.com\/?page_id=829"},"modified":"2025-01-09T14:36:30","modified_gmt":"2025-01-09T13:36:30","slug":"les-afterwork-de-l-afa","status":"publish","type":"page","link":"https:\/\/www.afa-arbitrage.com\/es\/formacion\/les-afterwork-de-l-afa\/","title":{"rendered":"Afterwork de l&#8217; AFA"},"content":{"rendered":"\n<p><\/p>\n\n\n\n<h2 class=\"wp-block-heading has-text-align-left title-bar\">After work de l\u2019 AFA<\/h2>\n\n\n\n<p><\/p>\n\n\n\n<p class=\"has-text-align-center box\">S\u2019appuyant sur des professionnels et des praticiens de l\u2019arbitrage, l\u2019 AFA, dont l\u2019une des vocations est la promotion de l\u2019arbitrage, offre des s\u00e9ances de formation \u00e0 l\u2019arbitrage autour de trois formules :<br>les \u00abAfter work\u00bb de l\u2019 AFA,&nbsp;<a href=\"http:\/\/afa2.deheyn.com\/formation\/cas-pratique-de-l-afa\/\">le Cas pratique de l\u2019 AFA<\/a>&nbsp;et&nbsp;<a href=\"http:\/\/afa2.deheyn.com\/formation\/les-rendez-vous-de-l-afa\/\">les Rendez-vous de l\u2019 AFA<\/a><\/p>\n\n\n\n<p><\/p>\n\n\n\n<div class=\"wp-block-group\"><div class=\"wp-block-group__inner-container is-layout-constrained wp-block-group-is-layout-constrained\">\n<h2 class=\"wp-block-heading has-text-align-left title-bar\">After work | Cross-examination of witnesses : quand la common law s\u2019invite chez les civilistes<\/h2>\n\n\n\n<p>Si nos confr\u00e8res anglais et am\u00e9ricains sont souvent form\u00e9s lors de leurs \u00e9tudes \u00e0 la&nbsp;<em>cross-examination<\/em>&nbsp;et la pratiquent pour certains presque quotidiennement devant les tribunaux judiciaires, l\u2019audition de t\u00e9moins en g\u00e9n\u00e9ral est un exercice auquel les praticiens civilistes de l\u2019arbitrage sont rarement pr\u00e9par\u00e9s et form\u00e9s.<\/p>\n\n\n\n<p><strong>L\u2019 AFA propose de mettre en pratique, sous la forme d\u2019une mise en situation, les r\u00e8gles gouvernant la&nbsp;<em>cross-examination<\/em>.<\/strong><\/p>\n\n\n\n<p>Cette formation qui se d\u00e9roulera en fran\u00e7ais, se veut avant tout pragmatique, pratique et interactive, et requiert, par cons\u00e9quent, des participants une r\u00e9elle pr\u00e9paration du cas qui leur sera soumis apr\u00e8s un rappel des fondamentaux de la&nbsp;<em>cross-examination<\/em>&nbsp;:<\/p>\n\n\n\n<ul class=\"wp-block-list\">\n<li>Quatre participants joueront le r\u00f4le des \u00ab Conseils \u00bb et proc\u00e8deront \u00e0 la&nbsp;<em>cross-examination<\/em>&nbsp;de deux experts financiers \u00e0 partir du cas. Les autres participants pourront \u00e9galement soumettre leurs suggestions ;<\/li>\n\n\n\n<li>Deux experts professionnels rompus aux&nbsp;<em>cross-examinations<\/em>&nbsp;joueront les \u00ab t\u00e9moins experts \u00bb ;<\/li>\n\n\n\n<li>Quatre avocats, de&nbsp;<em>civil law<\/em>&nbsp;et&nbsp;<em>common law<\/em>, joueront le r\u00f4le du Tribunal arbitral et ils interviendront \u00e9galement \u00e0 la fin de l\u2019exercice pour conclure sur \u00ab comment \u00e9viter les pi\u00e8ges \u00bb et les astuces \u00e0 adopter et retenir.<\/li>\n<\/ul>\n\n\n\n<p><a href=\"http:\/\/www.august-debouzy.com\/fr\/equipe\/1557-marie-danis\" target=\"_blank\" rel=\"noreferrer noopener\">Marie Danis<\/a>&nbsp;(August &amp; Debouzy),&nbsp;<a href=\"https:\/\/www.altanalaw.com\/avocat\/caroline-duclercq\" target=\"_blank\" rel=\"noreferrer noopener\">Caroline Duclercq<\/a>&nbsp;(Medici),&nbsp;<a href=\"http:\/\/www.linklaters.com\/AboutUs\/OurPeople\/Pages\/PierreDuprey.aspx\" target=\"_blank\" rel=\"noreferrer noopener\">Pierre Duprey<\/a>&nbsp;(Avocats ADF), avocats au barreau de Paris, et&nbsp;<a href=\"https:\/\/www.reedsmith.com\/en\/professionals\/r\/rosher-peter\" target=\"_blank\" rel=\"noreferrer noopener\">Peter Rosher&nbsp;<\/a>(Reed Smith), avocat aux barreaux d\u2019Angleterre\/Pays de Galles et de Paris animeront cette formation avec la participation de&nbsp;<a href=\"http:\/\/www.fticonsulting.com\/our-people\/juliette-fortin\" target=\"_blank\" rel=\"noreferrer noopener\">Juliette Fortin<\/a>&nbsp;et&nbsp;<a href=\"https:\/\/www.fticonsulting.com\/our-people\/matthias-cazier-darmois\" target=\"_blank\" rel=\"noreferrer noopener\">Matthias Cazier-Darmois<\/a>, experts financiers (FTI Consulting). Ils partageront leur exp\u00e9rience de la&nbsp;<em>cross-examination<\/em>&nbsp;dans des arbitrages de droit civil ou de&nbsp;<em>common law<\/em>.<\/p>\n\n\n\n<div style=\"height:20px\" aria-hidden=\"true\" class=\"wp-block-spacer\"><\/div>\n\n\n\n<figure class=\"wp-block-image size-large\"><img loading=\"lazy\" decoding=\"async\" width=\"1024\" height=\"193\" src=\"https:\/\/www.afa-arbitrage.com\/wp-content\/uploads\/2018\/10\/afterwork_afa_2019_-intervenants-1024x193.jpg\" alt=\"\" class=\"wp-image-12470\" srcset=\"https:\/\/www.afa-arbitrage.com\/wp-content\/uploads\/2018\/10\/afterwork_afa_2019_-intervenants-1024x193.jpg 1024w, https:\/\/www.afa-arbitrage.com\/wp-content\/uploads\/2018\/10\/afterwork_afa_2019_-intervenants-300x57.jpg 300w, https:\/\/www.afa-arbitrage.com\/wp-content\/uploads\/2018\/10\/afterwork_afa_2019_-intervenants-600x113.jpg 600w\" sizes=\"auto, (max-width: 1024px) 100vw, 1024px\" \/><\/figure>\n\n\n\n<div style=\"height:20px\" aria-hidden=\"true\" class=\"wp-block-spacer\"><\/div>\n\n\n\n<p><a href=\"https:\/\/www.afa-arbitrage.com\/wp-content\/uploads\/2017\/10\/Le_contre-interrogatoire_dans_l-arbitrage_international-_IBLJ-2017-3_Peter_Rosher.pdf\" target=\"_blank\" rel=\"noreferrer noopener\">Revue de Droit des Affaires Internationales |&nbsp;Le contre-interrogatoire dans l\u2019arbitrage international par Peter ROSHER<\/a><\/p>\n\n\n\n<h3 class=\"wp-block-heading\">Information<\/h3>\n\n\n\n<div class=\"wp-block-columns is-layout-flex wp-container-core-columns-is-layout-9d6595d7 wp-block-columns-is-layout-flex\">\n<div class=\"wp-block-column is-layout-flow wp-block-column-is-layout-flow\">\n<p><strong>Dates \u00e0 venir<\/strong><\/p>\n\n\n\n<p>Participation valid\u00e9e 3 heures<br>au titre de la formation EFB<br>Adh\u00e9rents AFA et IEAM : 80 \u20ac<br>Non adh\u00e9rents : 100 \u20ac<\/p>\n<\/div>\n\n\n\n<div class=\"wp-block-column is-layout-flow wp-block-column-is-layout-flow\">\n<p><strong>Contact<\/strong><br>T\u00e9l. 01 84 60 62 04<br><a href=\"mailto:contact@afa-arbitrage.com\" target=\"_blank\" rel=\"noreferrer noopener\">contact@afa-arbitrage.com<\/a><\/p>\n<\/div>\n<\/div>\n<\/div><\/div>\n\n\n\n<h2 class=\"wp-block-heading has-text-align-left title-bar\">After work | L\u2019arbitrage d\u2019urgence en pratique<\/h2>\n\n\n\n<p><\/p>\n\n\n\n<figure class=\"wp-block-embed aligncenter is-type-video is-provider-youtube wp-block-embed-youtube wp-embed-aspect-16-9 wp-has-aspect-ratio\"><div class=\"wp-block-embed__wrapper\">\n<iframe loading=\"lazy\" title=\"After work Afa Astura octobre 2019\" width=\"750\" height=\"422\" src=\"https:\/\/www.youtube.com\/embed\/nsiuUaSrjZU?feature=oembed\" frameborder=\"0\" allow=\"accelerometer; autoplay; clipboard-write; encrypted-media; gyroscope; picture-in-picture; web-share\" allowfullscreen><\/iframe>\n<\/div><\/figure>\n\n\n\n<p>L\u2019 AFA propose de mettre en pratique&nbsp;<a href=\"https:\/\/www.afa-arbitrage.com\/l-arbitrage\/reglement\/#Article_13\" target=\"_blank\" rel=\"noreferrer noopener\">l\u2019article 13 de son R\u00e8glement<\/a>&nbsp;au cours d\u2019un After work consacr\u00e9 \u00e0 l\u2019arbitrage d\u2019urgence.<\/p>\n\n\n\n<p>Cet atelier s\u2019adresse aux avocats conseils d\u2019entreprises comme aux dirigeants de celles-ci.<\/p>\n\n\n\n<p><em>L\u2019entreprise que vous repr\u00e9sentez, ou votre propre entreprise, a c\u00e9d\u00e9 ou acquis le contr\u00f4le d\u2019une autre entreprise. Une promesse d\u2019acquisition ou de cession a \u00e9t\u00e9 sign\u00e9e. Le prix est-il fonction de r\u00e9sultats contest\u00e9s ? Le dirigeant est-il provisoirement rest\u00e9 en place ?<\/em><\/p>\n\n\n\n<p><em>Les perspectives enchanteresses ne sont pas au rendez-vous et le mariage tourne au vinaigre !<\/em><\/p>\n\n\n\n<p><em>Il est urgent de prendre des d\u00e9cisions et de pouvoir les ex\u00e9cuter mais il n\u2019est plus temps d\u2019aller \u00e0 la m\u00e9diation et la confidentialit\u00e9 reste privil\u00e9gi\u00e9e.<\/em><\/p>\n\n\n\n<p><em>Vous pensez alors \u00e0 l\u2019arbitrage\u2026<\/em><\/p>\n\n\n\n<p>Autour de ce cas, dont l\u2019\u00e9nonc\u00e9 vous sera adress\u00e9 sur simple demande&nbsp;<a href=\"mailto:contact@afa-arbitrage.com\" target=\"_blank\" rel=\"noreferrer noopener\">(contact@afa-arbitrage.com)<\/a>, le d\u00e9bat portera sur la mani\u00e8re d\u2019acc\u00e9l\u00e9rer la proc\u00e9dure selon le R\u00e8glement d\u2019arbitrage de l\u2019AFA.<\/p>\n\n\n\n<p>Vous y verrez comment OTOBRONZ envisage de r\u00e9sister efficacement \u00e0 sa \u00ab spoliation \u00bb par CREMOBRONZ !<\/p>\n\n\n\n<p>Les diff\u00e9rentes voies offertes par l\u2019arbitrage AFA pour r\u00e9pondre \u00e0 l\u2019urgence (mesures provisoires et conservatoires, d\u00e9cision d\u2019urgence au fond et arbitrage acc\u00e9l\u00e9r\u00e9) seront ainsi test\u00e9es et appr\u00e9ci\u00e9es au regard des options judiciaires.<\/p>\n\n\n\n<p>Cet After work, pragmatique et interactif, requerra des participants une r\u00e9flexion sur la strat\u00e9gie \u00e0 mettre en place.<\/p>\n\n\n\n<p><strong>No\u00ebl M\u00e9lin<\/strong>, secr\u00e9taire g\u00e9n\u00e9ral de l\u2019AFA et<strong>&nbsp;Bertrand Moreau<\/strong>, ancien pr\u00e9sident du comit\u00e9 d\u2019arbitrage de l\u2019AFA, animeront cet atelier aux cot\u00e9s de&nbsp;<strong>Rapha\u00ebl Dalmas<\/strong>&nbsp;(Astura),&nbsp;<strong>Christophe Dugu\u00e9<\/strong>&nbsp;et&nbsp;<strong>Roland Ziade<\/strong>&nbsp;(Linklaters), avocats.<\/p>\n\n\n\n<hr class=\"wp-block-separator has-alpha-channel-opacity\"\/>\n\n\n<div class=\"wp-block-image\">\n<figure class=\"aligncenter size-large\"><img loading=\"lazy\" decoding=\"async\" width=\"1024\" height=\"203\" src=\"https:\/\/www.afa-arbitrage.com\/wp-content\/uploads\/2019\/05\/after_work_afa_arbitrage_d-urgence_2019_intervenants-1024x203.png\" alt=\"\" class=\"wp-image-13202\" srcset=\"https:\/\/www.afa-arbitrage.com\/wp-content\/uploads\/2019\/05\/after_work_afa_arbitrage_d-urgence_2019_intervenants-1024x203.png 1024w, https:\/\/www.afa-arbitrage.com\/wp-content\/uploads\/2019\/05\/after_work_afa_arbitrage_d-urgence_2019_intervenants-300x60.png 300w, https:\/\/www.afa-arbitrage.com\/wp-content\/uploads\/2019\/05\/after_work_afa_arbitrage_d-urgence_2019_intervenants-600x119.png 600w, https:\/\/www.afa-arbitrage.com\/wp-content\/uploads\/2019\/05\/after_work_afa_arbitrage_d-urgence_2019_intervenants.png 1477w\" sizes=\"auto, (max-width: 1024px) 100vw, 1024px\" \/><\/figure><\/div>\n\n\n<div style=\"height:20px\" aria-hidden=\"true\" class=\"wp-block-spacer\"><\/div>\n\n\n\n<h3 class=\"wp-block-heading\">Information<\/h3>\n\n\n\n<p><strong>Mercredi 2 octobre 2019<\/strong><br>De 18 heures \u00e0 21 heures<\/p>\n\n\n\n<p><a href=\"https:\/\/www.google.com\/maps\/place\/ASTURA+-+Avocats+%C3%A0+la+Cour\/@48.8676697,2.3015425,15z\/data=!4m5!3m4!1s0x0:0xbbff37e6193ab35b!8m2!3d48.8676697!4d2.3015425\" target=\"_blank\" rel=\"noreferrer noopener\">ASTURA<\/a><br>26, avenue Georges V<br>75008 Paris<\/p>\n\n\n\n<p><a href=\"https:\/\/www.afa-arbitrage.com\/wp-content\/uploads\/2019\/07\/Formation_arbitrage_d-urgence_AFA-_programme_bulletin_d-inscription_octobre_2019.pdf\" target=\"_blank\" rel=\"noreferrer noopener\">Bulletin d\u2019inscription<\/a><\/p>\n\n\n\n<p>Participation valid\u00e9e 3 heures<br>au titre de la formation EFB<br>Adh\u00e9rents AFA et IEAM : 80 \u20ac<br>Non adh\u00e9rents : 100 \u20ac<\/p>\n\n\n\n<p><strong>Contact<\/strong><br>T\u00e9l. 01 84 60 62 04<br><a href=\"mailto:contact@afa-arbitrage.com\" target=\"_blank\" rel=\"noreferrer noopener\">contact@afa-arbitrage.com<\/a><\/p>\n\n\n\n<p><img loading=\"lazy\" decoding=\"async\" src=\"https:\/\/www.afa-arbitrage.com\/wp-content\/uploads\/2017\/10\/puce_plus.jpg\" width=\"30\" height=\"22\">&nbsp;<a href=\"https:\/\/www.afa-arbitrage.com\/activites\/groupes-de-reflexion\/\">Groupe de r\u00e9flexion de l\u2019 AFA |&nbsp;Comptes rendus des travaux sur l\u2019arbitrage d\u2019urgence<\/a><\/p>\n\n\n\n<p><img loading=\"lazy\" decoding=\"async\" width=\"30\" height=\"22\" src=\"https:\/\/www.afa-arbitrage.com\/wp-content\/uploads\/2017\/10\/puce_plus.jpg\">&nbsp;<a href=\"\/wp-content\/uploads\/2023\/02\/Lettre-de-lAFA-n\u00b026-_-Fevrier-2018-_-Lurgence-dans-le-futur-reglement-darbitrage-de-lAFA-2.pdf\" target=\"_blank\" rel=\"noreferrer noopener\">Lettre de l\u2019 AFA n\u00b026 |&nbsp;L\u2019urgence dans le futur r\u00e8glement d\u2019arbitrage de l\u2019 AFA<\/a><\/p>\n\n\n\n<p><img loading=\"lazy\" decoding=\"async\" width=\"30\" height=\"22\" src=\"https:\/\/www.afa-arbitrage.com\/wp-content\/uploads\/2017\/10\/puce_plus.jpg\">&nbsp;<a href=\"https:\/\/www.afa-arbitrage.com\/wp-content\/uploads\/2013\/07\/Option_Droit_Affaire_n_168_p.6.pdf\" target=\"_blank\" rel=\"noreferrer noopener\">Option Droit &amp; Affaires |&nbsp;Les mesures d\u2019urgence dans l\u2019arbitrage AFA<\/a><\/p>\n\n\n\n<h2 class=\"wp-block-heading has-text-align-left title-bar\">After work | Sensibilisation \u00e0 l\u2019arbitrage<\/h2>\n\n\n\n<p>Ces After work sont destin\u00e9es \u00e0 sensibiliser \u00e0 l\u2019arbitrage tous les acteurs de la vie \u00e9conomique, avec les points de vue de l\u2019avocat, de l\u2019entreprise et du magistrat sur :<\/p>\n\n\n\n<div class=\"wp-block-columns is-style-default has-white-background-color has-background has-extra-small-font-size is-layout-flex wp-container-core-columns-is-layout-9d6595d7 wp-block-columns-is-layout-flex\">\n<div class=\"wp-block-column has-background is-layout-flow wp-block-column-is-layout-flow\" style=\"background-color:#e1e1e1;padding-top:var(--wp--preset--spacing--30);padding-right:var(--wp--preset--spacing--30);padding-bottom:var(--wp--preset--spacing--30);padding-left:var(--wp--preset--spacing--30)\">\n<p><strong>Conna\u00eetre l\u2019arbitrage<\/strong><br>Pr\u00e9sentation de l\u2019arbitrage,<br>Pourquoi et comment choisir l\u2019arbitrage<\/p>\n<\/div>\n\n\n\n<div class=\"wp-block-column has-background is-layout-flow wp-block-column-is-layout-flow\" style=\"background-color:#e1e1e1;padding-top:var(--wp--preset--spacing--30);padding-right:var(--wp--preset--spacing--30);padding-bottom:var(--wp--preset--spacing--30);padding-left:var(--wp--preset--spacing--30)\">\n<p><strong>Ma\u00eetriser l\u2019arbitrage<\/strong><br>Arbitrage, outil de gestion des risques,<br>Arbitrage ad hoc, arbitrage institutionnel,<br>Co\u00fbt de l\u2019arbitrage.<\/p>\n<\/div>\n\n\n\n<div class=\"wp-block-column has-background is-layout-flow wp-block-column-is-layout-flow\" style=\"background-color:#e1e1e1;padding-top:var(--wp--preset--spacing--30);padding-right:var(--wp--preset--spacing--30);padding-bottom:var(--wp--preset--spacing--30);padding-left:var(--wp--preset--spacing--30)\">\n<p><strong>Pratiquer l\u2019arbitrage<\/strong><br>Le juge d\u2019appui,<br>La dur\u00e9e de l\u2019arbitrage, les d\u00e9lais,<br>D\u00e9roulement d\u2019une proc\u00e9dure d\u2019arbitrage,<br>Ex\u00e9cution de la sentence,<br>Voies de recours.<\/p>\n<\/div>\n<\/div>\n","protected":false},"excerpt":{"rendered":"<p>After work de l\u2019 AFA S\u2019appuyant sur des professionnels et des praticiens de l\u2019arbitrage, l\u2019 AFA, dont l\u2019une des vocations est la promotion de l\u2019arbitrage, offre des s\u00e9ances de formation \u00e0 l\u2019arbitrage autour de trois formules :les \u00abAfter work\u00bb de l\u2019 AFA,&nbsp;le Cas pratique de l\u2019 AFA&nbsp;et&nbsp;les Rendez-vous de l\u2019 AFA After work | Cross-examination of witnesses : quand la common law s\u2019invite chez les civilistes Si nos confr\u00e8res anglais et am\u00e9ricains sont souvent form\u00e9s lors de leurs \u00e9tudes \u00e0 la&nbsp;cross-examination&nbsp;et la pratiquent pour certains presque quotidiennement devant les tribunaux judiciaires, l\u2019audition de t\u00e9moins en g\u00e9n\u00e9ral est un exercice auquel&hellip; <a class=\"more-link\" href=\"https:\/\/www.afa-arbitrage.com\/es\/formacion\/les-afterwork-de-l-afa\/\">Continue reading <span class=\"screen-reader-text\">Afterwork de l&#8217; AFA<\/span><\/a><\/p>\n","protected":false},"author":2,"featured_media":17815,"parent":821,"menu_order":20,"comment_status":"closed","ping_status":"closed","template":"","meta":{"_cbd_carousel_blocks":"[]","footnotes":""},"class_list":["post-829","page","type-page","status-publish","has-post-thumbnail","hentry","entry"],"yoast_head":"<!-- This site is optimized with the Yoast SEO plugin v27.5 - https:\/\/yoast.com\/product\/yoast-seo-wordpress\/ -->\n<title>Les After work de l&#039; AFA - Formation ponctuelle \u00e0 l&#039;arbitrage<\/title>\n<meta name=\"description\" content=\"After work de l&#039; AFA en cours : L&#039;arbitrage d&#039;urgence en pratique\" \/>\n<meta name=\"robots\" content=\"index, follow, max-snippet:-1, max-image-preview:large, max-video-preview:-1\" \/>\n<link rel=\"canonical\" href=\"https:\/\/www.afa-arbitrage.com\/es\/formacion\/les-afterwork-de-l-afa\/\" \/>\n<meta property=\"og:locale\" content=\"es_ES\" \/>\n<meta property=\"og:type\" content=\"article\" \/>\n<meta property=\"og:title\" content=\"Les After work de l&#039; AFA - Formation ponctuelle \u00e0 l&#039;arbitrage\" \/>\n<meta property=\"og:description\" content=\"After work de l&#039; AFA en cours : L&#039;arbitrage d&#039;urgence en pratique\" \/>\n<meta property=\"og:url\" content=\"https:\/\/www.afa-arbitrage.com\/es\/formacion\/les-afterwork-de-l-afa\/\" \/>\n<meta property=\"og:site_name\" content=\"Association Fran\u00e7aise d&#039;Arbitrage\" \/>\n<meta property=\"article:modified_time\" content=\"2025-01-09T13:36:30+00:00\" \/>\n<meta property=\"og:image\" content=\"https:\/\/www.afa-arbitrage.com\/wp-content\/uploads\/2023\/02\/afa_cas_pratique_juin_2018-3-1.jpg\" \/>\n\t<meta property=\"og:image:width\" content=\"1280\" \/>\n\t<meta property=\"og:image:height\" content=\"243\" \/>\n\t<meta property=\"og:image:type\" content=\"image\/jpeg\" \/>\n<meta name=\"twitter:card\" content=\"summary_large_image\" \/>\n<meta name=\"twitter:label1\" content=\"Tiempo de lectura\" \/>\n\t<meta name=\"twitter:data1\" content=\"5 minutos\" \/>\n<script type=\"application\/ld+json\" class=\"yoast-schema-graph\">{\"@context\":\"https:\\\/\\\/schema.org\",\"@graph\":[{\"@type\":\"WebPage\",\"@id\":\"https:\\\/\\\/www.afa-arbitrage.com\\\/es\\\/formacion\\\/les-afterwork-de-l-afa\\\/\",\"url\":\"https:\\\/\\\/www.afa-arbitrage.com\\\/es\\\/formacion\\\/les-afterwork-de-l-afa\\\/\",\"name\":\"Les After work de l' AFA - Formation ponctuelle \u00e0 l'arbitrage\",\"isPartOf\":{\"@id\":\"https:\\\/\\\/www.afa-arbitrage.com\\\/#website\"},\"primaryImageOfPage\":{\"@id\":\"https:\\\/\\\/www.afa-arbitrage.com\\\/es\\\/formacion\\\/les-afterwork-de-l-afa\\\/#primaryimage\"},\"image\":{\"@id\":\"https:\\\/\\\/www.afa-arbitrage.com\\\/es\\\/formacion\\\/les-afterwork-de-l-afa\\\/#primaryimage\"},\"thumbnailUrl\":\"https:\\\/\\\/www.afa-arbitrage.com\\\/wp-content\\\/uploads\\\/2023\\\/02\\\/afa_cas_pratique_juin_2018-3-1.jpg\",\"datePublished\":\"2013-06-10T16:40:00+00:00\",\"dateModified\":\"2025-01-09T13:36:30+00:00\",\"description\":\"After work de l' AFA en cours : L'arbitrage d'urgence en pratique\",\"breadcrumb\":{\"@id\":\"https:\\\/\\\/www.afa-arbitrage.com\\\/es\\\/formacion\\\/les-afterwork-de-l-afa\\\/#breadcrumb\"},\"inLanguage\":\"es\",\"potentialAction\":[{\"@type\":\"ReadAction\",\"target\":[\"https:\\\/\\\/www.afa-arbitrage.com\\\/es\\\/formacion\\\/les-afterwork-de-l-afa\\\/\"]}]},{\"@type\":\"ImageObject\",\"inLanguage\":\"es\",\"@id\":\"https:\\\/\\\/www.afa-arbitrage.com\\\/es\\\/formacion\\\/les-afterwork-de-l-afa\\\/#primaryimage\",\"url\":\"https:\\\/\\\/www.afa-arbitrage.com\\\/wp-content\\\/uploads\\\/2023\\\/02\\\/afa_cas_pratique_juin_2018-3-1.jpg\",\"contentUrl\":\"https:\\\/\\\/www.afa-arbitrage.com\\\/wp-content\\\/uploads\\\/2023\\\/02\\\/afa_cas_pratique_juin_2018-3-1.jpg\",\"width\":1280,\"height\":243},{\"@type\":\"BreadcrumbList\",\"@id\":\"https:\\\/\\\/www.afa-arbitrage.com\\\/es\\\/formacion\\\/les-afterwork-de-l-afa\\\/#breadcrumb\",\"itemListElement\":[{\"@type\":\"ListItem\",\"position\":1,\"name\":\"Bienvenida\",\"item\":\"\\\/es\"},{\"@type\":\"ListItem\",\"position\":2,\"name\":\"Formacion\",\"item\":\"https:\\\/\\\/www.afa-arbitrage.com\\\/es\\\/formacion\\\/\"},{\"@type\":\"ListItem\",\"position\":3,\"name\":\"Afterwork de l&#8217; AFA\"}]},{\"@type\":\"WebSite\",\"@id\":\"https:\\\/\\\/www.afa-arbitrage.com\\\/#website\",\"url\":\"https:\\\/\\\/www.afa-arbitrage.com\\\/\",\"name\":\"Association Fran\u00e7aise d'Arbitrage\",\"description\":\"Arbitrage interne et international\",\"publisher\":{\"@id\":\"https:\\\/\\\/www.afa-arbitrage.com\\\/#organization\"},\"potentialAction\":[{\"@type\":\"SearchAction\",\"target\":{\"@type\":\"EntryPoint\",\"urlTemplate\":\"https:\\\/\\\/www.afa-arbitrage.com\\\/?s={search_term_string}\"},\"query-input\":{\"@type\":\"PropertyValueSpecification\",\"valueRequired\":true,\"valueName\":\"search_term_string\"}}],\"inLanguage\":\"es\"},{\"@type\":\"Organization\",\"@id\":\"https:\\\/\\\/www.afa-arbitrage.com\\\/#organization\",\"name\":\"Association Fran\u00e7aise d'Arbitrage\",\"url\":\"https:\\\/\\\/www.afa-arbitrage.com\\\/\",\"logo\":{\"@type\":\"ImageObject\",\"inLanguage\":\"es\",\"@id\":\"https:\\\/\\\/www.afa-arbitrage.com\\\/#\\\/schema\\\/logo\\\/image\\\/\",\"url\":\"https:\\\/\\\/www.afa-arbitrage.com\\\/wp-content\\\/uploads\\\/2023\\\/02\\\/AFA_logo_header_clear_long.png\",\"contentUrl\":\"https:\\\/\\\/www.afa-arbitrage.com\\\/wp-content\\\/uploads\\\/2023\\\/02\\\/AFA_logo_header_clear_long.png\",\"width\":500,\"height\":60,\"caption\":\"Association Fran\u00e7aise d'Arbitrage\"},\"image\":{\"@id\":\"https:\\\/\\\/www.afa-arbitrage.com\\\/#\\\/schema\\\/logo\\\/image\\\/\"}}]}<\/script>\n<!-- \/ Yoast SEO plugin. -->","yoast_head_json":{"title":"Les After work de l' AFA - Formation ponctuelle \u00e0 l'arbitrage","description":"After work de l' AFA en cours : L'arbitrage d'urgence en pratique","robots":{"index":"index","follow":"follow","max-snippet":"max-snippet:-1","max-image-preview":"max-image-preview:large","max-video-preview":"max-video-preview:-1"},"canonical":"https:\/\/www.afa-arbitrage.com\/es\/formacion\/les-afterwork-de-l-afa\/","og_locale":"es_ES","og_type":"article","og_title":"Les After work de l' AFA - Formation ponctuelle \u00e0 l'arbitrage","og_description":"After work de l' AFA en cours : L'arbitrage d'urgence en pratique","og_url":"https:\/\/www.afa-arbitrage.com\/es\/formacion\/les-afterwork-de-l-afa\/","og_site_name":"Association Fran\u00e7aise d&#039;Arbitrage","article_modified_time":"2025-01-09T13:36:30+00:00","og_image":[{"width":1280,"height":243,"url":"https:\/\/www.afa-arbitrage.com\/wp-content\/uploads\/2023\/02\/afa_cas_pratique_juin_2018-3-1.jpg","type":"image\/jpeg"}],"twitter_card":"summary_large_image","twitter_misc":{"Tiempo de lectura":"5 minutos"},"schema":{"@context":"https:\/\/schema.org","@graph":[{"@type":"WebPage","@id":"https:\/\/www.afa-arbitrage.com\/es\/formacion\/les-afterwork-de-l-afa\/","url":"https:\/\/www.afa-arbitrage.com\/es\/formacion\/les-afterwork-de-l-afa\/","name":"Les After work de l' AFA - Formation ponctuelle \u00e0 l'arbitrage","isPartOf":{"@id":"https:\/\/www.afa-arbitrage.com\/#website"},"primaryImageOfPage":{"@id":"https:\/\/www.afa-arbitrage.com\/es\/formacion\/les-afterwork-de-l-afa\/#primaryimage"},"image":{"@id":"https:\/\/www.afa-arbitrage.com\/es\/formacion\/les-afterwork-de-l-afa\/#primaryimage"},"thumbnailUrl":"https:\/\/www.afa-arbitrage.com\/wp-content\/uploads\/2023\/02\/afa_cas_pratique_juin_2018-3-1.jpg","datePublished":"2013-06-10T16:40:00+00:00","dateModified":"2025-01-09T13:36:30+00:00","description":"After work de l' AFA en cours : L'arbitrage d'urgence en pratique","breadcrumb":{"@id":"https:\/\/www.afa-arbitrage.com\/es\/formacion\/les-afterwork-de-l-afa\/#breadcrumb"},"inLanguage":"es","potentialAction":[{"@type":"ReadAction","target":["https:\/\/www.afa-arbitrage.com\/es\/formacion\/les-afterwork-de-l-afa\/"]}]},{"@type":"ImageObject","inLanguage":"es","@id":"https:\/\/www.afa-arbitrage.com\/es\/formacion\/les-afterwork-de-l-afa\/#primaryimage","url":"https:\/\/www.afa-arbitrage.com\/wp-content\/uploads\/2023\/02\/afa_cas_pratique_juin_2018-3-1.jpg","contentUrl":"https:\/\/www.afa-arbitrage.com\/wp-content\/uploads\/2023\/02\/afa_cas_pratique_juin_2018-3-1.jpg","width":1280,"height":243},{"@type":"BreadcrumbList","@id":"https:\/\/www.afa-arbitrage.com\/es\/formacion\/les-afterwork-de-l-afa\/#breadcrumb","itemListElement":[{"@type":"ListItem","position":1,"name":"Bienvenida","item":"\/es"},{"@type":"ListItem","position":2,"name":"Formacion","item":"https:\/\/www.afa-arbitrage.com\/es\/formacion\/"},{"@type":"ListItem","position":3,"name":"Afterwork de l&#8217; AFA"}]},{"@type":"WebSite","@id":"https:\/\/www.afa-arbitrage.com\/#website","url":"https:\/\/www.afa-arbitrage.com\/","name":"Association Fran\u00e7aise d'Arbitrage","description":"Arbitrage interne et international","publisher":{"@id":"https:\/\/www.afa-arbitrage.com\/#organization"},"potentialAction":[{"@type":"SearchAction","target":{"@type":"EntryPoint","urlTemplate":"https:\/\/www.afa-arbitrage.com\/?s={search_term_string}"},"query-input":{"@type":"PropertyValueSpecification","valueRequired":true,"valueName":"search_term_string"}}],"inLanguage":"es"},{"@type":"Organization","@id":"https:\/\/www.afa-arbitrage.com\/#organization","name":"Association Fran\u00e7aise d'Arbitrage","url":"https:\/\/www.afa-arbitrage.com\/","logo":{"@type":"ImageObject","inLanguage":"es","@id":"https:\/\/www.afa-arbitrage.com\/#\/schema\/logo\/image\/","url":"https:\/\/www.afa-arbitrage.com\/wp-content\/uploads\/2023\/02\/AFA_logo_header_clear_long.png","contentUrl":"https:\/\/www.afa-arbitrage.com\/wp-content\/uploads\/2023\/02\/AFA_logo_header_clear_long.png","width":500,"height":60,"caption":"Association Fran\u00e7aise d'Arbitrage"},"image":{"@id":"https:\/\/www.afa-arbitrage.com\/#\/schema\/logo\/image\/"}}]}},"_links":{"self":[{"href":"https:\/\/www.afa-arbitrage.com\/es\/wp-json\/wp\/v2\/pages\/829\/"}],"collection":[{"href":"https:\/\/www.afa-arbitrage.com\/es\/wp-json\/wp\/v2\/pages\/"}],"about":[{"href":"https:\/\/www.afa-arbitrage.com\/es\/wp-json\/wp\/v2\/types\/page\/"}],"author":[{"embeddable":true,"href":"https:\/\/www.afa-arbitrage.com\/es\/wp-json\/wp\/v2\/users\/2\/"}],"replies":[{"embeddable":true,"href":"https:\/\/www.afa-arbitrage.com\/es\/wp-json\/wp\/v2\/comments\/?post=829"}],"version-history":[{"count":53,"href":"https:\/\/www.afa-arbitrage.com\/es\/wp-json\/wp\/v2\/pages\/829\/revisions\/"}],"predecessor-version":[{"id":19567,"href":"https:\/\/www.afa-arbitrage.com\/es\/wp-json\/wp\/v2\/pages\/829\/revisions\/19567\/"}],"up":[{"embeddable":true,"href":"https:\/\/www.afa-arbitrage.com\/es\/wp-json\/wp\/v2\/pages\/821\/"}],"wp:featuredmedia":[{"embeddable":true,"href":"https:\/\/www.afa-arbitrage.com\/es\/wp-json\/wp\/v2\/media\/17815\/"}],"wp:attachment":[{"href":"https:\/\/www.afa-arbitrage.com\/es\/wp-json\/wp\/v2\/media\/?parent=829"}],"curies":[{"name":"wp","href":"https:\/\/api.w.org\/{rel}","templated":true}]}}