{"id":817,"date":"2013-09-17T01:25:35","date_gmt":"2013-09-17T00:25:35","guid":{"rendered":"http:\/\/afa2.deheyn.com\/?page_id=817"},"modified":"2023-03-17T12:13:26","modified_gmt":"2023-03-17T11:13:26","slug":"baremo","status":"publish","type":"page","link":"https:\/\/www.afa-arbitrage.com\/es\/el-arbitrage\/baremo\/","title":{"rendered":"Baremo de arbitraje"},"content":{"rendered":"\n<h2 class=\"has-text-align-left title-bar wp-block-heading\">Baremo de los honorarios de los \u00e1rbitros y gastos administrativos de la A.F.A.<\/h2>\n\n\n<div class=\"table-1\">\n<table border=\"0\" summary=\"\" cellspacing=\"2\" cellpadding=\"1\" align=\"center\">\n<thead>\n<tr>\n<th rowspan=\"2\" align=\"center\" valign=\"middle\">Para cada porci\u00f3n sucesiva de la cuant\u00eda del litigio<\/th>\n<th rowspan=\"2\" align=\"center\" valign=\"middle\">Gastos administrativos<\/th>\n<th colspan=\"2\" align=\"center\" valign=\"middle\">&nbsp;&nbsp;&nbsp;&nbsp;&nbsp;&nbsp; Honorarios &nbsp;T.A. <sup>(2-3)<\/sup><\/th>\n<\/tr>\n<tr>\n<th style=\"text-align: center;\" align=\"center\" valign=\"middle\">M\u00ednimo<\/th>\n<th style=\"text-align: center;\" align=\"center\" valign=\"middle\">M\u00e1ximo<\/th>\n<\/tr>\n<\/thead>\n<tbody>\n<tr>\n<td align=\"left\" valign=\"middle\">inferior &nbsp;\u00e0 50.000 \u20ac<\/td>\n<td align=\"center\" valign=\"middle\">1.500 \u20ac <sup>(1)<\/sup><\/td>\n<td align=\"center\" valign=\"middle\">6.000 \u20ac<\/td>\n<td align=\"center\" valign=\"middle\">40 %<\/td>\n<\/tr>\n<tr>\n<td align=\"left\" valign=\"middle\">de 50.000 \u20ac \u00e0 250.000 \u20ac<\/td>\n<td align=\"center\" valign=\"middle\">1,8 %<\/td>\n<td align=\"center\" valign=\"middle\">5 %<\/td>\n<td align=\"center\" valign=\"middle\">12,5 %<\/td>\n<\/tr>\n<tr>\n<td align=\"left\" valign=\"middle\">de 250.001 \u20ac \u00e0 1.500.000 \u20ac<\/td>\n<td align=\"center\" valign=\"middle\">0,75 %<\/td>\n<td align=\"center\" valign=\"middle\">2,5 %<\/td>\n<td align=\"center\" valign=\"middle\">3,5 %<\/td>\n<\/tr>\n<tr>\n<td align=\"left\" valign=\"middle\">de 1.500.001 \u20ac \u00e0 12.000.000 \u20ac<\/td>\n<td align=\"center\" valign=\"middle\">0,10 %<\/td>\n<td align=\"center\" valign=\"middle\">0,4 %<\/td>\n<td align=\"center\" valign=\"middle\">0,8 %<\/td>\n<\/tr>\n<tr>\n<td align=\"left\" valign=\"middle\">de 12.000.001 \u20ac \u00e0 45.000.000 \u20ac<\/td>\n<td align=\"center\" valign=\"middle\">0,025 %<\/td>\n<td align=\"center\" valign=\"middle\">0,2 %<\/td>\n<td align=\"center\" valign=\"middle\">0,3 %<\/td>\n<\/tr>\n<tr>\n<td align=\"left\" valign=\"middle\">M\u00e1s de 45.000.001 \u20ac<\/td>\n<td align=\"center\" valign=\"middle\">0,01 %&nbsp;con un m\u00e1ximo de 50.000 \u20ac<\/td>\n<td align=\"center\" valign=\"middle\">0,01 %<\/td>\n<td align=\"center\" valign=\"middle\">0,04 %<\/td>\n<\/tr>\n<\/tbody>\n<\/table>\n<\/div>\n<p style=\"text-align: justify; line-height: 150%;\"><sup>(1)<\/sup> Cuando la cuant\u00eda del litigio sea inferior a 50.000 \u20ac y haya un \u00e1rbitro \u00fanico, los gastos administrativos se reducir\u00e1n a la mitad.<\/p>\n<p style=\"text-align: justify; line-height: 150%;\"><sup>(2)<\/sup> Cuando haya tres \u00e1rbitros, salvo indicaci\u00f3n contraria, el Comit\u00e9 de arbitraje repartir\u00e1 el importe de los honorarios a raz\u00f3n del 40% para el presidente y del 30% para cada uno de los \u00e1rbitros.<\/p>\n<p style=\"text-align: justify; line-height: 150%;\"><sup>(3)<\/sup> Los gastos de funcionamiento del tribunal arbitral ser\u00e1n reembolsados por la A.F.A. a los \u00e1rbitros tras presentaci\u00f3n de justificantes y, de ser necesario, ser\u00e1n cobrados mediante un complemento de provisi\u00f3n.<\/p>","protected":false},"excerpt":{"rendered":"<p>Baremo de los honorarios de los \u00e1rbitros y gastos administrativos de la A.F.A. Para cada porci\u00f3n sucesiva de la cuant\u00eda del litigio Gastos administrativos &nbsp;&nbsp;&nbsp;&nbsp;&nbsp;&nbsp; Honorarios &nbsp;T.A. (2-3) M\u00ednimo M\u00e1ximo inferior &nbsp;\u00e0 50.000 \u20ac 1.500 \u20ac (1) 6.000 \u20ac 40 % de 50.000 \u20ac \u00e0 250.000 \u20ac 1,8 % 5 % 12,5 % de 250.001 \u20ac \u00e0 1.500.000 \u20ac 0,75 % 2,5 % 3,5 % de 1.500.001 \u20ac \u00e0 12.000.000 \u20ac 0,10 % 0,4 % 0,8 % de 12.000.001 \u20ac \u00e0 45.000.000 \u20ac 0,025 % 0,2 % 0,3 % M\u00e1s de 45.000.001 \u20ac 0,01 %&nbsp;con un m\u00e1ximo de 50.000 \u20ac&hellip; <a class=\"more-link\" href=\"https:\/\/www.afa-arbitrage.com\/es\/el-arbitrage\/baremo\/\">Continue reading <span class=\"screen-reader-text\">Baremo de arbitraje<\/span><\/a><\/p>\n","protected":false},"author":2,"featured_media":16074,"parent":765,"menu_order":18,"comment_status":"closed","ping_status":"closed","template":"","meta":{"_cbd_carousel_blocks":"[]","footnotes":""},"class_list":["post-817","page","type-page","status-publish","has-post-thumbnail","hentry","entry"],"yoast_head":"<!-- This site is optimized with the Yoast SEO plugin v27.5 - https:\/\/yoast.com\/product\/yoast-seo-wordpress\/ -->\n<title>Baremo de arbitraje - Association Fran\u00e7aise d&#039;Arbitrage<\/title>\n<meta name=\"robots\" content=\"index, follow, max-snippet:-1, max-image-preview:large, max-video-preview:-1\" \/>\n<link rel=\"canonical\" href=\"https:\/\/www.afa-arbitrage.com\/es\/el-arbitrage\/baremo\/\" \/>\n<meta property=\"og:locale\" content=\"es_ES\" \/>\n<meta property=\"og:type\" content=\"article\" \/>\n<meta property=\"og:title\" content=\"Baremo de arbitraje - Association Fran\u00e7aise d&#039;Arbitrage\" \/>\n<meta property=\"og:description\" content=\"Baremo de los honorarios de los \u00e1rbitros y gastos administrativos de la A.F.A. Para cada porci\u00f3n sucesiva de la cuant\u00eda del litigio Gastos administrativos &nbsp;&nbsp;&nbsp;&nbsp;&nbsp;&nbsp; Honorarios &nbsp;T.A. (2-3) M\u00ednimo M\u00e1ximo inferior &nbsp;\u00e0 50.000 \u20ac 1.500 \u20ac (1) 6.000 \u20ac 40 % de 50.000 \u20ac \u00e0 250.000 \u20ac 1,8 % 5 % 12,5 % de 250.001 \u20ac \u00e0 1.500.000 \u20ac 0,75 % 2,5 % 3,5 % de 1.500.001 \u20ac \u00e0 12.000.000 \u20ac 0,10 % 0,4 % 0,8 % de 12.000.001 \u20ac \u00e0 45.000.000 \u20ac 0,025 % 0,2 % 0,3 % M\u00e1s de 45.000.001 \u20ac 0,01 %&nbsp;con un m\u00e1ximo de 50.000 \u20ac&hellip; Continue reading Baremo de arbitraje\" \/>\n<meta property=\"og:url\" content=\"https:\/\/www.afa-arbitrage.com\/es\/el-arbitrage\/baremo\/\" \/>\n<meta property=\"og:site_name\" content=\"Association Fran\u00e7aise d&#039;Arbitrage\" \/>\n<meta property=\"article:modified_time\" content=\"2023-03-17T11:13:26+00:00\" \/>\n<meta property=\"og:image\" content=\"https:\/\/www.afa-arbitrage.com\/wp-content\/uploads\/2023\/02\/bareme_diapo_01.jpg\" \/>\n\t<meta property=\"og:image:width\" content=\"1280\" \/>\n\t<meta property=\"og:image:height\" content=\"243\" \/>\n\t<meta property=\"og:image:type\" content=\"image\/jpeg\" \/>\n<meta name=\"twitter:card\" content=\"summary_large_image\" \/>\n<meta name=\"twitter:label1\" content=\"Tiempo de lectura\" \/>\n\t<meta name=\"twitter:data1\" content=\"1 minuto\" \/>\n<script type=\"application\/ld+json\" class=\"yoast-schema-graph\">{\"@context\":\"https:\\\/\\\/schema.org\",\"@graph\":[{\"@type\":\"WebPage\",\"@id\":\"https:\\\/\\\/www.afa-arbitrage.com\\\/es\\\/el-arbitrage\\\/baremo\\\/\",\"url\":\"https:\\\/\\\/www.afa-arbitrage.com\\\/es\\\/el-arbitrage\\\/baremo\\\/\",\"name\":\"Baremo de arbitraje - Association Fran\u00e7aise d&#039;Arbitrage\",\"isPartOf\":{\"@id\":\"https:\\\/\\\/www.afa-arbitrage.com\\\/#website\"},\"primaryImageOfPage\":{\"@id\":\"https:\\\/\\\/www.afa-arbitrage.com\\\/es\\\/el-arbitrage\\\/baremo\\\/#primaryimage\"},\"image\":{\"@id\":\"https:\\\/\\\/www.afa-arbitrage.com\\\/es\\\/el-arbitrage\\\/baremo\\\/#primaryimage\"},\"thumbnailUrl\":\"https:\\\/\\\/www.afa-arbitrage.com\\\/wp-content\\\/uploads\\\/2023\\\/02\\\/bareme_diapo_01.jpg\",\"datePublished\":\"2013-09-17T00:25:35+00:00\",\"dateModified\":\"2023-03-17T11:13:26+00:00\",\"breadcrumb\":{\"@id\":\"https:\\\/\\\/www.afa-arbitrage.com\\\/es\\\/el-arbitrage\\\/baremo\\\/#breadcrumb\"},\"inLanguage\":\"es\",\"potentialAction\":[{\"@type\":\"ReadAction\",\"target\":[\"https:\\\/\\\/www.afa-arbitrage.com\\\/es\\\/el-arbitrage\\\/baremo\\\/\"]}]},{\"@type\":\"ImageObject\",\"inLanguage\":\"es\",\"@id\":\"https:\\\/\\\/www.afa-arbitrage.com\\\/es\\\/el-arbitrage\\\/baremo\\\/#primaryimage\",\"url\":\"https:\\\/\\\/www.afa-arbitrage.com\\\/wp-content\\\/uploads\\\/2023\\\/02\\\/bareme_diapo_01.jpg\",\"contentUrl\":\"https:\\\/\\\/www.afa-arbitrage.com\\\/wp-content\\\/uploads\\\/2023\\\/02\\\/bareme_diapo_01.jpg\",\"width\":1280,\"height\":243,\"caption\":\"Bar\u00e8me des honoraires des arbitres et frais d\u2019administration\"},{\"@type\":\"BreadcrumbList\",\"@id\":\"https:\\\/\\\/www.afa-arbitrage.com\\\/es\\\/el-arbitrage\\\/baremo\\\/#breadcrumb\",\"itemListElement\":[{\"@type\":\"ListItem\",\"position\":1,\"name\":\"Bienvenida\",\"item\":\"\\\/es\"},{\"@type\":\"ListItem\",\"position\":2,\"name\":\"El arbitraje\",\"item\":\"https:\\\/\\\/www.afa-arbitrage.com\\\/es\\\/el-arbitrage\\\/\"},{\"@type\":\"ListItem\",\"position\":3,\"name\":\"Baremo de arbitraje\"}]},{\"@type\":\"WebSite\",\"@id\":\"https:\\\/\\\/www.afa-arbitrage.com\\\/#website\",\"url\":\"https:\\\/\\\/www.afa-arbitrage.com\\\/\",\"name\":\"Association Fran\u00e7aise d'Arbitrage\",\"description\":\"Arbitrage interne et international\",\"publisher\":{\"@id\":\"https:\\\/\\\/www.afa-arbitrage.com\\\/#organization\"},\"potentialAction\":[{\"@type\":\"SearchAction\",\"target\":{\"@type\":\"EntryPoint\",\"urlTemplate\":\"https:\\\/\\\/www.afa-arbitrage.com\\\/?s={search_term_string}\"},\"query-input\":{\"@type\":\"PropertyValueSpecification\",\"valueRequired\":true,\"valueName\":\"search_term_string\"}}],\"inLanguage\":\"es\"},{\"@type\":\"Organization\",\"@id\":\"https:\\\/\\\/www.afa-arbitrage.com\\\/#organization\",\"name\":\"Association Fran\u00e7aise d'Arbitrage\",\"url\":\"https:\\\/\\\/www.afa-arbitrage.com\\\/\",\"logo\":{\"@type\":\"ImageObject\",\"inLanguage\":\"es\",\"@id\":\"https:\\\/\\\/www.afa-arbitrage.com\\\/#\\\/schema\\\/logo\\\/image\\\/\",\"url\":\"https:\\\/\\\/www.afa-arbitrage.com\\\/wp-content\\\/uploads\\\/2023\\\/02\\\/AFA_logo_header_clear_long.png\",\"contentUrl\":\"https:\\\/\\\/www.afa-arbitrage.com\\\/wp-content\\\/uploads\\\/2023\\\/02\\\/AFA_logo_header_clear_long.png\",\"width\":500,\"height\":60,\"caption\":\"Association Fran\u00e7aise d'Arbitrage\"},\"image\":{\"@id\":\"https:\\\/\\\/www.afa-arbitrage.com\\\/#\\\/schema\\\/logo\\\/image\\\/\"}}]}<\/script>\n<!-- \/ Yoast SEO plugin. -->","yoast_head_json":{"title":"Baremo de arbitraje - Association Fran\u00e7aise d&#039;Arbitrage","robots":{"index":"index","follow":"follow","max-snippet":"max-snippet:-1","max-image-preview":"max-image-preview:large","max-video-preview":"max-video-preview:-1"},"canonical":"https:\/\/www.afa-arbitrage.com\/es\/el-arbitrage\/baremo\/","og_locale":"es_ES","og_type":"article","og_title":"Baremo de arbitraje - Association Fran\u00e7aise d&#039;Arbitrage","og_description":"Baremo de los honorarios de los \u00e1rbitros y gastos administrativos de la A.F.A. Para cada porci\u00f3n sucesiva de la cuant\u00eda del litigio Gastos administrativos &nbsp;&nbsp;&nbsp;&nbsp;&nbsp;&nbsp; Honorarios &nbsp;T.A. (2-3) M\u00ednimo M\u00e1ximo inferior &nbsp;\u00e0 50.000 \u20ac 1.500 \u20ac (1) 6.000 \u20ac 40 % de 50.000 \u20ac \u00e0 250.000 \u20ac 1,8 % 5 % 12,5 % de 250.001 \u20ac \u00e0 1.500.000 \u20ac 0,75 % 2,5 % 3,5 % de 1.500.001 \u20ac \u00e0 12.000.000 \u20ac 0,10 % 0,4 % 0,8 % de 12.000.001 \u20ac \u00e0 45.000.000 \u20ac 0,025 % 0,2 % 0,3 % M\u00e1s de 45.000.001 \u20ac 0,01 %&nbsp;con un m\u00e1ximo de 50.000 \u20ac&hellip; Continue reading Baremo de arbitraje","og_url":"https:\/\/www.afa-arbitrage.com\/es\/el-arbitrage\/baremo\/","og_site_name":"Association Fran\u00e7aise d&#039;Arbitrage","article_modified_time":"2023-03-17T11:13:26+00:00","og_image":[{"width":1280,"height":243,"url":"https:\/\/www.afa-arbitrage.com\/wp-content\/uploads\/2023\/02\/bareme_diapo_01.jpg","type":"image\/jpeg"}],"twitter_card":"summary_large_image","twitter_misc":{"Tiempo de lectura":"1 minuto"},"schema":{"@context":"https:\/\/schema.org","@graph":[{"@type":"WebPage","@id":"https:\/\/www.afa-arbitrage.com\/es\/el-arbitrage\/baremo\/","url":"https:\/\/www.afa-arbitrage.com\/es\/el-arbitrage\/baremo\/","name":"Baremo de arbitraje - Association Fran\u00e7aise d&#039;Arbitrage","isPartOf":{"@id":"https:\/\/www.afa-arbitrage.com\/#website"},"primaryImageOfPage":{"@id":"https:\/\/www.afa-arbitrage.com\/es\/el-arbitrage\/baremo\/#primaryimage"},"image":{"@id":"https:\/\/www.afa-arbitrage.com\/es\/el-arbitrage\/baremo\/#primaryimage"},"thumbnailUrl":"https:\/\/www.afa-arbitrage.com\/wp-content\/uploads\/2023\/02\/bareme_diapo_01.jpg","datePublished":"2013-09-17T00:25:35+00:00","dateModified":"2023-03-17T11:13:26+00:00","breadcrumb":{"@id":"https:\/\/www.afa-arbitrage.com\/es\/el-arbitrage\/baremo\/#breadcrumb"},"inLanguage":"es","potentialAction":[{"@type":"ReadAction","target":["https:\/\/www.afa-arbitrage.com\/es\/el-arbitrage\/baremo\/"]}]},{"@type":"ImageObject","inLanguage":"es","@id":"https:\/\/www.afa-arbitrage.com\/es\/el-arbitrage\/baremo\/#primaryimage","url":"https:\/\/www.afa-arbitrage.com\/wp-content\/uploads\/2023\/02\/bareme_diapo_01.jpg","contentUrl":"https:\/\/www.afa-arbitrage.com\/wp-content\/uploads\/2023\/02\/bareme_diapo_01.jpg","width":1280,"height":243,"caption":"Bar\u00e8me des honoraires des arbitres et frais d\u2019administration"},{"@type":"BreadcrumbList","@id":"https:\/\/www.afa-arbitrage.com\/es\/el-arbitrage\/baremo\/#breadcrumb","itemListElement":[{"@type":"ListItem","position":1,"name":"Bienvenida","item":"\/es"},{"@type":"ListItem","position":2,"name":"El arbitraje","item":"https:\/\/www.afa-arbitrage.com\/es\/el-arbitrage\/"},{"@type":"ListItem","position":3,"name":"Baremo de arbitraje"}]},{"@type":"WebSite","@id":"https:\/\/www.afa-arbitrage.com\/#website","url":"https:\/\/www.afa-arbitrage.com\/","name":"Association Fran\u00e7aise d'Arbitrage","description":"Arbitrage interne et international","publisher":{"@id":"https:\/\/www.afa-arbitrage.com\/#organization"},"potentialAction":[{"@type":"SearchAction","target":{"@type":"EntryPoint","urlTemplate":"https:\/\/www.afa-arbitrage.com\/?s={search_term_string}"},"query-input":{"@type":"PropertyValueSpecification","valueRequired":true,"valueName":"search_term_string"}}],"inLanguage":"es"},{"@type":"Organization","@id":"https:\/\/www.afa-arbitrage.com\/#organization","name":"Association Fran\u00e7aise d'Arbitrage","url":"https:\/\/www.afa-arbitrage.com\/","logo":{"@type":"ImageObject","inLanguage":"es","@id":"https:\/\/www.afa-arbitrage.com\/#\/schema\/logo\/image\/","url":"https:\/\/www.afa-arbitrage.com\/wp-content\/uploads\/2023\/02\/AFA_logo_header_clear_long.png","contentUrl":"https:\/\/www.afa-arbitrage.com\/wp-content\/uploads\/2023\/02\/AFA_logo_header_clear_long.png","width":500,"height":60,"caption":"Association Fran\u00e7aise d'Arbitrage"},"image":{"@id":"https:\/\/www.afa-arbitrage.com\/#\/schema\/logo\/image\/"}}]}},"_links":{"self":[{"href":"https:\/\/www.afa-arbitrage.com\/es\/wp-json\/wp\/v2\/pages\/817\/"}],"collection":[{"href":"https:\/\/www.afa-arbitrage.com\/es\/wp-json\/wp\/v2\/pages\/"}],"about":[{"href":"https:\/\/www.afa-arbitrage.com\/es\/wp-json\/wp\/v2\/types\/page\/"}],"author":[{"embeddable":true,"href":"https:\/\/www.afa-arbitrage.com\/es\/wp-json\/wp\/v2\/users\/2\/"}],"replies":[{"embeddable":true,"href":"https:\/\/www.afa-arbitrage.com\/es\/wp-json\/wp\/v2\/comments\/?post=817"}],"version-history":[{"count":5,"href":"https:\/\/www.afa-arbitrage.com\/es\/wp-json\/wp\/v2\/pages\/817\/revisions\/"}],"predecessor-version":[{"id":18574,"href":"https:\/\/www.afa-arbitrage.com\/es\/wp-json\/wp\/v2\/pages\/817\/revisions\/18574\/"}],"up":[{"embeddable":true,"href":"https:\/\/www.afa-arbitrage.com\/es\/wp-json\/wp\/v2\/pages\/765\/"}],"wp:featuredmedia":[{"embeddable":true,"href":"https:\/\/www.afa-arbitrage.com\/es\/wp-json\/wp\/v2\/media\/16074\/"}],"wp:attachment":[{"href":"https:\/\/www.afa-arbitrage.com\/es\/wp-json\/wp\/v2\/media\/?parent=817"}],"curies":[{"name":"wp","href":"https:\/\/api.w.org\/{rel}","templated":true}]}}