{"id":809,"date":"2013-09-17T01:21:55","date_gmt":"2013-09-17T00:21:55","guid":{"rendered":"http:\/\/afa2.deheyn.com\/?page_id=809"},"modified":"2023-04-04T14:00:59","modified_gmt":"2023-04-04T13:00:59","slug":"contacto","status":"publish","type":"page","link":"https:\/\/www.afa-arbitrage.com\/es\/contacto\/","title":{"rendered":"Contacto"},"content":{"rendered":"\n<div class=\"wp-block-columns is-layout-flex wp-container-core-columns-is-layout-9d6595d7 wp-block-columns-is-layout-flex\">\n<div class=\"wp-block-column is-layout-flow wp-block-column-is-layout-flow\" style=\"flex-basis:40%\">\n<p><strong>Association Fran\u00e7aise d\u2019Arbitrage<\/strong><br>31bis-33, rue Daru<br>75008 Paris<\/p>\n<p>T\u00e9l : +33 1 84 60 62 04<br>E-mail :&nbsp;<a href=\"mailto:contact@afa-arbitrage.com\">contact@afa-arbitrage.com<\/a><\/p>\n<p>Acc\u00e8s :<br>&nbsp;<strong>Metro :<\/strong><br>&nbsp;&nbsp;<img loading=\"lazy\" decoding=\"async\" class=\"alignnone size-full wp-image-604\" src=\"https:\/\/www.afa-arbitrage.com\/wp-content\/uploads\/contact-metro-ligne-1.jpg\" alt=\"M\u00e9tro - Ligne 1\" width=\"41\" height=\"20\">&nbsp;Station Charles de Gaulle \u00c9toile (-800 m)<br>&nbsp;&nbsp;<img loading=\"lazy\" decoding=\"async\" class=\"alignnone size-full wp-image-605\" src=\"https:\/\/www.afa-arbitrage.com\/wp-content\/uploads\/contact-metro-ligne-2.jpg\" alt=\"M\u00e9tro - Ligne 2\" width=\"41\" height=\"20\">&nbsp;Station Ternes (-500 m)<br>&nbsp;<strong>RER :<\/strong><br>&nbsp;&nbsp;<img loading=\"lazy\" decoding=\"async\" class=\"alignnone size-full wp-image-603\" src=\"https:\/\/www.afa-arbitrage.com\/wp-content\/uploads\/contact-rer-A.jpg\" alt=\"RER - Ligne A\" width=\"41\" height=\"20\">&nbsp;Station Charles de Gaulle \u00c9toile (-800 m)<br>&nbsp;<strong>BUS :<\/strong><br>&nbsp;&nbsp;<img loading=\"lazy\" decoding=\"async\" class=\"alignnone size-full wp-image-608\" src=\"https:\/\/www.afa-arbitrage.com\/wp-content\/uploads\/contact-bus-30.jpg\" alt=\"Bus - Ligne 30\" width=\"41\" height=\"20\">&nbsp;Arr\u00eat Ternes (-500 m)<br>&nbsp;&nbsp;<img loading=\"lazy\" decoding=\"async\" class=\"alignnone size-full wp-image-609\" src=\"https:\/\/www.afa-arbitrage.com\/wp-content\/uploads\/contact-bus-31.jpg\" alt=\"Bus - Ligne 31\" width=\"41\" height=\"20\">&nbsp;Arr\u00eat Ternes (-500 m)<br>&nbsp;&nbsp;<img loading=\"lazy\" decoding=\"async\" class=\"alignnone size-full wp-image-610\" src=\"https:\/\/www.afa-arbitrage.com\/wp-content\/uploads\/contact-bus-43.jpg\" alt=\"Bus - Ligne 43\" width=\"41\" height=\"20\">&nbsp;Arr\u00eat Hoche \u2013 Saint Honor\u00e9 (-300 m)<br>&nbsp;&nbsp;<img loading=\"lazy\" decoding=\"async\" class=\"alignnone size-full wp-image-607\" src=\"https:\/\/www.afa-arbitrage.com\/wp-content\/uploads\/contact-bus-93.jpg\" alt=\"Bus - Ligne 93\" width=\"41\" height=\"20\">&nbsp;Arr\u00eat Hoche \u2013 Saint Honor\u00e9 (-300 m)<br>&nbsp;<strong>Parking :<\/strong><br>&nbsp;&nbsp;<img loading=\"lazy\" decoding=\"async\" class=\"alignnone size-full wp-image-611\" src=\"https:\/\/www.afa-arbitrage.com\/wp-content\/uploads\/contact-parking.jpg\" alt=\"Parking\" width=\"20\" height=\"20\">&nbsp;Vinci Park \u2013 18 avenue Hoche (-100 m)<\/p>\n<\/div>\n\n\n\n<div class=\"wp-block-column is-layout-flow wp-block-column-is-layout-flow\" style=\"flex-basis:60%\">\n<iframe src=\"https:\/\/www.google.com\/maps\/embed?pb=!1m18!1m12!1m3!1d3120.3860206254435!2d2.301523388718334!3d48.878774549835896!2m3!1f0!2f0!3f0!3m2!1i1024!2i768!4f13.1!3m3!1m2!1s0x47e66fc021bda22d%3A0x9e752017b479559!2sAssociation%20Fran%C3%A7aise%20d'Arbitrage!5e0!3m2!1sfr!2stn!4v1676887393318!5m2!1sfr!2stn\" width=\"600\" height=\"415\" style=\"border:0;\" allowfullscreen=\"\" loading=\"lazy\" referrerpolicy=\"no-referrer-when-downgrade\"><\/iframe>\n<\/div>\n<\/div>\n\n\n\n<div class=\"wp-block-contact-form-7-contact-form-selector\">\n<div class=\"wpcf7 no-js\" id=\"wpcf7-f17540-o1\" lang=\"fr-FR\" dir=\"ltr\" data-wpcf7-id=\"17540\">\n<div class=\"screen-reader-response\"><p role=\"status\" aria-live=\"polite\" aria-atomic=\"true\"><\/p> <ul><\/ul><\/div>\n<form action=\"\/es\/wp-json\/wp\/v2\/pages\/809#wpcf7-f17540-o1\" method=\"post\" class=\"wpcf7-form init\" aria-label=\"Formulaire de contact\" novalidate=\"novalidate\" data-status=\"init\">\n<fieldset class=\"hidden-fields-container\"><input type=\"hidden\" name=\"_wpcf7\" value=\"17540\" \/><input type=\"hidden\" name=\"_wpcf7_version\" value=\"6.1.5\" \/><input type=\"hidden\" name=\"_wpcf7_locale\" value=\"fr_FR\" \/><input type=\"hidden\" name=\"_wpcf7_unit_tag\" value=\"wpcf7-f17540-o1\" \/><input type=\"hidden\" name=\"_wpcf7_container_post\" value=\"0\" \/><input type=\"hidden\" name=\"_wpcf7_posted_data_hash\" value=\"\" \/>\n<\/fieldset>\n<div class=\"is-layout-flex wp-container-10 wp-block-columns\">\n\t<div class=\"is-layout-flow wp-block-column\">\n\t\t<p><span class=\"wpcf7-form-control-wrap\" data-name=\"your-name\"><input size=\"40\" maxlength=\"400\" class=\"wpcf7-form-control wpcf7-text wpcf7-validates-as-required\" aria-required=\"true\" aria-invalid=\"false\" placeholder=\"Votre Nom (n\u00e9cessaire)\" value=\"\" type=\"text\" name=\"your-name\" \/><\/span>\n\t\t<\/p>\n\t<\/div>\n\t<div class=\"is-layout-flow wp-block-column\">\n\t\t<p><span class=\"wpcf7-form-control-wrap\" data-name=\"your-email\"><input size=\"40\" maxlength=\"400\" class=\"wpcf7-form-control wpcf7-email wpcf7-validates-as-required wpcf7-text wpcf7-validates-as-email\" aria-required=\"true\" aria-invalid=\"false\" placeholder=\"Votre courriel (n\u00e9cessaire)\" value=\"\" type=\"email\" name=\"your-email\" \/><\/span>\n\t\t<\/p>\n\t<\/div>\n\t<div class=\"is-layout-flow wp-block-column\">\n\t\t<p><span class=\"wpcf7-form-control-wrap\" data-name=\"your-subject\"><input size=\"40\" maxlength=\"400\" class=\"wpcf7-form-control wpcf7-text wpcf7-validates-as-required\" aria-required=\"true\" aria-invalid=\"false\" placeholder=\"Sujet\" value=\"\" type=\"text\" name=\"your-subject\" \/><\/span>\n\t\t<\/p>\n\t<\/div>\n<\/div>\n<div class=\"is-layout-flex wp-container-10 wp-block-columns\">\n\t<div class=\"is-layout-flow wp-block-column\">\n\t\t<p><span class=\"wpcf7-form-control-wrap\" data-name=\"your-message\"><textarea cols=\"40\" rows=\"10\" maxlength=\"2000\" class=\"wpcf7-form-control wpcf7-textarea\" aria-invalid=\"false\" placeholder=\"Message\" name=\"your-message\"><\/textarea><\/span>\n\t\t<\/p>\n\t<\/div>\n<\/div>\n<div class=\"is-layout-flex wp-container-10 wp-block-columns\">\n\t<div class=\"is-layout-flow wp-block-column\">\n\t\t<p><div id=\"cf7sr-69dbd600bee4a\" class=\"cf7sr-g-recaptcha\" data-theme=\"light\" data-type=\"image\" data-size=\"normal\" data-sitekey=\"6LdiZvsqAAAAAAqbkVu7yyqKOUCOrUaeAdFCCnXB\"><\/div><span class=\"wpcf7-form-control-wrap cf7sr-recaptcha\" data-name=\"cf7sr-recaptcha\"><input type=\"hidden\" name=\"cf7sr-recaptcha\" value=\"\" class=\"wpcf7-form-control\"><\/span>\n\t\t<\/p>\n\t<\/div>\n<\/div>\n<p><span id=\"afa\" class=\"wpcf7-form-control-wrap afa-wrap\" style=\"display:none !important; visibility:hidden !important;\"><label for=\"afa\" class=\"hp-message\">Veuillez laisser ce champ vide.<\/label><input id=\"afa\"  class=\"wpcf7-form-control wpcf7-text afa\" type=\"text\" name=\"afa\" value=\"\" size=\"40\" tabindex=\"-1\" autocomplete=\"new-password\" \/><\/span>\n<\/p>\n<div class=\"is-layout-flex wp-container-10 wp-block-columns\">\n\t<div class=\"is-layout-flow wp-block-column\">\n\t\t<p><input class=\"wpcf7-form-control wpcf7-submit has-spinner\" type=\"submit\" value=\"Envoyer\" \/>\n\t\t<\/p>\n\t<\/div>\n<\/div><div class=\"wpcf7-response-output\" aria-hidden=\"true\"><\/div>\n<\/form>\n<\/div>\n<\/div>\n\n\n\n<div class=\"wp-block-columns is-layout-flex wp-container-core-columns-is-layout-9d6595d7 wp-block-columns-is-layout-flex\">\n<div class=\"wp-block-column is-layout-flow wp-block-column-is-layout-flow\"><\/div>\n\n\n\n<div class=\"wp-block-column is-layout-flow wp-block-column-is-layout-flow\"><\/div>\n\n\n\n<div class=\"wp-block-column is-layout-flow wp-block-column-is-layout-flow\"><\/div>\n<\/div>\n","protected":false},"excerpt":{"rendered":"<p>Association Fran\u00e7aise d\u2019Arbitrage31bis-33, rue Daru75008 Paris T\u00e9l : +33 1 84 60 62 04E-mail :&nbsp;contact@afa-arbitrage.com Acc\u00e8s :&nbsp;Metro :&nbsp;&nbsp;&nbsp;Station Charles de Gaulle \u00c9toile (-800 m)&nbsp;&nbsp;&nbsp;Station Ternes (-500 m)&nbsp;RER :&nbsp;&nbsp;&nbsp;Station Charles de Gaulle \u00c9toile (-800 m)&nbsp;BUS :&nbsp;&nbsp;&nbsp;Arr\u00eat Ternes (-500 m)&nbsp;&nbsp;&nbsp;Arr\u00eat Ternes (-500 m)&nbsp;&nbsp;&nbsp;Arr\u00eat Hoche \u2013 Saint Honor\u00e9 (-300 m)&nbsp;&nbsp;&nbsp;Arr\u00eat Hoche \u2013 Saint Honor\u00e9 (-300 m)&nbsp;Parking :&nbsp;&nbsp;&nbsp;Vinci Park \u2013 18 avenue Hoche (-100 m)<\/p>\n","protected":false},"author":2,"featured_media":19066,"parent":0,"menu_order":16,"comment_status":"closed","ping_status":"closed","template":"","meta":{"_cbd_carousel_blocks":"[]","footnotes":""},"class_list":["post-809","page","type-page","status-publish","has-post-thumbnail","hentry","entry"],"yoast_head":"<!-- This site is optimized with the Yoast SEO plugin v27.3 - https:\/\/yoast.com\/product\/yoast-seo-wordpress\/ -->\n<title>Contacto - Association Fran\u00e7aise d&#039;Arbitrage<\/title>\n<meta name=\"robots\" content=\"index, follow, max-snippet:-1, max-image-preview:large, max-video-preview:-1\" \/>\n<link rel=\"canonical\" href=\"https:\/\/www.afa-arbitrage.com\/es\/contacto\/\" \/>\n<meta property=\"og:locale\" content=\"es_ES\" \/>\n<meta property=\"og:type\" content=\"article\" \/>\n<meta property=\"og:title\" content=\"Contacto - Association Fran\u00e7aise d&#039;Arbitrage\" \/>\n<meta property=\"og:description\" content=\"Association Fran\u00e7aise d\u2019Arbitrage31bis-33, rue Daru75008 Paris T\u00e9l : +33 1 84 60 62 04E-mail :&nbsp;contact@afa-arbitrage.com Acc\u00e8s :&nbsp;Metro :&nbsp;&nbsp;&nbsp;Station Charles de Gaulle \u00c9toile (-800 m)&nbsp;&nbsp;&nbsp;Station Ternes (-500 m)&nbsp;RER :&nbsp;&nbsp;&nbsp;Station Charles de Gaulle \u00c9toile (-800 m)&nbsp;BUS :&nbsp;&nbsp;&nbsp;Arr\u00eat Ternes (-500 m)&nbsp;&nbsp;&nbsp;Arr\u00eat Ternes (-500 m)&nbsp;&nbsp;&nbsp;Arr\u00eat Hoche \u2013 Saint Honor\u00e9 (-300 m)&nbsp;&nbsp;&nbsp;Arr\u00eat Hoche \u2013 Saint Honor\u00e9 (-300 m)&nbsp;Parking :&nbsp;&nbsp;&nbsp;Vinci Park \u2013 18 avenue Hoche (-100 m)\" \/>\n<meta property=\"og:url\" content=\"https:\/\/www.afa-arbitrage.com\/es\/contacto\/\" \/>\n<meta property=\"og:site_name\" content=\"Association Fran\u00e7aise d&#039;Arbitrage\" \/>\n<meta property=\"article:modified_time\" content=\"2023-04-04T13:00:59+00:00\" \/>\n<meta property=\"og:image\" content=\"https:\/\/www.afa-arbitrage.com\/wp-content\/uploads\/2023\/04\/contact-afa.jpg\" \/>\n\t<meta property=\"og:image:width\" content=\"1920\" \/>\n\t<meta property=\"og:image:height\" content=\"420\" \/>\n\t<meta property=\"og:image:type\" content=\"image\/jpeg\" \/>\n<meta name=\"twitter:card\" content=\"summary_large_image\" \/>\n<meta name=\"twitter:label1\" content=\"Tiempo de lectura\" \/>\n\t<meta name=\"twitter:data1\" content=\"2 minutos\" \/>\n<script type=\"application\/ld+json\" class=\"yoast-schema-graph\">{\"@context\":\"https:\\\/\\\/schema.org\",\"@graph\":[{\"@type\":\"WebPage\",\"@id\":\"https:\\\/\\\/www.afa-arbitrage.com\\\/es\\\/contacto\\\/\",\"url\":\"https:\\\/\\\/www.afa-arbitrage.com\\\/es\\\/contacto\\\/\",\"name\":\"Contacto - Association Fran\u00e7aise d&#039;Arbitrage\",\"isPartOf\":{\"@id\":\"https:\\\/\\\/www.afa-arbitrage.com\\\/#website\"},\"primaryImageOfPage\":{\"@id\":\"https:\\\/\\\/www.afa-arbitrage.com\\\/es\\\/contacto\\\/#primaryimage\"},\"image\":{\"@id\":\"https:\\\/\\\/www.afa-arbitrage.com\\\/es\\\/contacto\\\/#primaryimage\"},\"thumbnailUrl\":\"https:\\\/\\\/www.afa-arbitrage.com\\\/wp-content\\\/uploads\\\/2023\\\/04\\\/contact-afa.jpg\",\"datePublished\":\"2013-09-17T00:21:55+00:00\",\"dateModified\":\"2023-04-04T13:00:59+00:00\",\"breadcrumb\":{\"@id\":\"https:\\\/\\\/www.afa-arbitrage.com\\\/es\\\/contacto\\\/#breadcrumb\"},\"inLanguage\":\"es\",\"potentialAction\":[{\"@type\":\"ReadAction\",\"target\":[\"https:\\\/\\\/www.afa-arbitrage.com\\\/es\\\/contacto\\\/\"]}]},{\"@type\":\"ImageObject\",\"inLanguage\":\"es\",\"@id\":\"https:\\\/\\\/www.afa-arbitrage.com\\\/es\\\/contacto\\\/#primaryimage\",\"url\":\"https:\\\/\\\/www.afa-arbitrage.com\\\/wp-content\\\/uploads\\\/2023\\\/04\\\/contact-afa.jpg\",\"contentUrl\":\"https:\\\/\\\/www.afa-arbitrage.com\\\/wp-content\\\/uploads\\\/2023\\\/04\\\/contact-afa.jpg\",\"width\":1920,\"height\":420,\"caption\":\"contact-afa\"},{\"@type\":\"BreadcrumbList\",\"@id\":\"https:\\\/\\\/www.afa-arbitrage.com\\\/es\\\/contacto\\\/#breadcrumb\",\"itemListElement\":[{\"@type\":\"ListItem\",\"position\":1,\"name\":\"Bienvenida\",\"item\":\"\\\/es\"},{\"@type\":\"ListItem\",\"position\":2,\"name\":\"Contacto\"}]},{\"@type\":\"WebSite\",\"@id\":\"https:\\\/\\\/www.afa-arbitrage.com\\\/#website\",\"url\":\"https:\\\/\\\/www.afa-arbitrage.com\\\/\",\"name\":\"Association Fran\u00e7aise d'Arbitrage\",\"description\":\"Arbitrage interne et international\",\"publisher\":{\"@id\":\"https:\\\/\\\/www.afa-arbitrage.com\\\/#organization\"},\"potentialAction\":[{\"@type\":\"SearchAction\",\"target\":{\"@type\":\"EntryPoint\",\"urlTemplate\":\"https:\\\/\\\/www.afa-arbitrage.com\\\/?s={search_term_string}\"},\"query-input\":{\"@type\":\"PropertyValueSpecification\",\"valueRequired\":true,\"valueName\":\"search_term_string\"}}],\"inLanguage\":\"es\"},{\"@type\":\"Organization\",\"@id\":\"https:\\\/\\\/www.afa-arbitrage.com\\\/#organization\",\"name\":\"Association Fran\u00e7aise d'Arbitrage\",\"url\":\"https:\\\/\\\/www.afa-arbitrage.com\\\/\",\"logo\":{\"@type\":\"ImageObject\",\"inLanguage\":\"es\",\"@id\":\"https:\\\/\\\/www.afa-arbitrage.com\\\/#\\\/schema\\\/logo\\\/image\\\/\",\"url\":\"https:\\\/\\\/www.afa-arbitrage.com\\\/wp-content\\\/uploads\\\/2023\\\/02\\\/AFA_logo_header_clear_long.png\",\"contentUrl\":\"https:\\\/\\\/www.afa-arbitrage.com\\\/wp-content\\\/uploads\\\/2023\\\/02\\\/AFA_logo_header_clear_long.png\",\"width\":500,\"height\":60,\"caption\":\"Association Fran\u00e7aise d'Arbitrage\"},\"image\":{\"@id\":\"https:\\\/\\\/www.afa-arbitrage.com\\\/#\\\/schema\\\/logo\\\/image\\\/\"}}]}<\/script>\n<!-- \/ Yoast SEO plugin. -->","yoast_head_json":{"title":"Contacto - Association Fran\u00e7aise d&#039;Arbitrage","robots":{"index":"index","follow":"follow","max-snippet":"max-snippet:-1","max-image-preview":"max-image-preview:large","max-video-preview":"max-video-preview:-1"},"canonical":"https:\/\/www.afa-arbitrage.com\/es\/contacto\/","og_locale":"es_ES","og_type":"article","og_title":"Contacto - Association Fran\u00e7aise d&#039;Arbitrage","og_description":"Association Fran\u00e7aise d\u2019Arbitrage31bis-33, rue Daru75008 Paris T\u00e9l : +33 1 84 60 62 04E-mail :&nbsp;contact@afa-arbitrage.com Acc\u00e8s :&nbsp;Metro :&nbsp;&nbsp;&nbsp;Station Charles de Gaulle \u00c9toile (-800 m)&nbsp;&nbsp;&nbsp;Station Ternes (-500 m)&nbsp;RER :&nbsp;&nbsp;&nbsp;Station Charles de Gaulle \u00c9toile (-800 m)&nbsp;BUS :&nbsp;&nbsp;&nbsp;Arr\u00eat Ternes (-500 m)&nbsp;&nbsp;&nbsp;Arr\u00eat Ternes (-500 m)&nbsp;&nbsp;&nbsp;Arr\u00eat Hoche \u2013 Saint Honor\u00e9 (-300 m)&nbsp;&nbsp;&nbsp;Arr\u00eat Hoche \u2013 Saint Honor\u00e9 (-300 m)&nbsp;Parking :&nbsp;&nbsp;&nbsp;Vinci Park \u2013 18 avenue Hoche (-100 m)","og_url":"https:\/\/www.afa-arbitrage.com\/es\/contacto\/","og_site_name":"Association Fran\u00e7aise d&#039;Arbitrage","article_modified_time":"2023-04-04T13:00:59+00:00","og_image":[{"width":1920,"height":420,"url":"https:\/\/www.afa-arbitrage.com\/wp-content\/uploads\/2023\/04\/contact-afa.jpg","type":"image\/jpeg"}],"twitter_card":"summary_large_image","twitter_misc":{"Tiempo de lectura":"2 minutos"},"schema":{"@context":"https:\/\/schema.org","@graph":[{"@type":"WebPage","@id":"https:\/\/www.afa-arbitrage.com\/es\/contacto\/","url":"https:\/\/www.afa-arbitrage.com\/es\/contacto\/","name":"Contacto - Association Fran\u00e7aise d&#039;Arbitrage","isPartOf":{"@id":"https:\/\/www.afa-arbitrage.com\/#website"},"primaryImageOfPage":{"@id":"https:\/\/www.afa-arbitrage.com\/es\/contacto\/#primaryimage"},"image":{"@id":"https:\/\/www.afa-arbitrage.com\/es\/contacto\/#primaryimage"},"thumbnailUrl":"https:\/\/www.afa-arbitrage.com\/wp-content\/uploads\/2023\/04\/contact-afa.jpg","datePublished":"2013-09-17T00:21:55+00:00","dateModified":"2023-04-04T13:00:59+00:00","breadcrumb":{"@id":"https:\/\/www.afa-arbitrage.com\/es\/contacto\/#breadcrumb"},"inLanguage":"es","potentialAction":[{"@type":"ReadAction","target":["https:\/\/www.afa-arbitrage.com\/es\/contacto\/"]}]},{"@type":"ImageObject","inLanguage":"es","@id":"https:\/\/www.afa-arbitrage.com\/es\/contacto\/#primaryimage","url":"https:\/\/www.afa-arbitrage.com\/wp-content\/uploads\/2023\/04\/contact-afa.jpg","contentUrl":"https:\/\/www.afa-arbitrage.com\/wp-content\/uploads\/2023\/04\/contact-afa.jpg","width":1920,"height":420,"caption":"contact-afa"},{"@type":"BreadcrumbList","@id":"https:\/\/www.afa-arbitrage.com\/es\/contacto\/#breadcrumb","itemListElement":[{"@type":"ListItem","position":1,"name":"Bienvenida","item":"\/es"},{"@type":"ListItem","position":2,"name":"Contacto"}]},{"@type":"WebSite","@id":"https:\/\/www.afa-arbitrage.com\/#website","url":"https:\/\/www.afa-arbitrage.com\/","name":"Association Fran\u00e7aise d'Arbitrage","description":"Arbitrage interne et international","publisher":{"@id":"https:\/\/www.afa-arbitrage.com\/#organization"},"potentialAction":[{"@type":"SearchAction","target":{"@type":"EntryPoint","urlTemplate":"https:\/\/www.afa-arbitrage.com\/?s={search_term_string}"},"query-input":{"@type":"PropertyValueSpecification","valueRequired":true,"valueName":"search_term_string"}}],"inLanguage":"es"},{"@type":"Organization","@id":"https:\/\/www.afa-arbitrage.com\/#organization","name":"Association Fran\u00e7aise d'Arbitrage","url":"https:\/\/www.afa-arbitrage.com\/","logo":{"@type":"ImageObject","inLanguage":"es","@id":"https:\/\/www.afa-arbitrage.com\/#\/schema\/logo\/image\/","url":"https:\/\/www.afa-arbitrage.com\/wp-content\/uploads\/2023\/02\/AFA_logo_header_clear_long.png","contentUrl":"https:\/\/www.afa-arbitrage.com\/wp-content\/uploads\/2023\/02\/AFA_logo_header_clear_long.png","width":500,"height":60,"caption":"Association Fran\u00e7aise d'Arbitrage"},"image":{"@id":"https:\/\/www.afa-arbitrage.com\/#\/schema\/logo\/image\/"}}]}},"_links":{"self":[{"href":"https:\/\/www.afa-arbitrage.com\/es\/wp-json\/wp\/v2\/pages\/809\/"}],"collection":[{"href":"https:\/\/www.afa-arbitrage.com\/es\/wp-json\/wp\/v2\/pages\/"}],"about":[{"href":"https:\/\/www.afa-arbitrage.com\/es\/wp-json\/wp\/v2\/types\/page\/"}],"author":[{"embeddable":true,"href":"https:\/\/www.afa-arbitrage.com\/es\/wp-json\/wp\/v2\/users\/2\/"}],"replies":[{"embeddable":true,"href":"https:\/\/www.afa-arbitrage.com\/es\/wp-json\/wp\/v2\/comments\/?post=809"}],"version-history":[{"count":4,"href":"https:\/\/www.afa-arbitrage.com\/es\/wp-json\/wp\/v2\/pages\/809\/revisions\/"}],"predecessor-version":[{"id":18481,"href":"https:\/\/www.afa-arbitrage.com\/es\/wp-json\/wp\/v2\/pages\/809\/revisions\/18481\/"}],"wp:featuredmedia":[{"embeddable":true,"href":"https:\/\/www.afa-arbitrage.com\/es\/wp-json\/wp\/v2\/media\/19066\/"}],"wp:attachment":[{"href":"https:\/\/www.afa-arbitrage.com\/es\/wp-json\/wp\/v2\/media\/?parent=809"}],"curies":[{"name":"wp","href":"https:\/\/api.w.org\/{rel}","templated":true}]}}