{"id":781,"date":"2013-09-17T01:13:06","date_gmt":"2013-09-17T00:13:06","guid":{"rendered":"http:\/\/afa2.deheyn.com\/?page_id=781"},"modified":"2023-04-04T14:08:51","modified_gmt":"2023-04-04T13:08:51","slug":"procedimientos-emergencia","status":"publish","type":"page","link":"https:\/\/www.afa-arbitrage.com\/es\/el-arbitrage\/procedimientos-emergencia\/","title":{"rendered":"Procedimientos de emergencia"},"content":{"rendered":"\n<h2 class=\"wp-block-heading\">P\u00e1gina en construcci\u00f3n<\/h2>\n","protected":false},"excerpt":{"rendered":"<p>P\u00e1gina en construcci\u00f3n<\/p>\n","protected":false},"author":2,"featured_media":19039,"parent":765,"menu_order":11,"comment_status":"closed","ping_status":"closed","template":"","meta":{"_cbd_carousel_blocks":"[]","footnotes":""},"class_list":["post-781","page","type-page","status-publish","has-post-thumbnail","hentry","entry"],"yoast_head":"<!-- This site is optimized with the Yoast SEO plugin v27.3 - https:\/\/yoast.com\/product\/yoast-seo-wordpress\/ -->\n<title>Procedimientos de emergencia - Association Fran\u00e7aise d&#039;Arbitrage<\/title>\n<meta name=\"robots\" content=\"index, follow, max-snippet:-1, max-image-preview:large, max-video-preview:-1\" \/>\n<link rel=\"canonical\" href=\"https:\/\/www.afa-arbitrage.com\/es\/el-arbitrage\/procedimientos-emergencia\/\" \/>\n<meta property=\"og:locale\" content=\"es_ES\" \/>\n<meta property=\"og:type\" content=\"article\" \/>\n<meta property=\"og:title\" content=\"Procedimientos de emergencia - Association Fran\u00e7aise d&#039;Arbitrage\" \/>\n<meta property=\"og:description\" content=\"P\u00e1gina en construcci\u00f3n\" \/>\n<meta property=\"og:url\" content=\"https:\/\/www.afa-arbitrage.com\/es\/el-arbitrage\/procedimientos-emergencia\/\" \/>\n<meta property=\"og:site_name\" content=\"Association Fran\u00e7aise d&#039;Arbitrage\" \/>\n<meta property=\"article:modified_time\" content=\"2023-04-04T13:08:51+00:00\" \/>\n<meta property=\"og:image\" content=\"https:\/\/www.afa-arbitrage.com\/wp-content\/uploads\/2023\/04\/avocat.jpeg\" \/>\n\t<meta property=\"og:image:width\" content=\"2560\" \/>\n\t<meta property=\"og:image:height\" content=\"1706\" \/>\n\t<meta property=\"og:image:type\" content=\"image\/jpeg\" \/>\n<meta name=\"twitter:card\" content=\"summary_large_image\" \/>\n<meta name=\"twitter:label1\" content=\"Tiempo de lectura\" \/>\n\t<meta name=\"twitter:data1\" content=\"1 minuto\" \/>\n<script type=\"application\/ld+json\" class=\"yoast-schema-graph\">{\"@context\":\"https:\\\/\\\/schema.org\",\"@graph\":[{\"@type\":\"WebPage\",\"@id\":\"https:\\\/\\\/www.afa-arbitrage.com\\\/es\\\/el-arbitrage\\\/procedimientos-emergencia\\\/\",\"url\":\"https:\\\/\\\/www.afa-arbitrage.com\\\/es\\\/el-arbitrage\\\/procedimientos-emergencia\\\/\",\"name\":\"Procedimientos de emergencia - Association Fran\u00e7aise d&#039;Arbitrage\",\"isPartOf\":{\"@id\":\"https:\\\/\\\/www.afa-arbitrage.com\\\/#website\"},\"primaryImageOfPage\":{\"@id\":\"https:\\\/\\\/www.afa-arbitrage.com\\\/es\\\/el-arbitrage\\\/procedimientos-emergencia\\\/#primaryimage\"},\"image\":{\"@id\":\"https:\\\/\\\/www.afa-arbitrage.com\\\/es\\\/el-arbitrage\\\/procedimientos-emergencia\\\/#primaryimage\"},\"thumbnailUrl\":\"https:\\\/\\\/www.afa-arbitrage.com\\\/wp-content\\\/uploads\\\/2023\\\/04\\\/avocat.jpeg\",\"datePublished\":\"2013-09-17T00:13:06+00:00\",\"dateModified\":\"2023-04-04T13:08:51+00:00\",\"breadcrumb\":{\"@id\":\"https:\\\/\\\/www.afa-arbitrage.com\\\/es\\\/el-arbitrage\\\/procedimientos-emergencia\\\/#breadcrumb\"},\"inLanguage\":\"es\",\"potentialAction\":[{\"@type\":\"ReadAction\",\"target\":[\"https:\\\/\\\/www.afa-arbitrage.com\\\/es\\\/el-arbitrage\\\/procedimientos-emergencia\\\/\"]}]},{\"@type\":\"ImageObject\",\"inLanguage\":\"es\",\"@id\":\"https:\\\/\\\/www.afa-arbitrage.com\\\/es\\\/el-arbitrage\\\/procedimientos-emergencia\\\/#primaryimage\",\"url\":\"https:\\\/\\\/www.afa-arbitrage.com\\\/wp-content\\\/uploads\\\/2023\\\/04\\\/avocat.jpeg\",\"contentUrl\":\"https:\\\/\\\/www.afa-arbitrage.com\\\/wp-content\\\/uploads\\\/2023\\\/04\\\/avocat.jpeg\",\"width\":2560,\"height\":1706,\"caption\":\"Afa arbitrage\"},{\"@type\":\"BreadcrumbList\",\"@id\":\"https:\\\/\\\/www.afa-arbitrage.com\\\/es\\\/el-arbitrage\\\/procedimientos-emergencia\\\/#breadcrumb\",\"itemListElement\":[{\"@type\":\"ListItem\",\"position\":1,\"name\":\"Bienvenida\",\"item\":\"\\\/es\"},{\"@type\":\"ListItem\",\"position\":2,\"name\":\"El arbitraje\",\"item\":\"https:\\\/\\\/www.afa-arbitrage.com\\\/es\\\/el-arbitrage\\\/\"},{\"@type\":\"ListItem\",\"position\":3,\"name\":\"Procedimientos de emergencia\"}]},{\"@type\":\"WebSite\",\"@id\":\"https:\\\/\\\/www.afa-arbitrage.com\\\/#website\",\"url\":\"https:\\\/\\\/www.afa-arbitrage.com\\\/\",\"name\":\"Association Fran\u00e7aise d'Arbitrage\",\"description\":\"Arbitrage interne et international\",\"publisher\":{\"@id\":\"https:\\\/\\\/www.afa-arbitrage.com\\\/#organization\"},\"potentialAction\":[{\"@type\":\"SearchAction\",\"target\":{\"@type\":\"EntryPoint\",\"urlTemplate\":\"https:\\\/\\\/www.afa-arbitrage.com\\\/?s={search_term_string}\"},\"query-input\":{\"@type\":\"PropertyValueSpecification\",\"valueRequired\":true,\"valueName\":\"search_term_string\"}}],\"inLanguage\":\"es\"},{\"@type\":\"Organization\",\"@id\":\"https:\\\/\\\/www.afa-arbitrage.com\\\/#organization\",\"name\":\"Association Fran\u00e7aise d'Arbitrage\",\"url\":\"https:\\\/\\\/www.afa-arbitrage.com\\\/\",\"logo\":{\"@type\":\"ImageObject\",\"inLanguage\":\"es\",\"@id\":\"https:\\\/\\\/www.afa-arbitrage.com\\\/#\\\/schema\\\/logo\\\/image\\\/\",\"url\":\"https:\\\/\\\/www.afa-arbitrage.com\\\/wp-content\\\/uploads\\\/2023\\\/02\\\/AFA_logo_header_clear_long.png\",\"contentUrl\":\"https:\\\/\\\/www.afa-arbitrage.com\\\/wp-content\\\/uploads\\\/2023\\\/02\\\/AFA_logo_header_clear_long.png\",\"width\":500,\"height\":60,\"caption\":\"Association Fran\u00e7aise d'Arbitrage\"},\"image\":{\"@id\":\"https:\\\/\\\/www.afa-arbitrage.com\\\/#\\\/schema\\\/logo\\\/image\\\/\"}}]}<\/script>\n<!-- \/ Yoast SEO plugin. -->","yoast_head_json":{"title":"Procedimientos de emergencia - Association Fran\u00e7aise d&#039;Arbitrage","robots":{"index":"index","follow":"follow","max-snippet":"max-snippet:-1","max-image-preview":"max-image-preview:large","max-video-preview":"max-video-preview:-1"},"canonical":"https:\/\/www.afa-arbitrage.com\/es\/el-arbitrage\/procedimientos-emergencia\/","og_locale":"es_ES","og_type":"article","og_title":"Procedimientos de emergencia - Association Fran\u00e7aise d&#039;Arbitrage","og_description":"P\u00e1gina en construcci\u00f3n","og_url":"https:\/\/www.afa-arbitrage.com\/es\/el-arbitrage\/procedimientos-emergencia\/","og_site_name":"Association Fran\u00e7aise d&#039;Arbitrage","article_modified_time":"2023-04-04T13:08:51+00:00","og_image":[{"width":2560,"height":1706,"url":"https:\/\/www.afa-arbitrage.com\/wp-content\/uploads\/2023\/04\/avocat.jpeg","type":"image\/jpeg"}],"twitter_card":"summary_large_image","twitter_misc":{"Tiempo de lectura":"1 minuto"},"schema":{"@context":"https:\/\/schema.org","@graph":[{"@type":"WebPage","@id":"https:\/\/www.afa-arbitrage.com\/es\/el-arbitrage\/procedimientos-emergencia\/","url":"https:\/\/www.afa-arbitrage.com\/es\/el-arbitrage\/procedimientos-emergencia\/","name":"Procedimientos de emergencia - Association Fran\u00e7aise d&#039;Arbitrage","isPartOf":{"@id":"https:\/\/www.afa-arbitrage.com\/#website"},"primaryImageOfPage":{"@id":"https:\/\/www.afa-arbitrage.com\/es\/el-arbitrage\/procedimientos-emergencia\/#primaryimage"},"image":{"@id":"https:\/\/www.afa-arbitrage.com\/es\/el-arbitrage\/procedimientos-emergencia\/#primaryimage"},"thumbnailUrl":"https:\/\/www.afa-arbitrage.com\/wp-content\/uploads\/2023\/04\/avocat.jpeg","datePublished":"2013-09-17T00:13:06+00:00","dateModified":"2023-04-04T13:08:51+00:00","breadcrumb":{"@id":"https:\/\/www.afa-arbitrage.com\/es\/el-arbitrage\/procedimientos-emergencia\/#breadcrumb"},"inLanguage":"es","potentialAction":[{"@type":"ReadAction","target":["https:\/\/www.afa-arbitrage.com\/es\/el-arbitrage\/procedimientos-emergencia\/"]}]},{"@type":"ImageObject","inLanguage":"es","@id":"https:\/\/www.afa-arbitrage.com\/es\/el-arbitrage\/procedimientos-emergencia\/#primaryimage","url":"https:\/\/www.afa-arbitrage.com\/wp-content\/uploads\/2023\/04\/avocat.jpeg","contentUrl":"https:\/\/www.afa-arbitrage.com\/wp-content\/uploads\/2023\/04\/avocat.jpeg","width":2560,"height":1706,"caption":"Afa arbitrage"},{"@type":"BreadcrumbList","@id":"https:\/\/www.afa-arbitrage.com\/es\/el-arbitrage\/procedimientos-emergencia\/#breadcrumb","itemListElement":[{"@type":"ListItem","position":1,"name":"Bienvenida","item":"\/es"},{"@type":"ListItem","position":2,"name":"El arbitraje","item":"https:\/\/www.afa-arbitrage.com\/es\/el-arbitrage\/"},{"@type":"ListItem","position":3,"name":"Procedimientos de emergencia"}]},{"@type":"WebSite","@id":"https:\/\/www.afa-arbitrage.com\/#website","url":"https:\/\/www.afa-arbitrage.com\/","name":"Association Fran\u00e7aise d'Arbitrage","description":"Arbitrage interne et international","publisher":{"@id":"https:\/\/www.afa-arbitrage.com\/#organization"},"potentialAction":[{"@type":"SearchAction","target":{"@type":"EntryPoint","urlTemplate":"https:\/\/www.afa-arbitrage.com\/?s={search_term_string}"},"query-input":{"@type":"PropertyValueSpecification","valueRequired":true,"valueName":"search_term_string"}}],"inLanguage":"es"},{"@type":"Organization","@id":"https:\/\/www.afa-arbitrage.com\/#organization","name":"Association Fran\u00e7aise d'Arbitrage","url":"https:\/\/www.afa-arbitrage.com\/","logo":{"@type":"ImageObject","inLanguage":"es","@id":"https:\/\/www.afa-arbitrage.com\/#\/schema\/logo\/image\/","url":"https:\/\/www.afa-arbitrage.com\/wp-content\/uploads\/2023\/02\/AFA_logo_header_clear_long.png","contentUrl":"https:\/\/www.afa-arbitrage.com\/wp-content\/uploads\/2023\/02\/AFA_logo_header_clear_long.png","width":500,"height":60,"caption":"Association Fran\u00e7aise d'Arbitrage"},"image":{"@id":"https:\/\/www.afa-arbitrage.com\/#\/schema\/logo\/image\/"}}]}},"_links":{"self":[{"href":"https:\/\/www.afa-arbitrage.com\/es\/wp-json\/wp\/v2\/pages\/781\/"}],"collection":[{"href":"https:\/\/www.afa-arbitrage.com\/es\/wp-json\/wp\/v2\/pages\/"}],"about":[{"href":"https:\/\/www.afa-arbitrage.com\/es\/wp-json\/wp\/v2\/types\/page\/"}],"author":[{"embeddable":true,"href":"https:\/\/www.afa-arbitrage.com\/es\/wp-json\/wp\/v2\/users\/2\/"}],"replies":[{"embeddable":true,"href":"https:\/\/www.afa-arbitrage.com\/es\/wp-json\/wp\/v2\/comments\/?post=781"}],"version-history":[{"count":2,"href":"https:\/\/www.afa-arbitrage.com\/es\/wp-json\/wp\/v2\/pages\/781\/revisions\/"}],"predecessor-version":[{"id":19076,"href":"https:\/\/www.afa-arbitrage.com\/es\/wp-json\/wp\/v2\/pages\/781\/revisions\/19076\/"}],"up":[{"embeddable":true,"href":"https:\/\/www.afa-arbitrage.com\/es\/wp-json\/wp\/v2\/pages\/765\/"}],"wp:featuredmedia":[{"embeddable":true,"href":"https:\/\/www.afa-arbitrage.com\/es\/wp-json\/wp\/v2\/media\/19039\/"}],"wp:attachment":[{"href":"https:\/\/www.afa-arbitrage.com\/es\/wp-json\/wp\/v2\/media\/?parent=781"}],"curies":[{"name":"wp","href":"https:\/\/api.w.org\/{rel}","templated":true}]}}