{"id":769,"date":"2013-09-17T01:08:24","date_gmt":"2013-09-17T00:08:24","guid":{"rendered":"http:\/\/afa2.deheyn.com\/?page_id=769"},"modified":"2023-04-04T14:07:08","modified_gmt":"2023-04-04T13:07:08","slug":"enque-consiste-un-arvitraje","status":"publish","type":"page","link":"https:\/\/www.afa-arbitrage.com\/es\/el-arbitrage\/enque-consiste-un-arvitraje\/","title":{"rendered":"\u00bfEn qu\u00e9 consiste un arbitraje?"},"content":{"rendered":"\n<h2 class=\"wp-block-heading has-text-align-left title-bar\">El arbitraje: un modo de resoluci\u00f3n de conflictos en la vida de los negocios<\/h2>\n\n\n\n<p class=\"has-text-align-center box\"><strong>El arbitraje es una justicia privada, establecida por la voluntad de las partes y reconocida por los Estados e Instituciones internacionales, que responde a la necesidad de ser juzgado fuera de los tribunales debido por parte a la confidencialidad y de la adaptaci\u00f3n del procedimiento al litigio.<\/strong><\/p>\n\n\n\n<p><strong>El arbitraje necesita la denominaci\u00f3n de un tribunal arbitral compuesto por un o varios \u00e1rbitros designados por las partes,<\/strong>&nbsp;el tercer \u00e1rbitro puede ser nombrado por una instituci\u00f3n como la A.F.A. o por los \u00e1rbitros ya designados.<\/p>\n\n\n\n<p><strong>El arbitraje permite el acceso a especialistas<\/strong>, escogidos en funci\u00f3n de sus competencias &nbsp;en sus propios sectores de actividades, de su independencia y &nbsp;de su disponibilidad. Constituye una garant\u00eda que es valorada por las partes. Los \u00e1rbitros se dedican a un examen profundizado de todos los elementos del litigio.<\/p>\n\n\n\n<p><strong>El arbitraje lleva a cabo una decisi\u00f3n obligatoria llamada laudo arbitral<\/strong>&nbsp;(o simplemente el laude) que puede, de acuerdo con las partes, puede ser dictada en equidad. El laudo es en general definitivo, aunque las partes optan por la introducci\u00f3n de la misma demanda en derecho interno, ya que no existe este recurso en derecho internacional.&nbsp;<\/p>\n\n\n\n<p><strong>El arbitraje es indispensable en las relaciones internacionales.<\/strong>&nbsp;Las partes de nacionalidades diferentes no quieren ser juzgadas por un tribunal extranjero. El arbitraje internacional es una regla en el comercio internacional como los gran contratos de construcci\u00f3n, de distribuci\u00f3n, garant\u00edas financieras, el negocio, el \u00e1mbito mar\u00edtimo, petr\u00f3leos, etc.<\/p>\n\n\n\n<p><strong>Par\u00eds: plaza del arbitraje internacional<\/strong>.&nbsp;Francia estableci\u00f3 reglas que permiten poner el acento sobre la libertad y la flexibilidad del arbitraje. Un arbitraje que se desarrolla en Francia se conduce como las partes lo decidieron hablando tanto del procedimiento que de las reglas del derecho aplicable al fondo del litigio. No impone escoger el derecho franc\u00e9s o la lengua francesa.<\/p>\n","protected":false},"excerpt":{"rendered":"<p>El arbitraje: un modo de resoluci\u00f3n de conflictos en la vida de los negocios El arbitraje es una justicia privada, establecida por la voluntad de las partes y reconocida por los Estados e Instituciones internacionales, que responde a la necesidad de ser juzgado fuera de los tribunales debido por parte a la confidencialidad y de la adaptaci\u00f3n del procedimiento al litigio. El arbitraje necesita la denominaci\u00f3n de un tribunal arbitral compuesto por un o varios \u00e1rbitros designados por las partes,&nbsp;el tercer \u00e1rbitro puede ser nombrado por una instituci\u00f3n como la A.F.A. o por los \u00e1rbitros ya designados. El arbitraje permite&hellip; <a class=\"more-link\" href=\"https:\/\/www.afa-arbitrage.com\/es\/el-arbitrage\/enque-consiste-un-arvitraje\/\">Continue reading <span class=\"screen-reader-text\">\u00bfEn qu\u00e9 consiste un arbitraje?<\/span><\/a><\/p>\n","protected":false},"author":2,"featured_media":19039,"parent":765,"menu_order":8,"comment_status":"closed","ping_status":"closed","template":"","meta":{"_cbd_carousel_blocks":"[]","footnotes":""},"class_list":["post-769","page","type-page","status-publish","has-post-thumbnail","hentry","entry"],"yoast_head":"<!-- This site is optimized with the Yoast SEO plugin v27.5 - https:\/\/yoast.com\/product\/yoast-seo-wordpress\/ -->\n<title>\u00bfEn qu\u00e9 consiste un arbitraje? - Association Fran\u00e7aise d&#039;Arbitrage<\/title>\n<meta name=\"robots\" content=\"index, follow, max-snippet:-1, max-image-preview:large, max-video-preview:-1\" \/>\n<link rel=\"canonical\" href=\"https:\/\/www.afa-arbitrage.com\/es\/el-arbitrage\/enque-consiste-un-arvitraje\/\" \/>\n<meta property=\"og:locale\" content=\"es_ES\" \/>\n<meta property=\"og:type\" content=\"article\" \/>\n<meta property=\"og:title\" content=\"\u00bfEn qu\u00e9 consiste un arbitraje? - Association Fran\u00e7aise d&#039;Arbitrage\" \/>\n<meta property=\"og:description\" content=\"El arbitraje: un modo de resoluci\u00f3n de conflictos en la vida de los negocios El arbitraje es una justicia privada, establecida por la voluntad de las partes y reconocida por los Estados e Instituciones internacionales, que responde a la necesidad de ser juzgado fuera de los tribunales debido por parte a la confidencialidad y de la adaptaci\u00f3n del procedimiento al litigio. El arbitraje necesita la denominaci\u00f3n de un tribunal arbitral compuesto por un o varios \u00e1rbitros designados por las partes,&nbsp;el tercer \u00e1rbitro puede ser nombrado por una instituci\u00f3n como la A.F.A. o por los \u00e1rbitros ya designados. El arbitraje permite&hellip; Continue reading \u00bfEn qu\u00e9 consiste un arbitraje?\" \/>\n<meta property=\"og:url\" content=\"https:\/\/www.afa-arbitrage.com\/es\/el-arbitrage\/enque-consiste-un-arvitraje\/\" \/>\n<meta property=\"og:site_name\" content=\"Association Fran\u00e7aise d&#039;Arbitrage\" \/>\n<meta property=\"article:modified_time\" content=\"2023-04-04T13:07:08+00:00\" \/>\n<meta property=\"og:image\" content=\"https:\/\/www.afa-arbitrage.com\/wp-content\/uploads\/2023\/04\/avocat.jpeg\" \/>\n\t<meta property=\"og:image:width\" content=\"2560\" \/>\n\t<meta property=\"og:image:height\" content=\"1706\" \/>\n\t<meta property=\"og:image:type\" content=\"image\/jpeg\" \/>\n<meta name=\"twitter:card\" content=\"summary_large_image\" \/>\n<meta name=\"twitter:label1\" content=\"Tiempo de lectura\" \/>\n\t<meta name=\"twitter:data1\" content=\"2 minutos\" \/>\n<script type=\"application\/ld+json\" class=\"yoast-schema-graph\">{\"@context\":\"https:\\\/\\\/schema.org\",\"@graph\":[{\"@type\":\"WebPage\",\"@id\":\"https:\\\/\\\/www.afa-arbitrage.com\\\/es\\\/el-arbitrage\\\/enque-consiste-un-arvitraje\\\/\",\"url\":\"https:\\\/\\\/www.afa-arbitrage.com\\\/es\\\/el-arbitrage\\\/enque-consiste-un-arvitraje\\\/\",\"name\":\"\u00bfEn qu\u00e9 consiste un arbitraje? - Association Fran\u00e7aise d&#039;Arbitrage\",\"isPartOf\":{\"@id\":\"https:\\\/\\\/www.afa-arbitrage.com\\\/#website\"},\"primaryImageOfPage\":{\"@id\":\"https:\\\/\\\/www.afa-arbitrage.com\\\/es\\\/el-arbitrage\\\/enque-consiste-un-arvitraje\\\/#primaryimage\"},\"image\":{\"@id\":\"https:\\\/\\\/www.afa-arbitrage.com\\\/es\\\/el-arbitrage\\\/enque-consiste-un-arvitraje\\\/#primaryimage\"},\"thumbnailUrl\":\"https:\\\/\\\/www.afa-arbitrage.com\\\/wp-content\\\/uploads\\\/2023\\\/04\\\/avocat.jpeg\",\"datePublished\":\"2013-09-17T00:08:24+00:00\",\"dateModified\":\"2023-04-04T13:07:08+00:00\",\"breadcrumb\":{\"@id\":\"https:\\\/\\\/www.afa-arbitrage.com\\\/es\\\/el-arbitrage\\\/enque-consiste-un-arvitraje\\\/#breadcrumb\"},\"inLanguage\":\"es\",\"potentialAction\":[{\"@type\":\"ReadAction\",\"target\":[\"https:\\\/\\\/www.afa-arbitrage.com\\\/es\\\/el-arbitrage\\\/enque-consiste-un-arvitraje\\\/\"]}]},{\"@type\":\"ImageObject\",\"inLanguage\":\"es\",\"@id\":\"https:\\\/\\\/www.afa-arbitrage.com\\\/es\\\/el-arbitrage\\\/enque-consiste-un-arvitraje\\\/#primaryimage\",\"url\":\"https:\\\/\\\/www.afa-arbitrage.com\\\/wp-content\\\/uploads\\\/2023\\\/04\\\/avocat.jpeg\",\"contentUrl\":\"https:\\\/\\\/www.afa-arbitrage.com\\\/wp-content\\\/uploads\\\/2023\\\/04\\\/avocat.jpeg\",\"width\":2560,\"height\":1706,\"caption\":\"Afa arbitrage\"},{\"@type\":\"BreadcrumbList\",\"@id\":\"https:\\\/\\\/www.afa-arbitrage.com\\\/es\\\/el-arbitrage\\\/enque-consiste-un-arvitraje\\\/#breadcrumb\",\"itemListElement\":[{\"@type\":\"ListItem\",\"position\":1,\"name\":\"Bienvenida\",\"item\":\"\\\/es\"},{\"@type\":\"ListItem\",\"position\":2,\"name\":\"El arbitraje\",\"item\":\"https:\\\/\\\/www.afa-arbitrage.com\\\/es\\\/el-arbitrage\\\/\"},{\"@type\":\"ListItem\",\"position\":3,\"name\":\"\u00bfEn qu\u00e9 consiste un arbitraje?\"}]},{\"@type\":\"WebSite\",\"@id\":\"https:\\\/\\\/www.afa-arbitrage.com\\\/#website\",\"url\":\"https:\\\/\\\/www.afa-arbitrage.com\\\/\",\"name\":\"Association Fran\u00e7aise d'Arbitrage\",\"description\":\"Arbitrage interne et international\",\"publisher\":{\"@id\":\"https:\\\/\\\/www.afa-arbitrage.com\\\/#organization\"},\"potentialAction\":[{\"@type\":\"SearchAction\",\"target\":{\"@type\":\"EntryPoint\",\"urlTemplate\":\"https:\\\/\\\/www.afa-arbitrage.com\\\/?s={search_term_string}\"},\"query-input\":{\"@type\":\"PropertyValueSpecification\",\"valueRequired\":true,\"valueName\":\"search_term_string\"}}],\"inLanguage\":\"es\"},{\"@type\":\"Organization\",\"@id\":\"https:\\\/\\\/www.afa-arbitrage.com\\\/#organization\",\"name\":\"Association Fran\u00e7aise d'Arbitrage\",\"url\":\"https:\\\/\\\/www.afa-arbitrage.com\\\/\",\"logo\":{\"@type\":\"ImageObject\",\"inLanguage\":\"es\",\"@id\":\"https:\\\/\\\/www.afa-arbitrage.com\\\/#\\\/schema\\\/logo\\\/image\\\/\",\"url\":\"https:\\\/\\\/www.afa-arbitrage.com\\\/wp-content\\\/uploads\\\/2023\\\/02\\\/AFA_logo_header_clear_long.png\",\"contentUrl\":\"https:\\\/\\\/www.afa-arbitrage.com\\\/wp-content\\\/uploads\\\/2023\\\/02\\\/AFA_logo_header_clear_long.png\",\"width\":500,\"height\":60,\"caption\":\"Association Fran\u00e7aise d'Arbitrage\"},\"image\":{\"@id\":\"https:\\\/\\\/www.afa-arbitrage.com\\\/#\\\/schema\\\/logo\\\/image\\\/\"}}]}<\/script>\n<!-- \/ Yoast SEO plugin. -->","yoast_head_json":{"title":"\u00bfEn qu\u00e9 consiste un arbitraje? - Association Fran\u00e7aise d&#039;Arbitrage","robots":{"index":"index","follow":"follow","max-snippet":"max-snippet:-1","max-image-preview":"max-image-preview:large","max-video-preview":"max-video-preview:-1"},"canonical":"https:\/\/www.afa-arbitrage.com\/es\/el-arbitrage\/enque-consiste-un-arvitraje\/","og_locale":"es_ES","og_type":"article","og_title":"\u00bfEn qu\u00e9 consiste un arbitraje? - Association Fran\u00e7aise d&#039;Arbitrage","og_description":"El arbitraje: un modo de resoluci\u00f3n de conflictos en la vida de los negocios El arbitraje es una justicia privada, establecida por la voluntad de las partes y reconocida por los Estados e Instituciones internacionales, que responde a la necesidad de ser juzgado fuera de los tribunales debido por parte a la confidencialidad y de la adaptaci\u00f3n del procedimiento al litigio. El arbitraje necesita la denominaci\u00f3n de un tribunal arbitral compuesto por un o varios \u00e1rbitros designados por las partes,&nbsp;el tercer \u00e1rbitro puede ser nombrado por una instituci\u00f3n como la A.F.A. o por los \u00e1rbitros ya designados. El arbitraje permite&hellip; Continue reading \u00bfEn qu\u00e9 consiste un arbitraje?","og_url":"https:\/\/www.afa-arbitrage.com\/es\/el-arbitrage\/enque-consiste-un-arvitraje\/","og_site_name":"Association Fran\u00e7aise d&#039;Arbitrage","article_modified_time":"2023-04-04T13:07:08+00:00","og_image":[{"width":2560,"height":1706,"url":"https:\/\/www.afa-arbitrage.com\/wp-content\/uploads\/2023\/04\/avocat.jpeg","type":"image\/jpeg"}],"twitter_card":"summary_large_image","twitter_misc":{"Tiempo de lectura":"2 minutos"},"schema":{"@context":"https:\/\/schema.org","@graph":[{"@type":"WebPage","@id":"https:\/\/www.afa-arbitrage.com\/es\/el-arbitrage\/enque-consiste-un-arvitraje\/","url":"https:\/\/www.afa-arbitrage.com\/es\/el-arbitrage\/enque-consiste-un-arvitraje\/","name":"\u00bfEn qu\u00e9 consiste un arbitraje? - Association Fran\u00e7aise d&#039;Arbitrage","isPartOf":{"@id":"https:\/\/www.afa-arbitrage.com\/#website"},"primaryImageOfPage":{"@id":"https:\/\/www.afa-arbitrage.com\/es\/el-arbitrage\/enque-consiste-un-arvitraje\/#primaryimage"},"image":{"@id":"https:\/\/www.afa-arbitrage.com\/es\/el-arbitrage\/enque-consiste-un-arvitraje\/#primaryimage"},"thumbnailUrl":"https:\/\/www.afa-arbitrage.com\/wp-content\/uploads\/2023\/04\/avocat.jpeg","datePublished":"2013-09-17T00:08:24+00:00","dateModified":"2023-04-04T13:07:08+00:00","breadcrumb":{"@id":"https:\/\/www.afa-arbitrage.com\/es\/el-arbitrage\/enque-consiste-un-arvitraje\/#breadcrumb"},"inLanguage":"es","potentialAction":[{"@type":"ReadAction","target":["https:\/\/www.afa-arbitrage.com\/es\/el-arbitrage\/enque-consiste-un-arvitraje\/"]}]},{"@type":"ImageObject","inLanguage":"es","@id":"https:\/\/www.afa-arbitrage.com\/es\/el-arbitrage\/enque-consiste-un-arvitraje\/#primaryimage","url":"https:\/\/www.afa-arbitrage.com\/wp-content\/uploads\/2023\/04\/avocat.jpeg","contentUrl":"https:\/\/www.afa-arbitrage.com\/wp-content\/uploads\/2023\/04\/avocat.jpeg","width":2560,"height":1706,"caption":"Afa arbitrage"},{"@type":"BreadcrumbList","@id":"https:\/\/www.afa-arbitrage.com\/es\/el-arbitrage\/enque-consiste-un-arvitraje\/#breadcrumb","itemListElement":[{"@type":"ListItem","position":1,"name":"Bienvenida","item":"\/es"},{"@type":"ListItem","position":2,"name":"El arbitraje","item":"https:\/\/www.afa-arbitrage.com\/es\/el-arbitrage\/"},{"@type":"ListItem","position":3,"name":"\u00bfEn qu\u00e9 consiste un arbitraje?"}]},{"@type":"WebSite","@id":"https:\/\/www.afa-arbitrage.com\/#website","url":"https:\/\/www.afa-arbitrage.com\/","name":"Association Fran\u00e7aise d'Arbitrage","description":"Arbitrage interne et international","publisher":{"@id":"https:\/\/www.afa-arbitrage.com\/#organization"},"potentialAction":[{"@type":"SearchAction","target":{"@type":"EntryPoint","urlTemplate":"https:\/\/www.afa-arbitrage.com\/?s={search_term_string}"},"query-input":{"@type":"PropertyValueSpecification","valueRequired":true,"valueName":"search_term_string"}}],"inLanguage":"es"},{"@type":"Organization","@id":"https:\/\/www.afa-arbitrage.com\/#organization","name":"Association Fran\u00e7aise d'Arbitrage","url":"https:\/\/www.afa-arbitrage.com\/","logo":{"@type":"ImageObject","inLanguage":"es","@id":"https:\/\/www.afa-arbitrage.com\/#\/schema\/logo\/image\/","url":"https:\/\/www.afa-arbitrage.com\/wp-content\/uploads\/2023\/02\/AFA_logo_header_clear_long.png","contentUrl":"https:\/\/www.afa-arbitrage.com\/wp-content\/uploads\/2023\/02\/AFA_logo_header_clear_long.png","width":500,"height":60,"caption":"Association Fran\u00e7aise d'Arbitrage"},"image":{"@id":"https:\/\/www.afa-arbitrage.com\/#\/schema\/logo\/image\/"}}]}},"_links":{"self":[{"href":"https:\/\/www.afa-arbitrage.com\/es\/wp-json\/wp\/v2\/pages\/769\/"}],"collection":[{"href":"https:\/\/www.afa-arbitrage.com\/es\/wp-json\/wp\/v2\/pages\/"}],"about":[{"href":"https:\/\/www.afa-arbitrage.com\/es\/wp-json\/wp\/v2\/types\/page\/"}],"author":[{"embeddable":true,"href":"https:\/\/www.afa-arbitrage.com\/es\/wp-json\/wp\/v2\/users\/2\/"}],"replies":[{"embeddable":true,"href":"https:\/\/www.afa-arbitrage.com\/es\/wp-json\/wp\/v2\/comments\/?post=769"}],"version-history":[{"count":3,"href":"https:\/\/www.afa-arbitrage.com\/es\/wp-json\/wp\/v2\/pages\/769\/revisions\/"}],"predecessor-version":[{"id":19073,"href":"https:\/\/www.afa-arbitrage.com\/es\/wp-json\/wp\/v2\/pages\/769\/revisions\/19073\/"}],"up":[{"embeddable":true,"href":"https:\/\/www.afa-arbitrage.com\/es\/wp-json\/wp\/v2\/pages\/765\/"}],"wp:featuredmedia":[{"embeddable":true,"href":"https:\/\/www.afa-arbitrage.com\/es\/wp-json\/wp\/v2\/media\/19039\/"}],"wp:attachment":[{"href":"https:\/\/www.afa-arbitrage.com\/es\/wp-json\/wp\/v2\/media\/?parent=769"}],"curies":[{"name":"wp","href":"https:\/\/api.w.org\/{rel}","templated":true}]}}