{"id":761,"date":"2013-09-17T00:51:38","date_gmt":"2013-09-16T23:51:38","guid":{"rendered":"http:\/\/afa2.deheyn.com\/?page_id=761"},"modified":"2023-04-04T14:12:55","modified_gmt":"2023-04-04T13:12:55","slug":"quienes-somos","status":"publish","type":"page","link":"https:\/\/www.afa-arbitrage.com\/es\/presentacion\/quienes-somos\/","title":{"rendered":"\u00bfQui\u00e9nes somos?"},"content":{"rendered":"\n<p class=\"has-text-align-center box\"><strong>La Asociaci\u00f3n Francesa de Abritraje : el asociado de su arbitraje<\/strong><\/p>\n\n\n\n<p>La A.F.A. es una instituci\u00f3n de arbitraje teniendo una vocaci\u00f3n general y regida bajo la ley del 1 de Julio de 1901 (asociaci\u00f3n sin \u00e1nimo de lucro).<\/p>\n\n\n\n<p>La A.F.A. re\u00fane cerca de 394 miembros de 16 nacionalidades diferentes y de varias \u00e1reas profesionales: abogados franceses y extranjeros, directores jur\u00eddicos de empresa, universitarios, magistrados, notarios , jueces consular, expertos, etc.<\/p>\n\n\n\n<p>La A.F.A. puede administrar ambos arbitrajes internacional e interno. La distinci\u00f3n entre ambos est\u00e1 perdiendo su sentido debido a la progresiva mundializaci\u00f3n de la econom\u00eda.<\/p>\n\n\n\n<p>La A.F.A. est\u00e1 dirigida por un&nbsp;<a href=\"https:\/\/www.afa-arbitrage.com\/es\/presentacion\/consejo-de-administracion\/\">Consejo de administraci\u00f3n<\/a> compuesto por representantes del mundo econ\u00f3mico o jur\u00eddico, pero todos ejercen en la \u00e1rea del arbitraje.<\/p>\n\n\n\n<p>La A.F.A. est\u00e1 presidida por una personalidad cuya competencia e independencia son reconocidas. Su <a href=\"https:\/\/www.afa-arbitrage.com\/es\/presentacion\/bureau\/\">Oficio<\/a>, adem\u00e1s del Presidente, comprende un Secretario general, especialista confirmado del arbitraje. El <a href=\"https:\/\/www.afa-arbitrage.com\/es\/presentacion\/comite-arbitraje\/\">Comit\u00e9 de arbitraje <\/a>est\u00e1 compuesto por 5 miembros, franceses y extranjeros, y todos ejercen en el arbitraje.<\/p>\n\n\n\n<p>La A.F.A. tambi\u00e9n es el <a href=\"https:\/\/www.afa-arbitrage.com\/es\/actividades\/premio-jean-robert\/\">\u201cPrix Jean Robert\u201d<\/a> otorgado al autor de una tesis o de una obra que a\u00f1ade una contribuci\u00f3n significativa al arbitraje, durante la manifestaci\u00f3n anual donde participan cerca de 400 participantes.<\/p>\n\n\n\n<p>La A.F.A. es miembro de la <a href=\"http:\/\/www.fca-arbitrage.com\" target=\"_blank\" rel=\"noreferrer noopener\">Federaci\u00f3n de los Centros de Arbitraje<\/a>, creada bajo su iniciativa en 2012 y firmante del <a href=\"https:\/\/www.afa-arbitrage.com\/es\/codigo-etico\/\">C\u00f3digo \u00c9tico de arbitraje.<\/a><\/p>\n","protected":false},"excerpt":{"rendered":"<p>La Asociaci\u00f3n Francesa de Abritraje : el asociado de su arbitraje La A.F.A. es una instituci\u00f3n de arbitraje teniendo una vocaci\u00f3n general y regida bajo la ley del 1 de Julio de 1901 (asociaci\u00f3n sin \u00e1nimo de lucro). La A.F.A. re\u00fane cerca de 394 miembros de 16 nacionalidades diferentes y de varias \u00e1reas profesionales: abogados franceses y extranjeros, directores jur\u00eddicos de empresa, universitarios, magistrados, notarios , jueces consular, expertos, etc. La A.F.A. puede administrar ambos arbitrajes internacional e interno. La distinci\u00f3n entre ambos est\u00e1 perdiendo su sentido debido a la progresiva mundializaci\u00f3n de la econom\u00eda. La A.F.A. est\u00e1 dirigida por&hellip; <a class=\"more-link\" href=\"https:\/\/www.afa-arbitrage.com\/es\/presentacion\/quienes-somos\/\">Continue reading <span class=\"screen-reader-text\">\u00bfQui\u00e9nes somos?<\/span><\/a><\/p>\n","protected":false},"author":2,"featured_media":19049,"parent":755,"menu_order":3,"comment_status":"closed","ping_status":"closed","template":"","meta":{"_cbd_carousel_blocks":"[]","footnotes":""},"class_list":["post-761","page","type-page","status-publish","has-post-thumbnail","hentry","entry"],"yoast_head":"<!-- This site is optimized with the Yoast SEO plugin v27.3 - https:\/\/yoast.com\/product\/yoast-seo-wordpress\/ -->\n<title>\u00bfQui\u00e9nes somos? - Association Fran\u00e7aise d&#039;Arbitrage<\/title>\n<meta name=\"robots\" content=\"index, follow, max-snippet:-1, max-image-preview:large, max-video-preview:-1\" \/>\n<link rel=\"canonical\" href=\"https:\/\/www.afa-arbitrage.com\/es\/presentacion\/quienes-somos\/\" \/>\n<meta property=\"og:locale\" content=\"es_ES\" \/>\n<meta property=\"og:type\" content=\"article\" \/>\n<meta property=\"og:title\" content=\"\u00bfQui\u00e9nes somos? - Association Fran\u00e7aise d&#039;Arbitrage\" \/>\n<meta property=\"og:description\" content=\"La Asociaci\u00f3n Francesa de Abritraje : el asociado de su arbitraje La A.F.A. es una instituci\u00f3n de arbitraje teniendo una vocaci\u00f3n general y regida bajo la ley del 1 de Julio de 1901 (asociaci\u00f3n sin \u00e1nimo de lucro). La A.F.A. re\u00fane cerca de 394 miembros de 16 nacionalidades diferentes y de varias \u00e1reas profesionales: abogados franceses y extranjeros, directores jur\u00eddicos de empresa, universitarios, magistrados, notarios , jueces consular, expertos, etc. La A.F.A. puede administrar ambos arbitrajes internacional e interno. La distinci\u00f3n entre ambos est\u00e1 perdiendo su sentido debido a la progresiva mundializaci\u00f3n de la econom\u00eda. La A.F.A. est\u00e1 dirigida por&hellip; Continue reading \u00bfQui\u00e9nes somos?\" \/>\n<meta property=\"og:url\" content=\"https:\/\/www.afa-arbitrage.com\/es\/presentacion\/quienes-somos\/\" \/>\n<meta property=\"og:site_name\" content=\"Association Fran\u00e7aise d&#039;Arbitrage\" \/>\n<meta property=\"article:modified_time\" content=\"2023-04-04T13:12:55+00:00\" \/>\n<meta property=\"og:image\" content=\"https:\/\/www.afa-arbitrage.com\/wp-content\/uploads\/2023\/04\/qui-sommes-nous.jpeg\" \/>\n\t<meta property=\"og:image:width\" content=\"2560\" \/>\n\t<meta property=\"og:image:height\" content=\"952\" \/>\n\t<meta property=\"og:image:type\" content=\"image\/jpeg\" \/>\n<meta name=\"twitter:card\" content=\"summary_large_image\" \/>\n<meta name=\"twitter:label1\" content=\"Tiempo de lectura\" \/>\n\t<meta name=\"twitter:data1\" content=\"2 minutos\" \/>\n<script type=\"application\/ld+json\" class=\"yoast-schema-graph\">{\"@context\":\"https:\\\/\\\/schema.org\",\"@graph\":[{\"@type\":\"WebPage\",\"@id\":\"https:\\\/\\\/www.afa-arbitrage.com\\\/es\\\/presentacion\\\/quienes-somos\\\/\",\"url\":\"https:\\\/\\\/www.afa-arbitrage.com\\\/es\\\/presentacion\\\/quienes-somos\\\/\",\"name\":\"\u00bfQui\u00e9nes somos? - Association Fran\u00e7aise d&#039;Arbitrage\",\"isPartOf\":{\"@id\":\"https:\\\/\\\/www.afa-arbitrage.com\\\/#website\"},\"primaryImageOfPage\":{\"@id\":\"https:\\\/\\\/www.afa-arbitrage.com\\\/es\\\/presentacion\\\/quienes-somos\\\/#primaryimage\"},\"image\":{\"@id\":\"https:\\\/\\\/www.afa-arbitrage.com\\\/es\\\/presentacion\\\/quienes-somos\\\/#primaryimage\"},\"thumbnailUrl\":\"https:\\\/\\\/www.afa-arbitrage.com\\\/wp-content\\\/uploads\\\/2023\\\/04\\\/qui-sommes-nous.jpeg\",\"datePublished\":\"2013-09-16T23:51:38+00:00\",\"dateModified\":\"2023-04-04T13:12:55+00:00\",\"breadcrumb\":{\"@id\":\"https:\\\/\\\/www.afa-arbitrage.com\\\/es\\\/presentacion\\\/quienes-somos\\\/#breadcrumb\"},\"inLanguage\":\"es\",\"potentialAction\":[{\"@type\":\"ReadAction\",\"target\":[\"https:\\\/\\\/www.afa-arbitrage.com\\\/es\\\/presentacion\\\/quienes-somos\\\/\"]}]},{\"@type\":\"ImageObject\",\"inLanguage\":\"es\",\"@id\":\"https:\\\/\\\/www.afa-arbitrage.com\\\/es\\\/presentacion\\\/quienes-somos\\\/#primaryimage\",\"url\":\"https:\\\/\\\/www.afa-arbitrage.com\\\/wp-content\\\/uploads\\\/2023\\\/04\\\/qui-sommes-nous.jpeg\",\"contentUrl\":\"https:\\\/\\\/www.afa-arbitrage.com\\\/wp-content\\\/uploads\\\/2023\\\/04\\\/qui-sommes-nous.jpeg\",\"width\":2560,\"height\":952,\"caption\":\"Association Fran\u00e7aise d\u2019Arbitrage\"},{\"@type\":\"BreadcrumbList\",\"@id\":\"https:\\\/\\\/www.afa-arbitrage.com\\\/es\\\/presentacion\\\/quienes-somos\\\/#breadcrumb\",\"itemListElement\":[{\"@type\":\"ListItem\",\"position\":1,\"name\":\"Bienvenida\",\"item\":\"\\\/es\"},{\"@type\":\"ListItem\",\"position\":2,\"name\":\"Presentaci\u00f3n\",\"item\":\"https:\\\/\\\/www.afa-arbitrage.com\\\/es\\\/presentacion\\\/\"},{\"@type\":\"ListItem\",\"position\":3,\"name\":\"\u00bfQui\u00e9nes somos?\"}]},{\"@type\":\"WebSite\",\"@id\":\"https:\\\/\\\/www.afa-arbitrage.com\\\/#website\",\"url\":\"https:\\\/\\\/www.afa-arbitrage.com\\\/\",\"name\":\"Association Fran\u00e7aise d'Arbitrage\",\"description\":\"Arbitrage interne et international\",\"publisher\":{\"@id\":\"https:\\\/\\\/www.afa-arbitrage.com\\\/#organization\"},\"potentialAction\":[{\"@type\":\"SearchAction\",\"target\":{\"@type\":\"EntryPoint\",\"urlTemplate\":\"https:\\\/\\\/www.afa-arbitrage.com\\\/?s={search_term_string}\"},\"query-input\":{\"@type\":\"PropertyValueSpecification\",\"valueRequired\":true,\"valueName\":\"search_term_string\"}}],\"inLanguage\":\"es\"},{\"@type\":\"Organization\",\"@id\":\"https:\\\/\\\/www.afa-arbitrage.com\\\/#organization\",\"name\":\"Association Fran\u00e7aise d'Arbitrage\",\"url\":\"https:\\\/\\\/www.afa-arbitrage.com\\\/\",\"logo\":{\"@type\":\"ImageObject\",\"inLanguage\":\"es\",\"@id\":\"https:\\\/\\\/www.afa-arbitrage.com\\\/#\\\/schema\\\/logo\\\/image\\\/\",\"url\":\"https:\\\/\\\/www.afa-arbitrage.com\\\/wp-content\\\/uploads\\\/2023\\\/02\\\/AFA_logo_header_clear_long.png\",\"contentUrl\":\"https:\\\/\\\/www.afa-arbitrage.com\\\/wp-content\\\/uploads\\\/2023\\\/02\\\/AFA_logo_header_clear_long.png\",\"width\":500,\"height\":60,\"caption\":\"Association Fran\u00e7aise d'Arbitrage\"},\"image\":{\"@id\":\"https:\\\/\\\/www.afa-arbitrage.com\\\/#\\\/schema\\\/logo\\\/image\\\/\"}}]}<\/script>\n<!-- \/ Yoast SEO plugin. -->","yoast_head_json":{"title":"\u00bfQui\u00e9nes somos? - Association Fran\u00e7aise d&#039;Arbitrage","robots":{"index":"index","follow":"follow","max-snippet":"max-snippet:-1","max-image-preview":"max-image-preview:large","max-video-preview":"max-video-preview:-1"},"canonical":"https:\/\/www.afa-arbitrage.com\/es\/presentacion\/quienes-somos\/","og_locale":"es_ES","og_type":"article","og_title":"\u00bfQui\u00e9nes somos? - Association Fran\u00e7aise d&#039;Arbitrage","og_description":"La Asociaci\u00f3n Francesa de Abritraje : el asociado de su arbitraje La A.F.A. es una instituci\u00f3n de arbitraje teniendo una vocaci\u00f3n general y regida bajo la ley del 1 de Julio de 1901 (asociaci\u00f3n sin \u00e1nimo de lucro). La A.F.A. re\u00fane cerca de 394 miembros de 16 nacionalidades diferentes y de varias \u00e1reas profesionales: abogados franceses y extranjeros, directores jur\u00eddicos de empresa, universitarios, magistrados, notarios , jueces consular, expertos, etc. La A.F.A. puede administrar ambos arbitrajes internacional e interno. La distinci\u00f3n entre ambos est\u00e1 perdiendo su sentido debido a la progresiva mundializaci\u00f3n de la econom\u00eda. La A.F.A. est\u00e1 dirigida por&hellip; Continue reading \u00bfQui\u00e9nes somos?","og_url":"https:\/\/www.afa-arbitrage.com\/es\/presentacion\/quienes-somos\/","og_site_name":"Association Fran\u00e7aise d&#039;Arbitrage","article_modified_time":"2023-04-04T13:12:55+00:00","og_image":[{"width":2560,"height":952,"url":"https:\/\/www.afa-arbitrage.com\/wp-content\/uploads\/2023\/04\/qui-sommes-nous.jpeg","type":"image\/jpeg"}],"twitter_card":"summary_large_image","twitter_misc":{"Tiempo de lectura":"2 minutos"},"schema":{"@context":"https:\/\/schema.org","@graph":[{"@type":"WebPage","@id":"https:\/\/www.afa-arbitrage.com\/es\/presentacion\/quienes-somos\/","url":"https:\/\/www.afa-arbitrage.com\/es\/presentacion\/quienes-somos\/","name":"\u00bfQui\u00e9nes somos? - Association Fran\u00e7aise d&#039;Arbitrage","isPartOf":{"@id":"https:\/\/www.afa-arbitrage.com\/#website"},"primaryImageOfPage":{"@id":"https:\/\/www.afa-arbitrage.com\/es\/presentacion\/quienes-somos\/#primaryimage"},"image":{"@id":"https:\/\/www.afa-arbitrage.com\/es\/presentacion\/quienes-somos\/#primaryimage"},"thumbnailUrl":"https:\/\/www.afa-arbitrage.com\/wp-content\/uploads\/2023\/04\/qui-sommes-nous.jpeg","datePublished":"2013-09-16T23:51:38+00:00","dateModified":"2023-04-04T13:12:55+00:00","breadcrumb":{"@id":"https:\/\/www.afa-arbitrage.com\/es\/presentacion\/quienes-somos\/#breadcrumb"},"inLanguage":"es","potentialAction":[{"@type":"ReadAction","target":["https:\/\/www.afa-arbitrage.com\/es\/presentacion\/quienes-somos\/"]}]},{"@type":"ImageObject","inLanguage":"es","@id":"https:\/\/www.afa-arbitrage.com\/es\/presentacion\/quienes-somos\/#primaryimage","url":"https:\/\/www.afa-arbitrage.com\/wp-content\/uploads\/2023\/04\/qui-sommes-nous.jpeg","contentUrl":"https:\/\/www.afa-arbitrage.com\/wp-content\/uploads\/2023\/04\/qui-sommes-nous.jpeg","width":2560,"height":952,"caption":"Association Fran\u00e7aise d\u2019Arbitrage"},{"@type":"BreadcrumbList","@id":"https:\/\/www.afa-arbitrage.com\/es\/presentacion\/quienes-somos\/#breadcrumb","itemListElement":[{"@type":"ListItem","position":1,"name":"Bienvenida","item":"\/es"},{"@type":"ListItem","position":2,"name":"Presentaci\u00f3n","item":"https:\/\/www.afa-arbitrage.com\/es\/presentacion\/"},{"@type":"ListItem","position":3,"name":"\u00bfQui\u00e9nes somos?"}]},{"@type":"WebSite","@id":"https:\/\/www.afa-arbitrage.com\/#website","url":"https:\/\/www.afa-arbitrage.com\/","name":"Association Fran\u00e7aise d'Arbitrage","description":"Arbitrage interne et international","publisher":{"@id":"https:\/\/www.afa-arbitrage.com\/#organization"},"potentialAction":[{"@type":"SearchAction","target":{"@type":"EntryPoint","urlTemplate":"https:\/\/www.afa-arbitrage.com\/?s={search_term_string}"},"query-input":{"@type":"PropertyValueSpecification","valueRequired":true,"valueName":"search_term_string"}}],"inLanguage":"es"},{"@type":"Organization","@id":"https:\/\/www.afa-arbitrage.com\/#organization","name":"Association Fran\u00e7aise d'Arbitrage","url":"https:\/\/www.afa-arbitrage.com\/","logo":{"@type":"ImageObject","inLanguage":"es","@id":"https:\/\/www.afa-arbitrage.com\/#\/schema\/logo\/image\/","url":"https:\/\/www.afa-arbitrage.com\/wp-content\/uploads\/2023\/02\/AFA_logo_header_clear_long.png","contentUrl":"https:\/\/www.afa-arbitrage.com\/wp-content\/uploads\/2023\/02\/AFA_logo_header_clear_long.png","width":500,"height":60,"caption":"Association Fran\u00e7aise d'Arbitrage"},"image":{"@id":"https:\/\/www.afa-arbitrage.com\/#\/schema\/logo\/image\/"}}]}},"_links":{"self":[{"href":"https:\/\/www.afa-arbitrage.com\/es\/wp-json\/wp\/v2\/pages\/761\/"}],"collection":[{"href":"https:\/\/www.afa-arbitrage.com\/es\/wp-json\/wp\/v2\/pages\/"}],"about":[{"href":"https:\/\/www.afa-arbitrage.com\/es\/wp-json\/wp\/v2\/types\/page\/"}],"author":[{"embeddable":true,"href":"https:\/\/www.afa-arbitrage.com\/es\/wp-json\/wp\/v2\/users\/2\/"}],"replies":[{"embeddable":true,"href":"https:\/\/www.afa-arbitrage.com\/es\/wp-json\/wp\/v2\/comments\/?post=761"}],"version-history":[{"count":4,"href":"https:\/\/www.afa-arbitrage.com\/es\/wp-json\/wp\/v2\/pages\/761\/revisions\/"}],"predecessor-version":[{"id":19079,"href":"https:\/\/www.afa-arbitrage.com\/es\/wp-json\/wp\/v2\/pages\/761\/revisions\/19079\/"}],"up":[{"embeddable":true,"href":"https:\/\/www.afa-arbitrage.com\/es\/wp-json\/wp\/v2\/pages\/755\/"}],"wp:featuredmedia":[{"embeddable":true,"href":"https:\/\/www.afa-arbitrage.com\/es\/wp-json\/wp\/v2\/media\/19049\/"}],"wp:attachment":[{"href":"https:\/\/www.afa-arbitrage.com\/es\/wp-json\/wp\/v2\/media\/?parent=761"}],"curies":[{"name":"wp","href":"https:\/\/api.w.org\/{rel}","templated":true}]}}