{"id":1141,"date":"2013-09-27T18:02:27","date_gmt":"2013-09-27T17:02:27","guid":{"rendered":"http:\/\/afa2.deheyn.com\/?page_id=1141"},"modified":"2025-02-20T17:06:03","modified_gmt":"2025-02-20T16:06:03","slug":"afiliarse-a-la-afa","status":"publish","type":"page","link":"https:\/\/www.afa-arbitrage.com\/es\/afiliarse-a-la-afa\/","title":{"rendered":"Afiliarse a la AFA"},"content":{"rendered":"\n<p>Para afiliarse a la AFA, rellene el siguiente formulario.<br>Se requiere una cuota de ingreso de 150 euros.<br>La cuota anual es de 130 \u20ac.<\/p>\n\n\n\n<div class=\"wp-block-columns is-layout-flex wp-container-core-columns-is-layout-9d6595d7 wp-block-columns-is-layout-flex\">\n<div class=\"wp-block-column is-layout-flow wp-block-column-is-layout-flow\"><\/div>\n<\/div>\n\n\n\n<div class=\"wp-block-columns are-vertically-aligned-center is-not-stacked-on-mobile special-btn is-layout-flex wp-container-core-columns-is-layout-9d6595d7 wp-block-columns-is-layout-flex\">\n<div class=\"wp-block-column is-vertically-aligned-center is-layout-flow wp-block-column-is-layout-flow\" style=\"padding-left:var(--wp--preset--spacing--70)\">\n<p class=\"has-text-align-left has-extra-large-font-size\"><strong>AFILIARSE<\/strong><\/p>\n<\/div>\n<\/div>\n\n\n\n<div class=\"wp-block-contact-form-7-contact-form-selector adhesion form-adhesion\">\n<div class=\"wpcf7 no-js\" id=\"wpcf7-f18755-o1\" lang=\"fr-FR\" dir=\"ltr\" data-wpcf7-id=\"18755\">\n<div class=\"screen-reader-response\"><p role=\"status\" aria-live=\"polite\" aria-atomic=\"true\"><\/p> <ul><\/ul><\/div>\n<form action=\"\/es\/wp-json\/wp\/v2\/pages\/1141\/#wpcf7-f18755-o1\" method=\"post\" class=\"wpcf7-form init\" aria-label=\"Formulaire de contact\" enctype=\"multipart\/form-data\" novalidate=\"novalidate\" data-status=\"init\">\n<fieldset class=\"hidden-fields-container\"><input type=\"hidden\" name=\"_wpcf7\" value=\"18755\" \/><input type=\"hidden\" name=\"_wpcf7_version\" value=\"6.1.5\" \/><input type=\"hidden\" name=\"_wpcf7_locale\" value=\"fr_FR\" \/><input type=\"hidden\" name=\"_wpcf7_unit_tag\" value=\"wpcf7-f18755-o1\" \/><input type=\"hidden\" name=\"_wpcf7_container_post\" value=\"0\" \/><input type=\"hidden\" name=\"_wpcf7_posted_data_hash\" value=\"\" \/>\n<\/fieldset>\n<h2 class=\"title-bar\">Bolet\u00edn de adhesi\u00f3n\n<\/h2>\n<div class=\"is-layout-flex wp-container-3 wp-block-columns\">\n\t<div class=\"is-layout-flow wp-block-column\">\n\t\t<p><label><br \/>\n<span class=\"wpcf7-form-control-wrap\" data-name=\"firstname\"><input size=\"40\" maxlength=\"400\" class=\"wpcf7-form-control wpcf7-text wpcf7-validates-as-required\" aria-required=\"true\" aria-invalid=\"false\" placeholder=\"Nombre\" value=\"\" type=\"text\" name=\"firstname\" \/><\/span> <\/label><br \/>\n<label><br \/>\n<span class=\"wpcf7-form-control-wrap\" data-name=\"lastname\"><input size=\"40\" maxlength=\"400\" class=\"wpcf7-form-control wpcf7-text wpcf7-validates-as-required\" aria-required=\"true\" aria-invalid=\"false\" placeholder=\"Appelido\" value=\"\" type=\"text\" name=\"lastname\" \/><\/span> <\/label><br \/>\n<label><br \/>\n<span class=\"wpcf7-form-control-wrap\" data-name=\"company\"><input size=\"40\" maxlength=\"400\" class=\"wpcf7-form-control wpcf7-text\" aria-invalid=\"false\" placeholder=\"Calidad\" value=\"\" type=\"text\" name=\"company\" \/><\/span> <\/label>\n\t\t<\/p>\n\t<\/div>\n\t<div class=\"is-layout-flow wp-block-column\">\n\t\t<p><label><br \/>\n<span class=\"wpcf7-form-control-wrap\" data-name=\"address\"><input size=\"40\" maxlength=\"400\" class=\"wpcf7-form-control wpcf7-text\" aria-invalid=\"false\" placeholder=\"Adress\" value=\"\" type=\"text\" name=\"address\" \/><\/span><\/label><br \/>\n<label><br \/>\n<span class=\"wpcf7-form-control-wrap\" data-name=\"zipCode\"><input size=\"40\" maxlength=\"400\" class=\"wpcf7-form-control wpcf7-text\" aria-invalid=\"false\" placeholder=\"Code postal\" value=\"\" type=\"text\" name=\"zipCode\" \/><\/span><\/label><br \/>\n<label><br \/>\n<span class=\"wpcf7-form-control-wrap\" data-name=\"city\"><input size=\"40\" maxlength=\"400\" class=\"wpcf7-form-control wpcf7-text\" aria-invalid=\"false\" placeholder=\"Ville\" value=\"\" type=\"text\" name=\"city\" \/><\/span><\/label><br \/>\n<label><br \/>\n<span class=\"wpcf7-form-control-wrap\" data-name=\"country\"><input size=\"40\" maxlength=\"400\" class=\"wpcf7-form-control wpcf7-text\" aria-invalid=\"false\" placeholder=\"Pa\u00eds\" value=\"\" type=\"text\" name=\"country\" \/><\/span><\/label>\n\t\t<\/p>\n\t<\/div>\n<\/div>\n<div class=\"is-layout-flex wp-container-3 wp-block-columns\">\n\t<div class=\"is-layout-flow wp-block-column\">\n\t\t<p><label><br \/>\n<span class=\"wpcf7-form-control-wrap\" data-name=\"phone\"><input size=\"40\" maxlength=\"400\" class=\"wpcf7-form-control wpcf7-text\" aria-invalid=\"false\" placeholder=\"Tel\" value=\"\" type=\"text\" name=\"phone\" \/><\/span><\/label><br \/>\n<label><br \/>\n<span class=\"wpcf7-form-control-wrap\" data-name=\"email\"><input size=\"40\" maxlength=\"400\" class=\"wpcf7-form-control wpcf7-email wpcf7-text wpcf7-validates-as-email\" aria-invalid=\"false\" placeholder=\"E-Mail\" value=\"\" type=\"email\" name=\"email\" \/><\/span><\/label>\n\t\t<\/p>\n\t<\/div>\n\t<div class=\"is-layout-flow wp-block-column\">\n\t\t<p><label><br \/>\n<span class=\"wpcf7-form-control-wrap\" data-name=\"acceptDeclare\"><span class=\"wpcf7-form-control wpcf7-checkbox\"><span class=\"wpcf7-list-item first last\"><label><input type=\"checkbox\" name=\"acceptDeclare[]\" value=\"Adherirte a la Asociaci\u00f3n Francesa de Arbitraje\" \/><span class=\"wpcf7-list-item-label\">Adherirte a la Asociaci\u00f3n Francesa de Arbitraje<\/span><\/label><\/span><\/span><\/span><\/label><br \/>\n<label><br \/>\n<span class=\"wpcf7-form-control-wrap\" data-name=\"placeDateSignature\"><input size=\"40\" maxlength=\"400\" class=\"wpcf7-form-control wpcf7-text\" aria-invalid=\"false\" placeholder=\"Lugar, fecha y firma\" value=\"\" type=\"text\" name=\"placeDateSignature\" \/><\/span><\/label>\n\t\t<\/p>\n\t<\/div>\n<\/div>\n<h2 class=\"title-bar\">Computing AFA Memeber list\n<\/h2>\n<div class=\"is-layout-flex wp-container-3 wp-block-columns columns-checkbox\">\n\t<div class=\"is-layout-flow wp-block-column\">\n\t\t<p><strong>LIST OF SPECIALTIES<\/strong><br \/>\n<span class=\"wpcf7-form-control-wrap\" data-name=\"specialties\"><span class=\"wpcf7-form-control wpcf7-checkbox\"><span class=\"wpcf7-list-item first\"><label><input type=\"checkbox\" name=\"specialties[]\" value=\"Derecho civil\" \/><span class=\"wpcf7-list-item-label\">Derecho civil<\/span><\/label><\/span><span class=\"wpcf7-list-item\"><label><input type=\"checkbox\" name=\"specialties[]\" value=\"Derecho comercial\" \/><span class=\"wpcf7-list-item-label\">Derecho comercial<\/span><\/label><\/span><span class=\"wpcf7-list-item\"><label><input type=\"checkbox\" name=\"specialties[]\" value=\"Derecho Comunitario Europeo\" \/><span class=\"wpcf7-list-item-label\">Derecho Comunitario Europeo<\/span><\/label><\/span><span class=\"wpcf7-list-item\"><label><input type=\"checkbox\" name=\"specialties[]\" value=\"Ley de Arbitraje\" \/><span class=\"wpcf7-list-item-label\">Ley de Arbitraje<\/span><\/label><\/span><span class=\"wpcf7-list-item\"><label><input type=\"checkbox\" name=\"specialties[]\" value=\"Ley del Medio Ambiente\" \/><span class=\"wpcf7-list-item-label\">Ley del Medio Ambiente<\/span><\/label><\/span><span class=\"wpcf7-list-item\"><label><input type=\"checkbox\" name=\"specialties[]\" value=\"Ley de Propiedad Intelectual\" \/><span class=\"wpcf7-list-item-label\">Ley de Propiedad Intelectual<\/span><\/label><\/span><span class=\"wpcf7-list-item\"><label><input type=\"checkbox\" name=\"specialties[]\" value=\"Ley de Seguros\" \/><span class=\"wpcf7-list-item-label\">Ley de Seguros<\/span><\/label><\/span><span class=\"wpcf7-list-item\"><label><input type=\"checkbox\" name=\"specialties[]\" value=\"Derecho personal\" \/><span class=\"wpcf7-list-item-label\">Derecho personal<\/span><\/label><\/span><span class=\"wpcf7-list-item\"><label><input type=\"checkbox\" name=\"specialties[]\" value=\"Derecho corporativo\" \/><span class=\"wpcf7-list-item-label\">Derecho corporativo<\/span><\/label><\/span><span class=\"wpcf7-list-item\"><label><input type=\"checkbox\" name=\"specialties[]\" value=\"Derecho de transporte\" \/><span class=\"wpcf7-list-item-label\">Derecho de transporte<\/span><\/label><\/span><span class=\"wpcf7-list-item\"><label><input type=\"checkbox\" name=\"specialties[]\" value=\"Derecho econ\u00f3mico\" \/><span class=\"wpcf7-list-item-label\">Derecho econ\u00f3mico<\/span><\/label><\/span><span class=\"wpcf7-list-item\"><label><input type=\"checkbox\" name=\"specialties[]\" value=\"Derecho fiscal\" \/><span class=\"wpcf7-list-item-label\">Derecho fiscal<\/span><\/label><\/span><span class=\"wpcf7-list-item\"><label><input type=\"checkbox\" name=\"specialties[]\" value=\"Derecho inmobiliario\" \/><span class=\"wpcf7-list-item-label\">Derecho inmobiliario<\/span><\/label><\/span><span class=\"wpcf7-list-item\"><label><input type=\"checkbox\" name=\"specialties[]\" value=\"Derecho internacional\" \/><span class=\"wpcf7-list-item-label\">Derecho internacional<\/span><\/label><\/span><span class=\"wpcf7-list-item\"><label><input type=\"checkbox\" name=\"specialties[]\" value=\"Derecho digital\" \/><span class=\"wpcf7-list-item-label\">Derecho digital<\/span><\/label><\/span><span class=\"wpcf7-list-item\"><label><input type=\"checkbox\" name=\"specialties[]\" value=\"Derecho penal\" \/><span class=\"wpcf7-list-item-label\">Derecho penal<\/span><\/label><\/span><span class=\"wpcf7-list-item\"><label><input type=\"checkbox\" name=\"specialties[]\" value=\"Derecho p\u00fablico\" \/><span class=\"wpcf7-list-item-label\">Derecho p\u00fablico<\/span><\/label><\/span><span class=\"wpcf7-list-item\"><label><input type=\"checkbox\" name=\"specialties[]\" value=\"Derecho rural\" \/><span class=\"wpcf7-list-item-label\">Derecho rural<\/span><\/label><\/span><span class=\"wpcf7-list-item\"><label><input type=\"checkbox\" name=\"specialties[]\" value=\"Derecho social\" \/><span class=\"wpcf7-list-item-label\">Derecho social<\/span><\/label><\/span><span class=\"wpcf7-list-item last\"><label><input type=\"checkbox\" name=\"specialties[]\" value=\"Relaciones internacionales\" \/><span class=\"wpcf7-list-item-label\">Relaciones internacionales<\/span><\/label><\/span><\/span><\/span>\n\t\t<\/p>\n\t<\/div>\n\t<div class=\"is-layout-flow wp-block-column\">\n\t\t<p><strong>LIST OF LANGUAGES<\/strong><br \/>\n<span class=\"wpcf7-form-control-wrap\" data-name=\"languages\"><span class=\"wpcf7-form-control wpcf7-checkbox\"><span class=\"wpcf7-list-item first\"><label><input type=\"checkbox\" name=\"languages[]\" value=\"Allemand\" \/><span class=\"wpcf7-list-item-label\">Allemand<\/span><\/label><\/span><span class=\"wpcf7-list-item\"><label><input type=\"checkbox\" name=\"languages[]\" value=\"Anglais\" \/><span class=\"wpcf7-list-item-label\">Anglais<\/span><\/label><\/span><span class=\"wpcf7-list-item\"><label><input type=\"checkbox\" name=\"languages[]\" value=\"Franc\u00e9s\" \/><span class=\"wpcf7-list-item-label\">Franc\u00e9s<\/span><\/label><\/span><span class=\"wpcf7-list-item\"><label><input type=\"checkbox\" name=\"languages[]\" value=\"\u00c1rabe\" \/><span class=\"wpcf7-list-item-label\">\u00c1rabe<\/span><\/label><\/span><span class=\"wpcf7-list-item\"><label><input type=\"checkbox\" name=\"languages[]\" value=\"Espagnol\" \/><span class=\"wpcf7-list-item-label\">Espagnol<\/span><\/label><\/span><span class=\"wpcf7-list-item\"><label><input type=\"checkbox\" name=\"languages[]\" value=\"Italien\" \/><span class=\"wpcf7-list-item-label\">Italien<\/span><\/label><\/span><span class=\"wpcf7-list-item last\"><label><input type=\"checkbox\" name=\"languages[]\" value=\"Portugais\" \/><span class=\"wpcf7-list-item-label\">Portugais<\/span><\/label><\/span><\/span><\/span>\n\t\t<\/p>\n\t\t<div class=\"is-layout-flow wp-block-column\">\n\t\t\t<p><strong>Fonctions<\/strong><br \/>\n<span class=\"wpcf7-form-control-wrap\" data-name=\"functions\"><span class=\"wpcf7-form-control wpcf7-checkbox\"><span class=\"wpcf7-list-item first\"><label><input type=\"checkbox\" name=\"functions[]\" value=\"Abogado\" \/><span class=\"wpcf7-list-item-label\">Abogado<\/span><\/label><\/span><span class=\"wpcf7-list-item\"><label><input type=\"checkbox\" name=\"functions[]\" value=\"Experto\" \/><span class=\"wpcf7-list-item-label\">Experto<\/span><\/label><\/span><span class=\"wpcf7-list-item\"><label><input type=\"checkbox\" name=\"functions[]\" value=\"Abogado de empresa\" \/><span class=\"wpcf7-list-item-label\">Abogado de empresa<\/span><\/label><\/span><span class=\"wpcf7-list-item\"><label><input type=\"checkbox\" name=\"functions[]\" value=\"Magistrado\" \/><span class=\"wpcf7-list-item-label\">Magistrado<\/span><\/label><\/span><span class=\"wpcf7-list-item last\"><label><input type=\"checkbox\" name=\"functions[]\" value=\"Profesor\" \/><span class=\"wpcf7-list-item-label\">Profesor<\/span><\/label><\/span><\/span><\/span>\n\t\t\t<\/p>\n\t\t<\/div>\n\t<\/div>\n<\/div>\n<div class=\"is-layout-flex wp-container-3 wp-block-columns \">\n\t<div class=\"is-layout-flow wp-block-column\">\n\t\t<p><label><br \/>\n<span class=\"wpcf7-form-control-wrap\" data-name=\"moreInformations\"><textarea cols=\"40\" rows=\"10\" maxlength=\"2000\" class=\"wpcf7-form-control wpcf7-textarea\" aria-invalid=\"false\" placeholder=\"M\u00e1s informaci\u00f3n\" name=\"moreInformations\"><\/textarea><\/span> <\/label><br \/>\n<label><br \/>\nAdjunte un CV a su solicitud de adhesi\u00f3n<br \/>\n<span class=\"wpcf7-form-control-wrap\" data-name=\"cv\"><input size=\"40\" class=\"wpcf7-form-control wpcf7-file\" accept=\"audio\/*,video\/*,image\/*\" aria-invalid=\"false\" type=\"file\" name=\"cv\" \/><\/span><\/label><br \/>\n<label><br \/>\n<span class=\"wpcf7-form-control-wrap\" data-name=\"linkedin\"><input size=\"40\" maxlength=\"400\" class=\"wpcf7-form-control wpcf7-url wpcf7-text wpcf7-validates-as-url\" aria-invalid=\"false\" placeholder=\"LinkedIn\" value=\"\" type=\"url\" name=\"linkedin\" \/><\/span><\/label><br \/>\n<span id=\"afa\" class=\"wpcf7-form-control-wrap afa-wrap\" style=\"display:none !important; visibility:hidden !important;\"><label for=\"afa\" class=\"hp-message\">Veuillez laisser ce champ vide.<\/label><input id=\"afa\"  class=\"wpcf7-form-control wpcf7-text afa\" type=\"text\" name=\"afa\" value=\"\" size=\"40\" tabindex=\"-1\" autocomplete=\"new-password\" \/><\/span>\n\t\t<\/p>\n\t\t<p>Conforme a la ley n\u00b0 78 - 17 del 6 de enero 1978 relativa a la inform\u00e1tica, los ficheros y libertades, las personas que cuyos datos hayan sido registrados disponen de derecho de acceso, modificaci\u00f3n, rectificaci\u00f3n y de oposici\u00f3n por motivos leg\u00edtimos con relaci\u00f3n a los datos que les conciernen. Ofrecemos la posibilidad de ejercer dichos derechos contact\u00e1ndonos en la direcci\u00f3n indicada m\u00e1s abajo o atrav\u00e9s de correo electr\u00f3nico en la direcci\u00f3n contact@afa-arbitrage.com\n\t\t<\/p>\n\t\t<p><input class=\"wpcf7-form-control wpcf7-submit has-spinner\" type=\"submit\" value=\"Send\" \/>\n\t\t<\/p>\n\t<\/div>\n<\/div>\n<p><input type=\"hidden\" name=\"form_lang\" value=\"es\" \/>\n<\/p><div class=\"wpcf7-response-output\" aria-hidden=\"true\"><\/div>\n<\/form>\n<\/div>\n<\/div>\n","protected":false},"excerpt":{"rendered":"<p>Para afiliarse a la AFA, rellene el siguiente formulario.Se requiere una cuota de ingreso de 150 euros.La cuota anual es de 130 \u20ac. AFILIARSE<\/p>\n","protected":false},"author":2,"featured_media":19066,"parent":0,"menu_order":0,"comment_status":"closed","ping_status":"closed","template":"","meta":{"_cbd_carousel_blocks":"[]","footnotes":""},"class_list":["post-1141","page","type-page","status-publish","has-post-thumbnail","hentry","entry"],"yoast_head":"<!-- This site is optimized with the Yoast SEO plugin v27.3 - https:\/\/yoast.com\/product\/yoast-seo-wordpress\/ -->\n<title>Afiliarse a la AFA - Association Fran\u00e7aise d&#039;Arbitrage<\/title>\n<meta name=\"robots\" content=\"index, follow, max-snippet:-1, max-image-preview:large, max-video-preview:-1\" \/>\n<link rel=\"canonical\" href=\"https:\/\/www.afa-arbitrage.com\/es\/afiliarse-a-la-afa\/\" \/>\n<meta property=\"og:locale\" content=\"es_ES\" \/>\n<meta property=\"og:type\" content=\"article\" \/>\n<meta property=\"og:title\" content=\"Afiliarse a la AFA - Association Fran\u00e7aise d&#039;Arbitrage\" \/>\n<meta property=\"og:description\" content=\"Para afiliarse a la AFA, rellene el siguiente formulario.Se requiere una cuota de ingreso de 150 euros.La cuota anual es de 130 \u20ac. AFILIARSE\" \/>\n<meta property=\"og:url\" content=\"https:\/\/www.afa-arbitrage.com\/es\/afiliarse-a-la-afa\/\" \/>\n<meta property=\"og:site_name\" content=\"Association Fran\u00e7aise d&#039;Arbitrage\" \/>\n<meta property=\"article:modified_time\" content=\"2025-02-20T16:06:03+00:00\" \/>\n<meta property=\"og:image\" content=\"https:\/\/www.afa-arbitrage.com\/wp-content\/uploads\/2023\/04\/contact-afa.jpg\" \/>\n\t<meta property=\"og:image:width\" content=\"1920\" \/>\n\t<meta property=\"og:image:height\" content=\"420\" \/>\n\t<meta property=\"og:image:type\" content=\"image\/jpeg\" \/>\n<meta name=\"twitter:card\" content=\"summary_large_image\" \/>\n<meta name=\"twitter:label1\" content=\"Tiempo de lectura\" \/>\n\t<meta name=\"twitter:data1\" content=\"1 minuto\" \/>\n<script type=\"application\/ld+json\" class=\"yoast-schema-graph\">{\"@context\":\"https:\\\/\\\/schema.org\",\"@graph\":[{\"@type\":\"WebPage\",\"@id\":\"https:\\\/\\\/www.afa-arbitrage.com\\\/es\\\/afiliarse-a-la-afa\\\/\",\"url\":\"https:\\\/\\\/www.afa-arbitrage.com\\\/es\\\/afiliarse-a-la-afa\\\/\",\"name\":\"Afiliarse a la AFA - Association Fran\u00e7aise d&#039;Arbitrage\",\"isPartOf\":{\"@id\":\"https:\\\/\\\/www.afa-arbitrage.com\\\/#website\"},\"primaryImageOfPage\":{\"@id\":\"https:\\\/\\\/www.afa-arbitrage.com\\\/es\\\/afiliarse-a-la-afa\\\/#primaryimage\"},\"image\":{\"@id\":\"https:\\\/\\\/www.afa-arbitrage.com\\\/es\\\/afiliarse-a-la-afa\\\/#primaryimage\"},\"thumbnailUrl\":\"https:\\\/\\\/www.afa-arbitrage.com\\\/wp-content\\\/uploads\\\/2023\\\/04\\\/contact-afa.jpg\",\"datePublished\":\"2013-09-27T17:02:27+00:00\",\"dateModified\":\"2025-02-20T16:06:03+00:00\",\"breadcrumb\":{\"@id\":\"https:\\\/\\\/www.afa-arbitrage.com\\\/es\\\/afiliarse-a-la-afa\\\/#breadcrumb\"},\"inLanguage\":\"es\",\"potentialAction\":[{\"@type\":\"ReadAction\",\"target\":[\"https:\\\/\\\/www.afa-arbitrage.com\\\/es\\\/afiliarse-a-la-afa\\\/\"]}]},{\"@type\":\"ImageObject\",\"inLanguage\":\"es\",\"@id\":\"https:\\\/\\\/www.afa-arbitrage.com\\\/es\\\/afiliarse-a-la-afa\\\/#primaryimage\",\"url\":\"https:\\\/\\\/www.afa-arbitrage.com\\\/wp-content\\\/uploads\\\/2023\\\/04\\\/contact-afa.jpg\",\"contentUrl\":\"https:\\\/\\\/www.afa-arbitrage.com\\\/wp-content\\\/uploads\\\/2023\\\/04\\\/contact-afa.jpg\",\"width\":1920,\"height\":420,\"caption\":\"contact-afa\"},{\"@type\":\"BreadcrumbList\",\"@id\":\"https:\\\/\\\/www.afa-arbitrage.com\\\/es\\\/afiliarse-a-la-afa\\\/#breadcrumb\",\"itemListElement\":[{\"@type\":\"ListItem\",\"position\":1,\"name\":\"Bienvenida\",\"item\":\"\\\/es\"},{\"@type\":\"ListItem\",\"position\":2,\"name\":\"Afiliarse a la AFA\"}]},{\"@type\":\"WebSite\",\"@id\":\"https:\\\/\\\/www.afa-arbitrage.com\\\/#website\",\"url\":\"https:\\\/\\\/www.afa-arbitrage.com\\\/\",\"name\":\"Association Fran\u00e7aise d'Arbitrage\",\"description\":\"Arbitrage interne et international\",\"publisher\":{\"@id\":\"https:\\\/\\\/www.afa-arbitrage.com\\\/#organization\"},\"potentialAction\":[{\"@type\":\"SearchAction\",\"target\":{\"@type\":\"EntryPoint\",\"urlTemplate\":\"https:\\\/\\\/www.afa-arbitrage.com\\\/?s={search_term_string}\"},\"query-input\":{\"@type\":\"PropertyValueSpecification\",\"valueRequired\":true,\"valueName\":\"search_term_string\"}}],\"inLanguage\":\"es\"},{\"@type\":\"Organization\",\"@id\":\"https:\\\/\\\/www.afa-arbitrage.com\\\/#organization\",\"name\":\"Association Fran\u00e7aise d'Arbitrage\",\"url\":\"https:\\\/\\\/www.afa-arbitrage.com\\\/\",\"logo\":{\"@type\":\"ImageObject\",\"inLanguage\":\"es\",\"@id\":\"https:\\\/\\\/www.afa-arbitrage.com\\\/#\\\/schema\\\/logo\\\/image\\\/\",\"url\":\"https:\\\/\\\/www.afa-arbitrage.com\\\/wp-content\\\/uploads\\\/2023\\\/02\\\/AFA_logo_header_clear_long.png\",\"contentUrl\":\"https:\\\/\\\/www.afa-arbitrage.com\\\/wp-content\\\/uploads\\\/2023\\\/02\\\/AFA_logo_header_clear_long.png\",\"width\":500,\"height\":60,\"caption\":\"Association Fran\u00e7aise d'Arbitrage\"},\"image\":{\"@id\":\"https:\\\/\\\/www.afa-arbitrage.com\\\/#\\\/schema\\\/logo\\\/image\\\/\"}}]}<\/script>\n<!-- \/ Yoast SEO plugin. -->","yoast_head_json":{"title":"Afiliarse a la AFA - Association Fran\u00e7aise d&#039;Arbitrage","robots":{"index":"index","follow":"follow","max-snippet":"max-snippet:-1","max-image-preview":"max-image-preview:large","max-video-preview":"max-video-preview:-1"},"canonical":"https:\/\/www.afa-arbitrage.com\/es\/afiliarse-a-la-afa\/","og_locale":"es_ES","og_type":"article","og_title":"Afiliarse a la AFA - Association Fran\u00e7aise d&#039;Arbitrage","og_description":"Para afiliarse a la AFA, rellene el siguiente formulario.Se requiere una cuota de ingreso de 150 euros.La cuota anual es de 130 \u20ac. AFILIARSE","og_url":"https:\/\/www.afa-arbitrage.com\/es\/afiliarse-a-la-afa\/","og_site_name":"Association Fran\u00e7aise d&#039;Arbitrage","article_modified_time":"2025-02-20T16:06:03+00:00","og_image":[{"width":1920,"height":420,"url":"https:\/\/www.afa-arbitrage.com\/wp-content\/uploads\/2023\/04\/contact-afa.jpg","type":"image\/jpeg"}],"twitter_card":"summary_large_image","twitter_misc":{"Tiempo de lectura":"1 minuto"},"schema":{"@context":"https:\/\/schema.org","@graph":[{"@type":"WebPage","@id":"https:\/\/www.afa-arbitrage.com\/es\/afiliarse-a-la-afa\/","url":"https:\/\/www.afa-arbitrage.com\/es\/afiliarse-a-la-afa\/","name":"Afiliarse a la AFA - Association Fran\u00e7aise d&#039;Arbitrage","isPartOf":{"@id":"https:\/\/www.afa-arbitrage.com\/#website"},"primaryImageOfPage":{"@id":"https:\/\/www.afa-arbitrage.com\/es\/afiliarse-a-la-afa\/#primaryimage"},"image":{"@id":"https:\/\/www.afa-arbitrage.com\/es\/afiliarse-a-la-afa\/#primaryimage"},"thumbnailUrl":"https:\/\/www.afa-arbitrage.com\/wp-content\/uploads\/2023\/04\/contact-afa.jpg","datePublished":"2013-09-27T17:02:27+00:00","dateModified":"2025-02-20T16:06:03+00:00","breadcrumb":{"@id":"https:\/\/www.afa-arbitrage.com\/es\/afiliarse-a-la-afa\/#breadcrumb"},"inLanguage":"es","potentialAction":[{"@type":"ReadAction","target":["https:\/\/www.afa-arbitrage.com\/es\/afiliarse-a-la-afa\/"]}]},{"@type":"ImageObject","inLanguage":"es","@id":"https:\/\/www.afa-arbitrage.com\/es\/afiliarse-a-la-afa\/#primaryimage","url":"https:\/\/www.afa-arbitrage.com\/wp-content\/uploads\/2023\/04\/contact-afa.jpg","contentUrl":"https:\/\/www.afa-arbitrage.com\/wp-content\/uploads\/2023\/04\/contact-afa.jpg","width":1920,"height":420,"caption":"contact-afa"},{"@type":"BreadcrumbList","@id":"https:\/\/www.afa-arbitrage.com\/es\/afiliarse-a-la-afa\/#breadcrumb","itemListElement":[{"@type":"ListItem","position":1,"name":"Bienvenida","item":"\/es"},{"@type":"ListItem","position":2,"name":"Afiliarse a la AFA"}]},{"@type":"WebSite","@id":"https:\/\/www.afa-arbitrage.com\/#website","url":"https:\/\/www.afa-arbitrage.com\/","name":"Association Fran\u00e7aise d'Arbitrage","description":"Arbitrage interne et international","publisher":{"@id":"https:\/\/www.afa-arbitrage.com\/#organization"},"potentialAction":[{"@type":"SearchAction","target":{"@type":"EntryPoint","urlTemplate":"https:\/\/www.afa-arbitrage.com\/?s={search_term_string}"},"query-input":{"@type":"PropertyValueSpecification","valueRequired":true,"valueName":"search_term_string"}}],"inLanguage":"es"},{"@type":"Organization","@id":"https:\/\/www.afa-arbitrage.com\/#organization","name":"Association Fran\u00e7aise d'Arbitrage","url":"https:\/\/www.afa-arbitrage.com\/","logo":{"@type":"ImageObject","inLanguage":"es","@id":"https:\/\/www.afa-arbitrage.com\/#\/schema\/logo\/image\/","url":"https:\/\/www.afa-arbitrage.com\/wp-content\/uploads\/2023\/02\/AFA_logo_header_clear_long.png","contentUrl":"https:\/\/www.afa-arbitrage.com\/wp-content\/uploads\/2023\/02\/AFA_logo_header_clear_long.png","width":500,"height":60,"caption":"Association Fran\u00e7aise d'Arbitrage"},"image":{"@id":"https:\/\/www.afa-arbitrage.com\/#\/schema\/logo\/image\/"}}]}},"_links":{"self":[{"href":"https:\/\/www.afa-arbitrage.com\/es\/wp-json\/wp\/v2\/pages\/1141\/"}],"collection":[{"href":"https:\/\/www.afa-arbitrage.com\/es\/wp-json\/wp\/v2\/pages\/"}],"about":[{"href":"https:\/\/www.afa-arbitrage.com\/es\/wp-json\/wp\/v2\/types\/page\/"}],"author":[{"embeddable":true,"href":"https:\/\/www.afa-arbitrage.com\/es\/wp-json\/wp\/v2\/users\/2\/"}],"replies":[{"embeddable":true,"href":"https:\/\/www.afa-arbitrage.com\/es\/wp-json\/wp\/v2\/comments\/?post=1141"}],"version-history":[{"count":15,"href":"https:\/\/www.afa-arbitrage.com\/es\/wp-json\/wp\/v2\/pages\/1141\/revisions\/"}],"predecessor-version":[{"id":19784,"href":"https:\/\/www.afa-arbitrage.com\/es\/wp-json\/wp\/v2\/pages\/1141\/revisions\/19784\/"}],"wp:featuredmedia":[{"embeddable":true,"href":"https:\/\/www.afa-arbitrage.com\/es\/wp-json\/wp\/v2\/media\/19066\/"}],"wp:attachment":[{"href":"https:\/\/www.afa-arbitrage.com\/es\/wp-json\/wp\/v2\/media\/?parent=1141"}],"curies":[{"name":"wp","href":"https:\/\/api.w.org\/{rel}","templated":true}]}}