{"id":104,"date":"2013-06-05T02:20:44","date_gmt":"2013-06-05T01:20:44","guid":{"rendered":"http:\/\/afa2.deheyn.com\/accueil-2\/"},"modified":"2023-03-30T07:26:02","modified_gmt":"2023-03-30T06:26:02","slug":"accueil","status":"publish","type":"page","link":"https:\/\/www.afa-arbitrage.com\/es\/","title":{"rendered":"Inicio"},"content":{"rendered":"\n<h2 class=\"wp-block-heading has-text-align-center title-bar color-green\">La AFA es un centro de arbitraje y mediaci\u00f3n<\/h2>\n\n\n\n<p class=\"has-text-align-center\"><strong>La AFA es un centro de arbitraje y mediaci\u00f3n independiente que ofrece la posibilidad de resolver, con toda seguridad y neutralidad, desavenencias comerciales, profesionales, internas o internacionales.<\/strong><\/p>\n\n\n\n<div class=\"wp-block-columns alignwide p-50 is-layout-flex wp-container-core-columns-is-layout-9d6595d7 wp-block-columns-is-layout-flex\">\n<div class=\"wp-block-column flipbox is-layout-flow wp-block-column-is-layout-flow\">\n<div class=\"wp-block-group face1\"><div class=\"wp-block-group__inner-container is-layout-constrained wp-block-group-is-layout-constrained\">\n<figure class=\"wp-block-image size-large\"><img loading=\"lazy\" decoding=\"async\" width=\"350\" height=\"400\" src=\"https:\/\/www.afa-arbitrage.com\/wp-content\/uploads\/2023\/03\/qui-sommes-nous-350x400.jpg\" alt=\"\" class=\"wp-image-18741\" srcset=\"https:\/\/www.afa-arbitrage.com\/wp-content\/uploads\/2023\/03\/qui-sommes-nous-350x400.jpg 350w, https:\/\/www.afa-arbitrage.com\/wp-content\/uploads\/2023\/03\/qui-sommes-nous-263x300.jpg 263w, https:\/\/www.afa-arbitrage.com\/wp-content\/uploads\/2023\/03\/qui-sommes-nous.jpg 420w\" sizes=\"auto, (max-width: 350px) 100vw, 350px\" \/><figcaption class=\"wp-element-caption\"><strong>\u00bfQui\u00e9nes somos?<\/strong><\/figcaption><\/figure>\n<\/div><\/div>\n\n\n\n<div class=\"wp-block-group face2\"><div class=\"wp-block-group__inner-container is-layout-constrained wp-block-group-is-layout-constrained\">\n<p>La AFA : Patrocinador de su arbitraje<\/p>\n\n\n\n<p>La AFA, creada en 1957 bajo la iniciativa de los medios econ\u00f3micos, judiciales y jur\u00eddicos tiene como vocaci\u00f3n la promoci\u00f3n tan en francia como fuera. del arbitraje como modo de resoluci\u00f3n de los conflictos y de concurrir al buen desarrollo de los procedimientos sometidos a su reglamen-to de arbitraje.<\/p>\n\n\n\n<div class=\"wp-block-buttons suite is-layout-flex wp-block-buttons-is-layout-flex\">\n<div class=\"wp-block-button\"><a class=\"wp-block-button__link wp-element-button\" href=\"https:\/\/www.afa-arbitrage.com\/es\/presentacion\/quienes-somos\/\" target=\"_blank\" rel=\"noreferrer noopener\">Continuaci\u00f3n<\/a><\/div>\n<\/div>\n<\/div><\/div>\n<\/div>\n\n\n\n<div class=\"wp-block-column flipbox is-layout-flow wp-block-column-is-layout-flow\">\n<div class=\"wp-block-group face1\"><div class=\"wp-block-group__inner-container is-layout-constrained wp-block-group-is-layout-constrained\">\n<figure class=\"wp-block-image size-large\"><img loading=\"lazy\" decoding=\"async\" width=\"350\" height=\"400\" src=\"https:\/\/www.afa-arbitrage.com\/wp-content\/uploads\/2023\/03\/mediation-350x400.jpg\" alt=\"\" class=\"wp-image-18737\" srcset=\"https:\/\/www.afa-arbitrage.com\/wp-content\/uploads\/2023\/03\/mediation-350x400.jpg 350w, https:\/\/www.afa-arbitrage.com\/wp-content\/uploads\/2023\/03\/mediation-263x300.jpg 263w, https:\/\/www.afa-arbitrage.com\/wp-content\/uploads\/2023\/03\/mediation.jpg 420w\" sizes=\"auto, (max-width: 350px) 100vw, 350px\" \/><figcaption class=\"wp-element-caption\"><strong>mediacion<\/strong><\/figcaption><\/figure>\n<\/div><\/div>\n\n\n\n<div class=\"wp-block-group face2\"><div class=\"wp-block-group__inner-container is-layout-constrained wp-block-group-is-layout-constrained\">\n<p>Una visi\u00f3n moderna de justicia<\/p>\n\n\n\n<p>La mediaci\u00f3n se define como un proceso estructurado en el cual las partes en un litigio intentan resolverlo por s\u00ed mismas con la ayuda de un mediador. la flexibilidad y la confidencialidad son dos de sus principales ventajas.<\/p>\n\n\n\n<div class=\"wp-block-buttons suite is-layout-flex wp-block-buttons-is-layout-flex\">\n<div class=\"wp-block-button\"><a class=\"wp-block-button__link wp-element-button\" href=\"https:\/\/www.afa-arbitrage.com\/es\/mediacion\/que-es-una-mediacion\/\" target=\"_blank\" rel=\"noreferrer noopener\">Continuaci\u00f3n<\/a><\/div>\n<\/div>\n<\/div><\/div>\n<\/div>\n\n\n\n<div class=\"wp-block-column flipbox is-layout-flow wp-block-column-is-layout-flow\">\n<div class=\"wp-block-group face1\"><div class=\"wp-block-group__inner-container is-layout-constrained wp-block-group-is-layout-constrained\">\n<figure class=\"wp-block-image size-large\"><img loading=\"lazy\" decoding=\"async\" width=\"350\" height=\"400\" src=\"https:\/\/www.afa-arbitrage.com\/wp-content\/uploads\/2023\/03\/arbitrage-350x400.jpg\" alt=\"L'arbitrage\" class=\"wp-image-18733\" srcset=\"https:\/\/www.afa-arbitrage.com\/wp-content\/uploads\/2023\/03\/arbitrage-350x400.jpg 350w, https:\/\/www.afa-arbitrage.com\/wp-content\/uploads\/2023\/03\/arbitrage-263x300.jpg 263w, https:\/\/www.afa-arbitrage.com\/wp-content\/uploads\/2023\/03\/arbitrage.jpg 420w\" sizes=\"auto, (max-width: 350px) 100vw, 350px\" \/><figcaption class=\"wp-element-caption\"><strong>El arbitraje<\/strong><\/figcaption><\/figure>\n<\/div><\/div>\n\n\n\n<div class=\"wp-block-group face2\"><div class=\"wp-block-group__inner-container is-layout-constrained wp-block-group-is-layout-constrained\">\n<p>El arbitraje : un modo de resoluci\u00f3n de conflictos del tr\u00e1fico econ\u00f3mico<\/p>\n\n\n\n<p>El arbitraje es una justicia privada, establecida por la voluntad de las partes y reconocida por los Estados e instituciones internacionales, que responde a la necesidad de ser juzgado fuera de los tribunales debido por parte a la confidencialidad y de la adaptaci\u00f3n del procedimiento al litigio.<\/p>\n\n\n\n<div class=\"wp-block-buttons suite is-layout-flex wp-block-buttons-is-layout-flex\">\n<div class=\"wp-block-button\"><a class=\"wp-block-button__link wp-element-button\" href=\"https:\/\/www.afa-arbitrage.com\/es\/el-arbitrage\/enque-consiste-un-arvitraje\/\" target=\"_blank\" rel=\"noreferrer noopener\">Continuaci\u00f3n<\/a><\/div>\n<\/div>\n<\/div><\/div>\n<\/div>\n\n\n\n<div class=\"wp-block-column flipbox is-layout-flow wp-block-column-is-layout-flow\">\n<div class=\"wp-block-group face1\"><div class=\"wp-block-group__inner-container is-layout-constrained wp-block-group-is-layout-constrained\">\n<figure class=\"wp-block-image size-large\"><img loading=\"lazy\" decoding=\"async\" width=\"350\" height=\"400\" src=\"https:\/\/www.afa-arbitrage.com\/wp-content\/uploads\/2023\/03\/procedure-350x400.jpg\" alt=\"proc\u00e9dures d'urgence\" class=\"wp-image-18729\" srcset=\"https:\/\/www.afa-arbitrage.com\/wp-content\/uploads\/2023\/03\/procedure-350x400.jpg 350w, https:\/\/www.afa-arbitrage.com\/wp-content\/uploads\/2023\/03\/procedure-263x300.jpg 263w, https:\/\/www.afa-arbitrage.com\/wp-content\/uploads\/2023\/03\/procedure.jpg 420w\" sizes=\"auto, (max-width: 350px) 100vw, 350px\" \/><figcaption class=\"wp-element-caption\"><strong>Procedimientos de emergencia<\/strong><\/figcaption><\/figure>\n<\/div><\/div>\n\n\n\n<div class=\"wp-block-group face2\"><div class=\"wp-block-group__inner-container is-layout-constrained wp-block-group-is-layout-constrained\">\n<p><strong>Los procedimientos de emergencia de la A.F.A<\/strong><\/p>\n\n\n\n<p>El art\u00edculo 13 del Reglamento de la A.F.A. permite a todas las partes de acudir a medidas de emergencia antes como despu\u00e9s de la constituci\u00f3n del tribunal arbitral.<\/p>\n\n\n\n<div class=\"wp-block-buttons suite is-layout-flex wp-block-buttons-is-layout-flex\">\n<div class=\"wp-block-button\"><a class=\"wp-block-button__link wp-element-button\" href=\"https:\/\/www.afa-arbitrage.com\/es\/el-arbitrage\/procedimientos-emergencia\/\" target=\"_blank\" rel=\"noreferrer noopener\">Continuaci\u00f3n<\/a><\/div>\n<\/div>\n<\/div><\/div>\n<\/div>\n<\/div>\n\n\n\n<div class=\"wp-block-group alignfull gris-img-bg p-50 bg-news m-0\"><div class=\"wp-block-group__inner-container is-layout-constrained wp-block-group-is-layout-constrained\">\n<h2 class=\"wp-block-heading has-text-align-center title-bar color-green\">Pr\u00f3ximos eventos<\/h2>\n\n\n\n\n\n\n<div class=\"wp-block-buttons is-content-justification-center is-layout-flex wp-container-core-buttons-is-layout-16018d1d wp-block-buttons-is-layout-flex\">\n<div class=\"wp-block-button\"><a class=\"wp-block-button__link wp-element-button\" href=\"\/es\/evenements\/\">Ver todos los eventos \u2192<\/a><\/div>\n<\/div>\n<\/div><\/div>\n\n\n\n<div class=\"wp-block-group alignfull bg-gris bg-events p-50 m-0\"><div class=\"wp-block-group__inner-container is-layout-constrained wp-block-group-is-layout-constrained\">\n<h2 class=\"wp-block-heading has-text-align-center title-bar color-green\">Noticias<\/h2>\n\n\n<ul class=\"wp-block-latest-posts__list has-dates is-style-default post-grid has-text-align-center  wp-block-latest-posts has-large-font-size\"><li><a class=\"wp-block-latest-posts__post-title\" href=\"https:\/\/www.afa-arbitrage.com\/es\/paris-arbitration-week\/\">Paris Arbitration Week<\/a><time datetime=\"2025-01-14T06:55:04+01:00\" class=\"wp-block-latest-posts__post-date\">14 enero 2025<\/time><div class=\"wp-block-latest-posts__post-excerpt\">L\u2019AFA recommande cette conf\u00e9rence qui se tiendra du 7 au 11 avril 2025<\/div><\/li>\n<li><a class=\"wp-block-latest-posts__post-title\" href=\"https:\/\/www.afa-arbitrage.com\/es\/actualites-cas-pratique-afa-nov-2019\/\">Cas pratique AFA | Novembre 2019<\/a><time datetime=\"2019-07-05T01:13:35+01:00\" class=\"wp-block-latest-posts__post-date\">5 julio 2019<\/time><div class=\"wp-block-latest-posts__post-excerpt\">Le prochain Cas pratique de l&#8217; AFA, aura lieu les lundi 18 et mardi 19 novembre 2019 \u00e0 Paris. Sur ces deux journ\u00e9es, la proc\u00e9dure sera d\u00e9roul\u00e9e afin d&#8217;en suivre toutes les phases, de la notification de la demande \u00e0 l&#8217;ex\u00e9cution de la sentence, et d\u00e9couvrir tous les outils pour la mener \u00e0 bien. Plus&hellip; <a class=\"more-link\" href=\"https:\/\/www.afa-arbitrage.com\/es\/actualites-cas-pratique-afa-nov-2019\/\">Continue reading <span class=\"screen-reader-text\">Cas pratique AFA | Novembre 2019<\/span><\/a><\/div><\/li>\n<li><a class=\"wp-block-latest-posts__post-title\" href=\"https:\/\/www.afa-arbitrage.com\/es\/actualites-afterwork-afa-arbitrage-d-urgence-2\/\">After work AFA | 2 octobre 2019<\/a><time datetime=\"2019-07-04T01:04:16+01:00\" class=\"wp-block-latest-posts__post-date\">4 julio 2019<\/time><div class=\"wp-block-latest-posts__post-excerpt\">L\u2019 AFA propose de mettre en pratique l&#8217;article 13 de son R\u00e8glement au cours d&#8217;un After work consacr\u00e9 \u00e0 l&#8217;arbitrage d&#8217;urgence. Rendez-vous le 2 octobre 2019 \u00e0 Paris. Plus d&#8217;information et inscription<\/div><\/li>\n<\/ul>\n\n\n<div class=\"wp-block-buttons btn-suite is-content-justification-center is-layout-flex wp-container-core-buttons-is-layout-16018d1d wp-block-buttons-is-layout-flex\">\n<div class=\"wp-block-button\"><a class=\"wp-block-button__link wp-element-button\" href=\"\/es\/actualites\/\">Leer todas las noticias \u2192<\/a><\/div>\n<\/div>\n<\/div><\/div>\n","protected":false},"excerpt":{"rendered":"<p>La AFA es un centro de arbitraje y mediaci\u00f3n La AFA es un centro de arbitraje y mediaci\u00f3n independiente que ofrece la posibilidad de resolver, con toda seguridad y neutralidad, desavenencias comerciales, profesionales, internas o internacionales. La AFA : Patrocinador de su arbitraje La AFA, creada en 1957 bajo la iniciativa de los medios econ\u00f3micos, judiciales y jur\u00eddicos tiene como vocaci\u00f3n la promoci\u00f3n tan en francia como fuera. del arbitraje como modo de resoluci\u00f3n de los conflictos y de concurrir al buen desarrollo de los procedimientos sometidos a su reglamen-to de arbitraje. Una visi\u00f3n moderna de justicia La mediaci\u00f3n se&hellip; <a class=\"more-link\" href=\"https:\/\/www.afa-arbitrage.com\/es\/\">Continue reading <span class=\"screen-reader-text\">Inicio<\/span><\/a><\/p>\n","protected":false},"author":2,"featured_media":0,"parent":0,"menu_order":1,"comment_status":"closed","ping_status":"closed","template":"","meta":{"_cbd_carousel_blocks":"[]","footnotes":""},"class_list":["post-104","page","type-page","status-publish","hentry","entry"],"yoast_head":"<!-- This site is optimized with the Yoast SEO plugin v27.3 - https:\/\/yoast.com\/product\/yoast-seo-wordpress\/ -->\n<title>Asociaci\u00f3n Francesa de Arbitraje - Association Fran\u00e7aise d&#039;Arbitrage<\/title>\n<meta name=\"description\" content=\"La A.F.A. es un centro de arbitraje encargado de la resoluci\u00f3n de desavenencias comerciales o profesionales, internas o internacionales, mediante arbitraje.\" \/>\n<meta name=\"robots\" content=\"index, follow, max-snippet:-1, max-image-preview:large, max-video-preview:-1\" \/>\n<link rel=\"canonical\" href=\"https:\/\/www.afa-arbitrage.com\/es\/\" \/>\n<meta property=\"og:locale\" content=\"es_ES\" \/>\n<meta property=\"og:type\" content=\"article\" \/>\n<meta property=\"og:title\" content=\"Asociaci\u00f3n Francesa de Arbitraje - Association Fran\u00e7aise d&#039;Arbitrage\" \/>\n<meta property=\"og:description\" content=\"La A.F.A. es un centro de arbitraje encargado de la resoluci\u00f3n de desavenencias comerciales o profesionales, internas o internacionales, mediante arbitraje.\" \/>\n<meta property=\"og:url\" content=\"https:\/\/www.afa-arbitrage.com\/es\/\" \/>\n<meta property=\"og:site_name\" content=\"Association Fran\u00e7aise d&#039;Arbitrage\" \/>\n<meta property=\"article:modified_time\" content=\"2023-03-30T06:26:02+00:00\" \/>\n<meta property=\"og:image\" content=\"https:\/\/www.afa-arbitrage.com\/wp-content\/uploads\/2023\/03\/qui-sommes-nous-350x400.jpg\" \/>\n<meta name=\"twitter:card\" content=\"summary_large_image\" \/>\n<meta name=\"twitter:label1\" content=\"Tiempo de lectura\" \/>\n\t<meta name=\"twitter:data1\" content=\"3 minutos\" \/>\n<script type=\"application\/ld+json\" class=\"yoast-schema-graph\">{\"@context\":\"https:\\\/\\\/schema.org\",\"@graph\":[{\"@type\":\"WebPage\",\"@id\":\"https:\\\/\\\/www.afa-arbitrage.com\\\/es\\\/\",\"url\":\"https:\\\/\\\/www.afa-arbitrage.com\\\/es\\\/\",\"name\":\"Asociaci\u00f3n Francesa de Arbitraje - Association Fran\u00e7aise d'Arbitrage\",\"isPartOf\":{\"@id\":\"https:\\\/\\\/www.afa-arbitrage.com\\\/#website\"},\"primaryImageOfPage\":{\"@id\":\"https:\\\/\\\/www.afa-arbitrage.com\\\/es\\\/#primaryimage\"},\"image\":{\"@id\":\"https:\\\/\\\/www.afa-arbitrage.com\\\/es\\\/#primaryimage\"},\"thumbnailUrl\":\"https:\\\/\\\/www.afa-arbitrage.com\\\/wp-content\\\/uploads\\\/2023\\\/03\\\/qui-sommes-nous-350x400.jpg\",\"datePublished\":\"2013-06-05T01:20:44+00:00\",\"dateModified\":\"2023-03-30T06:26:02+00:00\",\"description\":\"La A.F.A. es un centro de arbitraje encargado de la resoluci\u00f3n de desavenencias comerciales o profesionales, internas o internacionales, mediante arbitraje.\",\"breadcrumb\":{\"@id\":\"https:\\\/\\\/www.afa-arbitrage.com\\\/es\\\/#breadcrumb\"},\"inLanguage\":\"es\",\"potentialAction\":[{\"@type\":\"ReadAction\",\"target\":[\"https:\\\/\\\/www.afa-arbitrage.com\\\/es\\\/\"]}]},{\"@type\":\"ImageObject\",\"inLanguage\":\"es\",\"@id\":\"https:\\\/\\\/www.afa-arbitrage.com\\\/es\\\/#primaryimage\",\"url\":\"https:\\\/\\\/www.afa-arbitrage.com\\\/wp-content\\\/uploads\\\/2023\\\/03\\\/qui-sommes-nous-350x400.jpg\",\"contentUrl\":\"https:\\\/\\\/www.afa-arbitrage.com\\\/wp-content\\\/uploads\\\/2023\\\/03\\\/qui-sommes-nous-350x400.jpg\"},{\"@type\":\"BreadcrumbList\",\"@id\":\"https:\\\/\\\/www.afa-arbitrage.com\\\/es\\\/#breadcrumb\",\"itemListElement\":[{\"@type\":\"ListItem\",\"position\":1,\"name\":\"Bienvenida\",\"item\":\"\\\/es\"},{\"@type\":\"ListItem\",\"position\":2,\"name\":\"Inicio\"}]},{\"@type\":\"WebSite\",\"@id\":\"https:\\\/\\\/www.afa-arbitrage.com\\\/#website\",\"url\":\"https:\\\/\\\/www.afa-arbitrage.com\\\/\",\"name\":\"Association Fran\u00e7aise d'Arbitrage\",\"description\":\"Arbitrage interne et international\",\"publisher\":{\"@id\":\"https:\\\/\\\/www.afa-arbitrage.com\\\/#organization\"},\"potentialAction\":[{\"@type\":\"SearchAction\",\"target\":{\"@type\":\"EntryPoint\",\"urlTemplate\":\"https:\\\/\\\/www.afa-arbitrage.com\\\/?s={search_term_string}\"},\"query-input\":{\"@type\":\"PropertyValueSpecification\",\"valueRequired\":true,\"valueName\":\"search_term_string\"}}],\"inLanguage\":\"es\"},{\"@type\":\"Organization\",\"@id\":\"https:\\\/\\\/www.afa-arbitrage.com\\\/#organization\",\"name\":\"Association Fran\u00e7aise d'Arbitrage\",\"url\":\"https:\\\/\\\/www.afa-arbitrage.com\\\/\",\"logo\":{\"@type\":\"ImageObject\",\"inLanguage\":\"es\",\"@id\":\"https:\\\/\\\/www.afa-arbitrage.com\\\/#\\\/schema\\\/logo\\\/image\\\/\",\"url\":\"https:\\\/\\\/www.afa-arbitrage.com\\\/wp-content\\\/uploads\\\/2023\\\/02\\\/AFA_logo_header_clear_long.png\",\"contentUrl\":\"https:\\\/\\\/www.afa-arbitrage.com\\\/wp-content\\\/uploads\\\/2023\\\/02\\\/AFA_logo_header_clear_long.png\",\"width\":500,\"height\":60,\"caption\":\"Association Fran\u00e7aise d'Arbitrage\"},\"image\":{\"@id\":\"https:\\\/\\\/www.afa-arbitrage.com\\\/#\\\/schema\\\/logo\\\/image\\\/\"}}]}<\/script>\n<!-- \/ Yoast SEO plugin. -->","yoast_head_json":{"title":"Asociaci\u00f3n Francesa de Arbitraje - Association Fran\u00e7aise d'Arbitrage","description":"La A.F.A. es un centro de arbitraje encargado de la resoluci\u00f3n de desavenencias comerciales o profesionales, internas o internacionales, mediante arbitraje.","robots":{"index":"index","follow":"follow","max-snippet":"max-snippet:-1","max-image-preview":"max-image-preview:large","max-video-preview":"max-video-preview:-1"},"canonical":"https:\/\/www.afa-arbitrage.com\/es\/","og_locale":"es_ES","og_type":"article","og_title":"Asociaci\u00f3n Francesa de Arbitraje - Association Fran\u00e7aise d'Arbitrage","og_description":"La A.F.A. es un centro de arbitraje encargado de la resoluci\u00f3n de desavenencias comerciales o profesionales, internas o internacionales, mediante arbitraje.","og_url":"https:\/\/www.afa-arbitrage.com\/es\/","og_site_name":"Association Fran\u00e7aise d&#039;Arbitrage","article_modified_time":"2023-03-30T06:26:02+00:00","og_image":[{"url":"https:\/\/www.afa-arbitrage.com\/wp-content\/uploads\/2023\/03\/qui-sommes-nous-350x400.jpg","type":"","width":"","height":""}],"twitter_card":"summary_large_image","twitter_misc":{"Tiempo de lectura":"3 minutos"},"schema":{"@context":"https:\/\/schema.org","@graph":[{"@type":"WebPage","@id":"https:\/\/www.afa-arbitrage.com\/es\/","url":"https:\/\/www.afa-arbitrage.com\/es\/","name":"Asociaci\u00f3n Francesa de Arbitraje - Association Fran\u00e7aise d'Arbitrage","isPartOf":{"@id":"https:\/\/www.afa-arbitrage.com\/#website"},"primaryImageOfPage":{"@id":"https:\/\/www.afa-arbitrage.com\/es\/#primaryimage"},"image":{"@id":"https:\/\/www.afa-arbitrage.com\/es\/#primaryimage"},"thumbnailUrl":"https:\/\/www.afa-arbitrage.com\/wp-content\/uploads\/2023\/03\/qui-sommes-nous-350x400.jpg","datePublished":"2013-06-05T01:20:44+00:00","dateModified":"2023-03-30T06:26:02+00:00","description":"La A.F.A. es un centro de arbitraje encargado de la resoluci\u00f3n de desavenencias comerciales o profesionales, internas o internacionales, mediante arbitraje.","breadcrumb":{"@id":"https:\/\/www.afa-arbitrage.com\/es\/#breadcrumb"},"inLanguage":"es","potentialAction":[{"@type":"ReadAction","target":["https:\/\/www.afa-arbitrage.com\/es\/"]}]},{"@type":"ImageObject","inLanguage":"es","@id":"https:\/\/www.afa-arbitrage.com\/es\/#primaryimage","url":"https:\/\/www.afa-arbitrage.com\/wp-content\/uploads\/2023\/03\/qui-sommes-nous-350x400.jpg","contentUrl":"https:\/\/www.afa-arbitrage.com\/wp-content\/uploads\/2023\/03\/qui-sommes-nous-350x400.jpg"},{"@type":"BreadcrumbList","@id":"https:\/\/www.afa-arbitrage.com\/es\/#breadcrumb","itemListElement":[{"@type":"ListItem","position":1,"name":"Bienvenida","item":"\/es"},{"@type":"ListItem","position":2,"name":"Inicio"}]},{"@type":"WebSite","@id":"https:\/\/www.afa-arbitrage.com\/#website","url":"https:\/\/www.afa-arbitrage.com\/","name":"Association Fran\u00e7aise d'Arbitrage","description":"Arbitrage interne et international","publisher":{"@id":"https:\/\/www.afa-arbitrage.com\/#organization"},"potentialAction":[{"@type":"SearchAction","target":{"@type":"EntryPoint","urlTemplate":"https:\/\/www.afa-arbitrage.com\/?s={search_term_string}"},"query-input":{"@type":"PropertyValueSpecification","valueRequired":true,"valueName":"search_term_string"}}],"inLanguage":"es"},{"@type":"Organization","@id":"https:\/\/www.afa-arbitrage.com\/#organization","name":"Association Fran\u00e7aise d'Arbitrage","url":"https:\/\/www.afa-arbitrage.com\/","logo":{"@type":"ImageObject","inLanguage":"es","@id":"https:\/\/www.afa-arbitrage.com\/#\/schema\/logo\/image\/","url":"https:\/\/www.afa-arbitrage.com\/wp-content\/uploads\/2023\/02\/AFA_logo_header_clear_long.png","contentUrl":"https:\/\/www.afa-arbitrage.com\/wp-content\/uploads\/2023\/02\/AFA_logo_header_clear_long.png","width":500,"height":60,"caption":"Association Fran\u00e7aise d'Arbitrage"},"image":{"@id":"https:\/\/www.afa-arbitrage.com\/#\/schema\/logo\/image\/"}}]}},"_links":{"self":[{"href":"https:\/\/www.afa-arbitrage.com\/es\/wp-json\/wp\/v2\/pages\/104\/"}],"collection":[{"href":"https:\/\/www.afa-arbitrage.com\/es\/wp-json\/wp\/v2\/pages\/"}],"about":[{"href":"https:\/\/www.afa-arbitrage.com\/es\/wp-json\/wp\/v2\/types\/page\/"}],"author":[{"embeddable":true,"href":"https:\/\/www.afa-arbitrage.com\/es\/wp-json\/wp\/v2\/users\/2\/"}],"replies":[{"embeddable":true,"href":"https:\/\/www.afa-arbitrage.com\/es\/wp-json\/wp\/v2\/comments\/?post=104"}],"version-history":[{"count":26,"href":"https:\/\/www.afa-arbitrage.com\/es\/wp-json\/wp\/v2\/pages\/104\/revisions\/"}],"predecessor-version":[{"id":18887,"href":"https:\/\/www.afa-arbitrage.com\/es\/wp-json\/wp\/v2\/pages\/104\/revisions\/18887\/"}],"wp:attachment":[{"href":"https:\/\/www.afa-arbitrage.com\/es\/wp-json\/wp\/v2\/media\/?parent=104"}],"curies":[{"name":"wp","href":"https:\/\/api.w.org\/{rel}","templated":true}]}}