{"id":832,"date":"2013-09-17T01:30:47","date_gmt":"2013-09-17T00:30:47","guid":{"rendered":"http:\/\/afa2.deheyn.com\/?page_id=832"},"modified":"2023-04-05T12:13:05","modified_gmt":"2023-04-05T11:13:05","slug":"rendez-vous-de-l-afa","status":"publish","type":"page","link":"https:\/\/www.afa-arbitrage.com\/en\/training\/rendez-vous-de-l-afa\/","title":{"rendered":"Rendez-vous de l&#8217; AFA"},"content":{"rendered":"\n<p class=\"has-text-align-center box\"><strong>Relying upon professionals and practioners of arbitration, AFA, whose one of the vocations is the promotion of the arbitration, offers training sessions concerning arbitration using three formulas :<br><a href=\"\/formacion\/cas-pratique-de-l-afa\/?lang=en\">After work de l\u2019 AFA, Cas pratique de l\u2019 AFA and Rendez-vous de l\u2019 AFA<\/a><\/strong><\/p>\n\n\n\n<p><strong><br>With Rendez-vous de l\u2019 AFA<\/strong>, our Association goes on location and answers any questions that companies, associations and counsels may have about arbitration.<\/p>\n\n\n\n<div class=\"wp-block-esab-accordion accordion-3c70dfa7\" data-mode=\"global\"><div class=\"esab__container\" style=\"row-gap:10px;margin:0px 0px 0px 0px\">\n<div class=\"wp-block-esab-accordion-child\" style=\"border:1px solid #E0E0E0\"><div class=\"esab__head esab__head_reverse\" style=\"padding:10px 10px 10px 10px;background-color:transparent\" role=\"button\" aria-expanded=\"false\"><div class=\"esab__heading_txt\"><p class=\"esab__heading_tag\">Master Droit de l&#8217;Entreprise, Droit des Affaires et Fiscalit\u00e9 de Rouen<\/p><\/div><div class=\"esab__icon\"><div class=\"esab__collapse\"><svg version=\"1.2\" viewBox=\"0 0 24 24\" width=\"24\" height=\"24\"><path d=\"m11.3 3.6h1.4q0.2 0 0.2 0.1v16.6q0 0.1-0.2 0.1h-1.4q-0.2 0-0.2-0.2v-16.5q0-0.1 0.2-0.1z\"><\/path><path d=\"m4.1 11.1h15.8q0.2 0 0.2 0.2v1.4q0 0.2-0.2 0.2h-15.8q-0.2 0-0.2-0.2v-1.4q0-0.2 0.2-0.2z\"><\/path><\/svg><\/div><div class=\"esab__expand\"><svg version=\"1.2\" viewBox=\"0 0 24 24\" width=\"24\" height=\"24\"><path d=\"m3.4 11.1h17.2v1.8h-17.2z\"><\/path><\/svg><\/div><\/div><\/div><div class=\"esab__body\" style=\"border-top:1px solid #FFFFFF;padding:10px 10px 10px 10px;background-color:transparent\">\n<p><\/p>\n\n\n\n<p>Le 25 f\u00e9vrier 2016, l\u2019 AFA est intervenue aupr\u00e8s des \u00e9tudiants du&nbsp;<a title=\"Site Facult\u00e9 de Droit, Sciences \u00e9conomiques et Gestion de Rouen\" href=\"http:\/\/droit-eco-gestion.univ-rouen.fr\/master-droit-de-l-entreprise-droit-des-affaires-et-fiscalite-543029.kjsp?RH=1374833262562\" target=\"_blank\" rel=\"noopener\">Master Droit de l\u2019Entreprise, Droit des Affaires et Fiscalit\u00e9 de Rouen<\/a>&nbsp;dirig\u00e9 par Messieurs Jean-Philippe DOM et Jean-Philippe LIEUTIER.<\/p>\n<\/div><\/div>\n\n\n\n<div class=\"wp-block-esab-accordion-child\" style=\"border:1px solid #E0E0E0\"><div class=\"esab__head esab__head_reverse\" style=\"padding:10px 10px 10px 10px;background-color:transparent\" role=\"button\" aria-expanded=\"false\"><div class=\"esab__heading_txt\"><p class=\"esab__heading_tag\">Chambre de Conciliation et d&#8217;Arbitrage de Toulouse Midi-Pyr\u00e9n\u00e9es<\/p><\/div><div class=\"esab__icon\"><div class=\"esab__collapse\"><svg version=\"1.2\" viewBox=\"0 0 24 24\" width=\"24\" height=\"24\"><path d=\"m11.3 3.6h1.4q0.2 0 0.2 0.1v16.6q0 0.1-0.2 0.1h-1.4q-0.2 0-0.2-0.2v-16.5q0-0.1 0.2-0.1z\"><\/path><path d=\"m4.1 11.1h15.8q0.2 0 0.2 0.2v1.4q0 0.2-0.2 0.2h-15.8q-0.2 0-0.2-0.2v-1.4q0-0.2 0.2-0.2z\"><\/path><\/svg><\/div><div class=\"esab__expand\"><svg version=\"1.2\" viewBox=\"0 0 24 24\" width=\"24\" height=\"24\"><path d=\"m3.4 11.1h17.2v1.8h-17.2z\"><\/path><\/svg><\/div><\/div><\/div><div class=\"esab__body\" style=\"border-top:1px solid #FFFFFF;padding:10px 10px 10px 10px;background-color:transparent\">\n<p><\/p>\n\n\n\n<p>L\u2019 AFA en partenariat avec la&nbsp;<a title=\"Site Chambre de Conciliation et d\u2019Arbitrage de Toulouse Midi-Pyr\u00e9n\u00e9es\" href=\"http:\/\/www.arbitragetoulouse.com\/\" target=\"_blank\" rel=\"noopener\">Chambre de Conciliation et d\u2019Arbitrage de Toulouse Midi-Pyr\u00e9n\u00e9es<\/a>&nbsp;organise une formation approfondie intitul\u00e9e : \u00ab&nbsp;Conna\u00eetre, Ma\u00eetriser, Pratiquer l\u2019arbitrage&nbsp;\u00bb \u00e0 Toulouse.<\/p>\n<\/div><\/div>\n\n\n\n<div class=\"wp-block-esab-accordion-child\" style=\"border:1px solid #E0E0E0\"><div class=\"esab__head esab__head_reverse\" style=\"padding:10px 10px 10px 10px;background-color:transparent\" role=\"button\" aria-expanded=\"false\"><div class=\"esab__heading_txt\"><p class=\"esab__heading_tag\">Section R\u00e9gionale des Avocats de Tunis<\/p><\/div><div class=\"esab__icon\"><div class=\"esab__collapse\"><svg version=\"1.2\" viewBox=\"0 0 24 24\" width=\"24\" height=\"24\"><path d=\"m11.3 3.6h1.4q0.2 0 0.2 0.1v16.6q0 0.1-0.2 0.1h-1.4q-0.2 0-0.2-0.2v-16.5q0-0.1 0.2-0.1z\"><\/path><path d=\"m4.1 11.1h15.8q0.2 0 0.2 0.2v1.4q0 0.2-0.2 0.2h-15.8q-0.2 0-0.2-0.2v-1.4q0-0.2 0.2-0.2z\"><\/path><\/svg><\/div><div class=\"esab__expand\"><svg version=\"1.2\" viewBox=\"0 0 24 24\" width=\"24\" height=\"24\"><path d=\"m3.4 11.1h17.2v1.8h-17.2z\"><\/path><\/svg><\/div><\/div><\/div><div class=\"esab__body\" style=\"border-top:1px solid #FFFFFF;padding:10px 10px 10px 10px;background-color:transparent\">\n<p>L\u2019 AFA a co-organis\u00e9 les 1er et 2 avril 2016 avec la&nbsp;<a href=\"http:\/\/avocat.org.tn\/fr\/\" target=\"_blank\" rel=\"noreferrer noopener\">Section R\u00e9gionale des Avocats de Tunis<\/a>&nbsp;une session de formation en mati\u00e8re d\u2019arbitrage international \u00e0 Tunis.<\/p>\n<\/div><\/div>\n\n\n\n<div class=\"wp-block-esab-accordion-child\" style=\"border:1px solid #E0E0E0\"><div class=\"esab__head esab__head_reverse\" style=\"padding:10px 10px 10px 10px;background-color:transparent\" role=\"button\" aria-expanded=\"false\"><div class=\"esab__heading_txt\"><p class=\"esab__heading_tag\">EIMA \u00c9cole Internationale des Modes Alternatifs de r\u00e8glements des litiges<\/p><\/div><div class=\"esab__icon\"><div class=\"esab__collapse\"><svg version=\"1.2\" viewBox=\"0 0 24 24\" width=\"24\" height=\"24\"><path d=\"m11.3 3.6h1.4q0.2 0 0.2 0.1v16.6q0 0.1-0.2 0.1h-1.4q-0.2 0-0.2-0.2v-16.5q0-0.1 0.2-0.1z\"><\/path><path d=\"m4.1 11.1h15.8q0.2 0 0.2 0.2v1.4q0 0.2-0.2 0.2h-15.8q-0.2 0-0.2-0.2v-1.4q0-0.2 0.2-0.2z\"><\/path><\/svg><\/div><div class=\"esab__expand\"><svg version=\"1.2\" viewBox=\"0 0 24 24\" width=\"24\" height=\"24\"><path d=\"m3.4 11.1h17.2v1.8h-17.2z\"><\/path><\/svg><\/div><\/div><\/div><div class=\"esab__body\" style=\"border-top:1px solid #FFFFFF;padding:10px 10px 10px 10px;background-color:transparent\">\n<p><\/p>\n\n\n\n<p>L\u2019 AFA participe aux enseignements propos\u00e9s aux avocats, dans le cadre de la formation continue, par le Barreau de Paris et&nbsp;<a title=\"Site EFB, Ecole de Formation professionnelle des Barreaux de la Cour d'appel de Paris\" href=\"http:\/\/www.efb.fr\/\" target=\"_blank\" rel=\"noopener\">l\u2019\u00c9cole de Formation du Barreau<\/a>&nbsp;dont elle est partenaire, sur les modes alternatifs de r\u00e9solution des litiges.<\/p>\n<\/div><\/div>\n\n\n\n<div class=\"wp-block-esab-accordion-child\" style=\"border:1px solid #E0E0E0\"><div class=\"esab__head esab__head_reverse\" style=\"padding:10px 10px 10px 10px;background-color:transparent\" role=\"button\" aria-expanded=\"false\"><div class=\"esab__heading_txt\"><p class=\"esab__heading_tag\">DU Droit de l&#8217; Arbitrage Montpellier<\/p><\/div><div class=\"esab__icon\"><div class=\"esab__collapse\"><svg version=\"1.2\" viewBox=\"0 0 24 24\" width=\"24\" height=\"24\"><path d=\"m11.3 3.6h1.4q0.2 0 0.2 0.1v16.6q0 0.1-0.2 0.1h-1.4q-0.2 0-0.2-0.2v-16.5q0-0.1 0.2-0.1z\"><\/path><path d=\"m4.1 11.1h15.8q0.2 0 0.2 0.2v1.4q0 0.2-0.2 0.2h-15.8q-0.2 0-0.2-0.2v-1.4q0-0.2 0.2-0.2z\"><\/path><\/svg><\/div><div class=\"esab__expand\"><svg version=\"1.2\" viewBox=\"0 0 24 24\" width=\"24\" height=\"24\"><path d=\"m3.4 11.1h17.2v1.8h-17.2z\"><\/path><\/svg><\/div><\/div><\/div><div class=\"esab__body\" style=\"border-top:1px solid #FFFFFF;padding:10px 10px 10px 10px;background-color:transparent\">\n<p><\/p>\n\n\n\n<p>L\u2019 AFA est partenaire institutionnel du&nbsp;<a title=\"Site DU Droit de l'Arbitrage interne et international\" href=\"http:\/\/du-arbitrage.org\/\" target=\"_blank\" rel=\"noopener\">DU en droit de l\u2019arbitrage interne et international de la Facult\u00e9 de droit de Montpellier,<\/a>&nbsp;dont la premi\u00e8re rentr\u00e9e a eu lieu en janvier 2015.<\/p>\n<p>La promotion 2015\/2016 du MOOC Droit de l\u2019Arbitrage a \u00e9t\u00e9 la promotion \u00ab&nbsp;JEAN ROBERT&nbsp;\u00bb, en hommage au grand avocat fondateur de l\u2019Association Fran\u00e7aise de l\u2019Arbitrage et auteur du \u00ab&nbsp;Trait\u00e9 de l\u2019arbitrage civil et commercial&nbsp;\u00bb.<\/p>\n<p>Ce Dipl\u00f4me Universitaire (DU) est co-dirig\u00e9 par Mme le Professeur&nbsp;Carine JALLAMION, Facult\u00e9 de Droit de Montpellier (France) et&nbsp;Caroline DUCLERCQ, avocat au Cabinet Altana, Paris (France), en collaboration avec le Centre du droit de l\u2019Entreprise et la F\u00e9d\u00e9ration nationale des entreprises, Facult\u00e9 de Droit de Montpellier (France).<\/p>\n<p>Le DU Droit de l\u2019Arbitrage propose aux \u00e9tudiants et aux professionnels, fran\u00e7ais et \u00e9trangers, une formation compl\u00e9mentaire consacr\u00e9e au droit de l\u2019arbitrage, tant interne qu\u2019international. La formation int\u00e9resse avant tout ceux qui, d\u00e9j\u00e0 orient\u00e9s vers le droit des affaires, souhaitent se sp\u00e9cialiser encore davantage et acqu\u00e9rir des comp\u00e9tences techniques en mati\u00e8re d\u2019arbitrage.<\/p>\n<p>Ce DU s\u2019inscrit dans le d\u00e9veloppement des enseignements en ligne type MOOC (\u00ab&nbsp;massive open online course&nbsp;\u00bb) afin que les \u00e9tudiants et les professionnels puissent concilier les enseignements du DU Droit de l\u2019Arbitrage avec leurs emplois du temps. La formation est dispens\u00e9e \u00e0 distance via des contenus en ligne (cours polycopi\u00e9s et cours film\u00e9s) qui sont mis \u00e0 disposition au fur et \u00e0 mesure de l\u2019ann\u00e9e universitaire, suivis d\u2019\u00e9valuations en ligne r\u00e9guli\u00e8res et sanctionn\u00e9s par un examen final de 5 heures.<\/p>\n<p>Les professionnels ont la possibilit\u00e9 de choisir entre une formation en 1 an ou en 2 ans. Par ailleurs, la formation est valid\u00e9e au titre de la formation continue et peut \u00eatre pris en charge par des organismes de financement de la formation professionnelle.<\/p>\n<p>Le DU a pour ambition de pr\u00e9senter l\u2019arbitrage d\u2019abord par ses fondamentaux (son histoire, sa philosophie), puis d\u2019\u00e9tudier sa th\u00e9orie g\u00e9n\u00e9rale en suivant le cheminement d\u2019une instance arbitrale, de la convention d\u2019arbitrage jusqu\u2019\u00e0 l\u2019ex\u00e9cution de la sentence et aux \u00e9ventuelles voies de recours. Un s\u00e9minaire pratique permet ensuite de se former notamment \u00e0 la r\u00e9daction des clauses et actes de proc\u00e9dure, \u00e0 l\u2019administration de la preuve ainsi qu\u2019\u00e0 la gestion des co\u00fbts de l\u2019arbitrage. Le droit de l\u2019arbitrage est enfin confront\u00e9 aux diff\u00e9rents droits sp\u00e9ciaux qui le sollicitent ainsi que compar\u00e9 aux grands syst\u00e8mes juridiques internationaux. Cette formation est propos\u00e9e par des professeurs et des praticiens du monde de l\u2019arbitrage qui interviennent en fran\u00e7ais ou en anglais.<\/p>\n<p>Contact pour toute information compl\u00e9mentaire&nbsp;:&nbsp;<a href=\"mailto:duarbitrage@gmail.com\" target=\"_blank\" rel=\"noopener\">duarbitrage@gmail.com<\/a><\/p>\n<\/div><\/div>\n\n\n\n<div class=\"wp-block-esab-accordion-child\" style=\"border:1px solid #E0E0E0\"><div class=\"esab__head esab__head_reverse\" style=\"padding:10px 10px 10px 10px;background-color:transparent\" role=\"button\" aria-expanded=\"false\"><div class=\"esab__heading_txt\"><p class=\"esab__heading_tag\">Site Master II Droit de l&#8217;entreprise et des affaires &#8211; Dipl\u00f4me de Juriste et Conseil d\u2019Entreprise (DJCE) de Nancy<\/p><\/div><div class=\"esab__icon\"><div class=\"esab__collapse\"><svg version=\"1.2\" viewBox=\"0 0 24 24\" width=\"24\" height=\"24\"><path d=\"m11.3 3.6h1.4q0.2 0 0.2 0.1v16.6q0 0.1-0.2 0.1h-1.4q-0.2 0-0.2-0.2v-16.5q0-0.1 0.2-0.1z\"><\/path><path d=\"m4.1 11.1h15.8q0.2 0 0.2 0.2v1.4q0 0.2-0.2 0.2h-15.8q-0.2 0-0.2-0.2v-1.4q0-0.2 0.2-0.2z\"><\/path><\/svg><\/div><div class=\"esab__expand\"><svg version=\"1.2\" viewBox=\"0 0 24 24\" width=\"24\" height=\"24\"><path d=\"m3.4 11.1h17.2v1.8h-17.2z\"><\/path><\/svg><\/div><\/div><\/div><div class=\"esab__body\" style=\"border-top:1px solid #FFFFFF;padding:10px 10px 10px 10px;background-color:transparent\">\n<p><\/p>\n\n\n\n<p>Dans le cadre d\u2019un partenariat nou\u00e9 avec le <a title=\"DJCE Nancy\" href=\"http:\/\/www.djce-nancy.fr\/\" target=\"_blank\" rel=\"noopener\">DJCE de Nancy,<\/a>&nbsp;l\u2019une des meilleures formations de France dans le domaine du droit des affaires, Ma\u00eetre Bertrand Moreau, Monsieur No\u00ebl M\u00e9lin et Ma\u00eetre Laurence Kiffer animent une formation en droit de l\u2019arbitrage aupr\u00e8s des \u00e9tudiants.<\/p>\n<\/div><\/div>\n\n\n\n<div class=\"wp-block-esab-accordion-child\" style=\"border:1px solid #E0E0E0\"><div class=\"esab__head esab__head_reverse\" style=\"padding:10px 10px 10px 10px;background-color:transparent\" role=\"button\" aria-expanded=\"false\"><div class=\"esab__heading_txt\"><p class=\"esab__heading_tag\">Cabinet Jeantet Associ\u00e9s<\/p><\/div><div class=\"esab__icon\"><div class=\"esab__collapse\"><svg version=\"1.2\" viewBox=\"0 0 24 24\" width=\"24\" height=\"24\"><path d=\"m11.3 3.6h1.4q0.2 0 0.2 0.1v16.6q0 0.1-0.2 0.1h-1.4q-0.2 0-0.2-0.2v-16.5q0-0.1 0.2-0.1z\"><\/path><path d=\"m4.1 11.1h15.8q0.2 0 0.2 0.2v1.4q0 0.2-0.2 0.2h-15.8q-0.2 0-0.2-0.2v-1.4q0-0.2 0.2-0.2z\"><\/path><\/svg><\/div><div class=\"esab__expand\"><svg version=\"1.2\" viewBox=\"0 0 24 24\" width=\"24\" height=\"24\"><path d=\"m3.4 11.1h17.2v1.8h-17.2z\"><\/path><\/svg><\/div><\/div><\/div><div class=\"esab__body\" style=\"border-top:1px solid #FFFFFF;padding:10px 10px 10px 10px;background-color:transparent\">\n<p><\/p>\n\n\n\n<p>Dans le cadre de la formation continue du cabinet&nbsp;<a title=\"Site Cabinet Jeantet\" href=\"http:\/\/www.jeantet.fr\/\" target=\"_blank\" rel=\"noopener\">Jeantet Associ\u00e9s<\/a>&nbsp;de 2013, Madame Genevi\u00e8ve Augendre, Monsieur No\u00ebl M\u00e9lin et Monsieur le Professeur Jean-Philippe Dom, en la pr\u00e9sence de Monsieur le B\u00e2tonnier Yves REPIQUET sont intervenus sur le th\u00e8me \u00ab&nbsp;Les mutations du droit de l\u2019arbitrage : Quelles cons\u00e9quences sur la r\u00e9daction des clauses compromissoires ?&nbsp;\u00bb.<\/p>\n<\/div><\/div>\n<\/div><\/div>\n","protected":false},"excerpt":{"rendered":"<p>Relying upon professionals and practioners of arbitration, AFA, whose one of the vocations is the promotion of the arbitration, offers training sessions concerning arbitration using three formulas :After work de l\u2019 AFA, Cas pratique de l\u2019 AFA and Rendez-vous de l\u2019 AFA With Rendez-vous de l\u2019 AFA, our Association goes on location and answers any questions that companies, associations and counsels may have about arbitration.<\/p>\n","protected":false},"author":2,"featured_media":17234,"parent":820,"menu_order":20,"comment_status":"closed","ping_status":"closed","template":"","meta":{"_cbd_carousel_blocks":"[]","footnotes":""},"class_list":["post-832","page","type-page","status-publish","has-post-thumbnail","hentry","entry"],"yoast_head":"<!-- This site is optimized with the Yoast SEO plugin v27.3 - https:\/\/yoast.com\/product\/yoast-seo-wordpress\/ -->\n<title>Rendez-vous de l&#039; AFA - Association Fran\u00e7aise d&#039;Arbitrage<\/title>\n<meta name=\"robots\" content=\"index, follow, max-snippet:-1, max-image-preview:large, max-video-preview:-1\" \/>\n<link rel=\"canonical\" href=\"https:\/\/www.afa-arbitrage.com\/en\/training\/rendez-vous-de-l-afa\/\" \/>\n<meta property=\"og:locale\" content=\"en_US\" \/>\n<meta property=\"og:type\" content=\"article\" \/>\n<meta property=\"og:title\" content=\"Rendez-vous de l&#039; AFA - Association Fran\u00e7aise d&#039;Arbitrage\" \/>\n<meta property=\"og:description\" content=\"Relying upon professionals and practioners of arbitration, AFA, whose one of the vocations is the promotion of the arbitration, offers training sessions concerning arbitration using three formulas :After work de l\u2019 AFA, Cas pratique de l\u2019 AFA and Rendez-vous de l\u2019 AFA With Rendez-vous de l\u2019 AFA, our Association goes on location and answers any questions that companies, associations and counsels may have about arbitration.\" \/>\n<meta property=\"og:url\" content=\"https:\/\/www.afa-arbitrage.com\/en\/training\/rendez-vous-de-l-afa\/\" \/>\n<meta property=\"og:site_name\" content=\"Association Fran\u00e7aise d&#039;Arbitrage\" \/>\n<meta property=\"article:modified_time\" content=\"2023-04-05T11:13:05+00:00\" \/>\n<meta property=\"og:image\" content=\"https:\/\/www.afa-arbitrage.com\/wp-content\/uploads\/2014\/03\/Cas-pratique_newsletter_n20-1024x433.jpg\" \/>\n\t<meta property=\"og:image:width\" content=\"1024\" \/>\n\t<meta property=\"og:image:height\" content=\"433\" \/>\n\t<meta property=\"og:image:type\" content=\"image\/jpeg\" \/>\n<meta name=\"twitter:card\" content=\"summary_large_image\" \/>\n<meta name=\"twitter:label1\" content=\"Est. reading time\" \/>\n\t<meta name=\"twitter:data1\" content=\"4 minutes\" \/>\n<script type=\"application\/ld+json\" class=\"yoast-schema-graph\">{\"@context\":\"https:\\\/\\\/schema.org\",\"@graph\":[{\"@type\":\"WebPage\",\"@id\":\"https:\\\/\\\/www.afa-arbitrage.com\\\/en\\\/training\\\/rendez-vous-de-l-afa\\\/\",\"url\":\"https:\\\/\\\/www.afa-arbitrage.com\\\/en\\\/training\\\/rendez-vous-de-l-afa\\\/\",\"name\":\"Rendez-vous de l' AFA - Association Fran\u00e7aise d&#039;Arbitrage\",\"isPartOf\":{\"@id\":\"https:\\\/\\\/www.afa-arbitrage.com\\\/#website\"},\"primaryImageOfPage\":{\"@id\":\"https:\\\/\\\/www.afa-arbitrage.com\\\/en\\\/training\\\/rendez-vous-de-l-afa\\\/#primaryimage\"},\"image\":{\"@id\":\"https:\\\/\\\/www.afa-arbitrage.com\\\/en\\\/training\\\/rendez-vous-de-l-afa\\\/#primaryimage\"},\"thumbnailUrl\":\"https:\\\/\\\/www.afa-arbitrage.com\\\/wp-content\\\/uploads\\\/2014\\\/03\\\/Cas-pratique_newsletter_n20.jpg\",\"datePublished\":\"2013-09-17T00:30:47+00:00\",\"dateModified\":\"2023-04-05T11:13:05+00:00\",\"breadcrumb\":{\"@id\":\"https:\\\/\\\/www.afa-arbitrage.com\\\/en\\\/training\\\/rendez-vous-de-l-afa\\\/#breadcrumb\"},\"inLanguage\":\"en-US\",\"potentialAction\":[{\"@type\":\"ReadAction\",\"target\":[\"https:\\\/\\\/www.afa-arbitrage.com\\\/en\\\/training\\\/rendez-vous-de-l-afa\\\/\"]}]},{\"@type\":\"ImageObject\",\"inLanguage\":\"en-US\",\"@id\":\"https:\\\/\\\/www.afa-arbitrage.com\\\/en\\\/training\\\/rendez-vous-de-l-afa\\\/#primaryimage\",\"url\":\"https:\\\/\\\/www.afa-arbitrage.com\\\/wp-content\\\/uploads\\\/2014\\\/03\\\/Cas-pratique_newsletter_n20.jpg\",\"contentUrl\":\"https:\\\/\\\/www.afa-arbitrage.com\\\/wp-content\\\/uploads\\\/2014\\\/03\\\/Cas-pratique_newsletter_n20.jpg\",\"width\":3617,\"height\":1529},{\"@type\":\"BreadcrumbList\",\"@id\":\"https:\\\/\\\/www.afa-arbitrage.com\\\/en\\\/training\\\/rendez-vous-de-l-afa\\\/#breadcrumb\",\"itemListElement\":[{\"@type\":\"ListItem\",\"position\":1,\"name\":\"Home\",\"item\":\"\\\/en\"},{\"@type\":\"ListItem\",\"position\":2,\"name\":\"Training\",\"item\":\"https:\\\/\\\/www.afa-arbitrage.com\\\/en\\\/training\\\/\"},{\"@type\":\"ListItem\",\"position\":3,\"name\":\"Rendez-vous de l&#8217; AFA\"}]},{\"@type\":\"WebSite\",\"@id\":\"https:\\\/\\\/www.afa-arbitrage.com\\\/#website\",\"url\":\"https:\\\/\\\/www.afa-arbitrage.com\\\/\",\"name\":\"Association Fran\u00e7aise d'Arbitrage\",\"description\":\"Arbitrage interne et international\",\"publisher\":{\"@id\":\"https:\\\/\\\/www.afa-arbitrage.com\\\/#organization\"},\"potentialAction\":[{\"@type\":\"SearchAction\",\"target\":{\"@type\":\"EntryPoint\",\"urlTemplate\":\"https:\\\/\\\/www.afa-arbitrage.com\\\/?s={search_term_string}\"},\"query-input\":{\"@type\":\"PropertyValueSpecification\",\"valueRequired\":true,\"valueName\":\"search_term_string\"}}],\"inLanguage\":\"en-US\"},{\"@type\":\"Organization\",\"@id\":\"https:\\\/\\\/www.afa-arbitrage.com\\\/#organization\",\"name\":\"Association Fran\u00e7aise d'Arbitrage\",\"url\":\"https:\\\/\\\/www.afa-arbitrage.com\\\/\",\"logo\":{\"@type\":\"ImageObject\",\"inLanguage\":\"en-US\",\"@id\":\"https:\\\/\\\/www.afa-arbitrage.com\\\/#\\\/schema\\\/logo\\\/image\\\/\",\"url\":\"https:\\\/\\\/www.afa-arbitrage.com\\\/wp-content\\\/uploads\\\/2023\\\/02\\\/AFA_logo_header_clear_long.png\",\"contentUrl\":\"https:\\\/\\\/www.afa-arbitrage.com\\\/wp-content\\\/uploads\\\/2023\\\/02\\\/AFA_logo_header_clear_long.png\",\"width\":500,\"height\":60,\"caption\":\"Association Fran\u00e7aise d'Arbitrage\"},\"image\":{\"@id\":\"https:\\\/\\\/www.afa-arbitrage.com\\\/#\\\/schema\\\/logo\\\/image\\\/\"}}]}<\/script>\n<!-- \/ Yoast SEO plugin. -->","yoast_head_json":{"title":"Rendez-vous de l' AFA - Association Fran\u00e7aise d&#039;Arbitrage","robots":{"index":"index","follow":"follow","max-snippet":"max-snippet:-1","max-image-preview":"max-image-preview:large","max-video-preview":"max-video-preview:-1"},"canonical":"https:\/\/www.afa-arbitrage.com\/en\/training\/rendez-vous-de-l-afa\/","og_locale":"en_US","og_type":"article","og_title":"Rendez-vous de l' AFA - Association Fran\u00e7aise d&#039;Arbitrage","og_description":"Relying upon professionals and practioners of arbitration, AFA, whose one of the vocations is the promotion of the arbitration, offers training sessions concerning arbitration using three formulas :After work de l\u2019 AFA, Cas pratique de l\u2019 AFA and Rendez-vous de l\u2019 AFA With Rendez-vous de l\u2019 AFA, our Association goes on location and answers any questions that companies, associations and counsels may have about arbitration.","og_url":"https:\/\/www.afa-arbitrage.com\/en\/training\/rendez-vous-de-l-afa\/","og_site_name":"Association Fran\u00e7aise d&#039;Arbitrage","article_modified_time":"2023-04-05T11:13:05+00:00","og_image":[{"width":1024,"height":433,"url":"https:\/\/www.afa-arbitrage.com\/wp-content\/uploads\/2014\/03\/Cas-pratique_newsletter_n20-1024x433.jpg","type":"image\/jpeg"}],"twitter_card":"summary_large_image","twitter_misc":{"Est. reading time":"4 minutes"},"schema":{"@context":"https:\/\/schema.org","@graph":[{"@type":"WebPage","@id":"https:\/\/www.afa-arbitrage.com\/en\/training\/rendez-vous-de-l-afa\/","url":"https:\/\/www.afa-arbitrage.com\/en\/training\/rendez-vous-de-l-afa\/","name":"Rendez-vous de l' AFA - Association Fran\u00e7aise d&#039;Arbitrage","isPartOf":{"@id":"https:\/\/www.afa-arbitrage.com\/#website"},"primaryImageOfPage":{"@id":"https:\/\/www.afa-arbitrage.com\/en\/training\/rendez-vous-de-l-afa\/#primaryimage"},"image":{"@id":"https:\/\/www.afa-arbitrage.com\/en\/training\/rendez-vous-de-l-afa\/#primaryimage"},"thumbnailUrl":"https:\/\/www.afa-arbitrage.com\/wp-content\/uploads\/2014\/03\/Cas-pratique_newsletter_n20.jpg","datePublished":"2013-09-17T00:30:47+00:00","dateModified":"2023-04-05T11:13:05+00:00","breadcrumb":{"@id":"https:\/\/www.afa-arbitrage.com\/en\/training\/rendez-vous-de-l-afa\/#breadcrumb"},"inLanguage":"en-US","potentialAction":[{"@type":"ReadAction","target":["https:\/\/www.afa-arbitrage.com\/en\/training\/rendez-vous-de-l-afa\/"]}]},{"@type":"ImageObject","inLanguage":"en-US","@id":"https:\/\/www.afa-arbitrage.com\/en\/training\/rendez-vous-de-l-afa\/#primaryimage","url":"https:\/\/www.afa-arbitrage.com\/wp-content\/uploads\/2014\/03\/Cas-pratique_newsletter_n20.jpg","contentUrl":"https:\/\/www.afa-arbitrage.com\/wp-content\/uploads\/2014\/03\/Cas-pratique_newsletter_n20.jpg","width":3617,"height":1529},{"@type":"BreadcrumbList","@id":"https:\/\/www.afa-arbitrage.com\/en\/training\/rendez-vous-de-l-afa\/#breadcrumb","itemListElement":[{"@type":"ListItem","position":1,"name":"Home","item":"\/en"},{"@type":"ListItem","position":2,"name":"Training","item":"https:\/\/www.afa-arbitrage.com\/en\/training\/"},{"@type":"ListItem","position":3,"name":"Rendez-vous de l&#8217; AFA"}]},{"@type":"WebSite","@id":"https:\/\/www.afa-arbitrage.com\/#website","url":"https:\/\/www.afa-arbitrage.com\/","name":"Association Fran\u00e7aise d'Arbitrage","description":"Arbitrage interne et international","publisher":{"@id":"https:\/\/www.afa-arbitrage.com\/#organization"},"potentialAction":[{"@type":"SearchAction","target":{"@type":"EntryPoint","urlTemplate":"https:\/\/www.afa-arbitrage.com\/?s={search_term_string}"},"query-input":{"@type":"PropertyValueSpecification","valueRequired":true,"valueName":"search_term_string"}}],"inLanguage":"en-US"},{"@type":"Organization","@id":"https:\/\/www.afa-arbitrage.com\/#organization","name":"Association Fran\u00e7aise d'Arbitrage","url":"https:\/\/www.afa-arbitrage.com\/","logo":{"@type":"ImageObject","inLanguage":"en-US","@id":"https:\/\/www.afa-arbitrage.com\/#\/schema\/logo\/image\/","url":"https:\/\/www.afa-arbitrage.com\/wp-content\/uploads\/2023\/02\/AFA_logo_header_clear_long.png","contentUrl":"https:\/\/www.afa-arbitrage.com\/wp-content\/uploads\/2023\/02\/AFA_logo_header_clear_long.png","width":500,"height":60,"caption":"Association Fran\u00e7aise d'Arbitrage"},"image":{"@id":"https:\/\/www.afa-arbitrage.com\/#\/schema\/logo\/image\/"}}]}},"_links":{"self":[{"href":"https:\/\/www.afa-arbitrage.com\/en\/wp-json\/wp\/v2\/pages\/832\/"}],"collection":[{"href":"https:\/\/www.afa-arbitrage.com\/en\/wp-json\/wp\/v2\/pages\/"}],"about":[{"href":"https:\/\/www.afa-arbitrage.com\/en\/wp-json\/wp\/v2\/types\/page\/"}],"author":[{"embeddable":true,"href":"https:\/\/www.afa-arbitrage.com\/en\/wp-json\/wp\/v2\/users\/2\/"}],"replies":[{"embeddable":true,"href":"https:\/\/www.afa-arbitrage.com\/en\/wp-json\/wp\/v2\/comments\/?post=832"}],"version-history":[{"count":16,"href":"https:\/\/www.afa-arbitrage.com\/en\/wp-json\/wp\/v2\/pages\/832\/revisions\/"}],"predecessor-version":[{"id":19264,"href":"https:\/\/www.afa-arbitrage.com\/en\/wp-json\/wp\/v2\/pages\/832\/revisions\/19264\/"}],"up":[{"embeddable":true,"href":"https:\/\/www.afa-arbitrage.com\/en\/wp-json\/wp\/v2\/pages\/820\/"}],"wp:featuredmedia":[{"embeddable":true,"href":"https:\/\/www.afa-arbitrage.com\/en\/wp-json\/wp\/v2\/media\/17234\/"}],"wp:attachment":[{"href":"https:\/\/www.afa-arbitrage.com\/en\/wp-json\/wp\/v2\/media\/?parent=832"}],"curies":[{"name":"wp","href":"https:\/\/api.w.org\/{rel}","templated":true}]}}