{"id":824,"date":"2013-09-17T01:27:29","date_gmt":"2013-09-17T00:27:29","guid":{"rendered":"http:\/\/afa2.deheyn.com\/?page_id=824"},"modified":"2023-03-17T12:05:28","modified_gmt":"2023-03-17T11:05:28","slug":"cas-pratique-de-l-afa","status":"publish","type":"page","link":"https:\/\/www.afa-arbitrage.com\/en\/training\/cas-pratique-de-l-afa\/","title":{"rendered":"Cas pratique de l&#8217; AFA"},"content":{"rendered":"\n<h2 class=\"has-text-align-left title-bar wp-block-heading\">The Cas pratique de l\u2019 AFA<\/h2>\n\n\n\n<p class=\"has-text-align-center box\"><strong>Relying upon professionals and practioners of arbitration, AFA, whose one of the vocations is the promotion of the arbitration, offers training sessions concerning arbitration using three formulas :<br>After work de l\u2019 AFA, Cas pratique de l\u2019 AFA and Rendez-vous de l\u2019 AFA<\/strong><\/p>\n\n\n\n<p>L\u2019arbitrage est aujourd\u2019hui un outil privil\u00e9gi\u00e9 de r\u00e8glement des litiges. La connaissance de ses textes et de sa jurisprudence est importante comme la ma\u00eetrise de sa pratique. Aussi l\u2019 AFA vous propose de participer, en nombre restreint, \u00e0 un groupe de travail auquel il sera soumis un cas pratique \u00e0 traiter, depuis sa naissance jusqu\u2019\u00e0 sa solution par le prononc\u00e9 d\u2019une sentence.<\/p>\n\n\n\n<p>Cette formation interactive s\u2019adresse aux avocats, experts, juristes, chefs d\u2019entreprise, magistrats, professeurs ou toute autre profession : arbitres, conseils ou parties \u00e0 l\u2019arbitrage.<\/p>\n\n\n\n<p>Le prochain Cas pratique de l\u2019 AFA se tiendra les lundi 18 et mardi 19 novembre prochain \u00e0 Paris. &nbsp; &nbsp; &nbsp;&nbsp;<\/p>\n\n\n\n<p>Il sera anim\u00e9e par : Marc Henry, Pr\u00e9sident de l\u2019AFA, Denis Bensaude, avocat aux barreaux de Paris et New York, Christophe Dugu\u00e9, avocat au barreau de Paris, Pierre Duprey, avocat au barreau de Paris, Antoine Fourment, avocat aux barreaux de Paris et Bruxelles, Laurence Kiffer, avocat au barreau de Paris, Detlev Kuehner, avocat aux barreaux de Paris et Stuttgart, No\u00ebl M\u00e9lin, Secr\u00e9taire G\u00e9n\u00e9ral de l\u2019AFA, Bertrand Moreau, avocat au barreau de Paris, Ali Zarrouk, avocat au barreau de Paris et Roland Ziade, avocat aux barreaux de Paris, Beyrouth et New York.<\/p>\n\n\n\n<ul class=\"wp-block-list\">\n<li>Acquisition de connaissances<\/li>\n\n\n\n<li>Adaptation de comp\u00e9tences existantes<\/li>\n\n\n\n<li>Partage de pratiques professionnelles<\/li>\n\n\n\n<li>Apport de connaissances th\u00e9oriques<\/li>\n\n\n\n<li>Apport de connaissances m\u00e9thodologiques<\/li>\n\n\n\n<li>Temps d\u2019\u00e9changes \/ d\u00e9bat avec les intervenants<\/li>\n<\/ul>\n\n\n\n<p>C\u2019est ce que l\u2019 AFA offre aux participants \u00e0 sa formation dans le cadre de cet arbitrage simul\u00e9. Les connaissances et comp\u00e9tences acquises serviront ensuite de r\u00e9f\u00e9rence pour toute forme d\u2019arbitrage.<\/p>\n\n\n\n<figure class=\"wp-block-image size-full\"><img loading=\"lazy\" decoding=\"async\" width=\"1280\" height=\"243\" src=\"https:\/\/www.afa-arbitrage.com\/wp-content\/uploads\/2023\/02\/afa_cas_pratique_juin_2018-3-1.jpg\" alt=\"\" class=\"wp-image-17814\" srcset=\"https:\/\/www.afa-arbitrage.com\/wp-content\/uploads\/2023\/02\/afa_cas_pratique_juin_2018-3-1.jpg 1280w, https:\/\/www.afa-arbitrage.com\/wp-content\/uploads\/2023\/02\/afa_cas_pratique_juin_2018-3-1-300x57.jpg 300w, https:\/\/www.afa-arbitrage.com\/wp-content\/uploads\/2023\/02\/afa_cas_pratique_juin_2018-3-1-600x114.jpg 600w\" sizes=\"auto, (max-width: 1280px) 100vw, 1280px\" \/><\/figure>\n\n\n\n<h2 class=\"has-text-align-left title-bar wp-block-heading\">INFORMATIONS<\/h2>\n\n\n\n<div class=\"wp-block-columns is-layout-flex wp-container-core-columns-is-layout-9d6595d7 wp-block-columns-is-layout-flex\">\n<div class=\"wp-block-column is-layout-flow wp-block-column-is-layout-flow\">\n<p><strong>18 &amp; 19 novembre 2019<br><\/strong>De 8 heures 30 \u00e0 18 heures<\/p>\n\n\n\n<p><a href=\"https:\/\/www.google.fr\/maps\/place\/Maison+du+Barreau\/@48.8567635,2.3436231,15z\/data=!4m5!3m4!1s0x0:0x78a538ee631a4264!8m2!3d48.8567635!4d2.3436231\" target=\"_blank\" rel=\"noreferrer noopener\">Maison du Barreau<\/a>Salle Gaston Monnerville<br>2, rue de Harlay 75001 Paris<\/p>\n<\/div>\n\n\n\n<div class=\"wp-block-column is-layout-flow wp-block-column-is-layout-flow\">\n<p><a href=\"https:\/\/www.afa-arbitrage.com\/wp-content\/uploads\/2019\/07\/Cas-pratique_programme_bulletin_18-19_novembre_2019.pdf\" target=\"_blank\" rel=\"noreferrer noopener\">Bulletin d\u2019inscription<\/a><\/p>\n\n\n\n<p>Adh\u00e9rents AFA et IEAM : 1.000 \u20ac<br>Non adh\u00e9rents : 1.200 \u20ac<br><strong>Validation 16 heures au titre de la formation continue EFB<\/strong><\/p>\n<\/div>\n\n\n\n<div class=\"wp-block-column is-layout-flow wp-block-column-is-layout-flow\">\n<p><strong>Contact<\/strong><br>T\u00e9l. 01 84 60 62 04<br><a href=\"mailto:contact@afa-arbitrage.com\" target=\"_blank\" rel=\"noreferrer noopener\">contact@afa-arbitrage.com<\/a><\/p>\n<\/div>\n<\/div>\n\n\n\n<div class=\"wp-block-esab-accordion accordion-bb356309\" data-mode=\"global\"><div class=\"esab__container\" style=\"row-gap:10px;margin:0px 0px 0px 0px\">\n<div class=\"wp-block-esab-accordion-child bs__two\" style=\"border:1px solid #E0E0E0\"><div class=\"esab__head esab__head_reverse\" style=\"padding:10px 10px 10px 10px;background-color:transparent\" role=\"button\" aria-expanded=\"false\"><div class=\"esab__heading_txt\"><p class=\"esab__heading_tag\">Note to lawyers<\/p><\/div><div class=\"esab__icon\"><div class=\"esab__collapse\"><svg version=\"1.2\" viewBox=\"0 0 24 24\" width=\"24\" height=\"24\"><path d=\"m11.3 3.6h1.4q0.2 0 0.2 0.1v16.6q0 0.1-0.2 0.1h-1.4q-0.2 0-0.2-0.2v-16.5q0-0.1 0.2-0.1z\"><\/path><path d=\"m4.1 11.1h15.8q0.2 0 0.2 0.2v1.4q0 0.2-0.2 0.2h-15.8q-0.2 0-0.2-0.2v-1.4q0-0.2 0.2-0.2z\"><\/path><\/svg><\/div><div class=\"esab__expand\"><svg version=\"1.2\" viewBox=\"0 0 24 24\" width=\"24\" height=\"24\"><path d=\"m3.4 11.1h17.2v1.8h-17.2z\"><\/path><\/svg><\/div><\/div><\/div><div class=\"esab__body\" style=\"border-top:none;padding:10px 10px 10px 10px;background-color:transparent\">\n<p>As arbitration has become a privileged tool to resolve disputes, especially in the international field lawyers have to master this activity to offer arbitration services to their clients. And given his academic background the lawyer is the most qualified professional to act as a counsel or an advisor.<\/p>\n<p>Although knowing both arbitration case study and legal texts is important, the first step to start arbitration is to participate in a procedure. This is exactly what the AFA in-depth training provides thanks to its working group. This group is aimed at working on a case from its very beginning to the final stage, ie the sentencing.<\/p>\n<p>Within a 3-4 member team and being successively a counsel, an arbitrator then a counsel again, each participant sets up each of the procedure\/process and writes all documents pertaining to an arbitration procedure.<\/p>\n<p>Such workshops make the lawyer familiar with all aspects of arbitration : the particularities of the arbitration procedures, the process of arbitrators\u2019 nomination, the arbitration competence,&nbsp;the practice of legal submissions and the drafting of the award. The skills acquired within this\/these simulated procedure\/case studies\/workshops, will enable the lawyer to intervene efficiently in all kinds of arbitration procedures.<\/p>\n<p>The AFA institutional arbitration procedure has been elected for this formation as it is recognized for its efficiency, its professional environment and enables its participants to embrace all aspects of arbitration, from the various points of views : parties, counsels, arbitrators and institution.<\/p>\n<p>This interactive training helps the lawyer fully play its part of the fulland provide the added value expertise expected by his clients.<\/p>\n<\/div><\/div>\n<\/div><\/div>\n","protected":false},"excerpt":{"rendered":"<p>The Cas pratique de l\u2019 AFA Relying upon professionals and practioners of arbitration, AFA, whose one of the vocations is the promotion of the arbitration, offers training sessions concerning arbitration using three formulas :After work de l\u2019 AFA, Cas pratique de l\u2019 AFA and Rendez-vous de l\u2019 AFA L\u2019arbitrage est aujourd\u2019hui un outil privil\u00e9gi\u00e9 de r\u00e8glement des litiges. La connaissance de ses textes et de sa jurisprudence est importante comme la ma\u00eetrise de sa pratique. Aussi l\u2019 AFA vous propose de participer, en nombre restreint, \u00e0 un groupe de travail auquel il sera soumis un cas pratique \u00e0 traiter, depuis&hellip; <a class=\"more-link\" href=\"https:\/\/www.afa-arbitrage.com\/en\/training\/cas-pratique-de-l-afa\/\">Continue reading <span class=\"screen-reader-text\">Cas pratique de l&#8217; AFA<\/span><\/a><\/p>\n","protected":false},"author":2,"featured_media":18672,"parent":820,"menu_order":20,"comment_status":"closed","ping_status":"closed","template":"","meta":{"_cbd_carousel_blocks":"[]","footnotes":""},"class_list":["post-824","page","type-page","status-publish","has-post-thumbnail","hentry","entry"],"yoast_head":"<!-- This site is optimized with the Yoast SEO plugin v27.3 - https:\/\/yoast.com\/product\/yoast-seo-wordpress\/ -->\n<title>Cas pratique de l&#039; AFA - Association Fran\u00e7aise d&#039;Arbitrage<\/title>\n<meta name=\"robots\" content=\"index, follow, max-snippet:-1, max-image-preview:large, max-video-preview:-1\" \/>\n<link rel=\"canonical\" href=\"https:\/\/www.afa-arbitrage.com\/en\/training\/cas-pratique-de-l-afa\/\" \/>\n<meta property=\"og:locale\" content=\"en_US\" \/>\n<meta property=\"og:type\" content=\"article\" \/>\n<meta property=\"og:title\" content=\"Cas pratique de l&#039; AFA - Association Fran\u00e7aise d&#039;Arbitrage\" \/>\n<meta property=\"og:description\" content=\"The Cas pratique de l\u2019 AFA Relying upon professionals and practioners of arbitration, AFA, whose one of the vocations is the promotion of the arbitration, offers training sessions concerning arbitration using three formulas :After work de l\u2019 AFA, Cas pratique de l\u2019 AFA and Rendez-vous de l\u2019 AFA L\u2019arbitrage est aujourd\u2019hui un outil privil\u00e9gi\u00e9 de r\u00e8glement des litiges. La connaissance de ses textes et de sa jurisprudence est importante comme la ma\u00eetrise de sa pratique. Aussi l\u2019 AFA vous propose de participer, en nombre restreint, \u00e0 un groupe de travail auquel il sera soumis un cas pratique \u00e0 traiter, depuis&hellip; Continue reading Cas pratique de l&#8217; AFA\" \/>\n<meta property=\"og:url\" content=\"https:\/\/www.afa-arbitrage.com\/en\/training\/cas-pratique-de-l-afa\/\" \/>\n<meta property=\"og:site_name\" content=\"Association Fran\u00e7aise d&#039;Arbitrage\" \/>\n<meta property=\"article:modified_time\" content=\"2023-03-17T11:05:28+00:00\" \/>\n<meta property=\"og:image\" content=\"https:\/\/www.afa-arbitrage.com\/wp-content\/uploads\/2018\/07\/afa_cas_pratique_juin_2018_news-1.jpg\" \/>\n\t<meta property=\"og:image:width\" content=\"4000\" \/>\n\t<meta property=\"og:image:height\" content=\"1649\" \/>\n\t<meta property=\"og:image:type\" content=\"image\/jpeg\" \/>\n<meta name=\"twitter:card\" content=\"summary_large_image\" \/>\n<meta name=\"twitter:label1\" content=\"Est. reading time\" \/>\n\t<meta name=\"twitter:data1\" content=\"4 minutes\" \/>\n<script type=\"application\/ld+json\" class=\"yoast-schema-graph\">{\"@context\":\"https:\\\/\\\/schema.org\",\"@graph\":[{\"@type\":\"WebPage\",\"@id\":\"https:\\\/\\\/www.afa-arbitrage.com\\\/en\\\/training\\\/cas-pratique-de-l-afa\\\/\",\"url\":\"https:\\\/\\\/www.afa-arbitrage.com\\\/en\\\/training\\\/cas-pratique-de-l-afa\\\/\",\"name\":\"Cas pratique de l' AFA - Association Fran\u00e7aise d&#039;Arbitrage\",\"isPartOf\":{\"@id\":\"https:\\\/\\\/www.afa-arbitrage.com\\\/#website\"},\"primaryImageOfPage\":{\"@id\":\"https:\\\/\\\/www.afa-arbitrage.com\\\/en\\\/training\\\/cas-pratique-de-l-afa\\\/#primaryimage\"},\"image\":{\"@id\":\"https:\\\/\\\/www.afa-arbitrage.com\\\/en\\\/training\\\/cas-pratique-de-l-afa\\\/#primaryimage\"},\"thumbnailUrl\":\"https:\\\/\\\/www.afa-arbitrage.com\\\/wp-content\\\/uploads\\\/2018\\\/07\\\/afa_cas_pratique_juin_2018_news-1.jpg\",\"datePublished\":\"2013-09-17T00:27:29+00:00\",\"dateModified\":\"2023-03-17T11:05:28+00:00\",\"breadcrumb\":{\"@id\":\"https:\\\/\\\/www.afa-arbitrage.com\\\/en\\\/training\\\/cas-pratique-de-l-afa\\\/#breadcrumb\"},\"inLanguage\":\"en-US\",\"potentialAction\":[{\"@type\":\"ReadAction\",\"target\":[\"https:\\\/\\\/www.afa-arbitrage.com\\\/en\\\/training\\\/cas-pratique-de-l-afa\\\/\"]}]},{\"@type\":\"ImageObject\",\"inLanguage\":\"en-US\",\"@id\":\"https:\\\/\\\/www.afa-arbitrage.com\\\/en\\\/training\\\/cas-pratique-de-l-afa\\\/#primaryimage\",\"url\":\"https:\\\/\\\/www.afa-arbitrage.com\\\/wp-content\\\/uploads\\\/2018\\\/07\\\/afa_cas_pratique_juin_2018_news-1.jpg\",\"contentUrl\":\"https:\\\/\\\/www.afa-arbitrage.com\\\/wp-content\\\/uploads\\\/2018\\\/07\\\/afa_cas_pratique_juin_2018_news-1.jpg\",\"width\":4000,\"height\":1649},{\"@type\":\"BreadcrumbList\",\"@id\":\"https:\\\/\\\/www.afa-arbitrage.com\\\/en\\\/training\\\/cas-pratique-de-l-afa\\\/#breadcrumb\",\"itemListElement\":[{\"@type\":\"ListItem\",\"position\":1,\"name\":\"Home\",\"item\":\"\\\/en\"},{\"@type\":\"ListItem\",\"position\":2,\"name\":\"Training\",\"item\":\"https:\\\/\\\/www.afa-arbitrage.com\\\/en\\\/training\\\/\"},{\"@type\":\"ListItem\",\"position\":3,\"name\":\"Cas pratique de l&#8217; AFA\"}]},{\"@type\":\"WebSite\",\"@id\":\"https:\\\/\\\/www.afa-arbitrage.com\\\/#website\",\"url\":\"https:\\\/\\\/www.afa-arbitrage.com\\\/\",\"name\":\"Association Fran\u00e7aise d'Arbitrage\",\"description\":\"Arbitrage interne et international\",\"publisher\":{\"@id\":\"https:\\\/\\\/www.afa-arbitrage.com\\\/#organization\"},\"potentialAction\":[{\"@type\":\"SearchAction\",\"target\":{\"@type\":\"EntryPoint\",\"urlTemplate\":\"https:\\\/\\\/www.afa-arbitrage.com\\\/?s={search_term_string}\"},\"query-input\":{\"@type\":\"PropertyValueSpecification\",\"valueRequired\":true,\"valueName\":\"search_term_string\"}}],\"inLanguage\":\"en-US\"},{\"@type\":\"Organization\",\"@id\":\"https:\\\/\\\/www.afa-arbitrage.com\\\/#organization\",\"name\":\"Association Fran\u00e7aise d'Arbitrage\",\"url\":\"https:\\\/\\\/www.afa-arbitrage.com\\\/\",\"logo\":{\"@type\":\"ImageObject\",\"inLanguage\":\"en-US\",\"@id\":\"https:\\\/\\\/www.afa-arbitrage.com\\\/#\\\/schema\\\/logo\\\/image\\\/\",\"url\":\"https:\\\/\\\/www.afa-arbitrage.com\\\/wp-content\\\/uploads\\\/2023\\\/02\\\/AFA_logo_header_clear_long.png\",\"contentUrl\":\"https:\\\/\\\/www.afa-arbitrage.com\\\/wp-content\\\/uploads\\\/2023\\\/02\\\/AFA_logo_header_clear_long.png\",\"width\":500,\"height\":60,\"caption\":\"Association Fran\u00e7aise d'Arbitrage\"},\"image\":{\"@id\":\"https:\\\/\\\/www.afa-arbitrage.com\\\/#\\\/schema\\\/logo\\\/image\\\/\"}}]}<\/script>\n<!-- \/ Yoast SEO plugin. -->","yoast_head_json":{"title":"Cas pratique de l' AFA - Association Fran\u00e7aise d&#039;Arbitrage","robots":{"index":"index","follow":"follow","max-snippet":"max-snippet:-1","max-image-preview":"max-image-preview:large","max-video-preview":"max-video-preview:-1"},"canonical":"https:\/\/www.afa-arbitrage.com\/en\/training\/cas-pratique-de-l-afa\/","og_locale":"en_US","og_type":"article","og_title":"Cas pratique de l' AFA - Association Fran\u00e7aise d&#039;Arbitrage","og_description":"The Cas pratique de l\u2019 AFA Relying upon professionals and practioners of arbitration, AFA, whose one of the vocations is the promotion of the arbitration, offers training sessions concerning arbitration using three formulas :After work de l\u2019 AFA, Cas pratique de l\u2019 AFA and Rendez-vous de l\u2019 AFA L\u2019arbitrage est aujourd\u2019hui un outil privil\u00e9gi\u00e9 de r\u00e8glement des litiges. La connaissance de ses textes et de sa jurisprudence est importante comme la ma\u00eetrise de sa pratique. Aussi l\u2019 AFA vous propose de participer, en nombre restreint, \u00e0 un groupe de travail auquel il sera soumis un cas pratique \u00e0 traiter, depuis&hellip; Continue reading Cas pratique de l&#8217; AFA","og_url":"https:\/\/www.afa-arbitrage.com\/en\/training\/cas-pratique-de-l-afa\/","og_site_name":"Association Fran\u00e7aise d&#039;Arbitrage","article_modified_time":"2023-03-17T11:05:28+00:00","og_image":[{"width":4000,"height":1649,"url":"https:\/\/www.afa-arbitrage.com\/wp-content\/uploads\/2018\/07\/afa_cas_pratique_juin_2018_news-1.jpg","type":"image\/jpeg"}],"twitter_card":"summary_large_image","twitter_misc":{"Est. reading time":"4 minutes"},"schema":{"@context":"https:\/\/schema.org","@graph":[{"@type":"WebPage","@id":"https:\/\/www.afa-arbitrage.com\/en\/training\/cas-pratique-de-l-afa\/","url":"https:\/\/www.afa-arbitrage.com\/en\/training\/cas-pratique-de-l-afa\/","name":"Cas pratique de l' AFA - Association Fran\u00e7aise d&#039;Arbitrage","isPartOf":{"@id":"https:\/\/www.afa-arbitrage.com\/#website"},"primaryImageOfPage":{"@id":"https:\/\/www.afa-arbitrage.com\/en\/training\/cas-pratique-de-l-afa\/#primaryimage"},"image":{"@id":"https:\/\/www.afa-arbitrage.com\/en\/training\/cas-pratique-de-l-afa\/#primaryimage"},"thumbnailUrl":"https:\/\/www.afa-arbitrage.com\/wp-content\/uploads\/2018\/07\/afa_cas_pratique_juin_2018_news-1.jpg","datePublished":"2013-09-17T00:27:29+00:00","dateModified":"2023-03-17T11:05:28+00:00","breadcrumb":{"@id":"https:\/\/www.afa-arbitrage.com\/en\/training\/cas-pratique-de-l-afa\/#breadcrumb"},"inLanguage":"en-US","potentialAction":[{"@type":"ReadAction","target":["https:\/\/www.afa-arbitrage.com\/en\/training\/cas-pratique-de-l-afa\/"]}]},{"@type":"ImageObject","inLanguage":"en-US","@id":"https:\/\/www.afa-arbitrage.com\/en\/training\/cas-pratique-de-l-afa\/#primaryimage","url":"https:\/\/www.afa-arbitrage.com\/wp-content\/uploads\/2018\/07\/afa_cas_pratique_juin_2018_news-1.jpg","contentUrl":"https:\/\/www.afa-arbitrage.com\/wp-content\/uploads\/2018\/07\/afa_cas_pratique_juin_2018_news-1.jpg","width":4000,"height":1649},{"@type":"BreadcrumbList","@id":"https:\/\/www.afa-arbitrage.com\/en\/training\/cas-pratique-de-l-afa\/#breadcrumb","itemListElement":[{"@type":"ListItem","position":1,"name":"Home","item":"\/en"},{"@type":"ListItem","position":2,"name":"Training","item":"https:\/\/www.afa-arbitrage.com\/en\/training\/"},{"@type":"ListItem","position":3,"name":"Cas pratique de l&#8217; AFA"}]},{"@type":"WebSite","@id":"https:\/\/www.afa-arbitrage.com\/#website","url":"https:\/\/www.afa-arbitrage.com\/","name":"Association Fran\u00e7aise d'Arbitrage","description":"Arbitrage interne et international","publisher":{"@id":"https:\/\/www.afa-arbitrage.com\/#organization"},"potentialAction":[{"@type":"SearchAction","target":{"@type":"EntryPoint","urlTemplate":"https:\/\/www.afa-arbitrage.com\/?s={search_term_string}"},"query-input":{"@type":"PropertyValueSpecification","valueRequired":true,"valueName":"search_term_string"}}],"inLanguage":"en-US"},{"@type":"Organization","@id":"https:\/\/www.afa-arbitrage.com\/#organization","name":"Association Fran\u00e7aise d'Arbitrage","url":"https:\/\/www.afa-arbitrage.com\/","logo":{"@type":"ImageObject","inLanguage":"en-US","@id":"https:\/\/www.afa-arbitrage.com\/#\/schema\/logo\/image\/","url":"https:\/\/www.afa-arbitrage.com\/wp-content\/uploads\/2023\/02\/AFA_logo_header_clear_long.png","contentUrl":"https:\/\/www.afa-arbitrage.com\/wp-content\/uploads\/2023\/02\/AFA_logo_header_clear_long.png","width":500,"height":60,"caption":"Association Fran\u00e7aise d'Arbitrage"},"image":{"@id":"https:\/\/www.afa-arbitrage.com\/#\/schema\/logo\/image\/"}}]}},"_links":{"self":[{"href":"https:\/\/www.afa-arbitrage.com\/en\/wp-json\/wp\/v2\/pages\/824\/"}],"collection":[{"href":"https:\/\/www.afa-arbitrage.com\/en\/wp-json\/wp\/v2\/pages\/"}],"about":[{"href":"https:\/\/www.afa-arbitrage.com\/en\/wp-json\/wp\/v2\/types\/page\/"}],"author":[{"embeddable":true,"href":"https:\/\/www.afa-arbitrage.com\/en\/wp-json\/wp\/v2\/users\/2\/"}],"replies":[{"embeddable":true,"href":"https:\/\/www.afa-arbitrage.com\/en\/wp-json\/wp\/v2\/comments\/?post=824"}],"version-history":[{"count":22,"href":"https:\/\/www.afa-arbitrage.com\/en\/wp-json\/wp\/v2\/pages\/824\/revisions\/"}],"predecessor-version":[{"id":18681,"href":"https:\/\/www.afa-arbitrage.com\/en\/wp-json\/wp\/v2\/pages\/824\/revisions\/18681\/"}],"up":[{"embeddable":true,"href":"https:\/\/www.afa-arbitrage.com\/en\/wp-json\/wp\/v2\/pages\/820\/"}],"wp:featuredmedia":[{"embeddable":true,"href":"https:\/\/www.afa-arbitrage.com\/en\/wp-json\/wp\/v2\/media\/18672\/"}],"wp:attachment":[{"href":"https:\/\/www.afa-arbitrage.com\/en\/wp-json\/wp\/v2\/media\/?parent=824"}],"curies":[{"name":"wp","href":"https:\/\/api.w.org\/{rel}","templated":true}]}}