{"id":4293,"date":"2014-11-18T22:05:29","date_gmt":"2014-11-18T21:05:29","guid":{"rendered":"https:\/\/www.afa-arbitrage.com\/?page_id=4293"},"modified":"2023-03-31T08:00:10","modified_gmt":"2023-03-31T07:00:10","slug":"groupes-de-reflexion","status":"publish","type":"page","link":"https:\/\/www.afa-arbitrage.com\/en\/activities\/groupes-de-reflexion\/","title":{"rendered":"Groupes de r\u00e9flexion"},"content":{"rendered":"\n<p>L\u2019 AFA, dans le cadre de la promotion de l\u2019arbitrage qu\u2019elle organise, met en place des groupes de r\u00e9flexion ouverts \u00e0 ses membres adh\u00e9rents \u00e0 l\u2019effet de parvenir, si possible, \u00e0 une am\u00e9lioration de l\u2019acc\u00e8s et de la pratique de l\u2019arbitrage.<\/p>\n\n\n\n<div class=\"wp-block-group\"><div class=\"wp-block-group__inner-container is-layout-constrained wp-block-group-is-layout-constrained\">\n<p class=\"has-text-align-center box\"><strong>Groupe : L&#8217;arbitrage d&#8217;urgence<\/strong><\/p>\n\n\n\n<div class=\"wp-block-columns is-layout-flex wp-container-core-columns-is-layout-9d6595d7 wp-block-columns-is-layout-flex\">\n<div class=\"wp-block-column is-layout-flow wp-block-column-is-layout-flow\" style=\"flex-basis:66.66%\">\n<p><em><strong>Les situations d\u2019urgence&nbsp;<\/strong>les plus fr\u00e9quentes sont celles qui peuvent \u00eatre trait\u00e9es par une d\u00e9cision de justice de nature conservatoire ou provisoire. Dans ce cas, la d\u00e9cision rendue a pour objectif de geler la situation afin d\u2019emp\u00eacher une des parties qui, par ses actes, pourrait priver d\u2019efficacit\u00e9 la sentence arbitrale qui sera rendue. A ce titre, les dispositions de l\u2019article 1449 du Code de proc\u00e9dure civile, la mise en place au r\u00e8glement d\u2019arbitrage de la CCI de l\u2019arbitre d\u2019urgence ou encore la pratique des \u00ab&nbsp;dispute board&nbsp;\u00bb en droit de la construction \u2026<\/em><\/p>\n<p><em><strong>Si ces pratiques&nbsp;<\/strong>permettent la mise en place efficace de mesures provisoires, elles ne r\u00e9sultent pas \u00e0 la reddition de v\u00e9ritables sentences arbitrales. Les parties ont pourtant parfois besoin qu\u2019une d\u00e9cision, d\u00e9finitive et contraignante, soit rendue dans d\u00e9lais tr\u00e8s courts. Ainsi l\u2019arbitrage dit \u00ab&nbsp;fast-track&nbsp;\u00bb consiste pour les arbitres \u00e0 statuer sur le fond du litige dans un d\u00e9lai qui oscille g\u00e9n\u00e9ralement entre deux et quatre mois. Les arbitres rendent alors une sentence dot\u00e9e d\u2019une force contraignante pour les parties.<\/em><\/p>\n<p><em><strong>D\u00e8s sa cr\u00e9ation,&nbsp;<\/strong>l\u2019 AFA a introduit dans son r\u00e8glement d\u2019arbitrage l\u2019article 13 sur les proc\u00e9dures d\u2019urgence. Cette proc\u00e9dure peut \u00eatre mise en \u0153uvre, avant ou apr\u00e8s la constitution du tribunal arbitral, rapidement par le Comit\u00e9 d\u2019arbitrage. La mise en \u0153uvre se fait \u00e0 partir de son appr\u00e9ciation de l\u2019incidence des mesures sollicit\u00e9es sur le fond du litige.<\/em><\/p>\n<p><a href=\"http:\/\/www.degaullefleurance.com\/equipe\/andrea-pinna\/\" target=\"_blank\" rel=\"noopener noreferrer\">Ma\u00eetre Andrea PINNA&nbsp;<\/a>dirige cette commission avec la collaboration de&nbsp;<a href=\"https:\/\/www.linkedin.com\/in\/marine-juston-228516124\/\" target=\"_blank\" rel=\"noopener noreferrer\">Mademoiselle Marine JUSTON<\/a>, \u00c9tudiante en droit.<\/p>\n<p><strong>Cette commission<\/strong>&nbsp;aura pour objectif d\u2019appr\u00e9cier l\u2019exp\u00e9rience de l\u2019 AFA en mati\u00e8re d\u2019arbitrage d\u2019urgence en application de cet article, de d\u00e9terminer si cette disposition r\u00e9pond aux besoins de la pratique et, le cas \u00e9chant, de sugg\u00e9rer des modifications du R\u00e8glement d\u2019arbitrage.<\/p>\n<\/div>\n\n\n\n<div class=\"wp-block-column box is-layout-flow wp-block-column-is-layout-flow\" style=\"flex-basis:33.33%\">\n<ul class=\"list wp-block-list\">\n<li><a href=\"https:\/\/www.afa-arbitrage.com\/wp-content\/uploads\/2023\/03\/Groupe-de-reflexion-AFA-_-Larbitrage-durgence.pdf\" target=\"_blank\" rel=\"noreferrer noopener\">Documents de travail<\/a><\/li>\n\n\n\n<li><a href=\"https:\/\/www.afa-arbitrage.com\/wp-content\/uploads\/2017\/02\/Compte_rendu_Reunion_du-1_fevrier_2017_Groupe_de_reflexion_L-arbitrage_d-urgence.pdf\" target=\"_blank\" rel=\"noreferrer noopener\">R\u00e9union du 1er f\u00e9vrier 2017<\/a><\/li>\n\n\n\n<li><a href=\"https:\/\/www.afa-arbitrage.com\/wp-content\/uploads\/2017\/04\/Compte_rendu_Reunion_du_9_mars_2017_Groupe_de_reflexion_L-arbitrage_d-urgence.pdf\" target=\"_blank\" rel=\"noreferrer noopener\">R\u00e9union du 9 mars 2017<\/a><\/li>\n\n\n\n<li><a href=\"https:\/\/www.afa-arbitrage.com\/wp-content\/uploads\/2017\/05\/Compte_rendu_Reunion_du_25_avril_2017_Groupe_de_reflexion_L-arbitrage_d-urgence.pdf\" target=\"_blank\" rel=\"noreferrer noopener\">R\u00e9union du 25 avril 2017<\/a><\/li>\n\n\n\n<li><a href=\"\/wp-content\/uploads\/2023\/02\/Lettre-de-lAFA-n\u00b026-_-Fevrier-2018-_-Lurgence-dans-le-futur-reglement-darbitrage-de-lAFA-2.pdf\" target=\"_blank\" rel=\"noreferrer noopener\">Lettre de l\u2019 AFA n\u00b026<\/a><\/li>\n<\/ul>\n<\/div>\n<\/div>\n<\/div><\/div>\n\n\n\n<div class=\"wp-block-group\"><div class=\"wp-block-group__inner-container is-layout-constrained wp-block-group-is-layout-constrained\">\n<p class=\"has-text-align-center box\"><strong>Groupe : La consolidation d\u2019arbitrages connexes<\/strong><\/p>\n\n\n\n<div class=\"wp-block-columns is-layout-flex wp-container-core-columns-is-layout-9d6595d7 wp-block-columns-is-layout-flex\">\n<div class=\"wp-block-column is-layout-flow wp-block-column-is-layout-flow\" style=\"flex-basis:66.66%\">\n<p><em><strong>La pratique de l\u2019arbitrage<\/strong>&nbsp;montre que les parties en litige sont de plus en plus souvent multiples, que le diff\u00e9rend concerne plusieurs contrats de sorte que plusieurs conventions d\u2019arbitrage sont potentiellement applicables concurremment. Il en r\u00e9sulte un contentieux dans le contentieux qui risque de paralyser l\u2019avancement des proc\u00e9dures et donc la solution du contentieux.<\/em><\/p>\n<p><em><strong>Afin de pallier cette difficult\u00e9<\/strong>&nbsp;et encadrer la facult\u00e9 pour diff\u00e9rentes parties de se joindre \u00e0 une proc\u00e9dure arbitrale en cours ou encore de regrouper devant un m\u00eame tribunal arbitral plusieurs proc\u00e9dures arbitrales pendantes, certaines lois nationales ont express\u00e9ment pr\u00e9vu des modalit\u00e9s permettant aux parties, aux tribunaux arbitraux ou aux juges de d\u00e9cider de la consolidation de proc\u00e9dures arbitrales concernant des affaires connexes. Le d\u00e9cret du 13 janvier 2011 pour sa part, sauf une petite incidente sur le domaine de la convention d\u2019arbitrage, n\u2019a pas cherch\u00e9 \u00e0 am\u00e9liorer sur ce point l\u2019efficacit\u00e9 de l\u2019arbitrage.<\/em><\/p>\n<p><em><strong>Par ailleurs<\/strong>, plusieurs centres d\u2019arbitrage ont choisi d\u2019int\u00e9grer de nouvelles dispositions dans leurs r\u00e8glements respectifs. Dans de telles circonstances, l\u2019on peut s\u2019interroger sur l\u2019opportunit\u00e9 et sur le succ\u00e8s de ces dispositions pour faciliter l\u2019appr\u00e9hension d\u2019un contentieux autrement vou\u00e9 \u00e0 \u00eatre d\u00e9coup\u00e9 et donc \u00e0 entra\u00eener des pertes de temps et des co\u00fbts suppl\u00e9mentaires.<\/em><\/p>\n<p><a href=\"http:\/\/scp-jo.com\/le-cabinet\/\" target=\"_blank\" rel=\"noopener noreferrer\">Ma\u00eetre J\u00e9r\u00f4me ORTSCHEIDT<\/a>, Avocat au Conseil d\u2019Etat et \u00e0 la Cour de Cassation a pilot\u00e9 ce groupe de r\u00e9flexion avec la collaboration de&nbsp;<a href=\"https:\/\/www.linkedin.com\/in\/linke1\/\" target=\"_blank\" rel=\"noopener noreferrer\">Mademoiselle Elo\u00efse GLUCKSMANN<\/a>, Charg\u00e9e d\u2019enseignement \u00e0 l\u2019Universit\u00e9 Panth\u00e9on Sorbonne.<\/p>\n<p><strong>Cette commission<\/strong>&nbsp;a eu pour mission de d\u00e9terminer si de telles dispositions constituent une aide ou, au contraire, une entrave \u00e0 la gestion des proc\u00e9dures du point de vue de la libert\u00e9 des parties ou des institutions d\u2019arbitrage.<\/p>\n<p><strong>La r\u00e9flexion<\/strong>&nbsp;sur ce point a permis, notamment par la comparaison avec des syst\u00e8mes autres, de prendre position sur cette question qui concerne l\u2019efficacit\u00e9 de l\u2019arbitrage et de sugg\u00e9rer des ajouts au R\u00e8glement de l\u2019 AFA.<\/p>\n<p><\/p>\n<\/div>\n\n\n\n<div class=\"wp-block-column box is-layout-flow wp-block-column-is-layout-flow\" style=\"flex-basis:33.33%\">\n<ul class=\"list wp-block-list\">\n<li><a href=\"https:\/\/www.afa-arbitrage.com\/wp-content\/uploads\/Document_de_travail_Groupe_de_reflexion_AFA_La_Consolidation_d-arbitrages_connexes.pdf\" target=\"_blank\" rel=\"noreferrer noopener\">Document de travail<\/a><\/li>\n\n\n\n<li><a href=\"https:\/\/www.afa-arbitrage.com\/wp-content\/uploads\/Compte_rendu_Reunion_du_12_septembre_2014_Groupe_de_reflexion_AFA_La_consolidation_d-arbitrages_connexes.pdf\" target=\"_blank\" rel=\"noreferrer noopener\">R\u00e9union du 12 septembre 2014<\/a><\/li>\n\n\n\n<li><a href=\"https:\/\/www.afa-arbitrage.com\/wp-content\/uploads\/Compte_rendu_Reunion_du_17_decembre_2014_Groupe_de_reflexion_La_consolidation_des_arbitrages_connexes.pdf\" target=\"_blank\" rel=\"noreferrer noopener\">R\u00e9union du 17 d\u00e9cembre 2014<\/a><\/li>\n\n\n\n<li><a href=\"https:\/\/www.afa-arbitrage.com\/wp-content\/uploads\/Compte_rendu_Reunion_du-4_fevrier_2015_Groupe_de_reflexion_La_consolidation_des_arbitrages_connexes.pdf\" target=\"_blank\" rel=\"noreferrer noopener\">R\u00e9union du 4 f\u00e9vrier 2015<\/a><\/li>\n\n\n\n<li><a href=\"https:\/\/www.afa-arbitrage.com\/wp-content\/uploads\/Compte_rendu_Reunion_du_9_avril_2015_Groupe_de_reflexion_La_consolidation_des_arbitrages_connexes.pdf\" target=\"_blank\" rel=\"noreferrer noopener\">R\u00e9union du 9 avril 2015<\/a><\/li>\n\n\n\n<li><a href=\"https:\/\/www.afa-arbitrage.com\/wp-content\/uploads\/Compte_rendu_Reunion_du_3_juin_2015_Groupe_de_reflexion_La_consolidation_des_arbitrages_connexes.pdf\" target=\"_blank\" rel=\"noreferrer noopener\">R\u00e9union du 3 juin 2015<\/a><\/li>\n\n\n\n<li><a href=\"https:\/\/www.afa-arbitrage.com\/wp-content\/uploads\/Synthes_des_debats_Groupe_de_reflexion_La-consolidation_d-arbitrages_connexes.pdf\" target=\"_blank\" rel=\"noreferrer noopener\">Synth\u00e8se des d\u00e9bats<\/a><\/li>\n<\/ul>\n<\/div>\n<\/div>\n<\/div><\/div>\n\n\n\n<div class=\"wp-block-group\"><div class=\"wp-block-group__inner-container is-layout-constrained wp-block-group-is-layout-constrained\">\n<p class=\"has-text-align-center box\"><strong>Groupe : Les d\u00e9cisions du Comit\u00e9 d\u2019arbitrage<\/strong><\/p>\n\n\n\n<div class=\"wp-block-columns is-layout-flex wp-container-core-columns-is-layout-9d6595d7 wp-block-columns-is-layout-flex\">\n<div class=\"wp-block-column is-layout-flow wp-block-column-is-layout-flow\" style=\"flex-basis:66.66%\">\n<p><em><strong>Le juge d\u2019appui<\/strong>&nbsp;lorsqu\u2019il intervient pour faciliter la composition du tribunal arbitral ou en cas de difficult\u00e9 rend des d\u00e9cisions sans recours, sauf en cas de refus de nomination d\u2019un arbitre. De ce fait ses d\u00e9cisions sont rev\u00eatues de l\u2019autorit\u00e9 de chose jug\u00e9e ce que la Cour de Cassation a affirm\u00e9 r\u00e9cemment (Civ.13 mars 2013, n\u00b0 12-20573). Il en r\u00e9sulte qu\u2019 une fois rendue, sa d\u00e9cision ne peut plus \u00eatre contest\u00e9e au niveau du recours \u00e0 l\u2019encontre de la sentence arbitrale.<\/em><\/p>\n<p><em><strong>En revanche<\/strong>&nbsp;les mesures prises par l\u2019institution d\u2019arbitrage ne constituent pas des d\u00e9cisions juridictionnelles, en sorte qu\u2019elles n\u2019ont aucune autorit\u00e9 de chose jug\u00e9e et peuvent donc \u00eatre contest\u00e9es au niveau du recours contre la sentence.<\/em><\/p>\n<p><em><strong>Ainsi le maintien par l\u2019institution<\/strong>&nbsp;de la nomination d\u2019un arbitre ayant fait l\u2019objet d\u2019une r\u00e9cusation pourra \u00eatre critiqu\u00e9 au niveau du recours en annulation contre la sentence et aboutir le cas \u00e9ch\u00e9ant \u00e0 l\u2019annulation de la sentence si la Cour venait \u00e0 consid\u00e9rer que la r\u00e9cusation aurait d\u00fb \u00eatre prononc\u00e9e.<\/em><\/p>\n<p><em><strong>Il en r\u00e9sulte que<\/strong>&nbsp;le tribunal arbitral, dans un tel cas d\u2019esp\u00e8ce, confort\u00e9 par l\u2019institution d\u2019arbitrage, doit poursuivre sa mission mais en sachant que la l\u00e9gitimit\u00e9 de sa composition pourra \u00eatre ult\u00e9rieurement contest\u00e9e ce qui n\u2019est pas favorable \u00e0 la s\u00e9r\u00e9nit\u00e9 de ses d\u00e9bats.<\/em><\/p>\n<p><em><strong>Deux solutions&nbsp;<\/strong>pourraient a priori \u00eatre envisag\u00e9es mais elles exigent une modification des textes en vigueur :<br>\u2013 reconna\u00eetre \u00e0 la d\u00e9cision rendue par l\u2019institution une autorit\u00e9 \u00e9quivalente \u00e0 celle du juge d\u2019appui,<br>\u2013 soumettre la d\u00e9cision de l\u2019institution \u00e0 un contr\u00f4le imm\u00e9diat et d\u00e9finitif pour vider l\u2019incident.<\/em><\/p>\n<p><a href=\"http:\/\/www.u-paris10.fr\/la-presidence\/m-francois-xavier-train--697374.kjsp\" target=\"_blank\" rel=\"noopener noreferrer\">Monsieur le Professeur Fran\u00e7ois-Xavier TRAIN<\/a>&nbsp;a dirig\u00e9 ce groupe de r\u00e9flexion avec la collaboration de&nbsp;<a href=\"http:\/\/www.hmn-partners.com\/index.php\/fr\/les-avocats\/pierre-feng\" target=\"_blank\" rel=\"noopener noreferrer\">Monsieur Pierre FENG<\/a>, Avocat au Barreau de Paris.<\/p>\n<p><strong>Cette commission<\/strong>&nbsp;s\u2019est attach\u00e9e \u00e0 \u00e9tudier la valeur et la nature juridiques des diff\u00e9rentes d\u00e9cisions des institutions d\u2019arbitrage, afin d\u2019envisager l\u2019am\u00e9lioration de leur r\u00e9gime propre d\u2019une part, mais \u00e9galement de leur contr\u00f4le a posteriori.<\/p>\n<p><strong>Les r\u00e9flexions&nbsp;<\/strong>centr\u00e9es sur les d\u00e9cisions des institutions pouvant avoir effet sur la sentence arbitrale par une sanction r\u00e9dhibitoire ont men\u00e9 cette commission \u00e0 d\u00e9terminer une solution qui ne p\u00e9naliserait pas l\u2019institution d\u2019arbitrage et \u00e0 proposer des modifications au R\u00e8glement de l\u2019 AFA.<\/p>\n<p><\/p>\n<\/div>\n\n\n\n<div class=\"wp-block-column box is-layout-flow wp-block-column-is-layout-flow\" style=\"flex-basis:33.33%\">\n<ul class=\"list wp-block-list\">\n<li><a href=\"https:\/\/www.afa-arbitrage.com\/wp-content\/uploads\/Document_de_travail_Groupe_de_reflexion_AFA_Les_decisions_du_Comite_d-arbitrage.pdf\" target=\"_blank\" rel=\"noreferrer noopener\">Document de travail<\/a><\/li>\n\n\n\n<li><a href=\"https:\/\/www.afa-arbitrage.com\/wp-content\/uploads\/Compte_rendu_Reunion_du_9_octobre_2014_Groupe_de_reflexion_Les_decisions_du-Comite_d-arbitrage.pdf\" target=\"_blank\" rel=\"noreferrer noopener\">R\u00e9union du 9 octobre 2014<\/a><\/li>\n\n\n\n<li><a href=\"https:\/\/www.afa-arbitrage.com\/wp-content\/uploads\/Compte_rendu_Reunion_du_19_decembre_2014_Groupe_de_reflexion_Les_decisions_du_Comite_-d-arbitrage.pdf\" target=\"_blank\" rel=\"noreferrer noopener\">R\u00e9union du 19 d\u00e9cembre 2014<\/a><\/li>\n\n\n\n<li><a href=\"https:\/\/www.afa-arbitrage.com\/wp-content\/uploads\/Compte_rendu_Reunion_du_3_-fevrier_2015_Groupe_de_reflexion_Les_decisions_du_Comite_d-arbitrage.pdf\" target=\"_blank\" rel=\"noreferrer noopener\">R\u00e9union du 3 f\u00e9vrier 2015<\/a><\/li>\n\n\n\n<li><a href=\"https:\/\/www.afa-arbitrage.com\/wp-content\/uploads\/Rapport_de_synthese_Groupe_2015_Groupe_de_reflexion_Les_decisions_du_Comite_d-arbitrage.pdf\" target=\"_blank\" rel=\"noreferrer noopener\">Synth\u00e8se des d\u00e9bats<\/a><\/li>\n<\/ul>\n<\/div>\n<\/div>\n<\/div><\/div>\n","protected":false},"excerpt":{"rendered":"<p>L\u2019 AFA, dans le cadre de la promotion de l\u2019arbitrage qu\u2019elle organise, met en place des groupes de r\u00e9flexion ouverts \u00e0 ses membres adh\u00e9rents \u00e0 l\u2019effet de parvenir, si possible, \u00e0 une am\u00e9lioration de l\u2019acc\u00e8s et de la pratique de l\u2019arbitrage. Groupe : L&#8217;arbitrage d&#8217;urgence Les situations d\u2019urgence&nbsp;les plus fr\u00e9quentes sont celles qui peuvent \u00eatre trait\u00e9es par une d\u00e9cision de justice de nature conservatoire ou provisoire. Dans ce cas, la d\u00e9cision rendue a pour objectif de geler la situation afin d\u2019emp\u00eacher une des parties qui, par ses actes, pourrait priver d\u2019efficacit\u00e9 la sentence arbitrale qui sera rendue. A ce titre,&hellip; <a class=\"more-link\" href=\"https:\/\/www.afa-arbitrage.com\/en\/activities\/groupes-de-reflexion\/\">Continue reading <span class=\"screen-reader-text\">Groupes de r\u00e9flexion<\/span><\/a><\/p>\n","protected":false},"author":6,"featured_media":0,"parent":784,"menu_order":0,"comment_status":"closed","ping_status":"closed","template":"","meta":{"_cbd_carousel_blocks":"[]","footnotes":""},"class_list":["post-4293","page","type-page","status-publish","hentry","entry"],"yoast_head":"<!-- This site is optimized with the Yoast SEO plugin v27.3 - https:\/\/yoast.com\/product\/yoast-seo-wordpress\/ -->\n<title>Groupes de r\u00e9flexion - Association Fran\u00e7aise d&#039;Arbitrage<\/title>\n<meta name=\"description\" content=\"Groupes de r\u00e9flexion ouverts \u00e0 ses membres \u00e0 l\u2019effet de parvenir \u00e0 une am\u00e9lioration de l\u2019acc\u00e8s et de la pratique de l\u2019arbitrage.\" \/>\n<meta name=\"robots\" content=\"index, follow, max-snippet:-1, max-image-preview:large, max-video-preview:-1\" \/>\n<link rel=\"canonical\" href=\"https:\/\/www.afa-arbitrage.com\/en\/activities\/groupes-de-reflexion\/\" \/>\n<meta property=\"og:locale\" content=\"en_US\" \/>\n<meta property=\"og:type\" content=\"article\" \/>\n<meta property=\"og:title\" content=\"Groupes de r\u00e9flexion - Association Fran\u00e7aise d&#039;Arbitrage\" \/>\n<meta property=\"og:description\" content=\"Groupes de r\u00e9flexion ouverts \u00e0 ses membres \u00e0 l\u2019effet de parvenir \u00e0 une am\u00e9lioration de l\u2019acc\u00e8s et de la pratique de l\u2019arbitrage.\" \/>\n<meta property=\"og:url\" content=\"https:\/\/www.afa-arbitrage.com\/en\/activities\/groupes-de-reflexion\/\" \/>\n<meta property=\"og:site_name\" content=\"Association Fran\u00e7aise d&#039;Arbitrage\" \/>\n<meta property=\"article:modified_time\" content=\"2023-03-31T07:00:10+00:00\" \/>\n<meta name=\"twitter:card\" content=\"summary_large_image\" \/>\n<meta name=\"twitter:label1\" content=\"Est. reading time\" \/>\n\t<meta name=\"twitter:data1\" content=\"6 minutes\" \/>\n<script type=\"application\/ld+json\" class=\"yoast-schema-graph\">{\"@context\":\"https:\\\/\\\/schema.org\",\"@graph\":[{\"@type\":\"WebPage\",\"@id\":\"https:\\\/\\\/www.afa-arbitrage.com\\\/en\\\/activities\\\/groupes-de-reflexion\\\/\",\"url\":\"https:\\\/\\\/www.afa-arbitrage.com\\\/en\\\/activities\\\/groupes-de-reflexion\\\/\",\"name\":\"Groupes de r\u00e9flexion - Association Fran\u00e7aise d&#039;Arbitrage\",\"isPartOf\":{\"@id\":\"https:\\\/\\\/www.afa-arbitrage.com\\\/#website\"},\"datePublished\":\"2014-11-18T21:05:29+00:00\",\"dateModified\":\"2023-03-31T07:00:10+00:00\",\"description\":\"Groupes de r\u00e9flexion ouverts \u00e0 ses membres \u00e0 l\u2019effet de parvenir \u00e0 une am\u00e9lioration de l\u2019acc\u00e8s et de la pratique de l\u2019arbitrage.\",\"breadcrumb\":{\"@id\":\"https:\\\/\\\/www.afa-arbitrage.com\\\/en\\\/activities\\\/groupes-de-reflexion\\\/#breadcrumb\"},\"inLanguage\":\"en-US\",\"potentialAction\":[{\"@type\":\"ReadAction\",\"target\":[\"https:\\\/\\\/www.afa-arbitrage.com\\\/en\\\/activities\\\/groupes-de-reflexion\\\/\"]}]},{\"@type\":\"BreadcrumbList\",\"@id\":\"https:\\\/\\\/www.afa-arbitrage.com\\\/en\\\/activities\\\/groupes-de-reflexion\\\/#breadcrumb\",\"itemListElement\":[{\"@type\":\"ListItem\",\"position\":1,\"name\":\"Home\",\"item\":\"\\\/en\"},{\"@type\":\"ListItem\",\"position\":2,\"name\":\"Activities\",\"item\":\"https:\\\/\\\/www.afa-arbitrage.com\\\/en\\\/activities\\\/\"},{\"@type\":\"ListItem\",\"position\":3,\"name\":\"Groupes de r\u00e9flexion\"}]},{\"@type\":\"WebSite\",\"@id\":\"https:\\\/\\\/www.afa-arbitrage.com\\\/#website\",\"url\":\"https:\\\/\\\/www.afa-arbitrage.com\\\/\",\"name\":\"Association Fran\u00e7aise d'Arbitrage\",\"description\":\"Arbitrage interne et international\",\"publisher\":{\"@id\":\"https:\\\/\\\/www.afa-arbitrage.com\\\/#organization\"},\"potentialAction\":[{\"@type\":\"SearchAction\",\"target\":{\"@type\":\"EntryPoint\",\"urlTemplate\":\"https:\\\/\\\/www.afa-arbitrage.com\\\/?s={search_term_string}\"},\"query-input\":{\"@type\":\"PropertyValueSpecification\",\"valueRequired\":true,\"valueName\":\"search_term_string\"}}],\"inLanguage\":\"en-US\"},{\"@type\":\"Organization\",\"@id\":\"https:\\\/\\\/www.afa-arbitrage.com\\\/#organization\",\"name\":\"Association Fran\u00e7aise d'Arbitrage\",\"url\":\"https:\\\/\\\/www.afa-arbitrage.com\\\/\",\"logo\":{\"@type\":\"ImageObject\",\"inLanguage\":\"en-US\",\"@id\":\"https:\\\/\\\/www.afa-arbitrage.com\\\/#\\\/schema\\\/logo\\\/image\\\/\",\"url\":\"https:\\\/\\\/www.afa-arbitrage.com\\\/wp-content\\\/uploads\\\/2023\\\/02\\\/AFA_logo_header_clear_long.png\",\"contentUrl\":\"https:\\\/\\\/www.afa-arbitrage.com\\\/wp-content\\\/uploads\\\/2023\\\/02\\\/AFA_logo_header_clear_long.png\",\"width\":500,\"height\":60,\"caption\":\"Association Fran\u00e7aise d'Arbitrage\"},\"image\":{\"@id\":\"https:\\\/\\\/www.afa-arbitrage.com\\\/#\\\/schema\\\/logo\\\/image\\\/\"}}]}<\/script>\n<!-- \/ Yoast SEO plugin. -->","yoast_head_json":{"title":"Groupes de r\u00e9flexion - Association Fran\u00e7aise d&#039;Arbitrage","description":"Groupes de r\u00e9flexion ouverts \u00e0 ses membres \u00e0 l\u2019effet de parvenir \u00e0 une am\u00e9lioration de l\u2019acc\u00e8s et de la pratique de l\u2019arbitrage.","robots":{"index":"index","follow":"follow","max-snippet":"max-snippet:-1","max-image-preview":"max-image-preview:large","max-video-preview":"max-video-preview:-1"},"canonical":"https:\/\/www.afa-arbitrage.com\/en\/activities\/groupes-de-reflexion\/","og_locale":"en_US","og_type":"article","og_title":"Groupes de r\u00e9flexion - Association Fran\u00e7aise d&#039;Arbitrage","og_description":"Groupes de r\u00e9flexion ouverts \u00e0 ses membres \u00e0 l\u2019effet de parvenir \u00e0 une am\u00e9lioration de l\u2019acc\u00e8s et de la pratique de l\u2019arbitrage.","og_url":"https:\/\/www.afa-arbitrage.com\/en\/activities\/groupes-de-reflexion\/","og_site_name":"Association Fran\u00e7aise d&#039;Arbitrage","article_modified_time":"2023-03-31T07:00:10+00:00","twitter_card":"summary_large_image","twitter_misc":{"Est. reading time":"6 minutes"},"schema":{"@context":"https:\/\/schema.org","@graph":[{"@type":"WebPage","@id":"https:\/\/www.afa-arbitrage.com\/en\/activities\/groupes-de-reflexion\/","url":"https:\/\/www.afa-arbitrage.com\/en\/activities\/groupes-de-reflexion\/","name":"Groupes de r\u00e9flexion - Association Fran\u00e7aise d&#039;Arbitrage","isPartOf":{"@id":"https:\/\/www.afa-arbitrage.com\/#website"},"datePublished":"2014-11-18T21:05:29+00:00","dateModified":"2023-03-31T07:00:10+00:00","description":"Groupes de r\u00e9flexion ouverts \u00e0 ses membres \u00e0 l\u2019effet de parvenir \u00e0 une am\u00e9lioration de l\u2019acc\u00e8s et de la pratique de l\u2019arbitrage.","breadcrumb":{"@id":"https:\/\/www.afa-arbitrage.com\/en\/activities\/groupes-de-reflexion\/#breadcrumb"},"inLanguage":"en-US","potentialAction":[{"@type":"ReadAction","target":["https:\/\/www.afa-arbitrage.com\/en\/activities\/groupes-de-reflexion\/"]}]},{"@type":"BreadcrumbList","@id":"https:\/\/www.afa-arbitrage.com\/en\/activities\/groupes-de-reflexion\/#breadcrumb","itemListElement":[{"@type":"ListItem","position":1,"name":"Home","item":"\/en"},{"@type":"ListItem","position":2,"name":"Activities","item":"https:\/\/www.afa-arbitrage.com\/en\/activities\/"},{"@type":"ListItem","position":3,"name":"Groupes de r\u00e9flexion"}]},{"@type":"WebSite","@id":"https:\/\/www.afa-arbitrage.com\/#website","url":"https:\/\/www.afa-arbitrage.com\/","name":"Association Fran\u00e7aise d'Arbitrage","description":"Arbitrage interne et international","publisher":{"@id":"https:\/\/www.afa-arbitrage.com\/#organization"},"potentialAction":[{"@type":"SearchAction","target":{"@type":"EntryPoint","urlTemplate":"https:\/\/www.afa-arbitrage.com\/?s={search_term_string}"},"query-input":{"@type":"PropertyValueSpecification","valueRequired":true,"valueName":"search_term_string"}}],"inLanguage":"en-US"},{"@type":"Organization","@id":"https:\/\/www.afa-arbitrage.com\/#organization","name":"Association Fran\u00e7aise d'Arbitrage","url":"https:\/\/www.afa-arbitrage.com\/","logo":{"@type":"ImageObject","inLanguage":"en-US","@id":"https:\/\/www.afa-arbitrage.com\/#\/schema\/logo\/image\/","url":"https:\/\/www.afa-arbitrage.com\/wp-content\/uploads\/2023\/02\/AFA_logo_header_clear_long.png","contentUrl":"https:\/\/www.afa-arbitrage.com\/wp-content\/uploads\/2023\/02\/AFA_logo_header_clear_long.png","width":500,"height":60,"caption":"Association Fran\u00e7aise d'Arbitrage"},"image":{"@id":"https:\/\/www.afa-arbitrage.com\/#\/schema\/logo\/image\/"}}]}},"_links":{"self":[{"href":"https:\/\/www.afa-arbitrage.com\/en\/wp-json\/wp\/v2\/pages\/4293\/"}],"collection":[{"href":"https:\/\/www.afa-arbitrage.com\/en\/wp-json\/wp\/v2\/pages\/"}],"about":[{"href":"https:\/\/www.afa-arbitrage.com\/en\/wp-json\/wp\/v2\/types\/page\/"}],"author":[{"embeddable":true,"href":"https:\/\/www.afa-arbitrage.com\/en\/wp-json\/wp\/v2\/users\/6\/"}],"replies":[{"embeddable":true,"href":"https:\/\/www.afa-arbitrage.com\/en\/wp-json\/wp\/v2\/comments\/?post=4293"}],"version-history":[{"count":40,"href":"https:\/\/www.afa-arbitrage.com\/en\/wp-json\/wp\/v2\/pages\/4293\/revisions\/"}],"predecessor-version":[{"id":18956,"href":"https:\/\/www.afa-arbitrage.com\/en\/wp-json\/wp\/v2\/pages\/4293\/revisions\/18956\/"}],"up":[{"embeddable":true,"href":"https:\/\/www.afa-arbitrage.com\/en\/wp-json\/wp\/v2\/pages\/784\/"}],"wp:attachment":[{"href":"https:\/\/www.afa-arbitrage.com\/en\/wp-json\/wp\/v2\/media\/?parent=4293"}],"curies":[{"name":"wp","href":"https:\/\/api.w.org\/{rel}","templated":true}]}}