{"id":1166,"date":"2013-09-30T01:19:29","date_gmt":"2013-09-30T00:19:29","guid":{"rendered":"http:\/\/afa2.deheyn.com\/legal-news\/presse\/"},"modified":"2023-04-04T13:56:42","modified_gmt":"2023-04-04T12:56:42","slug":"presse","status":"publish","type":"page","link":"https:\/\/www.afa-arbitrage.com\/en\/legal-news\/presse\/","title":{"rendered":"Presse"},"content":{"rendered":"\n<div class=\"wp-block-query is-layout-flow wp-block-query-is-layout-flow\"><ul class=\"wp-block-post-template is-layout-flow wp-block-post-template-is-layout-flow\"><li class=\"wp-block-post post-16017 documentations type-documentations status-publish hentry documentation_category-presse entry\">\n\n<div class=\"wp-block-group box\"><div class=\"wp-block-group__inner-container is-layout-constrained wp-block-group-is-layout-constrained\"><h2 class=\"has-text-align-left title-bar wp-block-post-title\">Le Monde du Droit du 20 mars 2018<\/h2>\n\n<div class=\"entry-content wp-block-post-content is-layout-flow wp-block-post-content-is-layout-flow\">\n<p><a href=\"https:\/\/www.lemondedudroit.fr\/institutions\/56777-conclusion-partenariat-cpccaf.html\" target=\"_blank\" rel=\"noreferrer noopener\"><em>Conclusion d\u2019un partenariat entre l\u2019AFA et la Conf\u00e9rence Permanente des Chambres Consulaires d\u2019Afrique Francophone (CPCCAF)<\/em><\/a><\/p>\n<\/div><\/div><\/div>\n\n<\/li><li class=\"wp-block-post post-16016 documentations type-documentations status-publish hentry documentation_category-presse entry\">\n\n<div class=\"wp-block-group box\"><div class=\"wp-block-group__inner-container is-layout-constrained wp-block-group-is-layout-constrained\"><h2 class=\"has-text-align-left title-bar wp-block-post-title\">Option Finance du 5 mars 2018<\/h2>\n\n<div class=\"entry-content wp-block-post-content is-layout-flow wp-block-post-content-is-layout-flow\">\n<p><a href=\"\/wp-content\/uploads\/2018\/06\/afa_4e_rencontres_arbitrage_et_contentieux_2018.pdf\" target=\"_blank\" rel=\"noreferrer noopener\"><em>Les 4<sup>\u00e8mes<\/sup>\u00a0Rencontres de l\u2019Arbitrage et du Contentieux \u2013 Dossier sp\u00e9cial\u00a0<\/em><\/a>\u2013 Participation de Marc Henry, Pr\u00e9sident de l\u2019 AFA sur le th\u00e8me \u00ab Les nouveaux territoires de l\u2019arbitrage et leur impact sur la pratique \u00bb.<\/p>\n<\/div><\/div><\/div>\n\n<\/li><li class=\"wp-block-post post-16015 documentations type-documentations status-publish hentry documentation_category-presse entry\">\n\n<div class=\"wp-block-group box\"><div class=\"wp-block-group__inner-container is-layout-constrained wp-block-group-is-layout-constrained\"><h2 class=\"has-text-align-left title-bar wp-block-post-title\">D\u00e9cideurs Magazine \u2013 Guide 2017-2018 Contentieux &amp; Arbitrage<\/h2>\n\n<div class=\"entry-content wp-block-post-content is-layout-flow wp-block-post-content-is-layout-flow\">\n<p><a href=\"\/wp-content\/uploads\/2018\/05\/decideurs_magazine_guide_2017-2018_contentieux_arbitrage.pdf\" target=\"_blank\" rel=\"noreferrer noopener\"><em>Faire rayonner l\u2019association au plan national et international<\/em><\/a>\u00a0par Marc Henry<\/p>\n<\/div><\/div><\/div>\n\n<\/li><li class=\"wp-block-post post-16014 documentations type-documentations status-publish hentry documentation_category-presse entry\">\n\n<div class=\"wp-block-group box\"><div class=\"wp-block-group__inner-container is-layout-constrained wp-block-group-is-layout-constrained\"><h2 class=\"has-text-align-left title-bar wp-block-post-title\">La Semaine juridique \u2013 \u00c9dition g\u00e9n\u00e9rale du 20 novembre 2017<\/h2>\n\n<div class=\"entry-content wp-block-post-content is-layout-flow wp-block-post-content-is-layout-flow\">\n<p><a href=\"\/wp-content\/uploads\/2017\/11\/SJ-G-2017-47_marc_henry_l-arbitrage_comme_credo.pdf\" target=\"_blank\" rel=\"noreferrer noopener\"><em>Marc Henry, l\u2019arbitrage comme credo<\/em><\/a><\/p>\n<\/div><\/div><\/div>\n\n<\/li><li class=\"wp-block-post post-16013 documentations type-documentations status-publish hentry documentation_category-presse entry\">\n\n<div class=\"wp-block-group box\"><div class=\"wp-block-group__inner-container is-layout-constrained wp-block-group-is-layout-constrained\"><h2 class=\"has-text-align-left title-bar wp-block-post-title\">Option Finance du 17 f\u00e9vrier 2017<\/h2>\n\n<div class=\"entry-content wp-block-post-content is-layout-flow wp-block-post-content-is-layout-flow\">\n<p><a href=\"\/wp-content\/uploads\/2017\/10\/afa_3e_rencontres_arbitrage_et_contentieux_2017.pdf\" target=\"_blank\" rel=\"noreferrer noopener\"><em>Les 3<sup>\u00e8mes<\/sup>\u00a0Rencontres de l\u2019Arbitrage et du Contentieux \u2013 Dossier sp\u00e9cial\u00a0<\/em><\/a>\u2013 Participation de Madame Carol Xueref, membre du Comit\u00e9 d\u2019arbitrage de l\u2019 AFA sur le th\u00e8me \u00ab Gestion des contentieux : quelle strat\u00e9gie pour les entreprises ? \u00bb<\/p>\n<\/div><\/div><\/div>\n\n<\/li><li class=\"wp-block-post post-16012 documentations type-documentations status-publish hentry documentation_category-presse entry\">\n\n<div class=\"wp-block-group box\"><div class=\"wp-block-group__inner-container is-layout-constrained wp-block-group-is-layout-constrained\"><h2 class=\"has-text-align-left title-bar wp-block-post-title\">Journal Sp\u00e9cial des Soci\u00e9t\u00e9s du 19 mars 2016<\/h2>\n\n<div class=\"entry-content wp-block-post-content is-layout-flow wp-block-post-content-is-layout-flow\">\n<p><a href=\"\/wp-content\/uploads\/Journal_spe%CC%81cial_des_societe_19_mars_2016.pdf\" target=\"_blank\" rel=\"noreferrer noopener\"><em>Association Fran\u00e7aise d\u2019Arbitrage, C\u00e9l\u00e9bration du 40e anniversaire<\/em><\/a><\/p>\n<\/div><\/div><\/div>\n\n<\/li><li class=\"wp-block-post post-16011 documentations type-documentations status-publish hentry documentation_category-presse entry\">\n\n<div class=\"wp-block-group box\"><div class=\"wp-block-group__inner-container is-layout-constrained wp-block-group-is-layout-constrained\"><h2 class=\"has-text-align-left title-bar wp-block-post-title\">Le Monde du Droit du 17 mars 2016<\/h2>\n\n<div class=\"entry-content wp-block-post-content is-layout-flow wp-block-post-content-is-layout-flow\">\n<p><a href=\"http:\/\/lemondedudroit.fr\/interviews-portraits-profession-avocat\/216125-alexandre-job-le-defi-principal-de-afa-est-de-conforter-et-amplifier-sa-notoriete-en-france.html\" target=\"_blank\" rel=\"noreferrer noopener\"><em>\u00ab Le d\u00e9fi principal de l\u2019 AFA est de conforter et d\u2019amplifier sa notori\u00e9t\u00e9 en France \u00bb<\/em>\u00a0par Alexandre Job<\/a><\/p>\n<\/div><\/div><\/div>\n\n<\/li><li class=\"wp-block-post post-16010 documentations type-documentations status-publish hentry documentation_category-presse entry\">\n\n<div class=\"wp-block-group box\"><div class=\"wp-block-group__inner-container is-layout-constrained wp-block-group-is-layout-constrained\"><h2 class=\"has-text-align-left title-bar wp-block-post-title\">Option Finance du 29 f\u00e9vrier 2016<\/h2>\n\n<div class=\"entry-content wp-block-post-content is-layout-flow wp-block-post-content-is-layout-flow\">\n<p><a href=\"\/wp-content\/uploads\/Rencontres_Arbitrage_et-contentieux_040216.pdf\" target=\"_blank\" rel=\"noreferrer noopener\"><em>Les 2<sup>\u00e8mes<\/sup>\u00a0Rencontres de l\u2019Arbitrage et du Contentieux \u2013 Dossier sp\u00e9cial\u00a0<\/em><\/a>\u2013 Participation de Monsieur No\u00ebl M\u00e9lin, Secr\u00e9taire G\u00e9n\u00e9ral de l\u2019 AFA sur le th\u00e8me \u00ab Arbitrage: comment concilier transparence et confidentialit\u00e9 ? \u00bb<\/p>\n<\/div><\/div><\/div>\n\n<\/li><li class=\"wp-block-post post-16009 documentations type-documentations status-publish hentry documentation_category-presse entry\">\n\n<div class=\"wp-block-group box\"><div class=\"wp-block-group__inner-container is-layout-constrained wp-block-group-is-layout-constrained\"><h2 class=\"has-text-align-left title-bar wp-block-post-title\">La Lettre des juristes d\u2019affaires du 9 novembre 2015<\/h2>\n\n<div class=\"entry-content wp-block-post-content is-layout-flow wp-block-post-content-is-layout-flow\">\n<p><em><a href=\"\/wp-content\/uploads\/LJA_n-1230_9_decembre_2015.pdf\" target=\"_blank\" rel=\"noreferrer noopener\">L\u2019 AFA : une nouvelle impulsion<\/a><\/em>\u00a0\u2013 Entretien avec Laurence Kiffer, Marie Danis et Caroline Duclercq<\/p>\n<\/div><\/div><\/div>\n\n<\/li><li class=\"wp-block-post post-16008 documentations type-documentations status-publish hentry documentation_category-presse entry\">\n\n<div class=\"wp-block-group box\"><div class=\"wp-block-group__inner-container is-layout-constrained wp-block-group-is-layout-constrained\"><h2 class=\"has-text-align-left title-bar wp-block-post-title\">La Gazette du Palais sp\u00e9cialis\u00e9e- Edition 12 &amp; 13 ao\u00fbt 2015<\/h2>\n\n<div class=\"entry-content wp-block-post-content is-layout-flow wp-block-post-content-is-layout-flow\">\n<p><em>Actualit\u00e9 des Modes Alternatifs de R\u00e8glement des litiges<\/em>\u00a0\u2013 Actes de Colloque sous la pr\u00e9sidence de Genevi\u00e8ve Augendre, 13 f\u00e9vrier 2015<br><a href=\"\/wp-content\/uploads\/Propos-introductifs.pdf\" target=\"_blank\" rel=\"noreferrer noopener\">Lire l\u2019introduction de Madame AUGENDRE<\/a>\u00a0et lire l\u2019intervention de Monsieur No\u00ebl M\u00e9lin\u00a0<em><a href=\"\/wp-content\/uploads\/La-mediation-_points-d-actualite.pdf\" target=\"_blank\" rel=\"noreferrer noopener\">\u00ab M\u00e9diation : points d\u2019actualit\u00e9 \u00bb<\/a><\/em><\/p>\n<\/div><\/div><\/div>\n\n<\/li><\/ul>\n\n<nav class=\"wp-block-query-pagination is-content-justification-center is-layout-flex wp-container-core-query-pagination-is-layout-16018d1d wp-block-query-pagination-is-layout-flex\" aria-label=\"Pagination\">\n\n\n<div class=\"wp-block-query-pagination-numbers\"><span aria-current=\"page\" class=\"page-numbers current\">1<\/span>\n<a class=\"page-numbers\" href=\"?query-0-page=2\">2<\/a>\n<a class=\"page-numbers\" href=\"?query-0-page=3\">3<\/a><\/div>\n\n<a href=\"\/en\/wp-json\/wp\/v2\/pages\/1166\/?query-0-page=2\" class=\"wp-block-query-pagination-next\">Next Page<\/a>\n<\/nav>\n\n<\/div>\n","protected":false},"excerpt":{"rendered":"","protected":false},"author":2,"featured_media":19038,"parent":792,"menu_order":0,"comment_status":"closed","ping_status":"closed","template":"","meta":{"_cbd_carousel_blocks":"[]","footnotes":""},"class_list":["post-1166","page","type-page","status-publish","has-post-thumbnail","hentry","entry"],"yoast_head":"<!-- This site is optimized with the Yoast SEO plugin v27.3 - https:\/\/yoast.com\/product\/yoast-seo-wordpress\/ -->\n<title>Presse - Association Fran\u00e7aise d&#039;Arbitrage<\/title>\n<meta name=\"description\" content=\"Cette page recense des articles de presse relatifs \u00e0 l&#039;Association Fran\u00e7aise d&#039;Arbitrage, son r\u00e8glement, ses manifestations et ceux \u00e9crits par ses membres.\" \/>\n<meta name=\"robots\" content=\"index, follow, max-snippet:-1, max-image-preview:large, max-video-preview:-1\" \/>\n<link rel=\"canonical\" href=\"https:\/\/www.afa-arbitrage.com\/en\/legal-news\/presse\/\" \/>\n<link rel=\"next\" href=\"https:\/\/www.afa-arbitrage.com\/en\/legal-news\/presse\/?query-0-page=2\" \/>\n<meta property=\"og:locale\" content=\"en_US\" \/>\n<meta property=\"og:type\" content=\"article\" \/>\n<meta property=\"og:title\" content=\"Presse - Association Fran\u00e7aise d&#039;Arbitrage\" \/>\n<meta property=\"og:description\" content=\"Cette page recense des articles de presse relatifs \u00e0 l&#039;Association Fran\u00e7aise d&#039;Arbitrage, son r\u00e8glement, ses manifestations et ceux \u00e9crits par ses membres.\" \/>\n<meta property=\"og:url\" content=\"https:\/\/www.afa-arbitrage.com\/en\/legal-news\/presse\/\" \/>\n<meta property=\"og:site_name\" content=\"Association Fran\u00e7aise d&#039;Arbitrage\" \/>\n<meta property=\"article:modified_time\" content=\"2023-04-04T12:56:42+00:00\" \/>\n<meta property=\"og:image\" content=\"https:\/\/www.afa-arbitrage.com\/wp-content\/uploads\/2023\/04\/avocat.jpeg\" \/>\n\t<meta property=\"og:image:width\" content=\"2560\" \/>\n\t<meta property=\"og:image:height\" content=\"1706\" \/>\n\t<meta property=\"og:image:type\" content=\"image\/jpeg\" \/>\n<meta name=\"twitter:card\" content=\"summary_large_image\" \/>\n<script type=\"application\/ld+json\" class=\"yoast-schema-graph\">{\"@context\":\"https:\\\/\\\/schema.org\",\"@graph\":[{\"@type\":\"WebPage\",\"@id\":\"https:\\\/\\\/www.afa-arbitrage.com\\\/en\\\/legal-news\\\/presse\\\/\",\"url\":\"https:\\\/\\\/www.afa-arbitrage.com\\\/en\\\/legal-news\\\/presse\\\/\",\"name\":\"Presse - Association Fran\u00e7aise d&#039;Arbitrage\",\"isPartOf\":{\"@id\":\"https:\\\/\\\/www.afa-arbitrage.com\\\/#website\"},\"primaryImageOfPage\":{\"@id\":\"https:\\\/\\\/www.afa-arbitrage.com\\\/en\\\/legal-news\\\/presse\\\/#primaryimage\"},\"image\":{\"@id\":\"https:\\\/\\\/www.afa-arbitrage.com\\\/en\\\/legal-news\\\/presse\\\/#primaryimage\"},\"thumbnailUrl\":\"https:\\\/\\\/www.afa-arbitrage.com\\\/wp-content\\\/uploads\\\/2023\\\/04\\\/avocat.jpeg\",\"datePublished\":\"2013-09-30T00:19:29+00:00\",\"dateModified\":\"2023-04-04T12:56:42+00:00\",\"description\":\"Cette page recense des articles de presse relatifs \u00e0 l'Association Fran\u00e7aise d'Arbitrage, son r\u00e8glement, ses manifestations et ceux \u00e9crits par ses membres.\",\"breadcrumb\":{\"@id\":\"https:\\\/\\\/www.afa-arbitrage.com\\\/en\\\/legal-news\\\/presse\\\/#breadcrumb\"},\"inLanguage\":\"en-US\",\"potentialAction\":[{\"@type\":\"ReadAction\",\"target\":[\"https:\\\/\\\/www.afa-arbitrage.com\\\/en\\\/legal-news\\\/presse\\\/\"]}]},{\"@type\":\"ImageObject\",\"inLanguage\":\"en-US\",\"@id\":\"https:\\\/\\\/www.afa-arbitrage.com\\\/en\\\/legal-news\\\/presse\\\/#primaryimage\",\"url\":\"https:\\\/\\\/www.afa-arbitrage.com\\\/wp-content\\\/uploads\\\/2023\\\/04\\\/avocat.jpeg\",\"contentUrl\":\"https:\\\/\\\/www.afa-arbitrage.com\\\/wp-content\\\/uploads\\\/2023\\\/04\\\/avocat.jpeg\",\"width\":2560,\"height\":1706,\"caption\":\"Afa arbitrage\"},{\"@type\":\"BreadcrumbList\",\"@id\":\"https:\\\/\\\/www.afa-arbitrage.com\\\/en\\\/legal-news\\\/presse\\\/#breadcrumb\",\"itemListElement\":[{\"@type\":\"ListItem\",\"position\":1,\"name\":\"Home\",\"item\":\"\\\/en\"},{\"@type\":\"ListItem\",\"position\":2,\"name\":\"Legal news\",\"item\":\"https:\\\/\\\/www.afa-arbitrage.com\\\/en\\\/legal-news\\\/\"},{\"@type\":\"ListItem\",\"position\":3,\"name\":\"Presse\"}]},{\"@type\":\"WebSite\",\"@id\":\"https:\\\/\\\/www.afa-arbitrage.com\\\/#website\",\"url\":\"https:\\\/\\\/www.afa-arbitrage.com\\\/\",\"name\":\"Association Fran\u00e7aise d'Arbitrage\",\"description\":\"Arbitrage interne et international\",\"publisher\":{\"@id\":\"https:\\\/\\\/www.afa-arbitrage.com\\\/#organization\"},\"potentialAction\":[{\"@type\":\"SearchAction\",\"target\":{\"@type\":\"EntryPoint\",\"urlTemplate\":\"https:\\\/\\\/www.afa-arbitrage.com\\\/?s={search_term_string}\"},\"query-input\":{\"@type\":\"PropertyValueSpecification\",\"valueRequired\":true,\"valueName\":\"search_term_string\"}}],\"inLanguage\":\"en-US\"},{\"@type\":\"Organization\",\"@id\":\"https:\\\/\\\/www.afa-arbitrage.com\\\/#organization\",\"name\":\"Association Fran\u00e7aise d'Arbitrage\",\"url\":\"https:\\\/\\\/www.afa-arbitrage.com\\\/\",\"logo\":{\"@type\":\"ImageObject\",\"inLanguage\":\"en-US\",\"@id\":\"https:\\\/\\\/www.afa-arbitrage.com\\\/#\\\/schema\\\/logo\\\/image\\\/\",\"url\":\"https:\\\/\\\/www.afa-arbitrage.com\\\/wp-content\\\/uploads\\\/2023\\\/02\\\/AFA_logo_header_clear_long.png\",\"contentUrl\":\"https:\\\/\\\/www.afa-arbitrage.com\\\/wp-content\\\/uploads\\\/2023\\\/02\\\/AFA_logo_header_clear_long.png\",\"width\":500,\"height\":60,\"caption\":\"Association Fran\u00e7aise d'Arbitrage\"},\"image\":{\"@id\":\"https:\\\/\\\/www.afa-arbitrage.com\\\/#\\\/schema\\\/logo\\\/image\\\/\"}}]}<\/script>\n<!-- \/ Yoast SEO plugin. -->","yoast_head_json":{"title":"Presse - Association Fran\u00e7aise d&#039;Arbitrage","description":"Cette page recense des articles de presse relatifs \u00e0 l'Association Fran\u00e7aise d'Arbitrage, son r\u00e8glement, ses manifestations et ceux \u00e9crits par ses membres.","robots":{"index":"index","follow":"follow","max-snippet":"max-snippet:-1","max-image-preview":"max-image-preview:large","max-video-preview":"max-video-preview:-1"},"canonical":"https:\/\/www.afa-arbitrage.com\/en\/legal-news\/presse\/","next":"https:\/\/www.afa-arbitrage.com\/en\/legal-news\/presse\/?query-0-page=2","og_locale":"en_US","og_type":"article","og_title":"Presse - Association Fran\u00e7aise d&#039;Arbitrage","og_description":"Cette page recense des articles de presse relatifs \u00e0 l'Association Fran\u00e7aise d'Arbitrage, son r\u00e8glement, ses manifestations et ceux \u00e9crits par ses membres.","og_url":"https:\/\/www.afa-arbitrage.com\/en\/legal-news\/presse\/","og_site_name":"Association Fran\u00e7aise d&#039;Arbitrage","article_modified_time":"2023-04-04T12:56:42+00:00","og_image":[{"width":2560,"height":1706,"url":"https:\/\/www.afa-arbitrage.com\/wp-content\/uploads\/2023\/04\/avocat.jpeg","type":"image\/jpeg"}],"twitter_card":"summary_large_image","schema":{"@context":"https:\/\/schema.org","@graph":[{"@type":"WebPage","@id":"https:\/\/www.afa-arbitrage.com\/en\/legal-news\/presse\/","url":"https:\/\/www.afa-arbitrage.com\/en\/legal-news\/presse\/","name":"Presse - Association Fran\u00e7aise d&#039;Arbitrage","isPartOf":{"@id":"https:\/\/www.afa-arbitrage.com\/#website"},"primaryImageOfPage":{"@id":"https:\/\/www.afa-arbitrage.com\/en\/legal-news\/presse\/#primaryimage"},"image":{"@id":"https:\/\/www.afa-arbitrage.com\/en\/legal-news\/presse\/#primaryimage"},"thumbnailUrl":"https:\/\/www.afa-arbitrage.com\/wp-content\/uploads\/2023\/04\/avocat.jpeg","datePublished":"2013-09-30T00:19:29+00:00","dateModified":"2023-04-04T12:56:42+00:00","description":"Cette page recense des articles de presse relatifs \u00e0 l'Association Fran\u00e7aise d'Arbitrage, son r\u00e8glement, ses manifestations et ceux \u00e9crits par ses membres.","breadcrumb":{"@id":"https:\/\/www.afa-arbitrage.com\/en\/legal-news\/presse\/#breadcrumb"},"inLanguage":"en-US","potentialAction":[{"@type":"ReadAction","target":["https:\/\/www.afa-arbitrage.com\/en\/legal-news\/presse\/"]}]},{"@type":"ImageObject","inLanguage":"en-US","@id":"https:\/\/www.afa-arbitrage.com\/en\/legal-news\/presse\/#primaryimage","url":"https:\/\/www.afa-arbitrage.com\/wp-content\/uploads\/2023\/04\/avocat.jpeg","contentUrl":"https:\/\/www.afa-arbitrage.com\/wp-content\/uploads\/2023\/04\/avocat.jpeg","width":2560,"height":1706,"caption":"Afa arbitrage"},{"@type":"BreadcrumbList","@id":"https:\/\/www.afa-arbitrage.com\/en\/legal-news\/presse\/#breadcrumb","itemListElement":[{"@type":"ListItem","position":1,"name":"Home","item":"\/en"},{"@type":"ListItem","position":2,"name":"Legal news","item":"https:\/\/www.afa-arbitrage.com\/en\/legal-news\/"},{"@type":"ListItem","position":3,"name":"Presse"}]},{"@type":"WebSite","@id":"https:\/\/www.afa-arbitrage.com\/#website","url":"https:\/\/www.afa-arbitrage.com\/","name":"Association Fran\u00e7aise d'Arbitrage","description":"Arbitrage interne et international","publisher":{"@id":"https:\/\/www.afa-arbitrage.com\/#organization"},"potentialAction":[{"@type":"SearchAction","target":{"@type":"EntryPoint","urlTemplate":"https:\/\/www.afa-arbitrage.com\/?s={search_term_string}"},"query-input":{"@type":"PropertyValueSpecification","valueRequired":true,"valueName":"search_term_string"}}],"inLanguage":"en-US"},{"@type":"Organization","@id":"https:\/\/www.afa-arbitrage.com\/#organization","name":"Association Fran\u00e7aise d'Arbitrage","url":"https:\/\/www.afa-arbitrage.com\/","logo":{"@type":"ImageObject","inLanguage":"en-US","@id":"https:\/\/www.afa-arbitrage.com\/#\/schema\/logo\/image\/","url":"https:\/\/www.afa-arbitrage.com\/wp-content\/uploads\/2023\/02\/AFA_logo_header_clear_long.png","contentUrl":"https:\/\/www.afa-arbitrage.com\/wp-content\/uploads\/2023\/02\/AFA_logo_header_clear_long.png","width":500,"height":60,"caption":"Association Fran\u00e7aise d'Arbitrage"},"image":{"@id":"https:\/\/www.afa-arbitrage.com\/#\/schema\/logo\/image\/"}}]}},"_links":{"self":[{"href":"https:\/\/www.afa-arbitrage.com\/en\/wp-json\/wp\/v2\/pages\/1166\/"}],"collection":[{"href":"https:\/\/www.afa-arbitrage.com\/en\/wp-json\/wp\/v2\/pages\/"}],"about":[{"href":"https:\/\/www.afa-arbitrage.com\/en\/wp-json\/wp\/v2\/types\/page\/"}],"author":[{"embeddable":true,"href":"https:\/\/www.afa-arbitrage.com\/en\/wp-json\/wp\/v2\/users\/2\/"}],"replies":[{"embeddable":true,"href":"https:\/\/www.afa-arbitrage.com\/en\/wp-json\/wp\/v2\/comments\/?post=1166"}],"version-history":[{"count":15,"href":"https:\/\/www.afa-arbitrage.com\/en\/wp-json\/wp\/v2\/pages\/1166\/revisions\/"}],"predecessor-version":[{"id":19063,"href":"https:\/\/www.afa-arbitrage.com\/en\/wp-json\/wp\/v2\/pages\/1166\/revisions\/19063\/"}],"up":[{"embeddable":true,"href":"https:\/\/www.afa-arbitrage.com\/en\/wp-json\/wp\/v2\/pages\/792\/"}],"wp:featuredmedia":[{"embeddable":true,"href":"https:\/\/www.afa-arbitrage.com\/en\/wp-json\/wp\/v2\/media\/19038\/"}],"wp:attachment":[{"href":"https:\/\/www.afa-arbitrage.com\/en\/wp-json\/wp\/v2\/media\/?parent=1166"}],"curies":[{"name":"wp","href":"https:\/\/api.w.org\/{rel}","templated":true}]}}