{"id":107,"date":"2013-06-05T03:08:02","date_gmt":"2013-06-05T02:08:02","guid":{"rendered":"http:\/\/afa2.deheyn.com\/actualites-2\/"},"modified":"2023-03-31T09:22:45","modified_gmt":"2023-03-31T08:22:45","slug":"actualites","status":"publish","type":"page","link":"https:\/\/www.afa-arbitrage.com\/en\/actualites\/","title":{"rendered":"Actualit\u00e9s"},"content":{"rendered":"\n<h2 class=\"wp-block-heading has-text-align-left title-bar\">ACTUALIT\u00c9S<\/h2>\n\n\n\n<div class=\"wp-block-query is-layout-flow wp-block-query-is-layout-flow\"><ul class=\"bloc-actu wp-block-post-template is-layout-flow wp-block-post-template-is-layout-flow\"><li class=\"wp-block-post post-19586 post type-post status-publish format-standard hentry category-actualites-2025 entry\">\n<div class=\"wp-block-post-date\"><time datetime=\"2025-01-14T06:55:04+01:00\">14 January 2025<\/time><\/div>\n\n<h2 style=\"font-style:normal;font-weight:500;\" class=\"wp-block-post-title has-small-font-size\"><a href=\"https:\/\/www.afa-arbitrage.com\/en\/paris-arbitration-week-2\/\" target=\"_self\" >Paris Arbitration Week<\/a><\/h2>\n\n<a class=\"wp-block-read-more\" href=\"https:\/\/www.afa-arbitrage.com\/en\/paris-arbitration-week-2\/\" target=\"_self\">Read more<span class=\"screen-reader-text\">: Paris Arbitration Week<\/span><\/a>\n<\/li><li class=\"wp-block-post post-13268 post type-post status-publish format-standard hentry category-actualites-2019-en category-actualites-en entry\">\n<div class=\"wp-block-post-date\"><time datetime=\"2019-07-05T01:13:35+01:00\">5 July 2019<\/time><\/div>\n\n<h2 style=\"font-style:normal;font-weight:500;\" class=\"wp-block-post-title has-small-font-size\"><a href=\"https:\/\/www.afa-arbitrage.com\/en\/actualites-cas-pratique-afa-nov-2019\/\" target=\"_self\" >Cas pratique AFA | Novembre 2019<\/a><\/h2>\n\n<a class=\"wp-block-read-more\" href=\"https:\/\/www.afa-arbitrage.com\/en\/actualites-cas-pratique-afa-nov-2019\/\" target=\"_self\">Read more<span class=\"screen-reader-text\">: Cas pratique AFA | Novembre 2019<\/span><\/a>\n<\/li><li class=\"wp-block-post post-13536 post type-post status-publish format-standard hentry category-actualites-2019-en category-actualites-en entry\">\n<div class=\"wp-block-post-date\"><time datetime=\"2019-07-04T01:04:16+01:00\">4 July 2019<\/time><\/div>\n\n<h2 style=\"font-style:normal;font-weight:500;\" class=\"wp-block-post-title has-small-font-size\"><a href=\"https:\/\/www.afa-arbitrage.com\/en\/actualites-afterwork-afa-arbitrage-d-urgence-2\/\" target=\"_self\" >After work AFA | 2 octobre 2019<\/a><\/h2>\n\n<a class=\"wp-block-read-more\" href=\"https:\/\/www.afa-arbitrage.com\/en\/actualites-afterwork-afa-arbitrage-d-urgence-2\/\" target=\"_self\">Read more<span class=\"screen-reader-text\">: After work AFA | 2 octobre 2019<\/span><\/a>\n<\/li><li class=\"wp-block-post post-13287 post type-post status-publish format-standard hentry category-actualites-2019-en category-actualites-en entry\">\n<div class=\"wp-block-post-date\"><time datetime=\"2019-06-04T13:43:45+01:00\">4 June 2019<\/time><\/div>\n\n<h2 style=\"font-style:normal;font-weight:500;\" class=\"wp-block-post-title has-small-font-size\"><a href=\"https:\/\/www.afa-arbitrage.com\/en\/actualites-conference-afa-2019\/\" target=\"_self\" >Conf\u00e9rence AFA | 18 septembre 2019<\/a><\/h2>\n\n<a class=\"wp-block-read-more\" href=\"https:\/\/www.afa-arbitrage.com\/en\/actualites-conference-afa-2019\/\" target=\"_self\">Read more<span class=\"screen-reader-text\">: Conf\u00e9rence AFA | 18 septembre 2019<\/span><\/a>\n<\/li><li class=\"wp-block-post post-13322 post type-post status-publish format-standard hentry category-actualites-2019-en category-actualites-en entry\">\n<div class=\"wp-block-post-date\"><time datetime=\"2019-06-03T22:32:55+01:00\">3 June 2019<\/time><\/div>\n\n<h2 style=\"font-style:normal;font-weight:500;\" class=\"wp-block-post-title has-small-font-size\"><a href=\"https:\/\/www.afa-arbitrage.com\/en\/actualites-colloque-august-debouzy-club-des-juristes-2019\/\" target=\"_self\" >Colloque Club des juristes<\/a><\/h2>\n\n<a class=\"wp-block-read-more\" href=\"https:\/\/www.afa-arbitrage.com\/en\/actualites-colloque-august-debouzy-club-des-juristes-2019\/\" target=\"_self\">Read more<span class=\"screen-reader-text\">: Colloque Club des juristes<\/span><\/a>\n<\/li><li class=\"wp-block-post post-13258 post type-post status-publish format-standard hentry category-actualites-2019-en category-actualites-en entry\">\n<div class=\"wp-block-post-date\"><time datetime=\"2019-05-24T00:13:52+01:00\">24 May 2019<\/time><\/div>\n\n<h2 style=\"font-style:normal;font-weight:500;\" class=\"wp-block-post-title has-small-font-size\"><a href=\"https:\/\/www.afa-arbitrage.com\/en\/actualites-afterwork-afa-arbitrage-d-urgence\/\" target=\"_self\" >After work AFA | 25 juin 2019<\/a><\/h2>\n\n<a class=\"wp-block-read-more\" href=\"https:\/\/www.afa-arbitrage.com\/en\/actualites-afterwork-afa-arbitrage-d-urgence\/\" target=\"_self\">Read more<span class=\"screen-reader-text\">: After work AFA | 25 juin 2019<\/span><\/a>\n<\/li><li class=\"wp-block-post post-13041 post type-post status-publish format-standard hentry category-actualites-2019-en category-actualites-en entry\">\n<div class=\"wp-block-post-date\"><time datetime=\"2019-04-11T11:43:42+01:00\">11 April 2019<\/time><\/div>\n\n<h2 style=\"font-style:normal;font-weight:500;\" class=\"wp-block-post-title has-small-font-size\"><a href=\"https:\/\/www.afa-arbitrage.com\/en\/actualites-diner-debat-afa-2019\/\" target=\"_self\" >D\u00eener d\u00e9bat AFA 2019<\/a><\/h2>\n\n<a class=\"wp-block-read-more\" href=\"https:\/\/www.afa-arbitrage.com\/en\/actualites-diner-debat-afa-2019\/\" target=\"_self\">Read more<span class=\"screen-reader-text\">: D\u00eener d\u00e9bat AFA 2019<\/span><\/a>\n<\/li><li class=\"wp-block-post post-13080 post type-post status-publish format-standard hentry category-actualites-2019-en category-actualites-en entry\">\n<div class=\"wp-block-post-date\"><time datetime=\"2019-04-10T10:37:33+01:00\">10 April 2019<\/time><\/div>\n\n<h2 style=\"font-style:normal;font-weight:500;\" class=\"wp-block-post-title has-small-font-size\"><a href=\"https:\/\/www.afa-arbitrage.com\/en\/actualites-commission-arbitrage-mai-2019\/\" target=\"_self\" >Commission Arbitrage international<\/a><\/h2>\n\n<a class=\"wp-block-read-more\" href=\"https:\/\/www.afa-arbitrage.com\/en\/actualites-commission-arbitrage-mai-2019\/\" target=\"_self\">Read more<span class=\"screen-reader-text\">: Commission Arbitrage international<\/span><\/a>\n<\/li><li class=\"wp-block-post post-13074 post type-post status-publish format-standard hentry category-actualites-2019-en category-actualites-en entry\">\n<div class=\"wp-block-post-date\"><time datetime=\"2019-04-08T08:52:46+01:00\">8 April 2019<\/time><\/div>\n\n<h2 style=\"font-style:normal;font-weight:500;\" class=\"wp-block-post-title has-small-font-size\"><a href=\"https:\/\/www.afa-arbitrage.com\/en\/actualites-conference-crdi-serpi\/\" target=\"_self\" >Conf\u00e9rence CRDI &#8211; SERPI<\/a><\/h2>\n\n<a class=\"wp-block-read-more\" href=\"https:\/\/www.afa-arbitrage.com\/en\/actualites-conference-crdi-serpi\/\" target=\"_self\">Read more<span class=\"screen-reader-text\">: Conf\u00e9rence CRDI &#8211; SERPI<\/span><\/a>\n<\/li><li class=\"wp-block-post post-13051 post type-post status-publish format-standard hentry category-actualites-2019-en category-actualites-en entry\">\n<div class=\"wp-block-post-date\"><time datetime=\"2019-04-06T22:24:07+01:00\">6 April 2019<\/time><\/div>\n\n<h2 style=\"font-style:normal;font-weight:500;\" class=\"wp-block-post-title has-small-font-size\"><a href=\"https:\/\/www.afa-arbitrage.com\/en\/actualites-conference-lex-2019\/\" target=\"_self\" >Conf\u00e9rence Association LEX<\/a><\/h2>\n\n<a class=\"wp-block-read-more\" href=\"https:\/\/www.afa-arbitrage.com\/en\/actualites-conference-lex-2019\/\" target=\"_self\">Read more<span class=\"screen-reader-text\">: Conf\u00e9rence Association LEX<\/span><\/a>\n<\/li><\/ul>\n\n<nav class=\"wp-block-query-pagination is-content-justification-center is-layout-flex wp-container-core-query-pagination-is-layout-16018d1d wp-block-query-pagination-is-layout-flex\" aria-label=\"Pagination\">\n\n\n<div class=\"wp-block-query-pagination-numbers\"><span aria-current=\"page\" class=\"page-numbers current\">1<\/span>\n<a class=\"page-numbers\" href=\"?query-0-page=2\">2<\/a>\n<a class=\"page-numbers\" href=\"?query-0-page=3\">3<\/a>\n<span class=\"page-numbers dots\">&hellip;<\/span>\n<a class=\"page-numbers\" href=\"?query-0-page=13\">13<\/a><\/div>\n\n<a href=\"\/en\/wp-json\/wp\/v2\/pages\/107?query-0-page=2\" class=\"wp-block-query-pagination-next\">Next Page<span class='wp-block-query-pagination-next-arrow is-arrow-arrow' aria-hidden='true'>\u2192<\/span><\/a>\n<\/nav>\n\n<\/div>\n","protected":false},"excerpt":{"rendered":"<p>ACTUALIT\u00c9S<\/p>\n","protected":false},"author":2,"featured_media":0,"parent":0,"menu_order":24,"comment_status":"closed","ping_status":"closed","template":"","meta":{"_cbd_carousel_blocks":"[]","footnotes":""},"class_list":["post-107","page","type-page","status-publish","hentry","entry"],"yoast_head":"<!-- This site is optimized with the Yoast SEO plugin v27.3 - https:\/\/yoast.com\/product\/yoast-seo-wordpress\/ -->\n<title>Actualit\u00e9s en mati\u00e8re d&#039;arbitrage - Association Fran\u00e7aise d&#039;Arbitrage<\/title>\n<meta name=\"description\" content=\"L&#039; AFA vous informe des actualit\u00e9s et des \u00e9v\u00e8nements, s\u00e9minaires, conf\u00e9rences, colloques, formations en mati\u00e8re d&#039;arbitrage.\" \/>\n<meta name=\"robots\" content=\"index, follow, max-snippet:-1, max-image-preview:large, max-video-preview:-1\" \/>\n<link rel=\"canonical\" href=\"https:\/\/www.afa-arbitrage.com\/en\/actualites\/\" \/>\n<link rel=\"next\" href=\"https:\/\/www.afa-arbitrage.com\/en\/actualites\/107\/?query-0-page=2\" \/>\n<meta property=\"og:locale\" content=\"en_US\" \/>\n<meta property=\"og:type\" content=\"article\" \/>\n<meta property=\"og:title\" content=\"Actualit\u00e9s en mati\u00e8re d&#039;arbitrage - Association Fran\u00e7aise d&#039;Arbitrage\" \/>\n<meta property=\"og:description\" content=\"L&#039; AFA vous informe des actualit\u00e9s et des \u00e9v\u00e8nements, s\u00e9minaires, conf\u00e9rences, colloques, formations en mati\u00e8re d&#039;arbitrage.\" \/>\n<meta property=\"og:url\" content=\"https:\/\/www.afa-arbitrage.com\/en\/actualites\/\" \/>\n<meta property=\"og:site_name\" content=\"Association Fran\u00e7aise d&#039;Arbitrage\" \/>\n<meta property=\"article:modified_time\" content=\"2023-03-31T08:22:45+00:00\" \/>\n<meta name=\"twitter:card\" content=\"summary_large_image\" \/>\n<script type=\"application\/ld+json\" class=\"yoast-schema-graph\">{\"@context\":\"https:\\\/\\\/schema.org\",\"@graph\":[{\"@type\":\"WebPage\",\"@id\":\"https:\\\/\\\/www.afa-arbitrage.com\\\/en\\\/actualites\\\/\",\"url\":\"https:\\\/\\\/www.afa-arbitrage.com\\\/en\\\/actualites\\\/\",\"name\":\"Actualit\u00e9s en mati\u00e8re d'arbitrage - Association Fran\u00e7aise d'Arbitrage\",\"isPartOf\":{\"@id\":\"https:\\\/\\\/www.afa-arbitrage.com\\\/#website\"},\"datePublished\":\"2013-06-05T02:08:02+00:00\",\"dateModified\":\"2023-03-31T08:22:45+00:00\",\"description\":\"L' AFA vous informe des actualit\u00e9s et des \u00e9v\u00e8nements, s\u00e9minaires, conf\u00e9rences, colloques, formations en mati\u00e8re d'arbitrage.\",\"breadcrumb\":{\"@id\":\"https:\\\/\\\/www.afa-arbitrage.com\\\/en\\\/actualites\\\/#breadcrumb\"},\"inLanguage\":\"en-US\",\"potentialAction\":[{\"@type\":\"ReadAction\",\"target\":[\"https:\\\/\\\/www.afa-arbitrage.com\\\/en\\\/actualites\\\/\"]}]},{\"@type\":\"BreadcrumbList\",\"@id\":\"https:\\\/\\\/www.afa-arbitrage.com\\\/en\\\/actualites\\\/#breadcrumb\",\"itemListElement\":[{\"@type\":\"ListItem\",\"position\":1,\"name\":\"Home\",\"item\":\"\\\/en\"},{\"@type\":\"ListItem\",\"position\":2,\"name\":\"Actualit\u00e9s\"}]},{\"@type\":\"WebSite\",\"@id\":\"https:\\\/\\\/www.afa-arbitrage.com\\\/#website\",\"url\":\"https:\\\/\\\/www.afa-arbitrage.com\\\/\",\"name\":\"Association Fran\u00e7aise d'Arbitrage\",\"description\":\"Arbitrage interne et international\",\"publisher\":{\"@id\":\"https:\\\/\\\/www.afa-arbitrage.com\\\/#organization\"},\"potentialAction\":[{\"@type\":\"SearchAction\",\"target\":{\"@type\":\"EntryPoint\",\"urlTemplate\":\"https:\\\/\\\/www.afa-arbitrage.com\\\/?s={search_term_string}\"},\"query-input\":{\"@type\":\"PropertyValueSpecification\",\"valueRequired\":true,\"valueName\":\"search_term_string\"}}],\"inLanguage\":\"en-US\"},{\"@type\":\"Organization\",\"@id\":\"https:\\\/\\\/www.afa-arbitrage.com\\\/#organization\",\"name\":\"Association Fran\u00e7aise d'Arbitrage\",\"url\":\"https:\\\/\\\/www.afa-arbitrage.com\\\/\",\"logo\":{\"@type\":\"ImageObject\",\"inLanguage\":\"en-US\",\"@id\":\"https:\\\/\\\/www.afa-arbitrage.com\\\/#\\\/schema\\\/logo\\\/image\\\/\",\"url\":\"https:\\\/\\\/www.afa-arbitrage.com\\\/wp-content\\\/uploads\\\/2023\\\/02\\\/AFA_logo_header_clear_long.png\",\"contentUrl\":\"https:\\\/\\\/www.afa-arbitrage.com\\\/wp-content\\\/uploads\\\/2023\\\/02\\\/AFA_logo_header_clear_long.png\",\"width\":500,\"height\":60,\"caption\":\"Association Fran\u00e7aise d'Arbitrage\"},\"image\":{\"@id\":\"https:\\\/\\\/www.afa-arbitrage.com\\\/#\\\/schema\\\/logo\\\/image\\\/\"}}]}<\/script>\n<!-- \/ Yoast SEO plugin. -->","yoast_head_json":{"title":"Actualit\u00e9s en mati\u00e8re d'arbitrage - Association Fran\u00e7aise d'Arbitrage","description":"L' AFA vous informe des actualit\u00e9s et des \u00e9v\u00e8nements, s\u00e9minaires, conf\u00e9rences, colloques, formations en mati\u00e8re d'arbitrage.","robots":{"index":"index","follow":"follow","max-snippet":"max-snippet:-1","max-image-preview":"max-image-preview:large","max-video-preview":"max-video-preview:-1"},"canonical":"https:\/\/www.afa-arbitrage.com\/en\/actualites\/","next":"https:\/\/www.afa-arbitrage.com\/en\/actualites\/107?query-0-page=2","og_locale":"en_US","og_type":"article","og_title":"Actualit\u00e9s en mati\u00e8re d'arbitrage - Association Fran\u00e7aise d'Arbitrage","og_description":"L' AFA vous informe des actualit\u00e9s et des \u00e9v\u00e8nements, s\u00e9minaires, conf\u00e9rences, colloques, formations en mati\u00e8re d'arbitrage.","og_url":"https:\/\/www.afa-arbitrage.com\/en\/actualites\/","og_site_name":"Association Fran\u00e7aise d&#039;Arbitrage","article_modified_time":"2023-03-31T08:22:45+00:00","twitter_card":"summary_large_image","schema":{"@context":"https:\/\/schema.org","@graph":[{"@type":"WebPage","@id":"https:\/\/www.afa-arbitrage.com\/en\/actualites\/","url":"https:\/\/www.afa-arbitrage.com\/en\/actualites\/","name":"Actualit\u00e9s en mati\u00e8re d'arbitrage - Association Fran\u00e7aise d'Arbitrage","isPartOf":{"@id":"https:\/\/www.afa-arbitrage.com\/#website"},"datePublished":"2013-06-05T02:08:02+00:00","dateModified":"2023-03-31T08:22:45+00:00","description":"L' AFA vous informe des actualit\u00e9s et des \u00e9v\u00e8nements, s\u00e9minaires, conf\u00e9rences, colloques, formations en mati\u00e8re d'arbitrage.","breadcrumb":{"@id":"https:\/\/www.afa-arbitrage.com\/en\/actualites\/#breadcrumb"},"inLanguage":"en-US","potentialAction":[{"@type":"ReadAction","target":["https:\/\/www.afa-arbitrage.com\/en\/actualites\/"]}]},{"@type":"BreadcrumbList","@id":"https:\/\/www.afa-arbitrage.com\/en\/actualites\/#breadcrumb","itemListElement":[{"@type":"ListItem","position":1,"name":"Home","item":"\/en"},{"@type":"ListItem","position":2,"name":"Actualit\u00e9s"}]},{"@type":"WebSite","@id":"https:\/\/www.afa-arbitrage.com\/#website","url":"https:\/\/www.afa-arbitrage.com\/","name":"Association Fran\u00e7aise d'Arbitrage","description":"Arbitrage interne et international","publisher":{"@id":"https:\/\/www.afa-arbitrage.com\/#organization"},"potentialAction":[{"@type":"SearchAction","target":{"@type":"EntryPoint","urlTemplate":"https:\/\/www.afa-arbitrage.com\/?s={search_term_string}"},"query-input":{"@type":"PropertyValueSpecification","valueRequired":true,"valueName":"search_term_string"}}],"inLanguage":"en-US"},{"@type":"Organization","@id":"https:\/\/www.afa-arbitrage.com\/#organization","name":"Association Fran\u00e7aise d'Arbitrage","url":"https:\/\/www.afa-arbitrage.com\/","logo":{"@type":"ImageObject","inLanguage":"en-US","@id":"https:\/\/www.afa-arbitrage.com\/#\/schema\/logo\/image\/","url":"https:\/\/www.afa-arbitrage.com\/wp-content\/uploads\/2023\/02\/AFA_logo_header_clear_long.png","contentUrl":"https:\/\/www.afa-arbitrage.com\/wp-content\/uploads\/2023\/02\/AFA_logo_header_clear_long.png","width":500,"height":60,"caption":"Association Fran\u00e7aise d'Arbitrage"},"image":{"@id":"https:\/\/www.afa-arbitrage.com\/#\/schema\/logo\/image\/"}}]}},"_links":{"self":[{"href":"https:\/\/www.afa-arbitrage.com\/en\/wp-json\/wp\/v2\/pages\/107\/"}],"collection":[{"href":"https:\/\/www.afa-arbitrage.com\/en\/wp-json\/wp\/v2\/pages\/"}],"about":[{"href":"https:\/\/www.afa-arbitrage.com\/en\/wp-json\/wp\/v2\/types\/page\/"}],"author":[{"embeddable":true,"href":"https:\/\/www.afa-arbitrage.com\/en\/wp-json\/wp\/v2\/users\/2\/"}],"replies":[{"embeddable":true,"href":"https:\/\/www.afa-arbitrage.com\/en\/wp-json\/wp\/v2\/comments\/?post=107"}],"version-history":[{"count":5,"href":"https:\/\/www.afa-arbitrage.com\/en\/wp-json\/wp\/v2\/pages\/107\/revisions\/"}],"predecessor-version":[{"id":18983,"href":"https:\/\/www.afa-arbitrage.com\/en\/wp-json\/wp\/v2\/pages\/107\/revisions\/18983\/"}],"wp:attachment":[{"href":"https:\/\/www.afa-arbitrage.com\/en\/wp-json\/wp\/v2\/media\/?parent=107"}],"curies":[{"name":"wp","href":"https:\/\/api.w.org\/{rel}","templated":true}]}}