{"id":103,"date":"2013-06-05T02:20:44","date_gmt":"2013-06-05T01:20:44","guid":{"rendered":"http:\/\/afa2.deheyn.com\/accueil-2\/"},"modified":"2023-06-09T09:50:22","modified_gmt":"2023-06-09T08:50:22","slug":"accueil","status":"publish","type":"page","link":"https:\/\/www.afa-arbitrage.com\/en\/","title":{"rendered":"Home"},"content":{"rendered":"\n<h2 class=\"wp-block-heading has-text-align-center title-bar color-green\">AFA is an independent arbitration and mediation<\/h2>\n\n\n\n<p class=\"has-text-align-center\">AFA is an independent arbitration and mediation institution which offers the possibility of resolving commercial or professional, national or international disputes safely and in complete neutrality.<\/p>\n\n\n\n<div class=\"wp-block-columns alignwide p-50 is-layout-flex wp-container-core-columns-is-layout-9d6595d7 wp-block-columns-is-layout-flex\">\n<div class=\"wp-block-column flipbox is-layout-flow wp-block-column-is-layout-flow\">\n<div class=\"wp-block-group face1\"><div class=\"wp-block-group__inner-container is-layout-constrained wp-block-group-is-layout-constrained\">\n<figure class=\"wp-block-image size-large\"><img loading=\"lazy\" decoding=\"async\" width=\"350\" height=\"400\" src=\"https:\/\/www.afa-arbitrage.com\/wp-content\/uploads\/2023\/03\/qui-sommes-nous-350x400.jpg\" alt=\"\" class=\"wp-image-18740\" srcset=\"https:\/\/www.afa-arbitrage.com\/wp-content\/uploads\/2023\/03\/qui-sommes-nous-350x400.jpg 350w, https:\/\/www.afa-arbitrage.com\/wp-content\/uploads\/2023\/03\/qui-sommes-nous-263x300.jpg 263w, https:\/\/www.afa-arbitrage.com\/wp-content\/uploads\/2023\/03\/qui-sommes-nous.jpg 420w\" sizes=\"auto, (max-width: 350px) 100vw, 350px\" \/><figcaption class=\"wp-element-caption\"><strong>Who Are We ?<\/strong><\/figcaption><\/figure>\n<\/div><\/div>\n\n\n\n<div class=\"wp-block-group face2\"><div class=\"wp-block-group__inner-container is-layout-constrained wp-block-group-is-layout-constrained\">\n<p>Your partner<\/p>\n\n\n\n<p>The AFA was created in 1957 at the initialive of both economic and legal circles. The purpose of the Association for arbitration (AFA) is to promote arbitration and mediation for a better dispute resolution in france and abroad. It provides clear, straight and efficient rules to both individuals and firms<\/p>\n\n\n\n<div class=\"wp-block-buttons suite is-layout-flex wp-block-buttons-is-layout-flex\">\n<div class=\"wp-block-button\"><a class=\"wp-block-button__link wp-element-button\" href=\"https:\/\/www.afa-arbitrage.com\/en\/about-afa\/who-are-we\/\" target=\"_blank\" rel=\"noreferrer noopener\">Read more<\/a><\/div>\n<\/div>\n<\/div><\/div>\n<\/div>\n\n\n\n<div class=\"wp-block-column flipbox is-layout-flow wp-block-column-is-layout-flow\">\n<div class=\"wp-block-group face1\"><div class=\"wp-block-group__inner-container is-layout-constrained wp-block-group-is-layout-constrained\">\n<figure class=\"wp-block-image size-large\"><img loading=\"lazy\" decoding=\"async\" width=\"350\" height=\"400\" src=\"https:\/\/www.afa-arbitrage.com\/wp-content\/uploads\/2023\/03\/mediation-350x400.jpg\" alt=\"\" class=\"wp-image-18736\" srcset=\"https:\/\/www.afa-arbitrage.com\/wp-content\/uploads\/2023\/03\/mediation-350x400.jpg 350w, https:\/\/www.afa-arbitrage.com\/wp-content\/uploads\/2023\/03\/mediation-263x300.jpg 263w, https:\/\/www.afa-arbitrage.com\/wp-content\/uploads\/2023\/03\/mediation.jpg 420w\" sizes=\"auto, (max-width: 350px) 100vw, 350px\" \/><figcaption class=\"wp-element-caption\"><strong>Mediation<\/strong><\/figcaption><\/figure>\n<\/div><\/div>\n\n\n\n<div class=\"wp-block-group face2\"><div class=\"wp-block-group__inner-container is-layout-constrained wp-block-group-is-layout-constrained\">\n<p>Modern views on justice<\/p>\n\n\n\n<p>Mediation is an out-of-court alternative dispute resolution scheme. Parties seek resolution together through an informal settlement by means of a mediator. Flexibility and confidentiality are key advantages of this process<\/p>\n\n\n\n<div class=\"wp-block-buttons suite is-layout-flex wp-block-buttons-is-layout-flex\">\n<div class=\"wp-block-button\"><a class=\"wp-block-button__link wp-element-button\" href=\"https:\/\/www.afa-arbitrage.com\/en\/mediation\/what-is-mediation\/\" target=\"_blank\" rel=\"noreferrer noopener\">Read more<\/a><\/div>\n<\/div>\n<\/div><\/div>\n<\/div>\n\n\n\n<div class=\"wp-block-column flipbox is-layout-flow wp-block-column-is-layout-flow\">\n<div class=\"wp-block-group face1\"><div class=\"wp-block-group__inner-container is-layout-constrained wp-block-group-is-layout-constrained\">\n<figure class=\"wp-block-image size-large\"><img loading=\"lazy\" decoding=\"async\" width=\"350\" height=\"400\" src=\"https:\/\/www.afa-arbitrage.com\/wp-content\/uploads\/2023\/03\/arbitrage-350x400.jpg\" alt=\"L'arbitrage\" class=\"wp-image-18732\" srcset=\"https:\/\/www.afa-arbitrage.com\/wp-content\/uploads\/2023\/03\/arbitrage-350x400.jpg 350w, https:\/\/www.afa-arbitrage.com\/wp-content\/uploads\/2023\/03\/arbitrage-263x300.jpg 263w, https:\/\/www.afa-arbitrage.com\/wp-content\/uploads\/2023\/03\/arbitrage.jpg 420w\" sizes=\"auto, (max-width: 350px) 100vw, 350px\" \/><figcaption class=\"wp-element-caption\"><strong>Arbitration<\/strong><\/figcaption><\/figure>\n<\/div><\/div>\n\n\n\n<div class=\"wp-block-group face2\"><div class=\"wp-block-group__inner-container is-layout-constrained wp-block-group-is-layout-constrained\">\n<p>The business dispute resolution process<\/p>\n\n\n\n<p>Arbitration is a private justice settled according to the will of the parties. It is recognized by states and international institutions. Out-of-court process responds to the need of confidentality and enables procedure to adapt to litigation.<\/p>\n\n\n\n<div class=\"wp-block-buttons suite is-layout-flex wp-block-buttons-is-layout-flex\">\n<div class=\"wp-block-button\"><a class=\"wp-block-button__link wp-element-button\" href=\"https:\/\/www.afa-arbitrage.com\/en\/arbitration\/what-is-arbitration\/\" target=\"_blank\" rel=\"noreferrer noopener\">Read more<\/a><\/div>\n<\/div>\n<\/div><\/div>\n<\/div>\n\n\n\n<div class=\"wp-block-column flipbox is-layout-flow wp-block-column-is-layout-flow\">\n<div class=\"wp-block-group face1\"><div class=\"wp-block-group__inner-container is-layout-constrained wp-block-group-is-layout-constrained\">\n<figure class=\"wp-block-image size-large\"><img loading=\"lazy\" decoding=\"async\" width=\"350\" height=\"400\" src=\"https:\/\/www.afa-arbitrage.com\/wp-content\/uploads\/2023\/03\/procedure-350x400.jpg\" alt=\"proc\u00e9dures d'urgence\" class=\"wp-image-18728\" srcset=\"https:\/\/www.afa-arbitrage.com\/wp-content\/uploads\/2023\/03\/procedure-350x400.jpg 350w, https:\/\/www.afa-arbitrage.com\/wp-content\/uploads\/2023\/03\/procedure-263x300.jpg 263w, https:\/\/www.afa-arbitrage.com\/wp-content\/uploads\/2023\/03\/procedure.jpg 420w\" sizes=\"auto, (max-width: 350px) 100vw, 350px\" \/><figcaption class=\"wp-element-caption\"><strong>EMERGENCY PROCEDURES<\/strong><\/figcaption><\/figure>\n<\/div><\/div>\n\n\n\n<div class=\"wp-block-group face2\"><div class=\"wp-block-group__inner-container is-layout-constrained wp-block-group-is-layout-constrained\">\n<p><strong>Article 13 of AFA&#8217;s arbitration Rules<\/strong><\/p>\n\n\n\n<p>Since 1978, AFA&#8217;s rules have provided for the use of urgent measures &#8211; whether before the tribunal constitution or during the procedure. Therefore, there is no need to refer to any other specific rules.<\/p>\n\n\n\n<div class=\"wp-block-buttons suite is-layout-flex wp-block-buttons-is-layout-flex\">\n<div class=\"wp-block-button\"><a class=\"wp-block-button__link wp-element-button\" href=\"https:\/\/www.afa-arbitrage.com\/en\/arbitration\/urgent-proceedings\/\" target=\"_blank\" rel=\"noreferrer noopener\">Read more<\/a><\/div>\n<\/div>\n<\/div><\/div>\n<\/div>\n<\/div>\n\n\n\n<div class=\"wp-block-group alignfull gris-img-bg p-50 bg-news m-0\"><div class=\"wp-block-group__inner-container is-layout-constrained wp-block-group-is-layout-constrained\">\n<h2 class=\"wp-block-heading has-text-align-center title-bar color-green\">Coming events<\/h2>\n\n\n\n\n\n\n<div class=\"wp-block-buttons is-content-justification-center is-layout-flex wp-container-core-buttons-is-layout-16018d1d wp-block-buttons-is-layout-flex\">\n<div class=\"wp-block-button\"><a class=\"wp-block-button__link wp-element-button\" href=\"\/en\/evenements\">See all Events \u2192<\/a><\/div>\n<\/div>\n<\/div><\/div>\n\n\n\n<div class=\"wp-block-group alignfull bg-gris bg-events p-50 m-0\"><div class=\"wp-block-group__inner-container is-layout-constrained wp-block-group-is-layout-constrained\">\n<h2 class=\"wp-block-heading has-text-align-center title-bar color-green\">News<\/h2>\n\n\n<ul class=\"wp-block-latest-posts__list has-dates is-style-default post-grid has-text-align-center  wp-block-latest-posts has-large-font-size\"><li><a class=\"wp-block-latest-posts__post-title\" href=\"https:\/\/www.afa-arbitrage.com\/en\/paris-arbitration-week-2\/\">Paris Arbitration Week<\/a><time datetime=\"2025-01-14T06:55:04+01:00\" class=\"wp-block-latest-posts__post-date\">14 January 2025<\/time><div class=\"wp-block-latest-posts__post-excerpt\">L\u2019AFA recommande cette conf\u00e9rence qui se tiendra du 7 au 11 avril 2025<\/div><\/li>\n<li><a class=\"wp-block-latest-posts__post-title\" href=\"https:\/\/www.afa-arbitrage.com\/en\/actualites-cas-pratique-afa-nov-2019\/\">Cas pratique AFA | Novembre 2019<\/a><time datetime=\"2019-07-05T01:13:35+01:00\" class=\"wp-block-latest-posts__post-date\">5 July 2019<\/time><div class=\"wp-block-latest-posts__post-excerpt\">Le prochain Cas pratique de l&#8217; AFA, aura lieu les lundi 18 et mardi 19 novembre 2019 \u00e0 Paris. Sur ces deux journ\u00e9es, la proc\u00e9dure sera d\u00e9roul\u00e9e afin d&#8217;en suivre toutes les phases, de la notification de la demande \u00e0 l&#8217;ex\u00e9cution de la sentence, et d\u00e9couvrir tous les outils pour la mener \u00e0 bien. Plus&hellip; <a class=\"more-link\" href=\"https:\/\/www.afa-arbitrage.com\/en\/actualites-cas-pratique-afa-nov-2019\/\">Continue reading <span class=\"screen-reader-text\">Cas pratique AFA | Novembre 2019<\/span><\/a><\/div><\/li>\n<li><a class=\"wp-block-latest-posts__post-title\" href=\"https:\/\/www.afa-arbitrage.com\/en\/actualites-afterwork-afa-arbitrage-d-urgence-2\/\">After work AFA | 2 octobre 2019<\/a><time datetime=\"2019-07-04T01:04:16+01:00\" class=\"wp-block-latest-posts__post-date\">4 July 2019<\/time><div class=\"wp-block-latest-posts__post-excerpt\">L\u2019 AFA propose de mettre en pratique l&#8217;article 13 de son R\u00e8glement au cours d&#8217;un After work consacr\u00e9 \u00e0 l&#8217;arbitrage d&#8217;urgence. Rendez-vous le 2 octobre 2019 \u00e0 Paris. Plus d&#8217;information et inscription<\/div><\/li>\n<\/ul>\n\n\n<div class=\"wp-block-buttons is-content-justification-center is-layout-flex wp-container-core-buttons-is-layout-16018d1d wp-block-buttons-is-layout-flex\">\n<div class=\"wp-block-button\"><a class=\"wp-block-button__link wp-element-button\" href=\"\/en\/actualites\">See all News \u2192<\/a><\/div>\n<\/div>\n<\/div><\/div>\n","protected":false},"excerpt":{"rendered":"<p>AFA is an independent arbitration and mediation AFA is an independent arbitration and mediation institution which offers the possibility of resolving commercial or professional, national or international disputes safely and in complete neutrality. Your partner The AFA was created in 1957 at the initialive of both economic and legal circles. The purpose of the Association for arbitration (AFA) is to promote arbitration and mediation for a better dispute resolution in france and abroad. It provides clear, straight and efficient rules to both individuals and firms Modern views on justice Mediation is an out-of-court alternative dispute resolution scheme. Parties seek resolution&hellip; <a class=\"more-link\" href=\"https:\/\/www.afa-arbitrage.com\/en\/\">Continue reading <span class=\"screen-reader-text\">Home<\/span><\/a><\/p>\n","protected":false},"author":2,"featured_media":0,"parent":0,"menu_order":1,"comment_status":"closed","ping_status":"closed","template":"","meta":{"_cbd_carousel_blocks":"[]","footnotes":""},"class_list":["post-103","page","type-page","status-publish","hentry","entry"],"yoast_head":"<!-- This site is optimized with the Yoast SEO plugin v27.3 - https:\/\/yoast.com\/product\/yoast-seo-wordpress\/ -->\n<title>Association For Arbitration - Association Fran\u00e7aise d&#039;Arbitrage<\/title>\n<meta name=\"description\" content=\"AFA is an arbitration centre which offers the possibility of resolving commercial or professional, national or international disputes.\" \/>\n<meta name=\"robots\" content=\"index, follow, max-snippet:-1, max-image-preview:large, max-video-preview:-1\" \/>\n<link rel=\"canonical\" href=\"https:\/\/www.afa-arbitrage.com\/en\/\" \/>\n<meta property=\"og:locale\" content=\"en_US\" \/>\n<meta property=\"og:type\" content=\"article\" \/>\n<meta property=\"og:title\" content=\"Association For Arbitration - Association Fran\u00e7aise d&#039;Arbitrage\" \/>\n<meta property=\"og:description\" content=\"AFA is an arbitration centre which offers the possibility of resolving commercial or professional, national or international disputes.\" \/>\n<meta property=\"og:url\" content=\"https:\/\/www.afa-arbitrage.com\/en\/\" \/>\n<meta property=\"og:site_name\" content=\"Association Fran\u00e7aise d&#039;Arbitrage\" \/>\n<meta property=\"article:modified_time\" content=\"2023-06-09T08:50:22+00:00\" \/>\n<meta property=\"og:image\" content=\"https:\/\/www.afa-arbitrage.com\/wp-content\/uploads\/2023\/03\/qui-sommes-nous-350x400.jpg\" \/>\n<meta name=\"twitter:card\" content=\"summary_large_image\" \/>\n<meta name=\"twitter:label1\" content=\"Est. reading time\" \/>\n\t<meta name=\"twitter:data1\" content=\"2 minutes\" \/>\n<script type=\"application\/ld+json\" class=\"yoast-schema-graph\">{\"@context\":\"https:\\\/\\\/schema.org\",\"@graph\":[{\"@type\":\"WebPage\",\"@id\":\"https:\\\/\\\/www.afa-arbitrage.com\\\/en\\\/\",\"url\":\"https:\\\/\\\/www.afa-arbitrage.com\\\/en\\\/\",\"name\":\"Association For Arbitration - Association Fran\u00e7aise d'Arbitrage\",\"isPartOf\":{\"@id\":\"https:\\\/\\\/www.afa-arbitrage.com\\\/#website\"},\"primaryImageOfPage\":{\"@id\":\"https:\\\/\\\/www.afa-arbitrage.com\\\/en\\\/#primaryimage\"},\"image\":{\"@id\":\"https:\\\/\\\/www.afa-arbitrage.com\\\/en\\\/#primaryimage\"},\"thumbnailUrl\":\"https:\\\/\\\/www.afa-arbitrage.com\\\/wp-content\\\/uploads\\\/2023\\\/03\\\/qui-sommes-nous-350x400.jpg\",\"datePublished\":\"2013-06-05T01:20:44+00:00\",\"dateModified\":\"2023-06-09T08:50:22+00:00\",\"description\":\"AFA is an arbitration centre which offers the possibility of resolving commercial or professional, national or international disputes.\",\"breadcrumb\":{\"@id\":\"https:\\\/\\\/www.afa-arbitrage.com\\\/en\\\/#breadcrumb\"},\"inLanguage\":\"en-US\",\"potentialAction\":[{\"@type\":\"ReadAction\",\"target\":[\"https:\\\/\\\/www.afa-arbitrage.com\\\/en\\\/\"]}]},{\"@type\":\"ImageObject\",\"inLanguage\":\"en-US\",\"@id\":\"https:\\\/\\\/www.afa-arbitrage.com\\\/en\\\/#primaryimage\",\"url\":\"https:\\\/\\\/www.afa-arbitrage.com\\\/wp-content\\\/uploads\\\/2023\\\/03\\\/qui-sommes-nous-350x400.jpg\",\"contentUrl\":\"https:\\\/\\\/www.afa-arbitrage.com\\\/wp-content\\\/uploads\\\/2023\\\/03\\\/qui-sommes-nous-350x400.jpg\"},{\"@type\":\"BreadcrumbList\",\"@id\":\"https:\\\/\\\/www.afa-arbitrage.com\\\/en\\\/#breadcrumb\",\"itemListElement\":[{\"@type\":\"ListItem\",\"position\":1,\"name\":\"Home\",\"item\":\"\\\/en\"},{\"@type\":\"ListItem\",\"position\":2,\"name\":\"Home\"}]},{\"@type\":\"WebSite\",\"@id\":\"https:\\\/\\\/www.afa-arbitrage.com\\\/#website\",\"url\":\"https:\\\/\\\/www.afa-arbitrage.com\\\/\",\"name\":\"Association Fran\u00e7aise d'Arbitrage\",\"description\":\"Arbitrage interne et international\",\"publisher\":{\"@id\":\"https:\\\/\\\/www.afa-arbitrage.com\\\/#organization\"},\"potentialAction\":[{\"@type\":\"SearchAction\",\"target\":{\"@type\":\"EntryPoint\",\"urlTemplate\":\"https:\\\/\\\/www.afa-arbitrage.com\\\/?s={search_term_string}\"},\"query-input\":{\"@type\":\"PropertyValueSpecification\",\"valueRequired\":true,\"valueName\":\"search_term_string\"}}],\"inLanguage\":\"en-US\"},{\"@type\":\"Organization\",\"@id\":\"https:\\\/\\\/www.afa-arbitrage.com\\\/#organization\",\"name\":\"Association Fran\u00e7aise d'Arbitrage\",\"url\":\"https:\\\/\\\/www.afa-arbitrage.com\\\/\",\"logo\":{\"@type\":\"ImageObject\",\"inLanguage\":\"en-US\",\"@id\":\"https:\\\/\\\/www.afa-arbitrage.com\\\/#\\\/schema\\\/logo\\\/image\\\/\",\"url\":\"https:\\\/\\\/www.afa-arbitrage.com\\\/wp-content\\\/uploads\\\/2023\\\/02\\\/AFA_logo_header_clear_long.png\",\"contentUrl\":\"https:\\\/\\\/www.afa-arbitrage.com\\\/wp-content\\\/uploads\\\/2023\\\/02\\\/AFA_logo_header_clear_long.png\",\"width\":500,\"height\":60,\"caption\":\"Association Fran\u00e7aise d'Arbitrage\"},\"image\":{\"@id\":\"https:\\\/\\\/www.afa-arbitrage.com\\\/#\\\/schema\\\/logo\\\/image\\\/\"}}]}<\/script>\n<!-- \/ Yoast SEO plugin. -->","yoast_head_json":{"title":"Association For Arbitration - Association Fran\u00e7aise d'Arbitrage","description":"AFA is an arbitration centre which offers the possibility of resolving commercial or professional, national or international disputes.","robots":{"index":"index","follow":"follow","max-snippet":"max-snippet:-1","max-image-preview":"max-image-preview:large","max-video-preview":"max-video-preview:-1"},"canonical":"https:\/\/www.afa-arbitrage.com\/en\/","og_locale":"en_US","og_type":"article","og_title":"Association For Arbitration - Association Fran\u00e7aise d'Arbitrage","og_description":"AFA is an arbitration centre which offers the possibility of resolving commercial or professional, national or international disputes.","og_url":"https:\/\/www.afa-arbitrage.com\/en\/","og_site_name":"Association Fran\u00e7aise d&#039;Arbitrage","article_modified_time":"2023-06-09T08:50:22+00:00","og_image":[{"url":"https:\/\/www.afa-arbitrage.com\/wp-content\/uploads\/2023\/03\/qui-sommes-nous-350x400.jpg","type":"","width":"","height":""}],"twitter_card":"summary_large_image","twitter_misc":{"Est. reading time":"2 minutes"},"schema":{"@context":"https:\/\/schema.org","@graph":[{"@type":"WebPage","@id":"https:\/\/www.afa-arbitrage.com\/en\/","url":"https:\/\/www.afa-arbitrage.com\/en\/","name":"Association For Arbitration - Association Fran\u00e7aise d'Arbitrage","isPartOf":{"@id":"https:\/\/www.afa-arbitrage.com\/#website"},"primaryImageOfPage":{"@id":"https:\/\/www.afa-arbitrage.com\/en\/#primaryimage"},"image":{"@id":"https:\/\/www.afa-arbitrage.com\/en\/#primaryimage"},"thumbnailUrl":"https:\/\/www.afa-arbitrage.com\/wp-content\/uploads\/2023\/03\/qui-sommes-nous-350x400.jpg","datePublished":"2013-06-05T01:20:44+00:00","dateModified":"2023-06-09T08:50:22+00:00","description":"AFA is an arbitration centre which offers the possibility of resolving commercial or professional, national or international disputes.","breadcrumb":{"@id":"https:\/\/www.afa-arbitrage.com\/en\/#breadcrumb"},"inLanguage":"en-US","potentialAction":[{"@type":"ReadAction","target":["https:\/\/www.afa-arbitrage.com\/en\/"]}]},{"@type":"ImageObject","inLanguage":"en-US","@id":"https:\/\/www.afa-arbitrage.com\/en\/#primaryimage","url":"https:\/\/www.afa-arbitrage.com\/wp-content\/uploads\/2023\/03\/qui-sommes-nous-350x400.jpg","contentUrl":"https:\/\/www.afa-arbitrage.com\/wp-content\/uploads\/2023\/03\/qui-sommes-nous-350x400.jpg"},{"@type":"BreadcrumbList","@id":"https:\/\/www.afa-arbitrage.com\/en\/#breadcrumb","itemListElement":[{"@type":"ListItem","position":1,"name":"Home","item":"\/en"},{"@type":"ListItem","position":2,"name":"Home"}]},{"@type":"WebSite","@id":"https:\/\/www.afa-arbitrage.com\/#website","url":"https:\/\/www.afa-arbitrage.com\/","name":"Association Fran\u00e7aise d'Arbitrage","description":"Arbitrage interne et international","publisher":{"@id":"https:\/\/www.afa-arbitrage.com\/#organization"},"potentialAction":[{"@type":"SearchAction","target":{"@type":"EntryPoint","urlTemplate":"https:\/\/www.afa-arbitrage.com\/?s={search_term_string}"},"query-input":{"@type":"PropertyValueSpecification","valueRequired":true,"valueName":"search_term_string"}}],"inLanguage":"en-US"},{"@type":"Organization","@id":"https:\/\/www.afa-arbitrage.com\/#organization","name":"Association Fran\u00e7aise d'Arbitrage","url":"https:\/\/www.afa-arbitrage.com\/","logo":{"@type":"ImageObject","inLanguage":"en-US","@id":"https:\/\/www.afa-arbitrage.com\/#\/schema\/logo\/image\/","url":"https:\/\/www.afa-arbitrage.com\/wp-content\/uploads\/2023\/02\/AFA_logo_header_clear_long.png","contentUrl":"https:\/\/www.afa-arbitrage.com\/wp-content\/uploads\/2023\/02\/AFA_logo_header_clear_long.png","width":500,"height":60,"caption":"Association Fran\u00e7aise d'Arbitrage"},"image":{"@id":"https:\/\/www.afa-arbitrage.com\/#\/schema\/logo\/image\/"}}]}},"_links":{"self":[{"href":"https:\/\/www.afa-arbitrage.com\/en\/wp-json\/wp\/v2\/pages\/103\/"}],"collection":[{"href":"https:\/\/www.afa-arbitrage.com\/en\/wp-json\/wp\/v2\/pages\/"}],"about":[{"href":"https:\/\/www.afa-arbitrage.com\/en\/wp-json\/wp\/v2\/types\/page\/"}],"author":[{"embeddable":true,"href":"https:\/\/www.afa-arbitrage.com\/en\/wp-json\/wp\/v2\/users\/2\/"}],"replies":[{"embeddable":true,"href":"https:\/\/www.afa-arbitrage.com\/en\/wp-json\/wp\/v2\/comments\/?post=103"}],"version-history":[{"count":36,"href":"https:\/\/www.afa-arbitrage.com\/en\/wp-json\/wp\/v2\/pages\/103\/revisions\/"}],"predecessor-version":[{"id":19036,"href":"https:\/\/www.afa-arbitrage.com\/en\/wp-json\/wp\/v2\/pages\/103\/revisions\/19036\/"}],"wp:attachment":[{"href":"https:\/\/www.afa-arbitrage.com\/en\/wp-json\/wp\/v2\/media\/?parent=103"}],"curies":[{"name":"wp","href":"https:\/\/api.w.org\/{rel}","templated":true}]}}